{"id":5725,"date":"2025-09-29T14:06:03","date_gmt":"2025-09-29T12:06:03","guid":{"rendered":"https:\/\/mueblesorts.com\/sem categoria\/sorri-5\/"},"modified":"2025-09-29T14:06:03","modified_gmt":"2025-09-29T12:06:03","slug":"sorri-5","status":"publish","type":"product","link":"https:\/\/mueblesorts.com\/pt-pt\/product\/quartos-juvenis\/camas-de-rodizio\/sorri-5\/","title":{"rendered":"Sorri 5"},"content":{"rendered":"<p data-start=\"724\" data-end=\"1002\">A cama com rod\u00edzio com 4 m\u00f3dulos de arruma\u00e7\u00e3o foi concebida para oferecer uma solu\u00e7\u00e3o completa para os quartos dos jovens. O seu friso protege a parede e d\u00e1 continuidade est\u00e9tica, enquanto o roupeiro de 3 portas garante um espa\u00e7o amplo e bem organizado para a roupa e os objectos pessoais. <\/p>\n<p data-start=\"1004\" data-end=\"1358\">O conjunto destaca-se pela sua arca com tampa de estudo extra\u00edvel e girat\u00f3ria, que transforma o m\u00f3vel numa pr\u00e1tica \u00e1rea de trabalho adequada a espa\u00e7os pequenos. Al\u00e9m disso, incorpora 2 recipientes adicionais que garantem ainda mais capacidade de arruma\u00e7\u00e3o. Tudo isto reunido num \u00fanico m\u00f3dulo, concebido para combinar funcionalidade, estilo e durabilidade.  <\/p>\n<p data-start=\"1360\" data-end=\"1393\"><strong data-start=\"1360\" data-end=\"1391\">Carater\u00edsticas principais:<\/strong><\/p>\n<ul data-start=\"1394\" data-end=\"1698\">\n<li data-start=\"1394\" data-end=\"1445\">\n<p data-start=\"1396\" data-end=\"1445\">Cama de rod\u00edzio com 4 recipientes de grande capacidade.<\/p>\n<\/li>\n<li data-start=\"1446\" data-end=\"1508\">\n<p data-start=\"1448\" data-end=\"1508\">Friso de prote\u00e7\u00e3o para manter a parede em perfeitas condi\u00e7\u00f5es.<\/p>\n<\/li>\n<li data-start=\"1509\" data-end=\"1544\">\n<p data-start=\"1511\" data-end=\"1544\">Roupeiro espa\u00e7oso com 3 portas.<\/p>\n<\/li>\n<li data-start=\"1545\" data-end=\"1597\">\n<p data-start=\"1547\" data-end=\"1597\">Arca com tampa de estudo amov\u00edvel e girat\u00f3ria.<\/p>\n<\/li>\n<li data-start=\"1598\" data-end=\"1645\">\n<p data-start=\"1600\" data-end=\"1645\">2 recipientes de armazenamento adicionais.<\/p>\n<\/li>\n<li data-start=\"1646\" data-end=\"1698\">\n<p data-start=\"1648\" data-end=\"1698\">Tudo num m\u00f3dulo pr\u00e1tico e compacto.<\/p>\n<\/li>\n<\/ul>\n<p data-start=\"1700\" data-end=\"1717\"><strong data-start=\"1700\" data-end=\"1715\">Beneficia:<\/strong><\/p>\n<ul data-start=\"1718\" data-end=\"1948\">\n<li data-start=\"1718\" data-end=\"1776\">\n<p data-start=\"1720\" data-end=\"1776\">Solu\u00e7\u00e3o completa para relaxar, estudar e organizar-se.<\/p>\n<\/li>\n<li data-start=\"1777\" data-end=\"1828\">\n<p data-start=\"1779\" data-end=\"1828\">Poupa espa\u00e7o com um design multifuncional.<\/p>\n<\/li>\n<li data-start=\"1829\" data-end=\"1901\">\n<p data-start=\"1831\" data-end=\"1901\">Grande capacidade de arruma\u00e7\u00e3o para roupas, livros e objectos pessoais.<\/p>\n<\/li>\n<li data-start=\"1902\" data-end=\"1948\">\n<p data-start=\"1904\" data-end=\"1948\">Estilo moderno e duradouro para uma utiliza\u00e7\u00e3o quotidiana.<\/p>\n<\/li>\n<\/ul>\n<p data-start=\"1950\" data-end=\"2098\">A cama de rod\u00edzio com arca girat\u00f3ria e roupeiro \u00e9 perfeita para quem procura um quarto juvenil completo, arrumado e vers\u00e1til numa \u00fanica unidade.<\/p>\n","protected":false},"excerpt":{"rendered":"<p>A cama de rod\u00edzio com 4 recipientes \u00e9 uma solu\u00e7\u00e3o pr\u00e1tica e moderna para os quartos dos jovens. Inclui um friso que protege a parede e um arm\u00e1rio de 3 portas que proporciona uma grande capacidade de arruma\u00e7\u00e3o. Al\u00e9m disso, disp\u00f5e de uma arca com tampa de estudo amov\u00edvel e rotativa, acompanhada de 2 recipientes adicionais para manter tudo em ordem. Todo o conjunto \u00e9 apresentado num \u00fanico m\u00f3dulo compacto que combina relaxamento, estudo e organiza\u00e7\u00e3o num design funcional e duradouro.   <\/p>\n","protected":false},"featured_media":4191,"template":"","meta":{"_angie_page":false,"site-sidebar-layout":"default","site-content-layout":"","ast-site-content-layout":"default","site-content-style":"default","site-sidebar-style":"default","ast-global-header-display":"","ast-banner-title-visibility":"","ast-main-header-display":"","ast-hfb-above-header-display":"","ast-hfb-below-header-display":"","ast-hfb-mobile-header-display":"","site-post-title":"","ast-breadcrumbs-content":"","ast-featured-img":"","footer-sml-layout":"","theme-transparent-header-meta":"default","adv-header-id-meta":"","stick-header-meta":"","header-above-stick-meta":"","header-main-stick-meta":"","header-below-stick-meta":"","astra-migrate-meta-layouts":"default","ast-page-background-enabled":"default","ast-page-background-meta":{"desktop":{"background-color":"var(--ast-global-color-4)","background-image":"","background-repeat":"repeat","background-position":"center center","background-size":"auto","background-attachment":"scroll","background-type":"","background-media":"","overlay-type":"","overlay-color":"","overlay-opacity":"","overlay-gradient":""},"tablet":{"background-color":"","background-image":"","background-repeat":"repeat","background-position":"center center","background-size":"auto","background-attachment":"scroll","background-type":"","background-media":"","overlay-type":"","overlay-color":"","overlay-opacity":"","overlay-gradient":""},"mobile":{"background-color":"","background-image":"","background-repeat":"repeat","background-position":"center center","background-size":"auto","background-attachment":"scroll","background-type":"","background-media":"","overlay-type":"","overlay-color":"","overlay-opacity":"","overlay-gradient":""}},"ast-content-background-meta":{"desktop":{"background-color":"var(--ast-global-color-5)","background-image":"","background-repeat":"repeat","background-position":"center center","background-size":"auto","background-attachment":"scroll","background-type":"","background-media":"","overlay-type":"","overlay-color":"","overlay-opacity":"","overlay-gradient":""},"tablet":{"background-color":"var(--ast-global-color-5)","background-image":"","background-repeat":"repeat","background-position":"center center","background-size":"auto","background-attachment":"scroll","background-type":"","background-media":"","overlay-type":"","overlay-color":"","overlay-opacity":"","overlay-gradient":""},"mobile":{"background-color":"var(--ast-global-color-5)","background-image":"","background-repeat":"repeat","background-position":"center center","background-size":"auto","background-attachment":"scroll","background-type":"","background-media":"","overlay-type":"","overlay-color":"","overlay-opacity":"","overlay-gradient":""}}},"product_brand":[],"product_cat":[375],"product_tag":[],"class_list":{"0":"post-5725","1":"product","2":"type-product","3":"status-publish","4":"has-post-thumbnail","6":"product_cat-camas-de-rodizio","7":"desktop-align-left","8":"tablet-align-left","9":"mobile-align-left","11":"first","12":"instock","13":"shipping-taxable","14":"product-type-simple"},"_links":{"self":[{"href":"https:\/\/mueblesorts.com\/pt-pt\/wp-json\/wp\/v2\/product\/5725","targetHints":{"allow":["GET"]}}],"collection":[{"href":"https:\/\/mueblesorts.com\/pt-pt\/wp-json\/wp\/v2\/product"}],"about":[{"href":"https:\/\/mueblesorts.com\/pt-pt\/wp-json\/wp\/v2\/types\/product"}],"version-history":[{"count":0,"href":"https:\/\/mueblesorts.com\/pt-pt\/wp-json\/wp\/v2\/product\/5725\/revisions"}],"wp:featuredmedia":[{"embeddable":true,"href":"https:\/\/mueblesorts.com\/pt-pt\/wp-json\/wp\/v2\/media\/4191"}],"wp:attachment":[{"href":"https:\/\/mueblesorts.com\/pt-pt\/wp-json\/wp\/v2\/media?parent=5725"}],"wp:term":[{"taxonomy":"product_brand","embeddable":true,"href":"https:\/\/mueblesorts.com\/pt-pt\/wp-json\/wp\/v2\/product_brand?post=5725"},{"taxonomy":"product_cat","embeddable":true,"href":"https:\/\/mueblesorts.com\/pt-pt\/wp-json\/wp\/v2\/product_cat?post=5725"},{"taxonomy":"product_tag","embeddable":true,"href":"https:\/\/mueblesorts.com\/pt-pt\/wp-json\/wp\/v2\/product_tag?post=5725"}],"curies":[{"name":"wp","href":"https:\/\/api.w.org\/{rel}","templated":true}]}}