{"id":5617,"date":"2025-05-13T04:45:20","date_gmt":"2025-05-13T04:45:20","guid":{"rendered":"https:\/\/mueblesorts.com\/sem categoria\/berco-convertivel\/"},"modified":"2025-05-13T04:45:20","modified_gmt":"2025-05-13T02:45:20","slug":"berco-convertivel","status":"publish","type":"product","link":"https:\/\/mueblesorts.com\/pt-pt\/product\/quartos-infantis\/bercos-convertiveis\/berco-convertivel\/","title":{"rendered":"Ber\u00e7o convert\u00edvel"},"content":{"rendered":"<p class=\"\" data-start=\"87\" data-end=\"169\"><strong data-start=\"90\" data-end=\"169\">Ber\u00e7o convert\u00edvel: design funcional e sustent\u00e1vel para o sono do teu beb\u00e9<\/strong><\/p>\n<p class=\"\" data-start=\"171\" data-end=\"468\">A <strong data-start=\"174\" data-end=\"194\">cama de grades convert\u00edvel<\/strong> \u00e9 a escolha ideal para quem procura uma solu\u00e7\u00e3o pr\u00e1tica, funcional e elegante para o descanso do seu beb\u00e9. O seu design <strong data-start=\"317\" data-end=\"332\">minimalista<\/strong> e intemporal adapta-se facilmente a qualquer estilo de decora\u00e7\u00e3o, criando um ambiente calmo e harmonioso no quarto das crian\u00e7as. <\/p>\n<p class=\"\" data-start=\"470\" data-end=\"856\">Uma das carater\u00edsticas mais destacadas deste ber\u00e7o \u00e9 o seu <strong data-start=\"531\" data-end=\"554\">sistema convert\u00edvel<\/strong>, que permite transform\u00e1-lo numa cama quando o beb\u00e9 cresce, garantindo uma utiliza\u00e7\u00e3o a longo prazo e poupando espa\u00e7o. Al\u00e9m disso, a sua <strong data-start=\"683\" data-end=\"715\">gaveta inferior de arruma\u00e7\u00e3o<\/strong> proporciona um lugar extra para guardar a roupa de cama, os brinquedos ou outros acess\u00f3rios, mantendo o quarto organizado e sem desordem. <\/p>\n<p class=\"\" data-start=\"858\" data-end=\"1182\">Equipado com <strong data-start=\"871\" data-end=\"881\">rodas<\/strong> de alta qualidade para uma f\u00e1cil mobilidade, este ber\u00e7o adapta-se eficazmente \u00e0s novas necessidades da vida quotidiana. A sua estrutura robusta \u00e9 feita de <strong data-start=\"1052\" data-end=\"1099\">materiais sustent\u00e1veis e de madeira certificada<\/strong>, garantindo a durabilidade do produto e o respeito pelo ambiente. <\/p>\n<p class=\"\" data-start=\"1184\" data-end=\"1525\">Al\u00e9m disso, a cama de grades convert\u00edvel est\u00e1 em conformidade com as normas <strong data-start=\"1226\" data-end=\"1260\">de seguran\u00e7a europeias<\/strong>, garantindo ao teu beb\u00e9 um ambiente de sono completamente seguro e saud\u00e1vel. Este ber\u00e7o \u00e9 a escolha perfeita para os pais que procuram um m\u00f3vel <strong data-start=\"1428\" data-end=\"1441\">funcional<\/strong>, <strong data-start=\"1443\" data-end=\"1455\">esteticamente agrad\u00e1vel<\/strong> e <strong data-start=\"1458\" data-end=\"1473\">respons\u00e1vel<\/strong> pelo bem-estar do seu beb\u00e9 e pelo cuidado do planeta. <\/p>\n<p class=\"\" data-start=\"1527\" data-end=\"1561\"><strong data-start=\"1530\" data-end=\"1560\">Carater\u00edsticas principais<\/strong>:<\/p>\n<ul data-start=\"1562\" data-end=\"1837\">\n<li class=\"\" data-start=\"1562\" data-end=\"1633\">\n<p class=\"\" data-start=\"1564\" data-end=\"1633\"><strong data-start=\"1564\" data-end=\"1586\">Design convert\u00edvel<\/strong>: transforma-se numa cama \u00e0 medida que o beb\u00e9 cresce.<\/p>\n<\/li>\n<li class=\"\" data-start=\"1634\" data-end=\"1681\">\n<p class=\"\" data-start=\"1636\" data-end=\"1681\"><strong data-start=\"1636\" data-end=\"1659\">Gaveta de arruma\u00e7\u00e3o<\/strong> para maior comodidade.<\/p>\n<\/li>\n<li class=\"\" data-start=\"1682\" data-end=\"1716\">\n<p class=\"\" data-start=\"1684\" data-end=\"1716\"><strong data-start=\"1684\" data-end=\"1694\">Rodas<\/strong> para uma f\u00e1cil mobilidade.<\/p>\n<\/li>\n<li class=\"\" data-start=\"1717\" data-end=\"1785\">\n<p class=\"\" data-start=\"1719\" data-end=\"1785\">Fabricado com <strong data-start=\"1733\" data-end=\"1759\">materiais sustent\u00e1veis<\/strong> e <strong data-start=\"1762\" data-end=\"1784\">madeira certificada<\/strong>.<\/p>\n<\/li>\n<li class=\"\" data-start=\"1786\" data-end=\"1837\">\n<p class=\"\" data-start=\"1788\" data-end=\"1837\">Cumpre os <strong data-start=\"1802\" data-end=\"1836\">regulamentos europeus de seguran\u00e7a<\/strong>.<\/p>\n<\/li>\n<\/ul>\n<p class=\"\" data-start=\"1839\" data-end=\"1857\"><strong data-start=\"1842\" data-end=\"1856\">Beneficia<\/strong>:<\/p>\n<ul data-start=\"1858\" data-end=\"2037\">\n<li class=\"\" data-start=\"1858\" data-end=\"1902\">\n<p class=\"\" data-start=\"1860\" data-end=\"1902\">Poupa espa\u00e7o com um design funcional.<\/p>\n<\/li>\n<li class=\"\" data-start=\"1903\" data-end=\"1981\">\n<p class=\"\" data-start=\"1905\" data-end=\"1981\">Versatilidade para se adaptar \u00e0s diferentes fases de crescimento do beb\u00e9.<\/p>\n<\/li>\n<li class=\"\" data-start=\"1982\" data-end=\"2037\">\n<p class=\"\" data-start=\"1984\" data-end=\"2037\">Estilo intemporal que se enquadra em qualquer decora\u00e7\u00e3o.<\/p>\n<\/li>\n<\/ul>\n<p class=\"\" data-start=\"2039\" data-end=\"2269\">Se procuras um <strong data-start=\"2053\" data-end=\"2073\">ber\u00e7o convert\u00edvel<\/strong> que combine design, seguran\u00e7a e sustentabilidade, esta \u00e9 a escolha perfeita para ti, tornando o quarto do teu beb\u00e9 num espa\u00e7o cheio de conforto, estilo e responsabilidade ambiental! <\/p>\n","protected":false},"excerpt":{"rendered":"<p class=\"\" data-start=\"202\" data-end=\"536\">A cama de grades convert\u00edvel \u00e9 perfeita para quem procura funcionalidade e estilo. O seu design minimalista adapta-se a qualquer decora\u00e7\u00e3o, e a sua pr\u00e1tica gaveta inferior oferece arruma\u00e7\u00e3o adicional para roupas ou acess\u00f3rios. Com rodas para uma f\u00e1cil mobilidade, ajusta-se \u00e0s necessidades do dia a dia. Fabricado em madeira certificada e materiais sustent\u00e1veis, cumpre as normas de seguran\u00e7a europeias, garantindo um sono seguro e amigo do ambiente. Ideal para quem valoriza a est\u00e9tica, o sentido pr\u00e1tico e o compromisso ecol\u00f3gico.    <\/p>\n","protected":false},"featured_media":5618,"template":"","meta":{"_angie_page":false,"site-sidebar-layout":"default","site-content-layout":"","ast-site-content-layout":"default","site-content-style":"default","site-sidebar-style":"default","ast-global-header-display":"","ast-banner-title-visibility":"","ast-main-header-display":"","ast-hfb-above-header-display":"","ast-hfb-below-header-display":"","ast-hfb-mobile-header-display":"","site-post-title":"","ast-breadcrumbs-content":"","ast-featured-img":"","footer-sml-layout":"","theme-transparent-header-meta":"default","adv-header-id-meta":"","stick-header-meta":"","header-above-stick-meta":"","header-main-stick-meta":"","header-below-stick-meta":"","astra-migrate-meta-layouts":"default","ast-page-background-enabled":"default","ast-page-background-meta":{"desktop":{"background-color":"var(--ast-global-color-4)","background-image":"","background-repeat":"repeat","background-position":"center center","background-size":"auto","background-attachment":"scroll","background-type":"","background-media":"","overlay-type":"","overlay-color":"","overlay-opacity":"","overlay-gradient":""},"tablet":{"background-color":"","background-image":"","background-repeat":"repeat","background-position":"center center","background-size":"auto","background-attachment":"scroll","background-type":"","background-media":"","overlay-type":"","overlay-color":"","overlay-opacity":"","overlay-gradient":""},"mobile":{"background-color":"","background-image":"","background-repeat":"repeat","background-position":"center center","background-size":"auto","background-attachment":"scroll","background-type":"","background-media":"","overlay-type":"","overlay-color":"","overlay-opacity":"","overlay-gradient":""}},"ast-content-background-meta":{"desktop":{"background-color":"var(--ast-global-color-5)","background-image":"","background-repeat":"repeat","background-position":"center center","background-size":"auto","background-attachment":"scroll","background-type":"","background-media":"","overlay-type":"","overlay-color":"","overlay-opacity":"","overlay-gradient":""},"tablet":{"background-color":"var(--ast-global-color-5)","background-image":"","background-repeat":"repeat","background-position":"center center","background-size":"auto","background-attachment":"scroll","background-type":"","background-media":"","overlay-type":"","overlay-color":"","overlay-opacity":"","overlay-gradient":""},"mobile":{"background-color":"var(--ast-global-color-5)","background-image":"","background-repeat":"repeat","background-position":"center center","background-size":"auto","background-attachment":"scroll","background-type":"","background-media":"","overlay-type":"","overlay-color":"","overlay-opacity":"","overlay-gradient":""}}},"product_brand":[],"product_cat":[402],"product_tag":[],"class_list":{"0":"post-5617","1":"product","2":"type-product","3":"status-publish","4":"has-post-thumbnail","6":"product_cat-bercos-convertiveis","7":"desktop-align-left","8":"tablet-align-left","9":"mobile-align-left","11":"first","12":"instock","13":"shipping-taxable","14":"product-type-simple"},"_links":{"self":[{"href":"https:\/\/mueblesorts.com\/pt-pt\/wp-json\/wp\/v2\/product\/5617","targetHints":{"allow":["GET"]}}],"collection":[{"href":"https:\/\/mueblesorts.com\/pt-pt\/wp-json\/wp\/v2\/product"}],"about":[{"href":"https:\/\/mueblesorts.com\/pt-pt\/wp-json\/wp\/v2\/types\/product"}],"version-history":[{"count":0,"href":"https:\/\/mueblesorts.com\/pt-pt\/wp-json\/wp\/v2\/product\/5617\/revisions"}],"wp:featuredmedia":[{"embeddable":true,"href":"https:\/\/mueblesorts.com\/pt-pt\/wp-json\/wp\/v2\/media\/5618"}],"wp:attachment":[{"href":"https:\/\/mueblesorts.com\/pt-pt\/wp-json\/wp\/v2\/media?parent=5617"}],"wp:term":[{"taxonomy":"product_brand","embeddable":true,"href":"https:\/\/mueblesorts.com\/pt-pt\/wp-json\/wp\/v2\/product_brand?post=5617"},{"taxonomy":"product_cat","embeddable":true,"href":"https:\/\/mueblesorts.com\/pt-pt\/wp-json\/wp\/v2\/product_cat?post=5617"},{"taxonomy":"product_tag","embeddable":true,"href":"https:\/\/mueblesorts.com\/pt-pt\/wp-json\/wp\/v2\/product_tag?post=5617"}],"curies":[{"name":"wp","href":"https:\/\/api.w.org\/{rel}","templated":true}]}}