{"id":5600,"date":"2025-05-12T15:09:11","date_gmt":"2025-05-12T15:09:11","guid":{"rendered":"https:\/\/mueblesorts.com\/sem categoria\/ari-cradle\/"},"modified":"2025-05-12T15:09:11","modified_gmt":"2025-05-12T13:09:11","slug":"ari-cradle","status":"publish","type":"product","link":"https:\/\/mueblesorts.com\/pt-pt\/product\/quartos-infantis\/bercos-de-bebe\/ari-cradle\/","title":{"rendered":"Ari Cradle"},"content":{"rendered":"<p class=\"\" data-start=\"250\" data-end=\"539\">A cama de grades Ari 120&#215;60 \u00e9 uma proposta funcional e vers\u00e1til que combina um design minimalista com solu\u00e7\u00f5es pr\u00e1ticas para o dia a dia. Gra\u00e7as ao seu estilo neutro e contempor\u00e2neo, adapta-se facilmente a qualquer ambiente infantil, desde quartos modernos a decora\u00e7\u00f5es mais cl\u00e1ssicas. <\/p>\n<p class=\"\" data-start=\"541\" data-end=\"917\">Fabricada em aglomerado de part\u00edculas de alta qualidade e em carris de faia maci\u00e7a, com acabamento em cera natural ou lacada numa gama de cores cuidadosamente selecionadas, a cama de grades Ari oferece um equil\u00edbrio perfeito entre calor est\u00e9tico e resist\u00eancia. Inclui uma pr\u00e1tica gaveta inferior para guardar a roupa de cama ou os acess\u00f3rios, bem como rodas com trav\u00e3o que permitem desloc\u00e1-la confortavelmente pelo quarto. <\/p>\n<p class=\"\" data-start=\"919\" data-end=\"1250\">Cumpre a norma europeia de seguran\u00e7a UNE-EN716-1\/2:2028+AC:2019 e foi desenvolvida segundo crit\u00e9rios de design ecol\u00f3gico, com madeira de fontes sustent\u00e1veis. A cama de grades Ari reflecte o compromisso da Muebles Orts com a seguran\u00e7a infantil e o respeito pelo meio ambiente, sem renunciar ao design e \u00e0 funcionalidade. <\/p>\n<p class=\"\" data-start=\"1252\" data-end=\"1348\">Um ber\u00e7o concebido para facilitar o dia a dia, para acompanhar o teu beb\u00e9 com estilo e para cuidar do planeta.<\/p>\n","protected":false},"excerpt":{"rendered":"<p class=\"\" data-start=\"202\" data-end=\"536\">A cama de grades Ari 120\u00d760 \u00e9 a escolha ideal para quem procura funcionalidade e estilo para o sono do beb\u00e9. O seu design minimalista adapta-se facilmente a qualquer decora\u00e7\u00e3o, enquanto a pr\u00e1tica gaveta inferior oferece um espa\u00e7o de arruma\u00e7\u00e3o extra perfeito para a roupa de cama ou acess\u00f3rios. Equipado com rodas para facilitar a mobilidade, adapta-se confortavelmente \u00e0s necessidades do dia a dia. Fabricado com materiais sustent\u00e1veis e madeira certificada, cumpre as normas de seguran\u00e7a europeias, o que o torna uma escolha pr\u00e1tica, esteticamente agrad\u00e1vel e comprometida com o bem-estar e o respeito pelo ambiente.   <\/p>\n","protected":false},"featured_media":3652,"template":"","meta":{"_angie_page":false,"site-sidebar-layout":"default","site-content-layout":"","ast-site-content-layout":"default","site-content-style":"default","site-sidebar-style":"default","ast-global-header-display":"","ast-banner-title-visibility":"","ast-main-header-display":"","ast-hfb-above-header-display":"","ast-hfb-below-header-display":"","ast-hfb-mobile-header-display":"","site-post-title":"","ast-breadcrumbs-content":"","ast-featured-img":"","footer-sml-layout":"","theme-transparent-header-meta":"default","adv-header-id-meta":"","stick-header-meta":"","header-above-stick-meta":"","header-main-stick-meta":"","header-below-stick-meta":"","astra-migrate-meta-layouts":"default","ast-page-background-enabled":"default","ast-page-background-meta":{"desktop":{"background-color":"var(--ast-global-color-4)","background-image":"","background-repeat":"repeat","background-position":"center center","background-size":"auto","background-attachment":"scroll","background-type":"","background-media":"","overlay-type":"","overlay-color":"","overlay-opacity":"","overlay-gradient":""},"tablet":{"background-color":"","background-image":"","background-repeat":"repeat","background-position":"center center","background-size":"auto","background-attachment":"scroll","background-type":"","background-media":"","overlay-type":"","overlay-color":"","overlay-opacity":"","overlay-gradient":""},"mobile":{"background-color":"","background-image":"","background-repeat":"repeat","background-position":"center center","background-size":"auto","background-attachment":"scroll","background-type":"","background-media":"","overlay-type":"","overlay-color":"","overlay-opacity":"","overlay-gradient":""}},"ast-content-background-meta":{"desktop":{"background-color":"var(--ast-global-color-5)","background-image":"","background-repeat":"repeat","background-position":"center center","background-size":"auto","background-attachment":"scroll","background-type":"","background-media":"","overlay-type":"","overlay-color":"","overlay-opacity":"","overlay-gradient":""},"tablet":{"background-color":"var(--ast-global-color-5)","background-image":"","background-repeat":"repeat","background-position":"center center","background-size":"auto","background-attachment":"scroll","background-type":"","background-media":"","overlay-type":"","overlay-color":"","overlay-opacity":"","overlay-gradient":""},"mobile":{"background-color":"var(--ast-global-color-5)","background-image":"","background-repeat":"repeat","background-position":"center center","background-size":"auto","background-attachment":"scroll","background-type":"","background-media":"","overlay-type":"","overlay-color":"","overlay-opacity":"","overlay-gradient":""}}},"product_brand":[],"product_cat":[399],"product_tag":[],"class_list":{"0":"post-5600","1":"product","2":"type-product","3":"status-publish","4":"has-post-thumbnail","6":"product_cat-bercos-de-bebe","7":"desktop-align-left","8":"tablet-align-left","9":"mobile-align-left","11":"first","12":"instock","13":"shipping-taxable","14":"product-type-simple"},"_links":{"self":[{"href":"https:\/\/mueblesorts.com\/pt-pt\/wp-json\/wp\/v2\/product\/5600","targetHints":{"allow":["GET"]}}],"collection":[{"href":"https:\/\/mueblesorts.com\/pt-pt\/wp-json\/wp\/v2\/product"}],"about":[{"href":"https:\/\/mueblesorts.com\/pt-pt\/wp-json\/wp\/v2\/types\/product"}],"version-history":[{"count":0,"href":"https:\/\/mueblesorts.com\/pt-pt\/wp-json\/wp\/v2\/product\/5600\/revisions"}],"wp:featuredmedia":[{"embeddable":true,"href":"https:\/\/mueblesorts.com\/pt-pt\/wp-json\/wp\/v2\/media\/3652"}],"wp:attachment":[{"href":"https:\/\/mueblesorts.com\/pt-pt\/wp-json\/wp\/v2\/media?parent=5600"}],"wp:term":[{"taxonomy":"product_brand","embeddable":true,"href":"https:\/\/mueblesorts.com\/pt-pt\/wp-json\/wp\/v2\/product_brand?post=5600"},{"taxonomy":"product_cat","embeddable":true,"href":"https:\/\/mueblesorts.com\/pt-pt\/wp-json\/wp\/v2\/product_cat?post=5600"},{"taxonomy":"product_tag","embeddable":true,"href":"https:\/\/mueblesorts.com\/pt-pt\/wp-json\/wp\/v2\/product_tag?post=5600"}],"curies":[{"name":"wp","href":"https:\/\/api.w.org\/{rel}","templated":true}]}}