{"id":5584,"date":"2025-05-08T14:37:52","date_gmt":"2025-05-08T14:37:52","guid":{"rendered":"https:\/\/mueblesorts.com\/sem categoria\/mesa-de-centro-porteria\/"},"modified":"2025-05-08T14:37:52","modified_gmt":"2025-05-08T12:37:52","slug":"mesa-de-centro-porteria","status":"publish","type":"product","link":"https:\/\/mueblesorts.com\/pt-pt\/product\/mobiliario-de-sala-de-estar\/mesas-de-centro\/mesa-de-centro-porteria\/","title":{"rendered":"Mesa de centro porter\u00eda"},"content":{"rendered":"","protected":false},"excerpt":{"rendered":"<p>Design leve, moderno e pr\u00e1tico. Esta mesa de centro destaca-se pela sua estrutura estilizada e funcional, ideal para salas de estar que procuram uma est\u00e9tica minimalista sem perder a utilidade. O seu formato aberto proporciona amplitude visual e \u00e9 perfeito para manter o espa\u00e7o organizado, combinando na perfei\u00e7\u00e3o com todo o tipo de decora\u00e7\u00f5es contempor\u00e2neas.  <\/p>\n","protected":false},"featured_media":3547,"template":"","meta":{"_angie_page":false,"site-sidebar-layout":"default","site-content-layout":"","ast-site-content-layout":"default","site-content-style":"default","site-sidebar-style":"default","ast-global-header-display":"","ast-banner-title-visibility":"","ast-main-header-display":"","ast-hfb-above-header-display":"","ast-hfb-below-header-display":"","ast-hfb-mobile-header-display":"","site-post-title":"","ast-breadcrumbs-content":"","ast-featured-img":"","footer-sml-layout":"","theme-transparent-header-meta":"default","adv-header-id-meta":"","stick-header-meta":"","header-above-stick-meta":"","header-main-stick-meta":"","header-below-stick-meta":"","astra-migrate-meta-layouts":"default","ast-page-background-enabled":"default","ast-page-background-meta":{"desktop":{"background-color":"var(--ast-global-color-4)","background-image":"","background-repeat":"repeat","background-position":"center center","background-size":"auto","background-attachment":"scroll","background-type":"","background-media":"","overlay-type":"","overlay-color":"","overlay-opacity":"","overlay-gradient":""},"tablet":{"background-color":"","background-image":"","background-repeat":"repeat","background-position":"center center","background-size":"auto","background-attachment":"scroll","background-type":"","background-media":"","overlay-type":"","overlay-color":"","overlay-opacity":"","overlay-gradient":""},"mobile":{"background-color":"","background-image":"","background-repeat":"repeat","background-position":"center center","background-size":"auto","background-attachment":"scroll","background-type":"","background-media":"","overlay-type":"","overlay-color":"","overlay-opacity":"","overlay-gradient":""}},"ast-content-background-meta":{"desktop":{"background-color":"var(--ast-global-color-5)","background-image":"","background-repeat":"repeat","background-position":"center center","background-size":"auto","background-attachment":"scroll","background-type":"","background-media":"","overlay-type":"","overlay-color":"","overlay-opacity":"","overlay-gradient":""},"tablet":{"background-color":"var(--ast-global-color-5)","background-image":"","background-repeat":"repeat","background-position":"center center","background-size":"auto","background-attachment":"scroll","background-type":"","background-media":"","overlay-type":"","overlay-color":"","overlay-opacity":"","overlay-gradient":""},"mobile":{"background-color":"var(--ast-global-color-5)","background-image":"","background-repeat":"repeat","background-position":"center center","background-size":"auto","background-attachment":"scroll","background-type":"","background-media":"","overlay-type":"","overlay-color":"","overlay-opacity":"","overlay-gradient":""}}},"product_brand":[],"product_cat":[395],"product_tag":[],"class_list":{"0":"post-5584","1":"product","2":"type-product","3":"status-publish","4":"has-post-thumbnail","6":"product_cat-mesas-de-centro","7":"desktop-align-left","8":"tablet-align-left","9":"mobile-align-left","11":"first","12":"instock","13":"shipping-taxable","14":"product-type-simple"},"_links":{"self":[{"href":"https:\/\/mueblesorts.com\/pt-pt\/wp-json\/wp\/v2\/product\/5584","targetHints":{"allow":["GET"]}}],"collection":[{"href":"https:\/\/mueblesorts.com\/pt-pt\/wp-json\/wp\/v2\/product"}],"about":[{"href":"https:\/\/mueblesorts.com\/pt-pt\/wp-json\/wp\/v2\/types\/product"}],"version-history":[{"count":0,"href":"https:\/\/mueblesorts.com\/pt-pt\/wp-json\/wp\/v2\/product\/5584\/revisions"}],"wp:featuredmedia":[{"embeddable":true,"href":"https:\/\/mueblesorts.com\/pt-pt\/wp-json\/wp\/v2\/media\/3547"}],"wp:attachment":[{"href":"https:\/\/mueblesorts.com\/pt-pt\/wp-json\/wp\/v2\/media?parent=5584"}],"wp:term":[{"taxonomy":"product_brand","embeddable":true,"href":"https:\/\/mueblesorts.com\/pt-pt\/wp-json\/wp\/v2\/product_brand?post=5584"},{"taxonomy":"product_cat","embeddable":true,"href":"https:\/\/mueblesorts.com\/pt-pt\/wp-json\/wp\/v2\/product_cat?post=5584"},{"taxonomy":"product_tag","embeddable":true,"href":"https:\/\/mueblesorts.com\/pt-pt\/wp-json\/wp\/v2\/product_tag?post=5584"}],"curies":[{"name":"wp","href":"https:\/\/api.w.org\/{rel}","templated":true}]}}