{"id":5581,"date":"2025-05-12T15:06:45","date_gmt":"2025-05-12T15:06:45","guid":{"rendered":"https:\/\/mueblesorts.com\/sem categoria\/berco-nordik\/"},"modified":"2025-05-12T15:06:45","modified_gmt":"2025-05-12T13:06:45","slug":"berco-nordik","status":"publish","type":"product","link":"https:\/\/mueblesorts.com\/pt-pt\/product\/quartos-infantis\/bercos-de-bebe\/berco-nordik\/","title":{"rendered":"Ber\u00e7o Nordik"},"content":{"rendered":"<p class=\"\" data-start=\"202\" data-end=\"536\">A cama de grades Nordik 120&#215;60 \u00e9 a escolha ideal para quem procura um design limpo, funcional e comprometido com a sustentabilidade. A sua est\u00e9tica de inspira\u00e7\u00e3o n\u00f3rdica e as suas linhas simples tornam-na uma pe\u00e7a vers\u00e1til que se adapta facilmente a todos os tipos de estilos decorativos, desde os mais modernos aos mais quentes e naturais. <\/p>\n<p class=\"\" data-start=\"538\" data-end=\"913\">Fabricado em madeira de faia proveniente de florestas geridas de forma respons\u00e1vel, o ber\u00e7o est\u00e1 dispon\u00edvel com um acabamento em cera para real\u00e7ar a sua textura natural ou lacado em v\u00e1rias cores cuidadosamente selecionadas. Cumpre tamb\u00e9m a norma de seguran\u00e7a europeia UNE-EN 716-1\/2:2028+AC:2019, garantindo um sono seguro para o beb\u00e9 e a tranquilidade dos pais. <\/p>\n<p class=\"\" data-start=\"915\" data-end=\"1198\">Na Muebles Orts, apostamos no design ecol\u00f3gico desde a conce\u00e7\u00e3o at\u00e9 \u00e0 distribui\u00e7\u00e3o dos nossos produtos. \u00c9 por isso que a cama de grades Nordik se destaca n\u00e3o s\u00f3 pelo seu estilo intemporal, mas tamb\u00e9m por ser uma escolha ecol\u00f3gica, sem comprometer a qualidade ou o conforto. <\/p>\n<p class=\"\" data-start=\"1200\" data-end=\"1264\">Com a Nordik, o design sustent\u00e1vel come\u00e7a na primeira inf\u00e2ncia.<\/p>\n","protected":false},"excerpt":{"rendered":"<p class=\"\" data-start=\"117\" data-end=\"388\">A cama de grades Nordik 120\u00d760 combina design n\u00f3rdico, funcionalidade e sustentabilidade numa \u00fanica pe\u00e7a. Com uma estrutura em faia maci\u00e7a com acabamento em cera natural ou lacado em v\u00e1rias cores, destaca-se pelo seu estilo sereno e compromisso ecol\u00f3gico. Fabricado com materiais certificados e sob crit\u00e9rios de design ecol\u00f3gico, cumpre a norma de seguran\u00e7a UNE-EN716-1\/2:2028+AC:2019. Ideal para quem procura um ber\u00e7o seguro, est\u00e9tico e amigo do ambiente, perfeito para criar um ambiente acolhedor e saud\u00e1vel desde o primeiro dia.   <\/p>\n","protected":false},"featured_media":3649,"template":"","meta":{"_angie_page":false,"site-sidebar-layout":"default","site-content-layout":"","ast-site-content-layout":"default","site-content-style":"default","site-sidebar-style":"default","ast-global-header-display":"","ast-banner-title-visibility":"","ast-main-header-display":"","ast-hfb-above-header-display":"","ast-hfb-below-header-display":"","ast-hfb-mobile-header-display":"","site-post-title":"","ast-breadcrumbs-content":"","ast-featured-img":"","footer-sml-layout":"","theme-transparent-header-meta":"default","adv-header-id-meta":"","stick-header-meta":"","header-above-stick-meta":"","header-main-stick-meta":"","header-below-stick-meta":"","astra-migrate-meta-layouts":"default","ast-page-background-enabled":"default","ast-page-background-meta":{"desktop":{"background-color":"var(--ast-global-color-4)","background-image":"","background-repeat":"repeat","background-position":"center center","background-size":"auto","background-attachment":"scroll","background-type":"","background-media":"","overlay-type":"","overlay-color":"","overlay-opacity":"","overlay-gradient":""},"tablet":{"background-color":"","background-image":"","background-repeat":"repeat","background-position":"center center","background-size":"auto","background-attachment":"scroll","background-type":"","background-media":"","overlay-type":"","overlay-color":"","overlay-opacity":"","overlay-gradient":""},"mobile":{"background-color":"","background-image":"","background-repeat":"repeat","background-position":"center center","background-size":"auto","background-attachment":"scroll","background-type":"","background-media":"","overlay-type":"","overlay-color":"","overlay-opacity":"","overlay-gradient":""}},"ast-content-background-meta":{"desktop":{"background-color":"var(--ast-global-color-5)","background-image":"","background-repeat":"repeat","background-position":"center center","background-size":"auto","background-attachment":"scroll","background-type":"","background-media":"","overlay-type":"","overlay-color":"","overlay-opacity":"","overlay-gradient":""},"tablet":{"background-color":"var(--ast-global-color-5)","background-image":"","background-repeat":"repeat","background-position":"center center","background-size":"auto","background-attachment":"scroll","background-type":"","background-media":"","overlay-type":"","overlay-color":"","overlay-opacity":"","overlay-gradient":""},"mobile":{"background-color":"var(--ast-global-color-5)","background-image":"","background-repeat":"repeat","background-position":"center center","background-size":"auto","background-attachment":"scroll","background-type":"","background-media":"","overlay-type":"","overlay-color":"","overlay-opacity":"","overlay-gradient":""}}},"product_brand":[],"product_cat":[399],"product_tag":[],"class_list":{"0":"post-5581","1":"product","2":"type-product","3":"status-publish","4":"has-post-thumbnail","6":"product_cat-bercos-de-bebe","7":"desktop-align-left","8":"tablet-align-left","9":"mobile-align-left","11":"first","12":"instock","13":"shipping-taxable","14":"product-type-simple"},"_links":{"self":[{"href":"https:\/\/mueblesorts.com\/pt-pt\/wp-json\/wp\/v2\/product\/5581","targetHints":{"allow":["GET"]}}],"collection":[{"href":"https:\/\/mueblesorts.com\/pt-pt\/wp-json\/wp\/v2\/product"}],"about":[{"href":"https:\/\/mueblesorts.com\/pt-pt\/wp-json\/wp\/v2\/types\/product"}],"version-history":[{"count":0,"href":"https:\/\/mueblesorts.com\/pt-pt\/wp-json\/wp\/v2\/product\/5581\/revisions"}],"wp:featuredmedia":[{"embeddable":true,"href":"https:\/\/mueblesorts.com\/pt-pt\/wp-json\/wp\/v2\/media\/3649"}],"wp:attachment":[{"href":"https:\/\/mueblesorts.com\/pt-pt\/wp-json\/wp\/v2\/media?parent=5581"}],"wp:term":[{"taxonomy":"product_brand","embeddable":true,"href":"https:\/\/mueblesorts.com\/pt-pt\/wp-json\/wp\/v2\/product_brand?post=5581"},{"taxonomy":"product_cat","embeddable":true,"href":"https:\/\/mueblesorts.com\/pt-pt\/wp-json\/wp\/v2\/product_cat?post=5581"},{"taxonomy":"product_tag","embeddable":true,"href":"https:\/\/mueblesorts.com\/pt-pt\/wp-json\/wp\/v2\/product_tag?post=5581"}],"curies":[{"name":"wp","href":"https:\/\/api.w.org\/{rel}","templated":true}]}}