{"id":5412,"date":"2025-04-15T14:37:25","date_gmt":"2025-04-15T14:37:25","guid":{"rendered":"https:\/\/mueblesorts.com\/sem categoria\/quarto-13-faz-um-lar\/"},"modified":"2025-04-15T14:37:25","modified_gmt":"2025-04-15T12:37:25","slug":"quarto-13-faz-um-lar","status":"publish","type":"product","link":"https:\/\/mueblesorts.com\/pt-pt\/product\/mobiliario-de-sala-de-estar\/quarto-13-faz-um-lar\/","title":{"rendered":"Quarto 13 Faz um lar"},"content":{"rendered":"","protected":false},"excerpt":{"rendered":"<p>A sala de jantar n\u00e3o \u00e9 apenas um local de passagem: \u00e9 o epicentro da casa. Por isso, a sua decora\u00e7\u00e3o deve ser cuidadosamente pensada, privilegiando a funcionalidade, a est\u00e9tica e o conforto. <\/p>\n","protected":false},"featured_media":3468,"template":"","meta":{"_angie_page":false,"site-sidebar-layout":"default","site-content-layout":"","ast-site-content-layout":"default","site-content-style":"default","site-sidebar-style":"default","ast-global-header-display":"","ast-banner-title-visibility":"","ast-main-header-display":"","ast-hfb-above-header-display":"","ast-hfb-below-header-display":"","ast-hfb-mobile-header-display":"","site-post-title":"","ast-breadcrumbs-content":"","ast-featured-img":"","footer-sml-layout":"","theme-transparent-header-meta":"default","adv-header-id-meta":"","stick-header-meta":"","header-above-stick-meta":"","header-main-stick-meta":"","header-below-stick-meta":"","astra-migrate-meta-layouts":"default","ast-page-background-enabled":"default","ast-page-background-meta":{"desktop":{"background-color":"var(--ast-global-color-4)","background-image":"","background-repeat":"repeat","background-position":"center center","background-size":"auto","background-attachment":"scroll","background-type":"","background-media":"","overlay-type":"","overlay-color":"","overlay-opacity":"","overlay-gradient":""},"tablet":{"background-color":"","background-image":"","background-repeat":"repeat","background-position":"center center","background-size":"auto","background-attachment":"scroll","background-type":"","background-media":"","overlay-type":"","overlay-color":"","overlay-opacity":"","overlay-gradient":""},"mobile":{"background-color":"","background-image":"","background-repeat":"repeat","background-position":"center center","background-size":"auto","background-attachment":"scroll","background-type":"","background-media":"","overlay-type":"","overlay-color":"","overlay-opacity":"","overlay-gradient":""}},"ast-content-background-meta":{"desktop":{"background-color":"var(--ast-global-color-5)","background-image":"","background-repeat":"repeat","background-position":"center center","background-size":"auto","background-attachment":"scroll","background-type":"","background-media":"","overlay-type":"","overlay-color":"","overlay-opacity":"","overlay-gradient":""},"tablet":{"background-color":"var(--ast-global-color-5)","background-image":"","background-repeat":"repeat","background-position":"center center","background-size":"auto","background-attachment":"scroll","background-type":"","background-media":"","overlay-type":"","overlay-color":"","overlay-opacity":"","overlay-gradient":""},"mobile":{"background-color":"var(--ast-global-color-5)","background-image":"","background-repeat":"repeat","background-position":"center center","background-size":"auto","background-attachment":"scroll","background-type":"","background-media":"","overlay-type":"","overlay-color":"","overlay-opacity":"","overlay-gradient":""}}},"product_brand":[],"product_cat":[383,384],"product_tag":[],"class_list":{"0":"post-5412","1":"product","2":"type-product","3":"status-publish","4":"has-post-thumbnail","6":"product_cat-mobiliario-de-sala-de-estar","7":"product_cat-modulos-de-sala-de-estar","8":"desktop-align-left","9":"tablet-align-left","10":"mobile-align-left","12":"first","13":"instock","14":"shipping-taxable","15":"product-type-simple"},"_links":{"self":[{"href":"https:\/\/mueblesorts.com\/pt-pt\/wp-json\/wp\/v2\/product\/5412","targetHints":{"allow":["GET"]}}],"collection":[{"href":"https:\/\/mueblesorts.com\/pt-pt\/wp-json\/wp\/v2\/product"}],"about":[{"href":"https:\/\/mueblesorts.com\/pt-pt\/wp-json\/wp\/v2\/types\/product"}],"version-history":[{"count":0,"href":"https:\/\/mueblesorts.com\/pt-pt\/wp-json\/wp\/v2\/product\/5412\/revisions"}],"wp:featuredmedia":[{"embeddable":true,"href":"https:\/\/mueblesorts.com\/pt-pt\/wp-json\/wp\/v2\/media\/3468"}],"wp:attachment":[{"href":"https:\/\/mueblesorts.com\/pt-pt\/wp-json\/wp\/v2\/media?parent=5412"}],"wp:term":[{"taxonomy":"product_brand","embeddable":true,"href":"https:\/\/mueblesorts.com\/pt-pt\/wp-json\/wp\/v2\/product_brand?post=5412"},{"taxonomy":"product_cat","embeddable":true,"href":"https:\/\/mueblesorts.com\/pt-pt\/wp-json\/wp\/v2\/product_cat?post=5412"},{"taxonomy":"product_tag","embeddable":true,"href":"https:\/\/mueblesorts.com\/pt-pt\/wp-json\/wp\/v2\/product_tag?post=5412"}],"curies":[{"name":"wp","href":"https:\/\/api.w.org\/{rel}","templated":true}]}}