{"id":4847,"date":"2025-05-13T05:00:36","date_gmt":"2025-05-13T05:00:36","guid":{"rendered":"https:\/\/mueblesorts.com\/sem categoria\/cama-tipi\/"},"modified":"2025-05-13T05:00:36","modified_gmt":"2025-05-13T03:00:36","slug":"cama-tipi","status":"publish","type":"product","link":"https:\/\/mueblesorts.com\/pt-pt\/product\/quartos-infantis\/camas-para-criancas\/cama-tipi\/","title":{"rendered":"Cama Tipi"},"content":{"rendered":"<h3 class=\"\" data-start=\"71\" data-end=\"132\"><strong data-start=\"75\" data-end=\"132\">Cama Tipi: um ref\u00fagio \u00fanico para o descanso das crian\u00e7as<\/strong><\/h3>\n<p class=\"\" data-start=\"134\" data-end=\"474\">A <strong data-start=\"137\" data-end=\"150\">cama Tipi<\/strong> \u00e9 o lugar perfeito para o teu filho desfrutar de um descanso cheio de aventuras e de sonhos. Inspirada no desenho de uma tenda tipi, esta cama transforma o quarto das crian\u00e7as num espa\u00e7o acolhedor e original. Al\u00e9m disso, tem a possibilidade de incorporar um <strong data-start=\"406\" data-end=\"428\">tecido para a cobrir<\/strong>, criando um ambiente mais \u00edntimo e divertido.  <\/p>\n<p class=\"\" data-start=\"476\" data-end=\"805\">Com uma estrutura s\u00f3lida e f\u00e1cil de montar, a cama Tipi adapta-se a diferentes estilos de decora\u00e7\u00e3o e proporciona um espa\u00e7o \u00fanico para as crian\u00e7as se sentirem como se estivessem no seu pr\u00f3prio abrigo. Ideal para quem procura uma cama que n\u00e3o s\u00f3 ofere\u00e7a conforto, mas tamb\u00e9m estimule a imagina\u00e7\u00e3o dos mais pequenos. <\/p>\n<p class=\"\" data-start=\"807\" data-end=\"841\"><strong data-start=\"810\" data-end=\"840\">Carater\u00edsticas principais<\/strong>:<\/p>\n<ul data-start=\"842\" data-end=\"1044\">\n<li class=\"\" data-start=\"842\" data-end=\"889\">\n<p class=\"\" data-start=\"844\" data-end=\"889\"><strong data-start=\"844\" data-end=\"859\">Design de tenda<\/strong> que cria um espa\u00e7o acolhedor.<\/p>\n<\/li>\n<li class=\"\" data-start=\"890\" data-end=\"942\">\n<p class=\"\" data-start=\"892\" data-end=\"942\">Possibilidade de <strong data-start=\"902\" data-end=\"921\">incorporar tecido para<\/strong> cobrir a cama.<\/p>\n<\/li>\n<li class=\"\" data-start=\"943\" data-end=\"984\">\n<p class=\"\" data-start=\"945\" data-end=\"984\">Montagem f\u00e1cil e <strong data-start=\"961\" data-end=\"983\">estrutura robusta<\/strong>.<\/p>\n<\/li>\n<li class=\"\" data-start=\"985\" data-end=\"1044\">\n<p class=\"\" data-start=\"987\" data-end=\"1044\"><strong data-start=\"987\" data-end=\"1006\">Estilo vers\u00e1til<\/strong> que se adapta a qualquer decora\u00e7\u00e3o.<\/p>\n<\/li>\n<\/ul>\n<p class=\"\" data-start=\"1046\" data-end=\"1064\"><strong data-start=\"1049\" data-end=\"1063\">Beneficia<\/strong>:<\/p>\n<ul data-start=\"1065\" data-end=\"1206\">\n<li class=\"\" data-start=\"1065\" data-end=\"1114\">\n<p class=\"\" data-start=\"1067\" data-end=\"1114\">Um lugar \u00fanico para relaxar e divertir-se.<\/p>\n<\/li>\n<li class=\"\" data-start=\"1115\" data-end=\"1155\">\n<p class=\"\" data-start=\"1117\" data-end=\"1155\">Incentiva <strong data-start=\"1128\" data-end=\"1143\">a imagina\u00e7\u00e3o<\/strong> e a brincadeira.<\/p>\n<\/li>\n<li class=\"\" data-start=\"1156\" data-end=\"1206\">\n<p class=\"\" data-start=\"1158\" data-end=\"1206\"><strong data-start=\"1158\" data-end=\"1171\">Conforto<\/strong> e seguran\u00e7a para os mais pequenos.<\/p>\n<\/li>\n<\/ul>\n<p class=\"\" data-start=\"1208\" data-end=\"1414\">Se procuras uma cama que combine divers\u00e3o, conforto e um toque \u00fanico para o quarto do teu filho, a <strong data-start=\"1309\" data-end=\"1322\">cama Tipi<\/strong> \u00e9 a escolha ideal para ti &#8211; faz do sono do teu filho uma aventura emocionante! <\/p>\n","protected":false},"excerpt":{"rendered":"<p class=\"\" data-start=\"1482\" data-end=\"1759\">A <strong data-start=\"1485\" data-end=\"1498\">cama Tipi<\/strong> \u00e9 muito mais do que um simples s\u00edtio para dormir. Com o seu design inspirado numa tenda teepee, oferece \u00e0s crian\u00e7as um espa\u00e7o de descanso que se torna o seu pr\u00f3prio ref\u00fagio. Al\u00e9m disso, podes acrescentar um <strong data-start=\"1696\" data-end=\"1718\">tecido para a cobrir<\/strong>, criando um ambiente privado e acolhedor.  <\/p>\n<p class=\"\" data-start=\"1761\" data-end=\"2041\">Ideal para os quartos das crian\u00e7as, a cama Tipi incentiva a brincadeira e a criatividade, proporcionando todo o conforto de que o teu filho necessita para descansar. A sua <strong data-start=\"1929\" data-end=\"1954\">estrutura robusta<\/strong> e o seu design divertido fazem dela uma excelente escolha para qualquer quarto. <\/p>\n","protected":false},"featured_media":3674,"template":"","meta":{"_angie_page":false,"site-sidebar-layout":"default","site-content-layout":"","ast-site-content-layout":"default","site-content-style":"default","site-sidebar-style":"default","ast-global-header-display":"","ast-banner-title-visibility":"","ast-main-header-display":"","ast-hfb-above-header-display":"","ast-hfb-below-header-display":"","ast-hfb-mobile-header-display":"","site-post-title":"","ast-breadcrumbs-content":"","ast-featured-img":"","footer-sml-layout":"","theme-transparent-header-meta":"default","adv-header-id-meta":"","stick-header-meta":"","header-above-stick-meta":"","header-main-stick-meta":"","header-below-stick-meta":"","astra-migrate-meta-layouts":"default","ast-page-background-enabled":"default","ast-page-background-meta":{"desktop":{"background-color":"var(--ast-global-color-4)","background-image":"","background-repeat":"repeat","background-position":"center center","background-size":"auto","background-attachment":"scroll","background-type":"","background-media":"","overlay-type":"","overlay-color":"","overlay-opacity":"","overlay-gradient":""},"tablet":{"background-color":"","background-image":"","background-repeat":"repeat","background-position":"center center","background-size":"auto","background-attachment":"scroll","background-type":"","background-media":"","overlay-type":"","overlay-color":"","overlay-opacity":"","overlay-gradient":""},"mobile":{"background-color":"","background-image":"","background-repeat":"repeat","background-position":"center center","background-size":"auto","background-attachment":"scroll","background-type":"","background-media":"","overlay-type":"","overlay-color":"","overlay-opacity":"","overlay-gradient":""}},"ast-content-background-meta":{"desktop":{"background-color":"var(--ast-global-color-5)","background-image":"","background-repeat":"repeat","background-position":"center center","background-size":"auto","background-attachment":"scroll","background-type":"","background-media":"","overlay-type":"","overlay-color":"","overlay-opacity":"","overlay-gradient":""},"tablet":{"background-color":"var(--ast-global-color-5)","background-image":"","background-repeat":"repeat","background-position":"center center","background-size":"auto","background-attachment":"scroll","background-type":"","background-media":"","overlay-type":"","overlay-color":"","overlay-opacity":"","overlay-gradient":""},"mobile":{"background-color":"var(--ast-global-color-5)","background-image":"","background-repeat":"repeat","background-position":"center center","background-size":"auto","background-attachment":"scroll","background-type":"","background-media":"","overlay-type":"","overlay-color":"","overlay-opacity":"","overlay-gradient":""}}},"product_brand":[],"product_cat":[379],"product_tag":[],"class_list":{"0":"post-4847","1":"product","2":"type-product","3":"status-publish","4":"has-post-thumbnail","6":"product_cat-camas-para-criancas","7":"desktop-align-left","8":"tablet-align-left","9":"mobile-align-left","11":"first","12":"instock","13":"shipping-taxable","14":"product-type-simple"},"_links":{"self":[{"href":"https:\/\/mueblesorts.com\/pt-pt\/wp-json\/wp\/v2\/product\/4847","targetHints":{"allow":["GET"]}}],"collection":[{"href":"https:\/\/mueblesorts.com\/pt-pt\/wp-json\/wp\/v2\/product"}],"about":[{"href":"https:\/\/mueblesorts.com\/pt-pt\/wp-json\/wp\/v2\/types\/product"}],"version-history":[{"count":0,"href":"https:\/\/mueblesorts.com\/pt-pt\/wp-json\/wp\/v2\/product\/4847\/revisions"}],"wp:featuredmedia":[{"embeddable":true,"href":"https:\/\/mueblesorts.com\/pt-pt\/wp-json\/wp\/v2\/media\/3674"}],"wp:attachment":[{"href":"https:\/\/mueblesorts.com\/pt-pt\/wp-json\/wp\/v2\/media?parent=4847"}],"wp:term":[{"taxonomy":"product_brand","embeddable":true,"href":"https:\/\/mueblesorts.com\/pt-pt\/wp-json\/wp\/v2\/product_brand?post=4847"},{"taxonomy":"product_cat","embeddable":true,"href":"https:\/\/mueblesorts.com\/pt-pt\/wp-json\/wp\/v2\/product_cat?post=4847"},{"taxonomy":"product_tag","embeddable":true,"href":"https:\/\/mueblesorts.com\/pt-pt\/wp-json\/wp\/v2\/product_tag?post=4847"}],"curies":[{"name":"wp","href":"https:\/\/api.w.org\/{rel}","templated":true}]}}