{"id":4824,"date":"2025-05-13T05:05:59","date_gmt":"2025-05-13T05:05:59","guid":{"rendered":"https:\/\/mueblesorts.com\/sem categoria\/casita\/"},"modified":"2025-05-13T05:05:59","modified_gmt":"2025-05-13T03:05:59","slug":"casita","status":"publish","type":"product","link":"https:\/\/mueblesorts.com\/pt-pt\/product\/quartos-infantis\/camas-para-criancas\/casita\/","title":{"rendered":"Casita"},"content":{"rendered":"<h3 class=\"\" data-start=\"160\" data-end=\"240\"><strong data-start=\"164\" data-end=\"240\">Cama Casita: cria um espa\u00e7o \u00fanico para o teu filho com um design personalizado.<\/strong><\/h3>\n<p class=\"\" data-start=\"242\" data-end=\"666\">A <strong data-start=\"245\" data-end=\"260\">cama de casa de campo<\/strong> \u00e9 a escolha perfeita para transformar o quarto do teu filho numa verdadeira casa de sonho. Com o seu design encantador de casa de campo, esta cama n\u00e3o s\u00f3 oferece um lugar confort\u00e1vel para dormir, como tamb\u00e9m incentiva a criatividade e a imagina\u00e7\u00e3o das crian\u00e7as. Podes personaliz\u00e1-la com <strong data-start=\"544\" data-end=\"557\">laterais<\/strong>, <strong data-start=\"559\" data-end=\"568\">teto<\/strong> e <strong data-start=\"571\" data-end=\"582\">frentes<\/strong> para criar uma <strong data-start=\"598\" data-end=\"608\">porta<\/strong> e uma <strong data-start=\"611\" data-end=\"622\">janela<\/strong>, dando vida a uma casa de campo \u00fanica e acolhedora.  <\/p>\n<p class=\"\" data-start=\"668\" data-end=\"950\">Gra\u00e7as \u00e0s suas op\u00e7\u00f5es de personaliza\u00e7\u00e3o, podes adaptar a cama \u00e0s necessidades e gostos do teu filho, criando um ambiente \u00fanico e divertido no seu quarto. A estrutura robusta garante a durabilidade, enquanto o design vers\u00e1til se adapta a qualquer estilo de decora\u00e7\u00e3o. <\/p>\n<p class=\"\" data-start=\"952\" data-end=\"986\"><strong data-start=\"955\" data-end=\"985\">Carater\u00edsticas principais<\/strong>:<\/p>\n<ul data-start=\"987\" data-end=\"1231\">\n<li class=\"\" data-start=\"987\" data-end=\"1042\">\n<p class=\"\" data-start=\"989\" data-end=\"1042\">Design <strong data-start=\"999\" data-end=\"1009\">de casa de campo<\/strong> com op\u00e7\u00f5es de personaliza\u00e7\u00e3o.<\/p>\n<\/li>\n<li class=\"\" data-start=\"1043\" data-end=\"1123\">\n<p class=\"\" data-start=\"1045\" data-end=\"1123\"><strong data-start=\"1045\" data-end=\"1058\">Lados<\/strong>, <strong data-start=\"1060\" data-end=\"1069\">telhado<\/strong>, <strong data-start=\"1071\" data-end=\"1082\">frentes<\/strong> para criar uma <strong data-start=\"1098\" data-end=\"1108\">porta<\/strong> e uma <strong data-start=\"1111\" data-end=\"1122\">janela<\/strong>.<\/p>\n<\/li>\n<li class=\"\" data-start=\"1124\" data-end=\"1184\">\n<p class=\"\" data-start=\"1126\" data-end=\"1184\">Estrutura <strong data-start=\"1137\" data-end=\"1148\">robusta<\/strong> e segura para o descanso das crian\u00e7as.<\/p>\n<\/li>\n<li class=\"\" data-start=\"1185\" data-end=\"1231\">\n<p class=\"\" data-start=\"1187\" data-end=\"1231\"><strong data-start=\"1187\" data-end=\"1207\">Estilo adapt\u00e1vel<\/strong> a qualquer decora\u00e7\u00e3o.<\/p>\n<\/li>\n<\/ul>\n<p class=\"\" data-start=\"1233\" data-end=\"1251\"><strong data-start=\"1236\" data-end=\"1250\">Beneficia<\/strong>:<\/p>\n<ul data-start=\"1252\" data-end=\"1468\">\n<li class=\"\" data-start=\"1252\" data-end=\"1318\">\n<p class=\"\" data-start=\"1254\" data-end=\"1318\"><strong data-start=\"1254\" data-end=\"1280\">Estimula a imagina\u00e7\u00e3o<\/strong> e a brincadeira num espa\u00e7o repousante.<\/p>\n<\/li>\n<li class=\"\" data-start=\"1319\" data-end=\"1392\">\n<p class=\"\" data-start=\"1321\" data-end=\"1392\">Possibilidade de personalizar a cama de acordo com o gosto e as necessidades do teu filho.<\/p>\n<\/li>\n<li class=\"\" data-start=\"1393\" data-end=\"1468\">\n<p class=\"\" data-start=\"1395\" data-end=\"1468\">Um <strong data-start=\"1398\" data-end=\"1415\">ref\u00fagio \u00fanico<\/strong> para as crian\u00e7as que querem um lugar especial para dormir.<\/p>\n<\/li>\n<\/ul>\n<p class=\"\" data-start=\"1470\" data-end=\"1633\">A <strong data-start=\"1473\" data-end=\"1488\">cama de casinha<\/strong> \u00e9 a escolha perfeita para criar uma atmosfera m\u00e1gica e funcional no quarto do teu filho, transformando o seu descanso numa aventura emocionante! <\/p>\n","protected":false},"excerpt":{"rendered":"<p class=\"\" data-start=\"1706\" data-end=\"2038\">A <strong data-start=\"1709\" data-end=\"1724\">cama de casinha<\/strong> \u00e9 uma solu\u00e7\u00e3o divertida e funcional para o quarto do teu filho. Com o seu design de casinha, esta cama transforma qualquer quarto num espa\u00e7o acolhedor e \u00fanico. Podes personaliz\u00e1-la com <strong data-start=\"1919\" data-end=\"1932\">laterais<\/strong>, <strong data-start=\"1934\" data-end=\"1943\">teto<\/strong> e <strong data-start=\"1946\" data-end=\"1957\">frentes<\/strong> para formar uma <strong data-start=\"1974\" data-end=\"1984\">porta<\/strong> com uma janela, criando um pequeno esconderijo para o teu filho.  <\/p>\n<p class=\"\" data-start=\"2040\" data-end=\"2256\">Ideal para incentivar a criatividade, a <strong data-start=\"2079\" data-end=\"2094\">cama de casinha<\/strong> adapta-se a diferentes estilos de decora\u00e7\u00e3o e proporciona um lugar seguro e confort\u00e1vel para descansar. A sua <strong data-start=\"2200\" data-end=\"2221\">estrutura s\u00f3lida<\/strong> garante durabilidade e seguran\u00e7a. <\/p>\n","protected":false},"featured_media":3681,"template":"","meta":{"_angie_page":false,"site-sidebar-layout":"default","site-content-layout":"","ast-site-content-layout":"default","site-content-style":"default","site-sidebar-style":"default","ast-global-header-display":"","ast-banner-title-visibility":"","ast-main-header-display":"","ast-hfb-above-header-display":"","ast-hfb-below-header-display":"","ast-hfb-mobile-header-display":"","site-post-title":"","ast-breadcrumbs-content":"","ast-featured-img":"","footer-sml-layout":"","theme-transparent-header-meta":"default","adv-header-id-meta":"","stick-header-meta":"","header-above-stick-meta":"","header-main-stick-meta":"","header-below-stick-meta":"","astra-migrate-meta-layouts":"default","ast-page-background-enabled":"default","ast-page-background-meta":{"desktop":{"background-color":"var(--ast-global-color-4)","background-image":"","background-repeat":"repeat","background-position":"center center","background-size":"auto","background-attachment":"scroll","background-type":"","background-media":"","overlay-type":"","overlay-color":"","overlay-opacity":"","overlay-gradient":""},"tablet":{"background-color":"","background-image":"","background-repeat":"repeat","background-position":"center center","background-size":"auto","background-attachment":"scroll","background-type":"","background-media":"","overlay-type":"","overlay-color":"","overlay-opacity":"","overlay-gradient":""},"mobile":{"background-color":"","background-image":"","background-repeat":"repeat","background-position":"center center","background-size":"auto","background-attachment":"scroll","background-type":"","background-media":"","overlay-type":"","overlay-color":"","overlay-opacity":"","overlay-gradient":""}},"ast-content-background-meta":{"desktop":{"background-color":"var(--ast-global-color-5)","background-image":"","background-repeat":"repeat","background-position":"center center","background-size":"auto","background-attachment":"scroll","background-type":"","background-media":"","overlay-type":"","overlay-color":"","overlay-opacity":"","overlay-gradient":""},"tablet":{"background-color":"var(--ast-global-color-5)","background-image":"","background-repeat":"repeat","background-position":"center center","background-size":"auto","background-attachment":"scroll","background-type":"","background-media":"","overlay-type":"","overlay-color":"","overlay-opacity":"","overlay-gradient":""},"mobile":{"background-color":"var(--ast-global-color-5)","background-image":"","background-repeat":"repeat","background-position":"center center","background-size":"auto","background-attachment":"scroll","background-type":"","background-media":"","overlay-type":"","overlay-color":"","overlay-opacity":"","overlay-gradient":""}}},"product_brand":[],"product_cat":[379],"product_tag":[],"class_list":{"0":"post-4824","1":"product","2":"type-product","3":"status-publish","4":"has-post-thumbnail","6":"product_cat-camas-para-criancas","7":"desktop-align-left","8":"tablet-align-left","9":"mobile-align-left","11":"first","12":"instock","13":"shipping-taxable","14":"product-type-simple"},"_links":{"self":[{"href":"https:\/\/mueblesorts.com\/pt-pt\/wp-json\/wp\/v2\/product\/4824","targetHints":{"allow":["GET"]}}],"collection":[{"href":"https:\/\/mueblesorts.com\/pt-pt\/wp-json\/wp\/v2\/product"}],"about":[{"href":"https:\/\/mueblesorts.com\/pt-pt\/wp-json\/wp\/v2\/types\/product"}],"version-history":[{"count":0,"href":"https:\/\/mueblesorts.com\/pt-pt\/wp-json\/wp\/v2\/product\/4824\/revisions"}],"wp:featuredmedia":[{"embeddable":true,"href":"https:\/\/mueblesorts.com\/pt-pt\/wp-json\/wp\/v2\/media\/3681"}],"wp:attachment":[{"href":"https:\/\/mueblesorts.com\/pt-pt\/wp-json\/wp\/v2\/media?parent=4824"}],"wp:term":[{"taxonomy":"product_brand","embeddable":true,"href":"https:\/\/mueblesorts.com\/pt-pt\/wp-json\/wp\/v2\/product_brand?post=4824"},{"taxonomy":"product_cat","embeddable":true,"href":"https:\/\/mueblesorts.com\/pt-pt\/wp-json\/wp\/v2\/product_cat?post=4824"},{"taxonomy":"product_tag","embeddable":true,"href":"https:\/\/mueblesorts.com\/pt-pt\/wp-json\/wp\/v2\/product_tag?post=4824"}],"curies":[{"name":"wp","href":"https:\/\/api.w.org\/{rel}","templated":true}]}}