{"id":4913,"date":"2025-01-22T09:33:36","date_gmt":"2025-01-22T08:33:36","guid":{"rendered":"https:\/\/mueblesorts.com\/blogue\/"},"modified":"2025-10-24T13:46:33","modified_gmt":"2025-10-24T11:46:33","slug":"blogue","status":"publish","type":"page","link":"https:\/\/mueblesorts.com\/pt-pt\/blogue\/","title":{"rendered":"Blogue"},"content":{"rendered":"\t\t<div data-elementor-type=\"wp-page\" data-elementor-id=\"4913\" class=\"elementor elementor-4913 elementor-602\" data-elementor-post-type=\"page\">\n\t\t\t\t<div class=\"elementor-element elementor-element-82cdc39 e-flex e-con-boxed e-con e-parent\" data-id=\"82cdc39\" data-element_type=\"container\" data-e-type=\"container\" data-settings=\"{&quot;background_background&quot;:&quot;classic&quot;}\">\n\t\t\t\t\t<div class=\"e-con-inner\">\n\t\t<div class=\"elementor-element elementor-element-992bb46 e-con-full e-flex e-con e-child\" data-id=\"992bb46\" data-element_type=\"container\" data-e-type=\"container\">\n\t\t\t\t<div class=\"elementor-element elementor-element-undefined-b013048 elementor-widget elementor-widget-heading\" data-id=\"undefined-b013048\" data-element_type=\"widget\" data-e-type=\"widget\" data-widget_type=\"heading.default\">\n\t\t\t\t<div class=\"elementor-widget-container\">\n\t\t\t\t\t<h1 class=\"elementor-heading-title elementor-size-default\">Blogue<\/h1>\t\t\t\t<\/div>\n\t\t\t\t<\/div>\n\t\t\t\t<div class=\"elementor-element elementor-element-5d97cee elementor-widget elementor-widget-text-editor\" data-id=\"5d97cee\" data-element_type=\"widget\" data-e-type=\"widget\" data-widget_type=\"text-editor.default\">\n\t\t\t\t<div class=\"elementor-widget-container\">\n\t\t\t\t\t\t\t\t\t<p><strong>Descobre as nossas \u00faltimas not\u00edcias<\/strong><\/p>\t\t\t\t\t\t\t\t<\/div>\n\t\t\t\t<\/div>\n\t\t\t\t<\/div>\n\t\t\t\t\t<\/div>\n\t\t\t\t<\/div>\n\t\t<div class=\"elementor-element elementor-element-15c7c1a e-flex e-con-boxed e-con e-parent\" data-id=\"15c7c1a\" data-element_type=\"container\" data-e-type=\"container\">\n\t\t\t\t\t<div class=\"e-con-inner\">\n\t\t\t\t<div class=\"elementor-element elementor-element-68a5fff elementor-grid-3 elementor-grid-tablet-2 elementor-grid-mobile-1 elementor-posts--thumbnail-top elementor-widget elementor-widget-posts\" data-id=\"68a5fff\" data-element_type=\"widget\" data-e-type=\"widget\" data-settings=\"{&quot;pagination_type&quot;:&quot;numbers&quot;,&quot;classic_columns&quot;:&quot;3&quot;,&quot;classic_columns_tablet&quot;:&quot;2&quot;,&quot;classic_columns_mobile&quot;:&quot;1&quot;,&quot;classic_row_gap&quot;:{&quot;unit&quot;:&quot;px&quot;,&quot;size&quot;:35,&quot;sizes&quot;:[]},&quot;classic_row_gap_tablet&quot;:{&quot;unit&quot;:&quot;px&quot;,&quot;size&quot;:&quot;&quot;,&quot;sizes&quot;:[]},&quot;classic_row_gap_mobile&quot;:{&quot;unit&quot;:&quot;px&quot;,&quot;size&quot;:&quot;&quot;,&quot;sizes&quot;:[]}}\" data-widget_type=\"posts.classic\">\n\t\t\t\t<div class=\"elementor-widget-container\">\n\t\t\t\t\t\t\t<div class=\"elementor-posts-container elementor-posts elementor-posts--skin-classic elementor-grid\" role=\"list\">\n\t\t\t\t<article class=\"elementor-post elementor-grid-item post-4541 post type-post status-publish format-standard has-post-thumbnail hentry category-quartos-de-dormir-juvenis category-decoracao\" role=\"listitem\">\n\t\t\t\t<a class=\"elementor-post__thumbnail__link\" href=\"https:\/\/mueblesorts.com\/pt-pt\/blog\/estilos-e-tendencias-de-quartos-para-jovens-este-ano\/\" tabindex=\"-1\" >\n\t\t\t<div class=\"elementor-post__thumbnail\"><img fetchpriority=\"high\" decoding=\"async\" width=\"1024\" height=\"683\" src=\"https:\/\/mueblesorts.com\/wp-content\/uploads\/2025\/01\/Tendencias-Decoracion-Juvenil-1024x683.jpg\" class=\"attachment-large size-large wp-image-4542\" alt=\"\" srcset=\"https:\/\/mueblesorts.com\/wp-content\/uploads\/2025\/01\/Tendencias-Decoracion-Juvenil-1024x683.jpg 1024w, https:\/\/mueblesorts.com\/wp-content\/uploads\/2025\/01\/Tendencias-Decoracion-Juvenil-600x400.jpg 600w, https:\/\/mueblesorts.com\/wp-content\/uploads\/2025\/01\/Tendencias-Decoracion-Juvenil-300x200.jpg 300w, https:\/\/mueblesorts.com\/wp-content\/uploads\/2025\/01\/Tendencias-Decoracion-Juvenil-768x512.jpg 768w, https:\/\/mueblesorts.com\/wp-content\/uploads\/2025\/01\/Tendencias-Decoracion-Juvenil.jpg 1200w\" sizes=\"(max-width: 1024px) 100vw, 1024px\" \/><\/div>\n\t\t<\/a>\n\t\t\t\t<div class=\"elementor-post__text\">\n\t\t\t\t<p class=\"elementor-post__title\">\n\t\t\t<a href=\"https:\/\/mueblesorts.com\/pt-pt\/blog\/estilos-e-tendencias-de-quartos-para-jovens-este-ano\/\" >\n\t\t\t\tEstilos e tend\u00eancias de quartos para jovens este ano\t\t\t<\/a>\n\t\t<\/p>\n\t\t\t\t<div class=\"elementor-post__meta-data\">\n\t\t\t\t\t<span class=\"elementor-post-date\">\n\t\t\t07\/01\/2025\t\t<\/span>\n\t\t\t\t<\/div>\n\t\t\t\t<div class=\"elementor-post__excerpt\">\n\t\t\t<p>O design de quartos para jovens est\u00e1 em constante evolu\u00e7\u00e3o, adaptando-se \u00e0s necessidades e gostos dos jovens. No pr\u00f3ximo ano,<\/p>\n\t\t<\/div>\n\t\t\n\t\t<a class=\"elementor-post__read-more\" href=\"https:\/\/mueblesorts.com\/pt-pt\/blog\/estilos-e-tendencias-de-quartos-para-jovens-este-ano\/\" aria-label=\"Read more about Estilos e tend\u00eancias de quartos para jovens este ano\" tabindex=\"-1\" >\n\t\t\tL\u00ea mais \"\t\t<\/a>\n\n\t\t\t\t<\/div>\n\t\t\t\t<\/article>\n\t\t\t\t<article class=\"elementor-post elementor-grid-item post-4730 post type-post status-publish format-standard has-post-thumbnail hentry category-decoracao category-distribuidores category-noticias\" role=\"listitem\">\n\t\t\t\t<a class=\"elementor-post__thumbnail__link\" href=\"https:\/\/mueblesorts.com\/pt-pt\/blog\/ideias-de-decoracao-de-natal-para-lojas-de-mobiliario-cria-uma-atmosfera-que-inspire-e-se-relacione-com-os-teus-clientes\/\" tabindex=\"-1\" >\n\t\t\t<div class=\"elementor-post__thumbnail\"><img decoding=\"async\" width=\"1024\" height=\"683\" src=\"https:\/\/mueblesorts.com\/wp-content\/uploads\/2024\/12\/Tienda-Muebles-Navidad-1-1024x683.jpg\" class=\"attachment-large size-large wp-image-4732\" alt=\"\" srcset=\"https:\/\/mueblesorts.com\/wp-content\/uploads\/2024\/12\/Tienda-Muebles-Navidad-1-1024x683.jpg 1024w, https:\/\/mueblesorts.com\/wp-content\/uploads\/2024\/12\/Tienda-Muebles-Navidad-1-600x400.jpg 600w, https:\/\/mueblesorts.com\/wp-content\/uploads\/2024\/12\/Tienda-Muebles-Navidad-1-300x200.jpg 300w, https:\/\/mueblesorts.com\/wp-content\/uploads\/2024\/12\/Tienda-Muebles-Navidad-1-768x512.jpg 768w, https:\/\/mueblesorts.com\/wp-content\/uploads\/2024\/12\/Tienda-Muebles-Navidad-1.jpg 1200w\" sizes=\"(max-width: 1024px) 100vw, 1024px\" \/><\/div>\n\t\t<\/a>\n\t\t\t\t<div class=\"elementor-post__text\">\n\t\t\t\t<p class=\"elementor-post__title\">\n\t\t\t<a href=\"https:\/\/mueblesorts.com\/pt-pt\/blog\/ideias-de-decoracao-de-natal-para-lojas-de-mobiliario-cria-uma-atmosfera-que-inspire-e-se-relacione-com-os-teus-clientes\/\" >\n\t\t\t\tIdeias de decora\u00e7\u00e3o de Natal para lojas de mobili\u00e1rio: Cria uma atmosfera que inspire e se relacione com os teus clientes.\t\t\t<\/a>\n\t\t<\/p>\n\t\t\t\t<div class=\"elementor-post__meta-data\">\n\t\t\t\t\t<span class=\"elementor-post-date\">\n\t\t\t18\/12\/2024\t\t<\/span>\n\t\t\t\t<\/div>\n\t\t\t\t<div class=\"elementor-post__excerpt\">\n\t\t\t<p>O Natal \u00e9 a altura ideal para transformar a sua loja num espa\u00e7o m\u00e1gico e acolhedor que estabele\u00e7a uma liga\u00e7\u00e3o<\/p>\n\t\t<\/div>\n\t\t\n\t\t<a class=\"elementor-post__read-more\" href=\"https:\/\/mueblesorts.com\/pt-pt\/blog\/ideias-de-decoracao-de-natal-para-lojas-de-mobiliario-cria-uma-atmosfera-que-inspire-e-se-relacione-com-os-teus-clientes\/\" aria-label=\"Read more about Ideias de decora\u00e7\u00e3o de Natal para lojas de mobili\u00e1rio: Cria uma atmosfera que inspire e se relacione com os teus clientes.\" tabindex=\"-1\" >\n\t\t\tL\u00ea mais \"\t\t<\/a>\n\n\t\t\t\t<\/div>\n\t\t\t\t<\/article>\n\t\t\t\t<article class=\"elementor-post elementor-grid-item post-4737 post type-post status-publish format-standard has-post-thumbnail hentry category-quartos-de-dormir-juvenis category-decoracao\" role=\"listitem\">\n\t\t\t\t<a class=\"elementor-post__thumbnail__link\" href=\"https:\/\/mueblesorts.com\/pt-pt\/blog\/transforma-os-espacos-juvenis-em-areas-funcionais-e-esteticas\/\" tabindex=\"-1\" >\n\t\t\t<div class=\"elementor-post__thumbnail\"><img decoding=\"async\" width=\"1024\" height=\"683\" src=\"https:\/\/mueblesorts.com\/wp-content\/uploads\/2024\/12\/Transforma-espacios-juveniles-1-1024x683.jpg\" class=\"attachment-large size-large wp-image-4738\" alt=\"\" srcset=\"https:\/\/mueblesorts.com\/wp-content\/uploads\/2024\/12\/Transforma-espacios-juveniles-1-1024x683.jpg 1024w, https:\/\/mueblesorts.com\/wp-content\/uploads\/2024\/12\/Transforma-espacios-juveniles-1-600x400.jpg 600w, https:\/\/mueblesorts.com\/wp-content\/uploads\/2024\/12\/Transforma-espacios-juveniles-1-300x200.jpg 300w, https:\/\/mueblesorts.com\/wp-content\/uploads\/2024\/12\/Transforma-espacios-juveniles-1-768x512.jpg 768w, https:\/\/mueblesorts.com\/wp-content\/uploads\/2024\/12\/Transforma-espacios-juveniles-1.jpg 1200w\" sizes=\"(max-width: 1024px) 100vw, 1024px\" \/><\/div>\n\t\t<\/a>\n\t\t\t\t<div class=\"elementor-post__text\">\n\t\t\t\t<p class=\"elementor-post__title\">\n\t\t\t<a href=\"https:\/\/mueblesorts.com\/pt-pt\/blog\/transforma-os-espacos-juvenis-em-areas-funcionais-e-esteticas\/\" >\n\t\t\t\tTransforma os espa\u00e7os juvenis em \u00e1reas funcionais e est\u00e9ticas.\t\t\t<\/a>\n\t\t<\/p>\n\t\t\t\t<div class=\"elementor-post__meta-data\">\n\t\t\t\t\t<span class=\"elementor-post-date\">\n\t\t\t16\/12\/2024\t\t<\/span>\n\t\t\t\t<\/div>\n\t\t\t\t<div class=\"elementor-post__excerpt\">\n\t\t\t<p>Na Muebles Orts, acreditamos que um quarto de dormir juvenil deve ser muito mais do que um lugar para dormir;<\/p>\n\t\t<\/div>\n\t\t\n\t\t<a class=\"elementor-post__read-more\" href=\"https:\/\/mueblesorts.com\/pt-pt\/blog\/transforma-os-espacos-juvenis-em-areas-funcionais-e-esteticas\/\" aria-label=\"Read more about Transforma os espa\u00e7os juvenis em \u00e1reas funcionais e est\u00e9ticas.\" tabindex=\"-1\" >\n\t\t\tL\u00ea mais \"\t\t<\/a>\n\n\t\t\t\t<\/div>\n\t\t\t\t<\/article>\n\t\t\t\t<article class=\"elementor-post elementor-grid-item post-4734 post type-post status-publish format-standard has-post-thumbnail hentry category-quartos-de-dormir-juvenis category-distribuidores\" role=\"listitem\">\n\t\t\t\t<a class=\"elementor-post__thumbnail__link\" href=\"https:\/\/mueblesorts.com\/pt-pt\/blog\/a-importancia-da-logistica-e-da-disponibilidade-no-mobiliario-como-a-muebles-orts-apoia-os-seus-distribuidores-e-lojas\/\" tabindex=\"-1\" >\n\t\t\t<div class=\"elementor-post__thumbnail\"><img loading=\"lazy\" decoding=\"async\" width=\"1024\" height=\"683\" src=\"https:\/\/mueblesorts.com\/wp-content\/uploads\/2024\/11\/Logistica-y-disponibilidad-de-Muebles-1024x683.jpg\" class=\"attachment-large size-large wp-image-4735\" alt=\"\" srcset=\"https:\/\/mueblesorts.com\/wp-content\/uploads\/2024\/11\/Logistica-y-disponibilidad-de-Muebles-1024x683.jpg 1024w, https:\/\/mueblesorts.com\/wp-content\/uploads\/2024\/11\/Logistica-y-disponibilidad-de-Muebles-600x400.jpg 600w, https:\/\/mueblesorts.com\/wp-content\/uploads\/2024\/11\/Logistica-y-disponibilidad-de-Muebles-300x200.jpg 300w, https:\/\/mueblesorts.com\/wp-content\/uploads\/2024\/11\/Logistica-y-disponibilidad-de-Muebles-768x512.jpg 768w, https:\/\/mueblesorts.com\/wp-content\/uploads\/2024\/11\/Logistica-y-disponibilidad-de-Muebles.jpg 1200w\" sizes=\"(max-width: 1024px) 100vw, 1024px\" \/><\/div>\n\t\t<\/a>\n\t\t\t\t<div class=\"elementor-post__text\">\n\t\t\t\t<p class=\"elementor-post__title\">\n\t\t\t<a href=\"https:\/\/mueblesorts.com\/pt-pt\/blog\/a-importancia-da-logistica-e-da-disponibilidade-no-mobiliario-como-a-muebles-orts-apoia-os-seus-distribuidores-e-lojas\/\" >\n\t\t\t\tA import\u00e2ncia da log\u00edstica e da disponibilidade no mobili\u00e1rio: como a Muebles Orts apoia os seus distribuidores e lojas\t\t\t<\/a>\n\t\t<\/p>\n\t\t\t\t<div class=\"elementor-post__meta-data\">\n\t\t\t\t\t<span class=\"elementor-post-date\">\n\t\t\t11\/11\/2024\t\t<\/span>\n\t\t\t\t<\/div>\n\t\t\t\t<div class=\"elementor-post__excerpt\">\n\t\t\t<p>No sector do mobili\u00e1rio para crian\u00e7as e jovens, sabemos que o sucesso das lojas e dos distribuidores depende, em grande<\/p>\n\t\t<\/div>\n\t\t\n\t\t<a class=\"elementor-post__read-more\" href=\"https:\/\/mueblesorts.com\/pt-pt\/blog\/a-importancia-da-logistica-e-da-disponibilidade-no-mobiliario-como-a-muebles-orts-apoia-os-seus-distribuidores-e-lojas\/\" aria-label=\"Read more about A import\u00e2ncia da log\u00edstica e da disponibilidade no mobili\u00e1rio: como a Muebles Orts apoia os seus distribuidores e lojas\" tabindex=\"-1\" >\n\t\t\tL\u00ea mais \"\t\t<\/a>\n\n\t\t\t\t<\/div>\n\t\t\t\t<\/article>\n\t\t\t\t<article class=\"elementor-post elementor-grid-item post-4895 post type-post status-publish format-standard has-post-thumbnail hentry category-distribuidores category-noticias\" role=\"listitem\">\n\t\t\t\t<a class=\"elementor-post__thumbnail__link\" href=\"https:\/\/mueblesorts.com\/pt-pt\/blog\/servico-pos-venda-um-valor-acrescentado-que-fideliza-o-cliente\/\" tabindex=\"-1\" >\n\t\t\t<div class=\"elementor-post__thumbnail\"><img loading=\"lazy\" decoding=\"async\" width=\"1024\" height=\"683\" src=\"https:\/\/mueblesorts.com\/wp-content\/uploads\/2024\/10\/Att-al-cliente-1024x683.jpg\" class=\"attachment-large size-large wp-image-4896\" alt=\"\" srcset=\"https:\/\/mueblesorts.com\/wp-content\/uploads\/2024\/10\/Att-al-cliente-1024x683.jpg 1024w, https:\/\/mueblesorts.com\/wp-content\/uploads\/2024\/10\/Att-al-cliente-600x400.jpg 600w, https:\/\/mueblesorts.com\/wp-content\/uploads\/2024\/10\/Att-al-cliente-300x200.jpg 300w, https:\/\/mueblesorts.com\/wp-content\/uploads\/2024\/10\/Att-al-cliente-768x512.jpg 768w, https:\/\/mueblesorts.com\/wp-content\/uploads\/2024\/10\/Att-al-cliente.jpg 1200w\" sizes=\"(max-width: 1024px) 100vw, 1024px\" \/><\/div>\n\t\t<\/a>\n\t\t\t\t<div class=\"elementor-post__text\">\n\t\t\t\t<p class=\"elementor-post__title\">\n\t\t\t<a href=\"https:\/\/mueblesorts.com\/pt-pt\/blog\/servico-pos-venda-um-valor-acrescentado-que-fideliza-o-cliente\/\" >\n\t\t\t\tServi\u00e7o p\u00f3s-venda: um valor acrescentado que fideliza o cliente\t\t\t<\/a>\n\t\t<\/p>\n\t\t\t\t<div class=\"elementor-post__meta-data\">\n\t\t\t\t\t<span class=\"elementor-post-date\">\n\t\t\t31\/10\/2024\t\t<\/span>\n\t\t\t\t<\/div>\n\t\t\t\t<div class=\"elementor-post__excerpt\">\n\t\t\t<p>No sector do mobili\u00e1rio para crian\u00e7as e jovens, a experi\u00eancia de compra n\u00e3o termina no ponto de venda. A import\u00e2ncia<\/p>\n\t\t<\/div>\n\t\t\n\t\t<a class=\"elementor-post__read-more\" href=\"https:\/\/mueblesorts.com\/pt-pt\/blog\/servico-pos-venda-um-valor-acrescentado-que-fideliza-o-cliente\/\" aria-label=\"Read more about Servi\u00e7o p\u00f3s-venda: um valor acrescentado que fideliza o cliente\" tabindex=\"-1\" >\n\t\t\tL\u00ea mais \"\t\t<\/a>\n\n\t\t\t\t<\/div>\n\t\t\t\t<\/article>\n\t\t\t\t<\/div>\n\t\t\n\t\t\t\t\t\t<\/div>\n\t\t\t\t<\/div>\n\t\t\t\t\t<\/div>\n\t\t\t\t<\/div>\n\t\t\t\t<\/div>\n\t\t","protected":false},"excerpt":{"rendered":"<p>Blogue Descobre as nossas \u00faltimas not\u00edcias<\/p>\n","protected":false},"author":1,"featured_media":0,"parent":0,"menu_order":0,"comment_status":"closed","ping_status":"closed","template":"","meta":{"_angie_page":false,"site-sidebar-layout":"no-sidebar","site-content-layout":"","ast-site-content-layout":"full-width-container","site-content-style":"default","site-sidebar-style":"default","ast-global-header-display":"","ast-banner-title-visibility":"","ast-main-header-display":"","ast-hfb-above-header-display":"","ast-hfb-below-header-display":"","ast-hfb-mobile-header-display":"","site-post-title":"disabled","ast-breadcrumbs-content":"","ast-featured-img":"disabled","footer-sml-layout":"","theme-transparent-header-meta":"","adv-header-id-meta":"","stick-header-meta":"","header-above-stick-meta":"","header-main-stick-meta":"","header-below-stick-meta":"","astra-migrate-meta-layouts":"default","ast-page-background-enabled":"default","ast-page-background-meta":{"desktop":{"background-color":"var(--ast-global-color-4)","background-image":"","background-repeat":"repeat","background-position":"center center","background-size":"auto","background-attachment":"scroll","background-type":"","background-media":"","overlay-type":"","overlay-color":"","overlay-opacity":"","overlay-gradient":""},"tablet":{"background-color":"","background-image":"","background-repeat":"repeat","background-position":"center center","background-size":"auto","background-attachment":"scroll","background-type":"","background-media":"","overlay-type":"","overlay-color":"","overlay-opacity":"","overlay-gradient":""},"mobile":{"background-color":"","background-image":"","background-repeat":"repeat","background-position":"center center","background-size":"auto","background-attachment":"scroll","background-type":"","background-media":"","overlay-type":"","overlay-color":"","overlay-opacity":"","overlay-gradient":""}},"ast-content-background-meta":{"desktop":{"background-color":"var(--ast-global-color-5)","background-image":"","background-repeat":"repeat","background-position":"center center","background-size":"auto","background-attachment":"scroll","background-type":"","background-media":"","overlay-type":"","overlay-color":"","overlay-opacity":"","overlay-gradient":""},"tablet":{"background-color":"var(--ast-global-color-5)","background-image":"","background-repeat":"repeat","background-position":"center center","background-size":"auto","background-attachment":"scroll","background-type":"","background-media":"","overlay-type":"","overlay-color":"","overlay-opacity":"","overlay-gradient":""},"mobile":{"background-color":"var(--ast-global-color-5)","background-image":"","background-repeat":"repeat","background-position":"center center","background-size":"auto","background-attachment":"scroll","background-type":"","background-media":"","overlay-type":"","overlay-color":"","overlay-opacity":"","overlay-gradient":""}},"footnotes":""},"class_list":["post-4913","page","type-page","status-publish","hentry"],"_links":{"self":[{"href":"https:\/\/mueblesorts.com\/pt-pt\/wp-json\/wp\/v2\/pages\/4913","targetHints":{"allow":["GET"]}}],"collection":[{"href":"https:\/\/mueblesorts.com\/pt-pt\/wp-json\/wp\/v2\/pages"}],"about":[{"href":"https:\/\/mueblesorts.com\/pt-pt\/wp-json\/wp\/v2\/types\/page"}],"author":[{"embeddable":true,"href":"https:\/\/mueblesorts.com\/pt-pt\/wp-json\/wp\/v2\/users\/1"}],"replies":[{"embeddable":true,"href":"https:\/\/mueblesorts.com\/pt-pt\/wp-json\/wp\/v2\/comments?post=4913"}],"version-history":[{"count":1,"href":"https:\/\/mueblesorts.com\/pt-pt\/wp-json\/wp\/v2\/pages\/4913\/revisions"}],"predecessor-version":[{"id":4917,"href":"https:\/\/mueblesorts.com\/pt-pt\/wp-json\/wp\/v2\/pages\/4913\/revisions\/4917"}],"wp:attachment":[{"href":"https:\/\/mueblesorts.com\/pt-pt\/wp-json\/wp\/v2\/media?parent=4913"}],"curies":[{"name":"wp","href":"https:\/\/api.w.org\/{rel}","templated":true}]}}