{"id":4364,"date":"2025-09-04T07:36:10","date_gmt":"2025-09-04T05:36:10","guid":{"rendered":"https:\/\/mueblesorts.com\/privacidade\/"},"modified":"2025-10-24T13:36:30","modified_gmt":"2025-10-24T11:36:30","slug":"privacidade","status":"publish","type":"page","link":"https:\/\/mueblesorts.com\/pt-pt\/privacidade\/","title":{"rendered":"Privacidade"},"content":{"rendered":"\t\t<div data-elementor-type=\"wp-page\" data-elementor-id=\"4364\" class=\"elementor elementor-4364 elementor-3916\" data-elementor-post-type=\"page\">\n\t\t\t\t<div class=\"elementor-element elementor-element-82cdc39 e-flex e-con-boxed e-con e-parent\" data-id=\"82cdc39\" data-element_type=\"container\" data-e-type=\"container\" data-settings=\"{&quot;background_background&quot;:&quot;classic&quot;}\">\n\t\t\t\t\t<div class=\"e-con-inner\">\n\t\t<div class=\"elementor-element elementor-element-992bb46 e-con-full e-flex e-con e-child\" data-id=\"992bb46\" data-element_type=\"container\" data-e-type=\"container\">\n\t\t\t\t<div class=\"elementor-element elementor-element-undefined-b013048 elementor-widget elementor-widget-heading\" data-id=\"undefined-b013048\" data-element_type=\"widget\" data-e-type=\"widget\" data-widget_type=\"heading.default\">\n\t\t\t\t<div class=\"elementor-widget-container\">\n\t\t\t\t\t<h1 class=\"elementor-heading-title elementor-size-default\">Privacidade<\/h1>\t\t\t\t<\/div>\n\t\t\t\t<\/div>\n\t\t\t\t<\/div>\n\t\t\t\t\t<\/div>\n\t\t\t\t<\/div>\n\t\t<div class=\"elementor-element elementor-element-0203568 e-flex e-con-boxed e-con e-parent\" data-id=\"0203568\" data-element_type=\"container\" data-e-type=\"container\">\n\t\t\t\t\t<div class=\"e-con-inner\">\n\t\t\t\t<div class=\"elementor-element elementor-element-914db0a elementor-widget elementor-widget-text-editor\" data-id=\"914db0a\" data-element_type=\"widget\" data-e-type=\"widget\" data-widget_type=\"text-editor.default\">\n\t\t\t\t<div class=\"elementor-widget-container\">\n\t\t\t\t\t\t\t\t\t<p><b>POL\u00cdTICA DE PRIVACIDADE DE DADOS<\/b><\/p><p>A presente pol\u00edtica de privacidade estabelece a forma como os dados pessoais fornecidos pelo titular dos dados ser\u00e3o geridos. Esta pol\u00edtica \u00e9 expressa e integralmente aceite pela pessoa em causa a partir do momento em que, para utilizar o s\u00edtio ou os servi\u00e7os oferecidos pelo respons\u00e1vel pelo tratamento de dados, comunica os seus dados pessoais ao respons\u00e1vel pelo tratamento de dados, uma vez que essa comunica\u00e7\u00e3o \u00e9 sempre volunt\u00e1ria e implica um ato expl\u00edcito de aceita\u00e7\u00e3o das condi\u00e7\u00f5es de tratamento dos seus dados pessoais para os fins informados pelo respons\u00e1vel pelo tratamento de dados. <\/p><p>Para efeitos do disposto no artigo 13.\u00ba do Regulamento (UE) 2016\/679 do Parlamento Europeu e do Conselho relativo \u00e0 prote\u00e7\u00e3o das pessoas singulares no que diz respeito ao tratamento de dados pessoais, e na Lei Org\u00e2nica 3\/2018, de 5 de dezembro, relativa \u00e0 prote\u00e7\u00e3o dos dados pessoais e \u00e0 garantia dos direitos digitais, s\u00e3o fornecidas informa\u00e7\u00f5es claras e transparentes sobre os dados do RESPONS\u00c1VEL PELO TRATAMENTO.<\/p><p> <\/p><p><b>1\u00ba.<\/b> <b>QUEM PROCESSA OS TEUS DADOS?<\/b><\/p><p>Titular: MUEBLES ORTS, S.L.<\/p><p>C.I.F.: B03821881<\/p><p>Sede social: Pol. In. 1 Avda. de Alemania, 11- Ap. de Correos 77 <\/p><p>C\u00f3digo Postal: 03420 CASTALLA (Alicante)<\/p><p>Telefone: +34 966560007<\/p><p>Fax: +34 966560541<\/p><p>E-Mail: <a href=\"mailto:info@mueblesorts.com\">info@mueblesorts.com<\/a>   <\/p><p>S\u00edtio Web: <a href=\"http:\/\/www.mueblesorts.com\/\">http:\/\/www.mueblesorts.com<\/a>    <\/p><p>O RESPONS\u00c1VEL PELO TRATAMENTO adoptou as medidas de seguran\u00e7a adequadas nas suas instala\u00e7\u00f5es, sistemas e tratamento. Estabeleceu todos os meios t\u00e9cnicos ao seu alcance para evitar a perda, a utiliza\u00e7\u00e3o abusiva, a altera\u00e7\u00e3o, o acesso n\u00e3o autorizado e o roubo dos dados fornecidos pela pessoa em causa, garantindo assim a sua integridade e confidencialidade. <\/p><p>O n\u00e3o fornecimento dos dados pessoais solicitados ou a n\u00e3o aceita\u00e7\u00e3o da presente pol\u00edtica de prote\u00e7\u00e3o de dados implica a impossibilidade de realizar os servi\u00e7os solicitados pelo INTERESSADO.<\/p><p>Os dados fornecidos pelo Utilizador ser\u00e3o conservados enquanto existir um interesse m\u00fatuo em manter a finalidade do tratamento e durante o per\u00edodo de tempo em que possam surgir responsabilidades legais decorrentes dos servi\u00e7os prestados. Quando deixarem de ser necess\u00e1rios para esta finalidade, ser\u00e3o apagados com medidas de seguran\u00e7a adequadas para garantir a pseudo-anonimiza\u00e7\u00e3o dos dados ou a sua destrui\u00e7\u00e3o total. <\/p><p> <\/p><p><strong>2\u00ba &#8211; QUE DADOS PESSOAIS TRATAMOS E COMO OS OBTIVEMOS?<\/strong><\/p><p>Os dados pessoais que tratamos foram fornecidos pela parte interessada ao preencher os formul\u00e1rios de contacto e\/ou de pedido de or\u00e7amento no s\u00edtio Web da empresa, ou atrav\u00e9s do n\u00famero de telefone e\/ou da conta de correio eletr\u00f3nico na parte inferior da p\u00e1gina principal.<\/p><p>&#8211; Dados de identifica\u00e7\u00e3o (nome e apelido, e-mail, n\u00famero de telefone de contacto, endere\u00e7o completo)<\/p><p>&#8211; Dados transaccionais.<\/p><p>\u00c9 da responsabilidade do interessado garantir a veracidade e exatid\u00e3o dos dados fornecidos e comunicar quaisquer altera\u00e7\u00f5es que possam ocorrer, a fim de permitir a sua atualiza\u00e7\u00e3o.<\/p><h3> <\/h3><p><strong>3\u00ba- PARA QUE FINALIDADE TRATAMOS OS TEUS DADOS?<\/strong><\/p><p>Processamos os teus dados para os seguintes fins:<\/p><p>&#8211; Presta\u00e7\u00e3o dos servi\u00e7os solicitados: tratamos os teus dados pessoais com o objetivo de te prestar os servi\u00e7os solicitados e contratados. No caso de existirem utilizadores registados, este tratamento ser\u00e1 efectuado para a gest\u00e3o de todas as intera\u00e7\u00f5es com os mesmos. <\/p><p>&#8211; Envio de e-mails: responder aos teus pedidos de informa\u00e7\u00e3o, contrata\u00e7\u00e3o de servi\u00e7os. Tratar as reclama\u00e7\u00f5es ou sugest\u00f5es recebidas em fun\u00e7\u00e3o da encomenda ou da reserva efectuada. <\/p><p>&#8211; Envio de comunica\u00e7\u00f5es comerciais por qualquer meio, seja ele eletr\u00f3nico (WhatsApp, e-mail, SMS, MMS, etc.) ou n\u00e3o eletr\u00f3nico (correio normal, etc.), desde que a finalidade seja a manuten\u00e7\u00e3o da rela\u00e7\u00e3o existente entre o Utilizador e o RESPONS\u00c1VEL PELO PROCESSAMENTO, bem como a realiza\u00e7\u00e3o de tarefas de informa\u00e7\u00e3o e outras actividades relacionadas com os servi\u00e7os prestados.<\/p><p> <\/p><p><strong>4\u00ba- DURANTE QUANTO TEMPO TRATAMOS OS TEUS DADOS?<\/strong><\/p><p>Conservamos os dados pessoais fornecidos durante o tempo necess\u00e1rio para a realiza\u00e7\u00e3o das finalidades para as quais foram recolhidos, bem como durante o per\u00edodo legal em que pode ser exigida qualquer responsabilidade.<\/p><p>&#8211; Presta\u00e7\u00e3o dos servi\u00e7os solicitados: os dados pessoais fornecidos ser\u00e3o conservados enquanto n\u00e3o solicitares a sua elimina\u00e7\u00e3o ou cancelamento e desde que sejam adequados, pertinentes e limitados ao necess\u00e1rio para as finalidades para as quais s\u00e3o tratados.<\/p><p>&#8211; Envio de mensagens de correio eletr\u00f3nico: os dados pessoais ser\u00e3o conservados durante o tempo adequado a cada caso, de acordo com crit\u00e9rios profissionais e legais.<\/p><p>&#8211; Envio de comunica\u00e7\u00f5es comerciais ou publica\u00e7\u00e3o de imagens: os dados pessoais fornecidos ser\u00e3o conservados enquanto n\u00e3o solicitares a sua supress\u00e3o ou cancelamento.<\/p><h3> <\/h3><p><strong>5\u00ba &#8211; QUAL A LEGITIMIDADE PARA O TRATAMENTO DOS TEUS DADOS?<\/strong><\/p><p>&#8211; Presta\u00e7\u00e3o de servi\u00e7os solicitados: parte da rela\u00e7\u00e3o contratual com o cliente<\/p><p>&#8211; Envio de mensagens de correio eletr\u00f3nico: o consentimento do utilizador ao solicitar-nos informa\u00e7\u00f5es atrav\u00e9s do endere\u00e7o de correio eletr\u00f3nico.<\/p><p>&#8211; Envio de comunica\u00e7\u00f5es comerciais ou publica\u00e7\u00e3o de imagens: consentimento expresso do interessado, assinalando a caixa de aceita\u00e7\u00e3o da nossa pol\u00edtica de privacidade.<\/p><p><b> <\/b><\/p><p><b>6\u00ba-TRANSFER\u00caNCIAS DOS DADOS PESSOAIS DO UTILIZADOR A TERCEIROS.<\/b><\/p><p>O RESPONS\u00c1VEL PELO TRATAMENTO n\u00e3o ceder\u00e1 nem comunicar\u00e1 os teus dados a terceiros, exceto nos casos previstos na lei e com o consentimento pr\u00e9vio do titular dos dados, ou quando a presta\u00e7\u00e3o de um servi\u00e7o implique a necessidade de uma rela\u00e7\u00e3o contratual com um Respons\u00e1vel pelo Tratamento.<\/p><p>Assim, o Titular dos Dados aceita que alguns dos dados pessoais recolhidos possam ser fornecidos a Subcontratantes, quando necess\u00e1rios para a efectiva presta\u00e7\u00e3o de um servi\u00e7o contratado ou aquisi\u00e7\u00e3o de um produto. O Utilizador aceita ainda que, em caso de presta\u00e7\u00e3o de servi\u00e7os, estes possam ser, no todo ou em parte, subcontratados a outras pessoas ou empresas, que ser\u00e3o consideradas Subcontratantes, com as quais tenha sido celebrado o correspondente contrato de confidencialidade, ou aderido \u00e0s suas pol\u00edticas de privacidade, estabelecidas nos respectivos sites. O Utilizador pode recusar a transfer\u00eancia dos seus dados para os Subcontratantes, mediante pedido escrito, por qualquer dos meios anteriormente referidos no ponto 9 da presente Pol\u00edtica de Privacidade.  <\/p><p>Al\u00e9m disso, nos casos em que seja necess\u00e1rio, os dados dos nossos clientes podem ser transferidos para determinados organismos, em cumprimento de uma obriga\u00e7\u00e3o legal: Ag\u00eancia Tribut\u00e1ria Espanhola, institui\u00e7\u00f5es banc\u00e1rias, etc&#8230;<\/p><p><b> <\/b><\/p><p><b>7\u00ba- TRANSFER\u00caNCIAS INTERNACIONAIS DE DADOS<\/b><\/p><p>Podemos utilizar as redes sociais como meio de comunica\u00e7\u00e3o e promo\u00e7\u00e3o dos nossos servi\u00e7os. N\u00e3o utilizamos os dados para fins n\u00e3o permitidos. N\u00e3o somos respons\u00e1veis pelos conte\u00fados, coment\u00e1rios, opini\u00f5es ou informa\u00e7\u00f5es, pr\u00f3prios ou de terceiros, que os utilizadores publicam nas nossas contas do Facebook e do Instagram. As redes sociais t\u00eam as suas pr\u00f3prias pol\u00edticas de privacidade, pelo que recomendamos que as verifiques cuidadosamente antes de as utilizares. Podes encontrar mais informa\u00e7\u00f5es nos seguintes endere\u00e7os:    <\/p><p><a href=\"https:\/\/es-es.facebook.com\/privacy\/explanation\" target=\"_blank\" rel=\"noopener\">https:\/\/es-es.facebook.com\/privacy\/explanation<\/a><\/p><p><a href=\"https:\/\/www.instagram.com\/terms\/accept\/?hl=es\" target=\"_blank\" rel=\"noopener\">https:\/\/www.instagram.com\/terms\/accept\/?hl=es<\/a><\/p><p><b> <\/b><\/p><p><b>8\u00aa &#8211; MENORES<\/b><\/p><p>Os menores de idade devem abster-se de fornecer quaisquer dados atrav\u00e9s do nosso s\u00edtio Web institucional. Em qualquer caso, o RESPONS\u00c1VEL PELO TRATAMENTO n\u00e3o se responsabiliza pela veracidade e exatid\u00e3o dos dados preenchidos pelo Utilizador e, por conseguinte, n\u00e3o pode determinar a idade do mesmo. <\/p><p><b> <\/b><\/p><p><b>9\u00ba &#8211; EXERC\u00cdCIO DOS DIREITOS DE ACESSO, RECTIFICA\u00c7\u00c3O, CANCELAMENTO OU SUPRESS\u00c3O, OPOSI\u00c7\u00c3O, LIMITA\u00c7\u00c3O DO TRATAMENTO E PORTABILIDADE.<\/b><\/p><p>Informamos-te de que os direitos de acesso, retifica\u00e7\u00e3o, supress\u00e3o, limita\u00e7\u00e3o do tratamento ou oposi\u00e7\u00e3o ao tratamento, assim como o direito \u00e0 portabilidade dos dados, podem ser exercidos perante o RESPONS\u00c1VEL DO TRATAMENTO por qualquer meio previsto na lei, acompanhados de uma c\u00f3pia de um documento oficial que te identifique, escrevendo para: MUEBLES ORTS, S.L. com endere\u00e7o postal em Pol. In. 1 Avda. de Alemania, 11- Ap. de Correos 77- C.P.: 03420 CASTALLA (Alicante), ou enviando um e-mail para info@mueblesorts.com, indicando no assunto: DIREITOS DE PROTEC\u00c7\u00c3O DE DADOS, e anexando uma fotoc\u00f3pia do teu BI. Se consideras que o tratamento n\u00e3o cumpre a normativa vigente, podes apresentar uma reclama\u00e7\u00e3o \u00e0 autoridade de controlo em <a href=\"http:\/\/agpd.es\/\" target=\"_blank\" rel=\"noopener\">agpd.es<\/a>.  <\/p><p>O pedido deve conter o nome e o apelido do INTERESSADO, uma c\u00f3pia do DNI\/NIF e, nos casos em que for admitido, da pessoa que o representa, bem como um documento comprovativo da representa\u00e7\u00e3o, o pedido em que o pedido \u00e9 apresentado, o endere\u00e7o para efeitos de notifica\u00e7\u00f5es, a data e a assinatura do requerente e os documentos comprovativos do pedido que apresenta. Se o pedido n\u00e3o cumprir os requisitos especificados, ser-lhe-\u00e1 solicitada uma corre\u00e7\u00e3o. No que respeita ao direito de acesso, este s\u00f3 ser\u00e1 recusado quando o pedido for apresentado por uma pessoa diferente do interessado. N\u00e3o \u00e9 exigida qualquer taxa para o exerc\u00edcio dos direitos.   <\/p><p>Se o consentimento tiver sido dado para uma finalidade espec\u00edfica, o direito de o retirar pode ser exercido em qualquer altura, sem afetar a legalidade do tratamento efectuado com base no consentimento anterior \u00e0 sua retirada.<\/p><p>O Titular dos Dados \u00e9 informado do direito de apresentar uma reclama\u00e7\u00e3o perante a Ag\u00eancia Espanhola de Prote\u00e7\u00e3o de Dados (AEPD) e\/ou solicitar a sua prote\u00e7\u00e3o, em particular, quando considere que n\u00e3o obteve satisfa\u00e7\u00e3o por parte do Respons\u00e1vel pelo Tratamento, no exerc\u00edcio dos seus direitos, atrav\u00e9s da sede eletr\u00f3nica do seu portal web<a href=\"file:\/\/\/C:\/F-J\/FRANCISCO%20HERNANDEZ\/Fco.%20Hernandez%20RGPD\/Fco.Hernadez.docs\/www.agpd.es\">(www.agpd.es)<\/a>, ou por escrito para o seu endere\u00e7o postal (C\/ Jorge Juan, 6, 28001-Madrid).<\/p><p>O Titular dos Dados declara ter sido informado das condi\u00e7\u00f5es de Prote\u00e7\u00e3o de Dados Pessoais nos termos estabelecidos no artigo 13\u00ba do Regulamento (UE) 2016\/679 do Parlamento Europeu e do Conselho relativo \u00e0 prote\u00e7\u00e3o das pessoas singulares no que diz respeito ao tratamento de dados pessoais, dando o seu consentimento para o tratamento dos seus dados pessoais em rela\u00e7\u00e3o \u00e0s finalidades acima descritas, na forma e para os fins indicados na presente Pol\u00edtica de Privacidade.<\/p><p>O RESPONS\u00c1VEL PELO TRATAMENTO reserva-se o direito de modificar a sua pol\u00edtica de prote\u00e7\u00e3o de dados de acordo com os seus crit\u00e9rios, ou devido a uma altera\u00e7\u00e3o da legisla\u00e7\u00e3o, da jurisprud\u00eancia ou da pr\u00e1tica comercial.<\/p><p>Se o RESPONS\u00c1VEL pelo tratamento incluir alguma altera\u00e7\u00e3o, o novo texto ser\u00e1 publicado neste s\u00edtio Web, onde a pessoa em causa ser\u00e1 informada da pol\u00edtica de prote\u00e7\u00e3o de dados em vigor.<\/p><p> <\/p><p><b>10\u00ba- \u00c1REA WEB PRIVADA<\/b><\/p><p>Para aceder \u00e0 \u00e1rea privada do s\u00edtio Web, o cliente receber\u00e1 um nome de utilizador e uma palavra-passe. O cliente compromete-se a guardar o seu nome de utilizador e a sua palavra-passe num local seguro e a utiliz\u00e1-los de forma confidencial, sendo respons\u00e1vel por quaisquer actividades que sejam realizadas de forma fraudulenta com o seu nome de utilizador e a sua palavra-passe. \u00c9 da tua responsabilidade informar imediatamente a EMPRESA da possibilidade de qualquer utiliza\u00e7\u00e3o n\u00e3o autorizada do teu nome de utilizador e palavra-passe, perda ou extravio.  <\/p>\t\t\t\t\t\t\t\t<\/div>\n\t\t\t\t<\/div>\n\t\t\t\t\t<\/div>\n\t\t\t\t<\/div>\n\t\t\t\t<\/div>\n\t\t","protected":false},"excerpt":{"rendered":"<p>Privacidade POL\u00cdTICA DE PRIVACIDADE DE DADOS A presente pol\u00edtica de privacidade estabelece a forma como os dados pessoais fornecidos pelo [&hellip;]<\/p>\n","protected":false},"author":1,"featured_media":0,"parent":0,"menu_order":0,"comment_status":"closed","ping_status":"closed","template":"","meta":{"_angie_page":false,"site-sidebar-layout":"no-sidebar","site-content-layout":"","ast-site-content-layout":"full-width-container","site-content-style":"default","site-sidebar-style":"default","ast-global-header-display":"","ast-banner-title-visibility":"","ast-main-header-display":"","ast-hfb-above-header-display":"","ast-hfb-below-header-display":"","ast-hfb-mobile-header-display":"","site-post-title":"disabled","ast-breadcrumbs-content":"","ast-featured-img":"disabled","footer-sml-layout":"","theme-transparent-header-meta":"","adv-header-id-meta":"","stick-header-meta":"","header-above-stick-meta":"","header-main-stick-meta":"","header-below-stick-meta":"","astra-migrate-meta-layouts":"default","ast-page-background-enabled":"default","ast-page-background-meta":{"desktop":{"background-color":"var(--ast-global-color-4)","background-image":"","background-repeat":"repeat","background-position":"center center","background-size":"auto","background-attachment":"scroll","background-type":"","background-media":"","overlay-type":"","overlay-color":"","overlay-opacity":"","overlay-gradient":""},"tablet":{"background-color":"","background-image":"","background-repeat":"repeat","background-position":"center center","background-size":"auto","background-attachment":"scroll","background-type":"","background-media":"","overlay-type":"","overlay-color":"","overlay-opacity":"","overlay-gradient":""},"mobile":{"background-color":"","background-image":"","background-repeat":"repeat","background-position":"center center","background-size":"auto","background-attachment":"scroll","background-type":"","background-media":"","overlay-type":"","overlay-color":"","overlay-opacity":"","overlay-gradient":""}},"ast-content-background-meta":{"desktop":{"background-color":"var(--ast-global-color-5)","background-image":"","background-repeat":"repeat","background-position":"center center","background-size":"auto","background-attachment":"scroll","background-type":"","background-media":"","overlay-type":"","overlay-color":"","overlay-opacity":"","overlay-gradient":""},"tablet":{"background-color":"var(--ast-global-color-5)","background-image":"","background-repeat":"repeat","background-position":"center center","background-size":"auto","background-attachment":"scroll","background-type":"","background-media":"","overlay-type":"","overlay-color":"","overlay-opacity":"","overlay-gradient":""},"mobile":{"background-color":"var(--ast-global-color-5)","background-image":"","background-repeat":"repeat","background-position":"center center","background-size":"auto","background-attachment":"scroll","background-type":"","background-media":"","overlay-type":"","overlay-color":"","overlay-opacity":"","overlay-gradient":""}},"footnotes":""},"class_list":["post-4364","page","type-page","status-publish","hentry"],"_links":{"self":[{"href":"https:\/\/mueblesorts.com\/pt-pt\/wp-json\/wp\/v2\/pages\/4364","targetHints":{"allow":["GET"]}}],"collection":[{"href":"https:\/\/mueblesorts.com\/pt-pt\/wp-json\/wp\/v2\/pages"}],"about":[{"href":"https:\/\/mueblesorts.com\/pt-pt\/wp-json\/wp\/v2\/types\/page"}],"author":[{"embeddable":true,"href":"https:\/\/mueblesorts.com\/pt-pt\/wp-json\/wp\/v2\/users\/1"}],"replies":[{"embeddable":true,"href":"https:\/\/mueblesorts.com\/pt-pt\/wp-json\/wp\/v2\/comments?post=4364"}],"version-history":[{"count":1,"href":"https:\/\/mueblesorts.com\/pt-pt\/wp-json\/wp\/v2\/pages\/4364\/revisions"}],"predecessor-version":[{"id":4366,"href":"https:\/\/mueblesorts.com\/pt-pt\/wp-json\/wp\/v2\/pages\/4364\/revisions\/4366"}],"wp:attachment":[{"href":"https:\/\/mueblesorts.com\/pt-pt\/wp-json\/wp\/v2\/media?parent=4364"}],"curies":[{"name":"wp","href":"https:\/\/api.w.org\/{rel}","templated":true}]}}