{"id":4351,"date":"2025-09-04T07:51:13","date_gmt":"2025-09-04T05:51:13","guid":{"rendered":"https:\/\/mueblesorts.com\/cookies\/"},"modified":"2025-10-24T13:35:52","modified_gmt":"2025-10-24T11:35:52","slug":"cookies","status":"publish","type":"page","link":"https:\/\/mueblesorts.com\/pt-pt\/cookies\/","title":{"rendered":"Cookies"},"content":{"rendered":"\t\t<div data-elementor-type=\"wp-page\" data-elementor-id=\"4351\" class=\"elementor elementor-4351 elementor-3922\" data-elementor-post-type=\"page\">\n\t\t\t\t<div class=\"elementor-element elementor-element-82cdc39 e-flex e-con-boxed e-con e-parent\" data-id=\"82cdc39\" data-element_type=\"container\" data-e-type=\"container\" data-settings=\"{&quot;background_background&quot;:&quot;classic&quot;}\">\n\t\t\t\t\t<div class=\"e-con-inner\">\n\t\t<div class=\"elementor-element elementor-element-992bb46 e-con-full e-flex e-con e-child\" data-id=\"992bb46\" data-element_type=\"container\" data-e-type=\"container\">\n\t\t\t\t<div class=\"elementor-element elementor-element-undefined-b013048 elementor-widget elementor-widget-heading\" data-id=\"undefined-b013048\" data-element_type=\"widget\" data-e-type=\"widget\" data-widget_type=\"heading.default\">\n\t\t\t\t<div class=\"elementor-widget-container\">\n\t\t\t\t\t<h1 class=\"elementor-heading-title elementor-size-default\">Cookies<\/h1>\t\t\t\t<\/div>\n\t\t\t\t<\/div>\n\t\t\t\t<\/div>\n\t\t\t\t\t<\/div>\n\t\t\t\t<\/div>\n\t\t<div class=\"elementor-element elementor-element-0203568 e-flex e-con-boxed e-con e-parent\" data-id=\"0203568\" data-element_type=\"container\" data-e-type=\"container\">\n\t\t\t\t\t<div class=\"e-con-inner\">\n\t\t\t\t<div class=\"elementor-element elementor-element-914db0a elementor-widget elementor-widget-text-editor\" data-id=\"914db0a\" data-element_type=\"widget\" data-e-type=\"widget\" data-widget_type=\"text-editor.default\">\n\t\t\t\t<div class=\"elementor-widget-container\">\n\t\t\t\t\t\t\t\t\t<h5 class=\"lahom titulo\">Pol\u00edtica de cookies<\/h5><div id=\"texto\"><h5 align=\"justify\">O QUE S\u00c3O BOLACHAS?<\/h5><p align=\"justify\">Um cookie \u00e9 um ficheiro que \u00e9 descarregado para o disco r\u00edgido do teu computador quando acedes a determinados sites ou aplica\u00e7\u00f5es. Os cookies permitem, entre outras coisas, recolher informa\u00e7\u00f5es estat\u00edsticas, facilitar certas funcionalidades t\u00e9cnicas, armazenar e recuperar informa\u00e7\u00f5es sobre os h\u00e1bitos de navega\u00e7\u00e3o ou as prefer\u00eancias de um utilizador ou do seu equipamento e, em fun\u00e7\u00e3o das informa\u00e7\u00f5es que cont\u00eam e da forma como utiliza o seu computador, podem ser utilizados para reconhecer o utilizador. \u00c9 de salientar que os cookies n\u00e3o podem danificar o teu computador e que, em contrapartida, o facto de estarem activados ajuda-nos a identificar e a resolver poss\u00edveis erros.  <\/p><p align=\"justify\">Existem v\u00e1rios tipos de cookies:<\/p><p align=\"justify\">Cookies pr\u00f3prios ou de terceiros: s\u00e3o pr\u00f3prios quando os cookies s\u00e3o geridos a partir do terminal ou dom\u00ednio do mesmo editor. De terceiros, quando n\u00e3o s\u00e3o enviados pelo pr\u00f3prio editor, mas por outra entidade. <\/p><p align=\"justify\">Cookies de sess\u00e3o e persistentes: nos cookies de sess\u00e3o, os dados recolhidos s\u00f3 s\u00e3o recolhidos enquanto o utilizador est\u00e1 a navegar no s\u00edtio Web. No caso dos cookies persistentes, os dados continuam a ser armazenados no terminal e podem ser acedidos durante um determinado per\u00edodo de tempo. <\/p><p align=\"justify\">Cookies t\u00e9cnicos\/personaliza\u00e7\u00e3o\/an\u00e1lise\/publicidade: os cookies t\u00e9cnicos seriam aqueles que permitem o controlo do tr\u00e1fego e a comunica\u00e7\u00e3o de dados; os cookies de personaliza\u00e7\u00e3o s\u00e3o aqueles que permitem o acesso dos utilizadores em fun\u00e7\u00e3o de determinadas carater\u00edsticas recolhidas (navegador, l\u00edngua, etc.). Os cookies anal\u00edticos recolhem dados sobre o comportamento dos utilizadores e permitem a elabora\u00e7\u00e3o de um perfil de utilizador. Por \u00faltimo, os cookies publicit\u00e1rios recolhem dados sobre a gest\u00e3o dos espa\u00e7os publicit\u00e1rios.  <\/p><p align=\"justify\">O nosso s\u00edtio apresenta conte\u00fados de fornecedores externos, como o Instagram, o YouTube, o Facebook, o Twitter, etc.<\/p><p align=\"justify\">Para aceder a conte\u00fados de terceiros, os utilizadores t\u00eam de aceitar previamente as condi\u00e7\u00f5es que estes terceiros aplicam (incluindo as suas pol\u00edticas de cookies, que est\u00e3o fora do nosso controlo). Se os utilizadores optarem por n\u00e3o aceder a esses conte\u00fados, esses cookies de terceiros n\u00e3o ser\u00e3o instalados nos seus dispositivos. <\/p><p align=\"justify\">Os servi\u00e7os de terceiros est\u00e3o fora do controlo de https:\/\/actualiagrupo.com. Os fornecedores podem modificar as suas condi\u00e7\u00f5es de servi\u00e7o, a finalidade e a utiliza\u00e7\u00e3o de cookies, etc. a qualquer momento.<\/p><p> <\/p><p align=\"justify\">O nosso s\u00edtio Web utiliza cookies. Os que s\u00e3o estritamente necess\u00e1rios s\u00e3o instalados automaticamente. Os que podem ser utilizados para personalizar conte\u00fados e an\u00fancios, fornecer funcionalidades de redes sociais e analisar o tr\u00e1fego s\u00e3o deixados \u00e0 tua escolha, marcando ou desmarcando as caixas \u00e0 medida que navegas no nosso s\u00edtio Web.  <\/p><p align=\"justify\">Os regulamentos estabelecem que podemos armazenar cookies no teu dispositivo se forem estritamente necess\u00e1rios para o funcionamento do s\u00edtio Web. Para todos os outros tipos de cookies, precisamos da tua autoriza\u00e7\u00e3o. <\/p><p> <\/p><h5 align=\"justify\">REVOGA\u00c7\u00c3O DA INSTALA\u00c7\u00c3O DE COOKIES<\/h5><p align=\"justify\">O utilizador poder\u00e1 decidir se quer manter os cookies activados no seu computador atrav\u00e9s do gestor de cookies ativado para o efeito.<\/p><p align=\"justify\"> <\/p><p align=\"justify\">Os utilizadores que desejem desativar os cookies aceites at\u00e9 agora podem faz\u00ea-lo a partir da sec\u00e7\u00e3o de prefer\u00eancias do seu navegador de Internet. Esta configura\u00e7\u00e3o deve ser feita em cada navegador, se o fizeres num navegador e n\u00e3o nos outros navegadores do mesmo dispositivo, ser\u00e1 assumido que nos outros aceitas o uso de cookies. <\/p><p align=\"justify\"> <\/p><p align=\"justify\">Como cada browser tem configura\u00e7\u00f5es diferentes, deves consultar a sec\u00e7\u00e3o de ajuda de cada um para veres o caso espec\u00edfico. Esta sec\u00e7\u00e3o menciona as mais comuns, embora, devido a actualiza\u00e7\u00f5es do browser ou ao sistema operativo que est\u00e1s a utilizar, isto possa variar. O melhor \u00e9 consultares sempre os manuais de utilizador do teu browser.  <\/p><p align=\"justify\"> <\/p><p align=\"justify\">Chrome: Vai a Menu &#8211; Defini\u00e7\u00f5es (no Mac: Prefer\u00eancias) &#8211; Defini\u00e7\u00f5es avan\u00e7adas &#8211; Privacidade &#8211; Aqui escolhe se quer definir cookies ou apagar os cookies existentes. Para mais informa\u00e7\u00f5es, podes visitar a ajuda do Chrome. <\/p><p align=\"justify\"> <\/p><p align=\"justify\">Internet Explorer: Vai a Ferramentas &#8211; Op\u00e7\u00f5es da Internet &#8211; Privacidade &#8211; Privacidade &#8211; Defini\u00e7\u00f5es &#8211; Op\u00e7\u00f5es avan\u00e7adas. Configura as defini\u00e7\u00f5es pretendidas. Para mais informa\u00e7\u00f5es, podes visitar a sec\u00e7\u00e3o de ajuda do pr\u00f3prio browser.  <\/p><p align=\"justify\"> <\/p><p align=\"justify\">Firefox: Vai a Menu &#8211; Prefer\u00eancias &#8211; Privacidade &#8211; Mostrar cookies &#8211; Configura como quiseres. Para mais informa\u00e7\u00f5es, podes visitar a sec\u00e7\u00e3o de ajuda do browser. <\/p><p align=\"justify\">Safari: Safari &#8211; Prefer\u00eancias &#8211; Privacidade &#8211; Efectua as defini\u00e7\u00f5es pretendidas. Para mais informa\u00e7\u00f5es, podes visitar a <a href=\"https:\/\/support.apple.com\/kb\/ph21411?locale=es_ES\" rel=\"noopener\">ajuda da Apple<\/a> <\/p><p> <\/p><p>Pol\u00edtica de cookies actualizada pela \u00faltima vez em 18.11.2020<\/p><\/div>\t\t\t\t\t\t\t\t<\/div>\n\t\t\t\t<\/div>\n\t\t\t\t\t<\/div>\n\t\t\t\t<\/div>\n\t\t\t\t<\/div>\n\t\t","protected":false},"excerpt":{"rendered":"<p>Cookies Pol\u00edtica de cookies O QUE S\u00c3O BOLACHAS? Um cookie \u00e9 um ficheiro que \u00e9 descarregado para o disco r\u00edgido [&hellip;]<\/p>\n","protected":false},"author":1,"featured_media":0,"parent":0,"menu_order":0,"comment_status":"closed","ping_status":"closed","template":"","meta":{"_angie_page":false,"site-sidebar-layout":"no-sidebar","site-content-layout":"","ast-site-content-layout":"full-width-container","site-content-style":"default","site-sidebar-style":"default","ast-global-header-display":"","ast-banner-title-visibility":"","ast-main-header-display":"","ast-hfb-above-header-display":"","ast-hfb-below-header-display":"","ast-hfb-mobile-header-display":"","site-post-title":"disabled","ast-breadcrumbs-content":"","ast-featured-img":"disabled","footer-sml-layout":"","theme-transparent-header-meta":"","adv-header-id-meta":"","stick-header-meta":"","header-above-stick-meta":"","header-main-stick-meta":"","header-below-stick-meta":"","astra-migrate-meta-layouts":"default","ast-page-background-enabled":"default","ast-page-background-meta":{"desktop":{"background-color":"var(--ast-global-color-4)","background-image":"","background-repeat":"repeat","background-position":"center center","background-size":"auto","background-attachment":"scroll","background-type":"","background-media":"","overlay-type":"","overlay-color":"","overlay-opacity":"","overlay-gradient":""},"tablet":{"background-color":"","background-image":"","background-repeat":"repeat","background-position":"center center","background-size":"auto","background-attachment":"scroll","background-type":"","background-media":"","overlay-type":"","overlay-color":"","overlay-opacity":"","overlay-gradient":""},"mobile":{"background-color":"","background-image":"","background-repeat":"repeat","background-position":"center center","background-size":"auto","background-attachment":"scroll","background-type":"","background-media":"","overlay-type":"","overlay-color":"","overlay-opacity":"","overlay-gradient":""}},"ast-content-background-meta":{"desktop":{"background-color":"var(--ast-global-color-5)","background-image":"","background-repeat":"repeat","background-position":"center center","background-size":"auto","background-attachment":"scroll","background-type":"","background-media":"","overlay-type":"","overlay-color":"","overlay-opacity":"","overlay-gradient":""},"tablet":{"background-color":"var(--ast-global-color-5)","background-image":"","background-repeat":"repeat","background-position":"center center","background-size":"auto","background-attachment":"scroll","background-type":"","background-media":"","overlay-type":"","overlay-color":"","overlay-opacity":"","overlay-gradient":""},"mobile":{"background-color":"var(--ast-global-color-5)","background-image":"","background-repeat":"repeat","background-position":"center center","background-size":"auto","background-attachment":"scroll","background-type":"","background-media":"","overlay-type":"","overlay-color":"","overlay-opacity":"","overlay-gradient":""}},"footnotes":""},"class_list":["post-4351","page","type-page","status-publish","hentry"],"_links":{"self":[{"href":"https:\/\/mueblesorts.com\/pt-pt\/wp-json\/wp\/v2\/pages\/4351","targetHints":{"allow":["GET"]}}],"collection":[{"href":"https:\/\/mueblesorts.com\/pt-pt\/wp-json\/wp\/v2\/pages"}],"about":[{"href":"https:\/\/mueblesorts.com\/pt-pt\/wp-json\/wp\/v2\/types\/page"}],"author":[{"embeddable":true,"href":"https:\/\/mueblesorts.com\/pt-pt\/wp-json\/wp\/v2\/users\/1"}],"replies":[{"embeddable":true,"href":"https:\/\/mueblesorts.com\/pt-pt\/wp-json\/wp\/v2\/comments?post=4351"}],"version-history":[{"count":1,"href":"https:\/\/mueblesorts.com\/pt-pt\/wp-json\/wp\/v2\/pages\/4351\/revisions"}],"predecessor-version":[{"id":4353,"href":"https:\/\/mueblesorts.com\/pt-pt\/wp-json\/wp\/v2\/pages\/4351\/revisions\/4353"}],"wp:attachment":[{"href":"https:\/\/mueblesorts.com\/pt-pt\/wp-json\/wp\/v2\/media?parent=4351"}],"curies":[{"name":"wp","href":"https:\/\/api.w.org\/{rel}","templated":true}]}}