{"id":5757,"date":"2025-10-01T06:34:28","date_gmt":"2025-10-01T04:34:28","guid":{"rendered":"https:\/\/mueblesorts.com\/senza-categoria\/sorriso-3\/"},"modified":"2025-10-01T06:34:28","modified_gmt":"2025-10-01T04:34:28","slug":"sorriso-3","status":"publish","type":"product","link":"https:\/\/mueblesorts.com\/it\/product-it\/camere-da-letto-per-ragazzi\/letti-a-scomparsa\/sorriso-3\/","title":{"rendered":"Sorriso 3"},"content":{"rendered":"<p data-start=\"662\" data-end=\"739\"><strong data-start=\"662\" data-end=\"737\">Letto a scomparsa con soluzioni intelligenti: un design che sfrutta al meglio ogni angolo e ogni dettaglio<\/strong><\/p>\n<p data-start=\"741\" data-end=\"1151\">Questa composizione letto a scomparsa \u00e8 pensata per chi cerca funzionalit\u00e0 e organizzazione senza rinunciare allo stile. Include un letto a scomparsa con 2 cassettoni di grande capacit\u00e0, perfetti per tenere in ordine la stanza. La sua copertura con riduzione si adatta al cassettone e un innovativo cassettone speciale con anta ti permette di risparmiare il radiatore, sfruttando al massimo lo spazio disponibile senza compromettere il comfort.  <\/p>\n<p data-start=\"1153\" data-end=\"1465\">La composizione si completa con un pratico scaffale libreria, un armadio a 2 ante con 2 cassetti che garantisce ordine e capacit\u00e0 di contenimento, uno specchio a figura intera che ingrandisce visivamente la stanza e una mensola con appendiabiti e illuminazione a LED che aggiunge funzionalit\u00e0 e un tocco moderno all&#8217;ambiente.<\/p>\n<p data-start=\"1467\" data-end=\"1500\"><strong data-start=\"1467\" data-end=\"1498\">Caratteristiche principali:<\/strong><\/p>\n<ul data-start=\"1501\" data-end=\"1822\">\n<li data-start=\"1501\" data-end=\"1546\">\n<p data-start=\"1503\" data-end=\"1546\">Letto a scomparsa con 2 stivali di grande capacit\u00e0.<\/p>\n<\/li>\n<li data-start=\"1547\" data-end=\"1586\">\n<p data-start=\"1549\" data-end=\"1586\">Sovracoperta con riduzione per il petto.<\/p>\n<\/li>\n<li data-start=\"1587\" data-end=\"1647\">\n<p data-start=\"1589\" data-end=\"1647\">Cassapanca speciale con porta progettata per risparmiare il radiatore.<\/p>\n<\/li>\n<li data-start=\"1648\" data-end=\"1697\">\n<p data-start=\"1650\" data-end=\"1697\">Scaffale libreria per una maggiore organizzazione.<\/p>\n<\/li>\n<li data-start=\"1698\" data-end=\"1737\">\n<p data-start=\"1700\" data-end=\"1737\">Armadio a 2 ante con 2 cassetti.<\/p>\n<\/li>\n<li data-start=\"1738\" data-end=\"1766\">\n<p data-start=\"1740\" data-end=\"1766\">Specchio a figura intera.<\/p>\n<\/li>\n<li data-start=\"1767\" data-end=\"1822\">\n<p data-start=\"1769\" data-end=\"1822\">Scaffale con ganci e illuminazione LED integrata.<\/p>\n<\/li>\n<\/ul>\n<p data-start=\"1824\" data-end=\"1841\"><strong data-start=\"1824\" data-end=\"1839\">Vantaggi:<\/strong><\/p>\n<ul data-start=\"1842\" data-end=\"2061\">\n<li data-start=\"1842\" data-end=\"1902\">\n<p data-start=\"1844\" data-end=\"1902\">Soluzioni di archiviazione adatte a spazi ridotti.<\/p>\n<\/li>\n<li data-start=\"1903\" data-end=\"1954\">\n<p data-start=\"1905\" data-end=\"1954\">Un design intelligente per sfruttare al meglio ogni angolo.<\/p>\n<\/li>\n<li data-start=\"1955\" data-end=\"2001\">\n<p data-start=\"1957\" data-end=\"2001\">Composizione pratica, funzionale e moderna.<\/p>\n<\/li>\n<li data-start=\"2002\" data-end=\"2061\">\n<p data-start=\"2004\" data-end=\"2061\">Organizzazione integrale con dettagli di comfort e stile.<\/p>\n<\/li>\n<\/ul>\n<p data-start=\"2063\" data-end=\"2242\">Questa composizione trasforma qualsiasi cameretta per ragazzi in uno spazio ordinato, luminoso e versatile, con un design progettato per adattarsi alle reali esigenze della vita quotidiana.<\/p>\n","protected":false},"excerpt":{"rendered":"<p>Il letto a scomparsa con 2 stivali \u00e8 una soluzione giovanile pratica e versatile che si distingue per il suo design intelligente. Include una copertura con riduzione per il cassettone, uno scaffale libreria e uno speciale cassettone con anta che ti permette di conservare il radiatore senza perdere spazio. Il set \u00e8 completato da un armadio a 2 ante e 2 cassetti, uno specchio a figura intera e una mensola con appendiabiti e illuminazione a LED, per portare funzionalit\u00e0, organizzazione e stile moderno nella camera da letto.  <\/p>\n","protected":false},"featured_media":4206,"template":"","meta":{"_angie_page":false,"site-sidebar-layout":"default","site-content-layout":"","ast-site-content-layout":"default","site-content-style":"default","site-sidebar-style":"default","ast-global-header-display":"","ast-banner-title-visibility":"","ast-main-header-display":"","ast-hfb-above-header-display":"","ast-hfb-below-header-display":"","ast-hfb-mobile-header-display":"","site-post-title":"","ast-breadcrumbs-content":"","ast-featured-img":"","footer-sml-layout":"","theme-transparent-header-meta":"default","adv-header-id-meta":"","stick-header-meta":"","header-above-stick-meta":"","header-main-stick-meta":"","header-below-stick-meta":"","astra-migrate-meta-layouts":"default","ast-page-background-enabled":"default","ast-page-background-meta":{"desktop":{"background-color":"var(--ast-global-color-4)","background-image":"","background-repeat":"repeat","background-position":"center center","background-size":"auto","background-attachment":"scroll","background-type":"","background-media":"","overlay-type":"","overlay-color":"","overlay-opacity":"","overlay-gradient":""},"tablet":{"background-color":"","background-image":"","background-repeat":"repeat","background-position":"center center","background-size":"auto","background-attachment":"scroll","background-type":"","background-media":"","overlay-type":"","overlay-color":"","overlay-opacity":"","overlay-gradient":""},"mobile":{"background-color":"","background-image":"","background-repeat":"repeat","background-position":"center center","background-size":"auto","background-attachment":"scroll","background-type":"","background-media":"","overlay-type":"","overlay-color":"","overlay-opacity":"","overlay-gradient":""}},"ast-content-background-meta":{"desktop":{"background-color":"var(--ast-global-color-5)","background-image":"","background-repeat":"repeat","background-position":"center center","background-size":"auto","background-attachment":"scroll","background-type":"","background-media":"","overlay-type":"","overlay-color":"","overlay-opacity":"","overlay-gradient":""},"tablet":{"background-color":"var(--ast-global-color-5)","background-image":"","background-repeat":"repeat","background-position":"center center","background-size":"auto","background-attachment":"scroll","background-type":"","background-media":"","overlay-type":"","overlay-color":"","overlay-opacity":"","overlay-gradient":""},"mobile":{"background-color":"var(--ast-global-color-5)","background-image":"","background-repeat":"repeat","background-position":"center center","background-size":"auto","background-attachment":"scroll","background-type":"","background-media":"","overlay-type":"","overlay-color":"","overlay-opacity":"","overlay-gradient":""}}},"product_brand":[],"product_cat":[377],"product_tag":[],"class_list":{"0":"post-5757","1":"product","2":"type-product","3":"status-publish","4":"has-post-thumbnail","6":"product_cat-letti-a-scomparsa","7":"desktop-align-left","8":"tablet-align-left","9":"mobile-align-left","11":"first","12":"instock","13":"shipping-taxable","14":"product-type-simple"},"_links":{"self":[{"href":"https:\/\/mueblesorts.com\/it\/wp-json\/wp\/v2\/product\/5757","targetHints":{"allow":["GET"]}}],"collection":[{"href":"https:\/\/mueblesorts.com\/it\/wp-json\/wp\/v2\/product"}],"about":[{"href":"https:\/\/mueblesorts.com\/it\/wp-json\/wp\/v2\/types\/product"}],"version-history":[{"count":0,"href":"https:\/\/mueblesorts.com\/it\/wp-json\/wp\/v2\/product\/5757\/revisions"}],"wp:featuredmedia":[{"embeddable":true,"href":"https:\/\/mueblesorts.com\/it\/wp-json\/wp\/v2\/media\/4206"}],"wp:attachment":[{"href":"https:\/\/mueblesorts.com\/it\/wp-json\/wp\/v2\/media?parent=5757"}],"wp:term":[{"taxonomy":"product_brand","embeddable":true,"href":"https:\/\/mueblesorts.com\/it\/wp-json\/wp\/v2\/product_brand?post=5757"},{"taxonomy":"product_cat","embeddable":true,"href":"https:\/\/mueblesorts.com\/it\/wp-json\/wp\/v2\/product_cat?post=5757"},{"taxonomy":"product_tag","embeddable":true,"href":"https:\/\/mueblesorts.com\/it\/wp-json\/wp\/v2\/product_tag?post=5757"}],"curies":[{"name":"wp","href":"https:\/\/api.w.org\/{rel}","templated":true}]}}