{"id":5604,"date":"2025-05-12T15:09:11","date_gmt":"2025-05-12T15:09:11","guid":{"rendered":"https:\/\/mueblesorts.com\/senza-categoria\/ari-cradle\/"},"modified":"2025-05-12T15:09:11","modified_gmt":"2025-05-12T13:09:11","slug":"ari-cradle","status":"publish","type":"product","link":"https:\/\/mueblesorts.com\/it\/product-it\/camere-da-letto-per-bambini\/culle-per-bambini\/ari-cradle\/","title":{"rendered":"Ari Cradle"},"content":{"rendered":"<p class=\"\" data-start=\"250\" data-end=\"539\">Il lettino Ari 120&#215;60 \u00e8 una proposta funzionale e versatile che unisce un design minimalista a soluzioni pratiche per l&#8217;uso quotidiano. Grazie al suo stile neutro e contemporaneo, si adatta facilmente a qualsiasi ambiente per bambini, dalle stanze moderne alle decorazioni pi\u00f9 classiche. <\/p>\n<p class=\"\" data-start=\"541\" data-end=\"917\">Realizzata con pannelli di particelle di alta qualit\u00e0 e guide in faggio massiccio con finitura a cera naturale o laccata in una gamma di colori accuratamente selezionati, la culla Ari offre un perfetto equilibrio tra calore estetico e resistenza. \u00c8 dotato di un pratico cassetto inferiore per riporre i vestiti o gli accessori della culla e di ruote con freno che permettono di spostarlo comodamente nella stanza. <\/p>\n<p class=\"\" data-start=\"919\" data-end=\"1250\">\u00c8 conforme allo standard di sicurezza europeo UNE-EN716-1\/2:2028+AC:2019 ed \u00e8 stato sviluppato secondo criteri di eco-design, con legno proveniente da fonti sostenibili. Il lettino Ari riflette l&#8217;impegno di Muebles Orts per la sicurezza dei bambini e il rispetto dell&#8217;ambiente, senza sacrificare il design o la funzionalit\u00e0. <\/p>\n<p class=\"\" data-start=\"1252\" data-end=\"1348\">Un lettino progettato per semplificare la vita quotidiana, per accompagnare il tuo bambino con stile e per prendersi cura del pianeta.<\/p>\n","protected":false},"excerpt":{"rendered":"<p class=\"\" data-start=\"202\" data-end=\"536\">Il lettino Ari 120\u00d760 \u00e8 la scelta ideale per chi cerca funzionalit\u00e0 e stile nel sonno del bambino. Il suo design minimalista si adatta facilmente a qualsiasi arredamento, mentre il pratico cassetto inferiore offre uno spazio extra per riporre la biancheria o gli accessori. Dotato di ruote per una facile mobilit\u00e0, si adatta comodamente alle esigenze di tutti i giorni. Realizzata con materiali sostenibili e legno certificato, \u00e8 conforme agli standard di sicurezza europei e rappresenta una scelta pratica ed esteticamente piacevole, all&#8217;insegna del benessere e del rispetto dell&#8217;ambiente.   <\/p>\n","protected":false},"featured_media":3652,"template":"","meta":{"_angie_page":false,"site-sidebar-layout":"default","site-content-layout":"","ast-site-content-layout":"default","site-content-style":"default","site-sidebar-style":"default","ast-global-header-display":"","ast-banner-title-visibility":"","ast-main-header-display":"","ast-hfb-above-header-display":"","ast-hfb-below-header-display":"","ast-hfb-mobile-header-display":"","site-post-title":"","ast-breadcrumbs-content":"","ast-featured-img":"","footer-sml-layout":"","theme-transparent-header-meta":"default","adv-header-id-meta":"","stick-header-meta":"","header-above-stick-meta":"","header-main-stick-meta":"","header-below-stick-meta":"","astra-migrate-meta-layouts":"default","ast-page-background-enabled":"default","ast-page-background-meta":{"desktop":{"background-color":"var(--ast-global-color-4)","background-image":"","background-repeat":"repeat","background-position":"center center","background-size":"auto","background-attachment":"scroll","background-type":"","background-media":"","overlay-type":"","overlay-color":"","overlay-opacity":"","overlay-gradient":""},"tablet":{"background-color":"","background-image":"","background-repeat":"repeat","background-position":"center center","background-size":"auto","background-attachment":"scroll","background-type":"","background-media":"","overlay-type":"","overlay-color":"","overlay-opacity":"","overlay-gradient":""},"mobile":{"background-color":"","background-image":"","background-repeat":"repeat","background-position":"center center","background-size":"auto","background-attachment":"scroll","background-type":"","background-media":"","overlay-type":"","overlay-color":"","overlay-opacity":"","overlay-gradient":""}},"ast-content-background-meta":{"desktop":{"background-color":"var(--ast-global-color-5)","background-image":"","background-repeat":"repeat","background-position":"center center","background-size":"auto","background-attachment":"scroll","background-type":"","background-media":"","overlay-type":"","overlay-color":"","overlay-opacity":"","overlay-gradient":""},"tablet":{"background-color":"var(--ast-global-color-5)","background-image":"","background-repeat":"repeat","background-position":"center center","background-size":"auto","background-attachment":"scroll","background-type":"","background-media":"","overlay-type":"","overlay-color":"","overlay-opacity":"","overlay-gradient":""},"mobile":{"background-color":"var(--ast-global-color-5)","background-image":"","background-repeat":"repeat","background-position":"center center","background-size":"auto","background-attachment":"scroll","background-type":"","background-media":"","overlay-type":"","overlay-color":"","overlay-opacity":"","overlay-gradient":""}}},"product_brand":[],"product_cat":[400],"product_tag":[],"class_list":{"0":"post-5604","1":"product","2":"type-product","3":"status-publish","4":"has-post-thumbnail","6":"product_cat-culle-per-bambini","7":"desktop-align-left","8":"tablet-align-left","9":"mobile-align-left","11":"first","12":"instock","13":"shipping-taxable","14":"product-type-simple"},"_links":{"self":[{"href":"https:\/\/mueblesorts.com\/it\/wp-json\/wp\/v2\/product\/5604","targetHints":{"allow":["GET"]}}],"collection":[{"href":"https:\/\/mueblesorts.com\/it\/wp-json\/wp\/v2\/product"}],"about":[{"href":"https:\/\/mueblesorts.com\/it\/wp-json\/wp\/v2\/types\/product"}],"version-history":[{"count":0,"href":"https:\/\/mueblesorts.com\/it\/wp-json\/wp\/v2\/product\/5604\/revisions"}],"wp:featuredmedia":[{"embeddable":true,"href":"https:\/\/mueblesorts.com\/it\/wp-json\/wp\/v2\/media\/3652"}],"wp:attachment":[{"href":"https:\/\/mueblesorts.com\/it\/wp-json\/wp\/v2\/media?parent=5604"}],"wp:term":[{"taxonomy":"product_brand","embeddable":true,"href":"https:\/\/mueblesorts.com\/it\/wp-json\/wp\/v2\/product_brand?post=5604"},{"taxonomy":"product_cat","embeddable":true,"href":"https:\/\/mueblesorts.com\/it\/wp-json\/wp\/v2\/product_cat?post=5604"},{"taxonomy":"product_tag","embeddable":true,"href":"https:\/\/mueblesorts.com\/it\/wp-json\/wp\/v2\/product_tag?post=5604"}],"curies":[{"name":"wp","href":"https:\/\/api.w.org\/{rel}","templated":true}]}}