{"id":5599,"date":"2025-05-13T04:33:03","date_gmt":"2025-05-13T04:33:03","guid":{"rendered":"https:\/\/mueblesorts.com\/senza-categoria\/lettino-bicama-convertibile\/"},"modified":"2025-05-13T04:33:03","modified_gmt":"2025-05-13T02:33:03","slug":"lettino-bicama-convertibile","status":"publish","type":"product","link":"https:\/\/mueblesorts.com\/it\/product-it\/camere-da-letto-per-bambini\/culle-convertibili\/lettino-bicama-convertibile\/","title":{"rendered":"Lettino Bicama convertibile"},"content":{"rendered":"<p class=\"\" data-start=\"177\" data-end=\"270\"><strong data-start=\"180\" data-end=\"270\">Culla trasformabile con letto a castello: design funzionale e sostenibile per il sonno del tuo bambino<\/strong><\/p>\n<p class=\"\" data-start=\"272\" data-end=\"598\">Il <strong data-start=\"275\" data-end=\"306\">lettino convertibile con letto a castello<\/strong> \u00e8 la scelta perfetta per i genitori che cercano <strong data-start=\"352\" data-end=\"369\">funzionalit\u00e0<\/strong>, <strong data-start=\"371\" data-end=\"381\">stile<\/strong> e <strong data-start=\"384\" data-end=\"397\">comfort<\/strong> per il sonno del loro bambino. Con un <strong data-start=\"432\" data-end=\"454\">design minimalista<\/strong> e senza tempo, questo lettino si adatta facilmente a qualsiasi tipo di arredamento, creando un&#8217;atmosfera tranquilla e accogliente nella cameretta. <\/p>\n<p class=\"\" data-start=\"600\" data-end=\"947\">Uno dei principali vantaggi di questo lettino \u00e8 il <strong data-start=\"651\" data-end=\"671\">letto a castello integrato<\/strong>, che offre un letto supplementare sotto il lettino per quando il bambino crescer\u00e0 o quando sar\u00e0 necessario un letto in pi\u00f9 per i visitatori. Questo rende il lettino una pratica soluzione a lungo termine, che consente di risparmiare spazio e di avere un mobile che cresce con le esigenze del bambino. <\/p>\n<p class=\"\" data-start=\"949\" data-end=\"1241\">Inoltre, il <strong data-start=\"960\" data-end=\"992\">cassetto inferiore<\/strong> \u00e8 ideale per riporre lenzuola, pannolini, giocattoli o altri accessori, in modo da mantenere la stanza organizzata e libera dal disordine. Le <strong data-start=\"1129\" data-end=\"1139\">ruote<\/strong> di alta qualit\u00e0 consentono di spostare facilmente il lettino, rendendolo ancora pi\u00f9 comodo per l&#8217;uso quotidiano. <\/p>\n<p class=\"\" data-start=\"1243\" data-end=\"1563\">Realizzato con <strong data-start=\"1257\" data-end=\"1283\">materiali sostenibili<\/strong> e <strong data-start=\"1286\" data-end=\"1308\">legno certificato<\/strong>, questo lettino \u00e8 conforme allo <strong data-start=\"1334\" data-end=\"1368\">standard di sicurezza europeo<\/strong> UNE-EN716-1\/2:2028+AC:2019, garantendo un ambiente sicuro e sano per il bambino. Il suo design non \u00e8 solo pratico ed estetico, ma si impegna anche a <strong data-start=\"1529\" data-end=\"1562\">rispettare l&#8217;ambiente<\/strong>. <\/p>\n<p class=\"\" data-start=\"1565\" data-end=\"1599\"><strong data-start=\"1568\" data-end=\"1598\">Caratteristiche principali<\/strong>:<\/p>\n<ul data-start=\"1600\" data-end=\"1914\">\n<li class=\"\" data-start=\"1600\" data-end=\"1687\">\n<p class=\"\" data-start=\"1602\" data-end=\"1687\"><strong data-start=\"1602\" data-end=\"1633\">Culla trasformabile con letto a castello<\/strong>: include un letto aggiuntivo per una maggiore funzionalit\u00e0.<\/p>\n<\/li>\n<li class=\"\" data-start=\"1688\" data-end=\"1750\">\n<p class=\"\" data-start=\"1690\" data-end=\"1750\"><strong data-start=\"1690\" data-end=\"1713\">Cassetto portaoggetti<\/strong> per biancheria da letto, accessori e altro ancora.<\/p>\n<\/li>\n<li class=\"\" data-start=\"1751\" data-end=\"1793\">\n<p class=\"\" data-start=\"1753\" data-end=\"1793\"><strong data-start=\"1753\" data-end=\"1763\">Ruote<\/strong> per facilitare gli spostamenti.<\/p>\n<\/li>\n<li class=\"\" data-start=\"1794\" data-end=\"1862\">\n<p class=\"\" data-start=\"1796\" data-end=\"1862\">Realizzato con <strong data-start=\"1810\" data-end=\"1836\">materiali sostenibili<\/strong> e <strong data-start=\"1839\" data-end=\"1861\">legno certificato<\/strong>.<\/p>\n<\/li>\n<li class=\"\" data-start=\"1863\" data-end=\"1914\">\n<p class=\"\" data-start=\"1865\" data-end=\"1914\">\u00c8 conforme alle norme <strong data-start=\"1879\" data-end=\"1913\">di sicurezza europee<\/strong>.<\/p>\n<\/li>\n<\/ul>\n<p class=\"\" data-start=\"1916\" data-end=\"1934\"><strong data-start=\"1919\" data-end=\"1933\">Vantaggi<\/strong>:<\/p>\n<ul data-start=\"1935\" data-end=\"2206\">\n<li class=\"\" data-start=\"1935\" data-end=\"2001\">\n<p class=\"\" data-start=\"1937\" data-end=\"2001\">Risparmia spazio e aumenta il comfort grazie al <strong data-start=\"1980\" data-end=\"1990\">letto a castello<\/strong> aggiuntivo.<\/p>\n<\/li>\n<li class=\"\" data-start=\"2002\" data-end=\"2062\">\n<p class=\"\" data-start=\"2004\" data-end=\"2062\">Adattabile alle diverse fasi di crescita del bambino.<\/p>\n<\/li>\n<li class=\"\" data-start=\"2063\" data-end=\"2129\">\n<p class=\"\" data-start=\"2065\" data-end=\"2129\">Uno stile versatile e senza tempo che si adatta a qualsiasi arredamento.<\/p>\n<\/li>\n<li class=\"\" data-start=\"2130\" data-end=\"2206\">\n<p class=\"\" data-start=\"2132\" data-end=\"2206\">Una soluzione di archiviazione aggiuntiva per tenere in ordine la stanza.<\/p>\n<\/li>\n<\/ul>\n<p class=\"\" data-start=\"2208\" data-end=\"2485\">Se stai cercando una <strong data-start=\"2222\" data-end=\"2253\">culla convertibile con letto a castello<\/strong> che offra <strong data-start=\"2266\" data-end=\"2279\">sicurezza<\/strong>, <strong data-start=\"2281\" data-end=\"2298\">funzionalit\u00e0<\/strong> e <strong data-start=\"2301\" data-end=\"2319\">sostenibilit\u00e0<\/strong>, questa \u00e8 la scelta perfetta per te. Rendi il sonno del tuo bambino confortevole, sicuro e pratico, e prenditi cura dell&#8217;ambiente con materiali responsabili! <\/p>\n","protected":false},"excerpt":{"rendered":"<p class=\"\" data-start=\"202\" data-end=\"536\">Il lettino <strong data-start=\"3\" data-end=\"30\">convertibile con letto a castello<\/strong> combina funzionalit\u00e0 e stile con un design moderno che si adatta a qualsiasi stanza. Il <strong data-start=\"123\" data-end=\"133\">letto a castello<\/strong> integrato offre un letto aggiuntivo, ideale per un bambino in crescita o per i visitatori. Include anche un <strong data-start=\"236\" data-end=\"254\">cassetto inferiore<\/strong> per riporre vestiti e accessori. Realizzato con <strong data-start=\"317\" data-end=\"339\">legno certificato<\/strong> e <strong data-start=\"342\" data-end=\"368\">materiali sostenibili<\/strong>, \u00e8 conforme agli standard di sicurezza europei e garantisce un ambiente sicuro ed ecologico. Perfetto per chi apprezza l&#8217;estetica e la praticit\u00e0.    <\/p>\n","protected":false},"featured_media":5601,"template":"","meta":{"_angie_page":false,"site-sidebar-layout":"default","site-content-layout":"","ast-site-content-layout":"default","site-content-style":"default","site-sidebar-style":"default","ast-global-header-display":"","ast-banner-title-visibility":"","ast-main-header-display":"","ast-hfb-above-header-display":"","ast-hfb-below-header-display":"","ast-hfb-mobile-header-display":"","site-post-title":"","ast-breadcrumbs-content":"","ast-featured-img":"","footer-sml-layout":"","theme-transparent-header-meta":"default","adv-header-id-meta":"","stick-header-meta":"","header-above-stick-meta":"","header-main-stick-meta":"","header-below-stick-meta":"","astra-migrate-meta-layouts":"default","ast-page-background-enabled":"default","ast-page-background-meta":{"desktop":{"background-color":"var(--ast-global-color-4)","background-image":"","background-repeat":"repeat","background-position":"center center","background-size":"auto","background-attachment":"scroll","background-type":"","background-media":"","overlay-type":"","overlay-color":"","overlay-opacity":"","overlay-gradient":""},"tablet":{"background-color":"","background-image":"","background-repeat":"repeat","background-position":"center center","background-size":"auto","background-attachment":"scroll","background-type":"","background-media":"","overlay-type":"","overlay-color":"","overlay-opacity":"","overlay-gradient":""},"mobile":{"background-color":"","background-image":"","background-repeat":"repeat","background-position":"center center","background-size":"auto","background-attachment":"scroll","background-type":"","background-media":"","overlay-type":"","overlay-color":"","overlay-opacity":"","overlay-gradient":""}},"ast-content-background-meta":{"desktop":{"background-color":"var(--ast-global-color-5)","background-image":"","background-repeat":"repeat","background-position":"center center","background-size":"auto","background-attachment":"scroll","background-type":"","background-media":"","overlay-type":"","overlay-color":"","overlay-opacity":"","overlay-gradient":""},"tablet":{"background-color":"var(--ast-global-color-5)","background-image":"","background-repeat":"repeat","background-position":"center center","background-size":"auto","background-attachment":"scroll","background-type":"","background-media":"","overlay-type":"","overlay-color":"","overlay-opacity":"","overlay-gradient":""},"mobile":{"background-color":"var(--ast-global-color-5)","background-image":"","background-repeat":"repeat","background-position":"center center","background-size":"auto","background-attachment":"scroll","background-type":"","background-media":"","overlay-type":"","overlay-color":"","overlay-opacity":"","overlay-gradient":""}}},"product_brand":[],"product_cat":[404],"product_tag":[],"class_list":{"0":"post-5599","1":"product","2":"type-product","3":"status-publish","4":"has-post-thumbnail","6":"product_cat-culle-convertibili","7":"desktop-align-left","8":"tablet-align-left","9":"mobile-align-left","11":"first","12":"instock","13":"shipping-taxable","14":"product-type-simple"},"_links":{"self":[{"href":"https:\/\/mueblesorts.com\/it\/wp-json\/wp\/v2\/product\/5599","targetHints":{"allow":["GET"]}}],"collection":[{"href":"https:\/\/mueblesorts.com\/it\/wp-json\/wp\/v2\/product"}],"about":[{"href":"https:\/\/mueblesorts.com\/it\/wp-json\/wp\/v2\/types\/product"}],"version-history":[{"count":0,"href":"https:\/\/mueblesorts.com\/it\/wp-json\/wp\/v2\/product\/5599\/revisions"}],"wp:featuredmedia":[{"embeddable":true,"href":"https:\/\/mueblesorts.com\/it\/wp-json\/wp\/v2\/media\/5601"}],"wp:attachment":[{"href":"https:\/\/mueblesorts.com\/it\/wp-json\/wp\/v2\/media?parent=5599"}],"wp:term":[{"taxonomy":"product_brand","embeddable":true,"href":"https:\/\/mueblesorts.com\/it\/wp-json\/wp\/v2\/product_brand?post=5599"},{"taxonomy":"product_cat","embeddable":true,"href":"https:\/\/mueblesorts.com\/it\/wp-json\/wp\/v2\/product_cat?post=5599"},{"taxonomy":"product_tag","embeddable":true,"href":"https:\/\/mueblesorts.com\/it\/wp-json\/wp\/v2\/product_tag?post=5599"}],"curies":[{"name":"wp","href":"https:\/\/api.w.org\/{rel}","templated":true}]}}