{"id":5484,"date":"2025-04-15T15:28:25","date_gmt":"2025-04-15T15:28:25","guid":{"rendered":"https:\/\/mueblesorts.com\/senza-categoria\/camera-04-crea-una-casa\/"},"modified":"2025-04-15T15:28:25","modified_gmt":"2025-04-15T13:28:25","slug":"camera-04-crea-una-casa","status":"publish","type":"product","link":"https:\/\/mueblesorts.com\/it\/product-it\/mobili-per-il-soggiorno\/camera-04-crea-una-casa\/","title":{"rendered":"Camera 04 Crea una casa"},"content":{"rendered":"","protected":false},"excerpt":{"rendered":"<p>Il <strong>soggiorno\/sala da pranzo<\/strong> \u00e8 uno degli spazi pi\u00f9 importanti di una casa. In molte occasioni \u00e8 il centro della vita di un&#8217;abitazione, il luogo in cui tutto ha inizio, dove si svolge la vita familiare; per questo motivo \u00e8 consigliabile, prima di fare qualsiasi cosa, scegliere i mobili e gli elementi che lo formeranno bene. <\/p>\n","protected":false},"featured_media":3379,"template":"","meta":{"_angie_page":false,"site-sidebar-layout":"default","site-content-layout":"","ast-site-content-layout":"default","site-content-style":"default","site-sidebar-style":"default","ast-global-header-display":"","ast-banner-title-visibility":"","ast-main-header-display":"","ast-hfb-above-header-display":"","ast-hfb-below-header-display":"","ast-hfb-mobile-header-display":"","site-post-title":"","ast-breadcrumbs-content":"","ast-featured-img":"","footer-sml-layout":"","theme-transparent-header-meta":"default","adv-header-id-meta":"","stick-header-meta":"","header-above-stick-meta":"","header-main-stick-meta":"","header-below-stick-meta":"","astra-migrate-meta-layouts":"default","ast-page-background-enabled":"default","ast-page-background-meta":{"desktop":{"background-color":"var(--ast-global-color-4)","background-image":"","background-repeat":"repeat","background-position":"center center","background-size":"auto","background-attachment":"scroll","background-type":"","background-media":"","overlay-type":"","overlay-color":"","overlay-opacity":"","overlay-gradient":""},"tablet":{"background-color":"","background-image":"","background-repeat":"repeat","background-position":"center center","background-size":"auto","background-attachment":"scroll","background-type":"","background-media":"","overlay-type":"","overlay-color":"","overlay-opacity":"","overlay-gradient":""},"mobile":{"background-color":"","background-image":"","background-repeat":"repeat","background-position":"center center","background-size":"auto","background-attachment":"scroll","background-type":"","background-media":"","overlay-type":"","overlay-color":"","overlay-opacity":"","overlay-gradient":""}},"ast-content-background-meta":{"desktop":{"background-color":"var(--ast-global-color-5)","background-image":"","background-repeat":"repeat","background-position":"center center","background-size":"auto","background-attachment":"scroll","background-type":"","background-media":"","overlay-type":"","overlay-color":"","overlay-opacity":"","overlay-gradient":""},"tablet":{"background-color":"var(--ast-global-color-5)","background-image":"","background-repeat":"repeat","background-position":"center center","background-size":"auto","background-attachment":"scroll","background-type":"","background-media":"","overlay-type":"","overlay-color":"","overlay-opacity":"","overlay-gradient":""},"mobile":{"background-color":"var(--ast-global-color-5)","background-image":"","background-repeat":"repeat","background-position":"center center","background-size":"auto","background-attachment":"scroll","background-type":"","background-media":"","overlay-type":"","overlay-color":"","overlay-opacity":"","overlay-gradient":""}}},"product_brand":[],"product_cat":[385,386],"product_tag":[],"class_list":{"0":"post-5484","1":"product","2":"type-product","3":"status-publish","4":"has-post-thumbnail","6":"product_cat-mobili-per-il-soggiorno","7":"product_cat-moduli-lounge","8":"desktop-align-left","9":"tablet-align-left","10":"mobile-align-left","12":"first","13":"instock","14":"shipping-taxable","15":"product-type-simple"},"_links":{"self":[{"href":"https:\/\/mueblesorts.com\/it\/wp-json\/wp\/v2\/product\/5484","targetHints":{"allow":["GET"]}}],"collection":[{"href":"https:\/\/mueblesorts.com\/it\/wp-json\/wp\/v2\/product"}],"about":[{"href":"https:\/\/mueblesorts.com\/it\/wp-json\/wp\/v2\/types\/product"}],"version-history":[{"count":0,"href":"https:\/\/mueblesorts.com\/it\/wp-json\/wp\/v2\/product\/5484\/revisions"}],"wp:featuredmedia":[{"embeddable":true,"href":"https:\/\/mueblesorts.com\/it\/wp-json\/wp\/v2\/media\/3379"}],"wp:attachment":[{"href":"https:\/\/mueblesorts.com\/it\/wp-json\/wp\/v2\/media?parent=5484"}],"wp:term":[{"taxonomy":"product_brand","embeddable":true,"href":"https:\/\/mueblesorts.com\/it\/wp-json\/wp\/v2\/product_brand?post=5484"},{"taxonomy":"product_cat","embeddable":true,"href":"https:\/\/mueblesorts.com\/it\/wp-json\/wp\/v2\/product_cat?post=5484"},{"taxonomy":"product_tag","embeddable":true,"href":"https:\/\/mueblesorts.com\/it\/wp-json\/wp\/v2\/product_tag?post=5484"}],"curies":[{"name":"wp","href":"https:\/\/api.w.org\/{rel}","templated":true}]}}