{"id":5032,"date":"2025-09-04T07:13:55","date_gmt":"2025-09-04T05:13:55","guid":{"rendered":"https:\/\/mueblesorts.com\/avvisi-legali\/"},"modified":"2025-10-24T13:47:03","modified_gmt":"2025-10-24T11:47:03","slug":"avvisi-legali","status":"publish","type":"page","link":"https:\/\/mueblesorts.com\/it\/avvisi-legali\/","title":{"rendered":"Avvisi legali"},"content":{"rendered":"\t\t<div data-elementor-type=\"wp-page\" data-elementor-id=\"5032\" class=\"elementor elementor-5032 elementor-3907\" data-elementor-post-type=\"page\">\n\t\t\t\t<div class=\"elementor-element elementor-element-82cdc39 e-flex e-con-boxed e-con e-parent\" data-id=\"82cdc39\" data-element_type=\"container\" data-e-type=\"container\" data-settings=\"{&quot;background_background&quot;:&quot;classic&quot;}\">\n\t\t\t\t\t<div class=\"e-con-inner\">\n\t\t<div class=\"elementor-element elementor-element-992bb46 e-con-full e-flex e-con e-child\" data-id=\"992bb46\" data-element_type=\"container\" data-e-type=\"container\">\n\t\t\t\t<div class=\"elementor-element elementor-element-undefined-b013048 elementor-widget elementor-widget-heading\" data-id=\"undefined-b013048\" data-element_type=\"widget\" data-e-type=\"widget\" data-widget_type=\"heading.default\">\n\t\t\t\t<div class=\"elementor-widget-container\">\n\t\t\t\t\t<h1 class=\"elementor-heading-title elementor-size-default\">Avvisi legali<\/h1>\t\t\t\t<\/div>\n\t\t\t\t<\/div>\n\t\t\t\t<\/div>\n\t\t\t\t\t<\/div>\n\t\t\t\t<\/div>\n\t\t<div class=\"elementor-element elementor-element-0203568 e-flex e-con-boxed e-con e-parent\" data-id=\"0203568\" data-element_type=\"container\" data-e-type=\"container\">\n\t\t\t\t\t<div class=\"e-con-inner\">\n\t\t\t\t<div class=\"elementor-element elementor-element-914db0a elementor-widget elementor-widget-text-editor\" data-id=\"914db0a\" data-element_type=\"widget\" data-e-type=\"widget\" data-widget_type=\"text-editor.default\">\n\t\t\t\t<div class=\"elementor-widget-container\">\n\t\t\t\t\t\t\t\t\t<p><strong>1. <\/strong><b><\/b><b>Avviso legale<\/b><\/p><p>In conformit\u00e0 con l&#8217;articolo 10 della Legge 34\/2002, dell&#8217;11 luglio, sui Servizi della Societ\u00e0 dell&#8217;Informazione e del Commercio Elettronico (LSSICE), i dati identificativi della societ\u00e0 sono riportati di seguito.<\/p><p>Proprietario: MUEBLES ORTS, S.L.<\/p><p>C.I.F.: B03821881<\/p><p>Sede legale: Pol. In. 1 Avda. de Alemania, 11- Ap. de Correos 77 <\/p><p>Codice postale: 03420 CASTALLA (Alicante)<\/p><p>Telefono: +34 966560007<\/p><p>Fax: +34 966560541<\/p><p>E-Mail: <a href=\"mailto:info@mueblesorts.com\">info@mueblesorts.com<\/a>   <\/p><p>Sito web: <a href=\"http:\/\/www.mueblesorts.com\/\">http:\/\/www.mueblesorts.com<\/a>     <\/p><p><b>Dati di registrazione:<\/b><\/p><p>MUEBLES ORTS, S.L. \u00e8 una societ\u00e0 mercantile iscritta nel Registro Mercantile di Alicante, Volume 1545, Folio 76, Pagina numero A-18649, 1a iscrizione, Data 4 febbraio 1993.<\/p><p>MUEBLES ORTS, S.L. \u00e8 il proprietario del nome di dominio e della pagina Internet a cui si pu\u00f2 accedere tramite l&#8217;indirizzo <a href=\"http:\/\/www.mueblesorts.com\/\">http:\/\/www.mueblesorts.com.<\/a>    <\/p><p> <\/p><p><b>2. Accettazione dei Termini d&#8217;uso<\/b><\/p><p>Lo scopo delle presenti condizioni (d&#8217;ora in poi denominate &#8220;Avviso Legale&#8221;) \u00e8 quello di regolare l&#8217;uso di questo sito web che MUEBLES ORTS, S.L. (d&#8217;ora in poi &#8220;LA SOCIET\u00c0&#8221;) mette a disposizione del pubblico a questo URL.<\/p><p>L&#8217;utilizzo del sito web da parte di terzi conferisce lo status di Utente e implica la piena accettazione da parte di tale Utente di tutte le condizioni incluse nel presente Avviso Legale.<\/p><p> <\/p><p><b>3. Condizioni di utilizzo del sito web<\/b><\/p><p>L&#8217;Utente si impegna a utilizzare il Sito Web in conformit\u00e0 alla Legge, al presente Avviso Legale e ad altri avvisi, regolamenti d&#8217;uso e istruzioni resi noti, nonch\u00e9 alla morale e ai buoni costumi generalmente accettati e all&#8217;ordine pubblico.<\/p><p>L&#8217;Utente si impegna a utilizzare i Contenuti in modo diligente, corretto e lecito e, in particolare, si impegna a non (a) utilizzare i Contenuti in modo, per scopi o con effetti contrari alla legge, alla morale e ai buoni costumi generalmente accettati o all&#8217;ordine pubblico; (b) riprodurre o copiare, distribuire, consentire l&#8217;accesso al pubblico attraverso qualsiasi forma di comunicazione pubblica, trasformare o modificare i Contenuti, a meno che non sia autorizzato dal titolare dei relativi diritti o sia legalmente consentito; (c) cancellare, eludere o manipolare il copyright e altri dati identificativi.   <\/p><p>\u00c8 vietato effettuare qualsiasi tipo di pubblicit\u00e0 o informazione commerciale in modo diretto o occulto, o inviare messaggi di massa (&#8220;spamming&#8221;) senza la dovuta autorizzazione.<\/p><p>Allo stesso modo, \u00e8 vietato compiere azioni che possano causare qualsiasi tipo di danno ai sistemi della SOCIET\u00c0 o a terzi sul sito web o attraverso lo stesso con qualsiasi mezzo.<\/p><p> <\/p><p><b>4. Esenzione di responsabilit\u00e0<\/b><\/p><p>LA SOCIET\u00c0 pu\u00f2 modificare, senza preavviso, le informazioni contenute nel suo sito web, cos\u00ec come la sua configurazione e presentazione. LA SOCIET\u00c0 non garantisce l&#8217;inesistenza di interruzioni o errori nell&#8217;accesso al sito web, nel suo contenuto e nel suo aggiornamento, anche se far\u00e0 del suo meglio per evitarli, correggerli o aggiornarli. <\/p><p>LA SOCIET\u00c0 non si assume alcuna responsabilit\u00e0 per danni diretti o indiretti, compresi i danni ai sistemi informatici e l&#8217;introduzione di virus su Internet, derivanti dalla navigazione in Internet necessaria per l&#8217;utilizzo di questo sito.<\/p><p>L&#8217;AZIENDA si impegna a non fare pubblicit\u00e0 ingannevole. A tal fine, pertanto, non saranno considerati pubblicit\u00e0 ingannevole gli errori formali o numerici che si dovessero riscontrare nei contenuti delle diverse sezioni del sito web aziendale, prodotti a seguito di una manutenzione e\/o di un aggiornamento incompleto o difettoso delle informazioni contenute in tali sezioni. La SOCIET\u00c0, in conseguenza di quanto previsto dalla presente sezione, si impegna a correggerli non appena venga a conoscenza di tali errori.  <\/p><p>LA SOCIET\u00c0 non potr\u00e0 essere ritenuta responsabile per il mancato rispetto di qualsiasi normativa applicabile in cui l&#8217;Utente possa incorrere nell&#8217;accesso al presente sito web e\/o nell&#8217;utilizzo delle informazioni in esso contenute.<\/p><p>L&#8217;AZIENDA non sar\u00e0 responsabile di eventuali danni causati o che potrebbero verificarsi, di qualsiasi natura essi siano, derivanti dall&#8217;uso delle informazioni, dei materiali contenuti in questo Sito Web e dei programmi in esso incorporati. I link e gli ipertesti che consentono all&#8217;Utente di accedere, attraverso il Sito Web della Societ\u00e0, a funzionalit\u00e0 e servizi offerti da terzi, non appartengono e non sono sotto il controllo della Societ\u00e0; quest&#8217;ultima non \u00e8 responsabile delle informazioni in essi contenute n\u00e9 degli effetti che possono derivare da tali informazioni. <\/p><p>In breve, l&#8217;Utente \u00e8 l&#8217;unico responsabile dell&#8217;uso che fa dei servizi, dei contenuti, dei link e degli ipertesti inclusi nel sito web della SOCIET\u00c0.<\/p><p> <\/p><p><b>5. Diritti di propriet\u00e0 intellettuale e industriale<\/b><\/p><p>Tutti i contenuti del Sito web, se non diversamente indicato, sono di propriet\u00e0 esclusiva della SOCIET\u00c0, compresi, a titolo esemplificativo ma non esaustivo, il design grafico, il codice sorgente, i loghi, i testi, la grafica, le illustrazioni, le fotografie e gli altri elementi che compaiono sul Sito web. Allo stesso modo, tutti i nomi commerciali, i marchi o i segni distintivi di qualsiasi tipo contenuti nel Sito web sono protetti dalla legge.   <\/p><p>LA SOCIET\u00c0 non concede alcun tipo di licenza o autorizzazione di uso personale all&#8217;Utente sui propri diritti di propriet\u00e0 intellettuale e industriale o su qualsiasi altro diritto relativo al proprio Sito web e ai servizi ivi offerti.  <\/p><p>Pertanto, l&#8217;Utente riconosce che la riproduzione, la distribuzione, la commercializzazione, la trasformazione e, in generale, qualsiasi altra forma di sfruttamento, con qualsiasi mezzo, di tutti o parte dei contenuti del presente Sito web costituisce una violazione dei diritti di propriet\u00e0 intellettuale e\/o industriale della societ\u00e0 o del proprietario degli stessi.<\/p><p>L&#8217;Utente, solo ed esclusivamente, pu\u00f2 utilizzare il materiale che appare su questo sito web per uso personale e privato; \u00e8 vietato il suo utilizzo per scopi commerciali o per attivit\u00e0 illegali.<\/p><p>Ai sensi degli articoli 8 e 32.1, secondo comma, della Legge sulla Propriet\u00e0 Intellettuale, sono espressamente vietate la riproduzione, la distribuzione e la comunicazione pubblica, compresa la messa a disposizione, di tutti o parte dei contenuti di questo sito web, a fini commerciali, su qualsiasi supporto e con qualsiasi mezzo tecnico, senza l&#8217;autorizzazione della SOCIET\u00c0. L&#8217;Utente si impegna a rispettare i diritti di Propriet\u00e0 Intellettuale e Industriale di propriet\u00e0 della SOCIET\u00c0. <\/p><p>LA SOCIET\u00c0 garantir\u00e0 il rispetto delle condizioni di cui sopra e l&#8217;uso corretto dei contenuti presentati sul proprio sito web, esercitando tutte le azioni civili e penali applicabili in caso di infrazione o violazione di tali diritti da parte dell&#8217;Utente.  <\/p><p> <\/p><p><b>6. Link di terze parti<\/b><\/p><p>Qualsiasi link, collegamento ipertestuale, deep link, framing o qualsiasi altro tipo di connessione virtuale attraverso le reti di telecomunicazione da qualsiasi sito web o indirizzo URL (&#8220;Link&#8221;) alla pagina web, deve essere autorizzato in anticipo e per iscritto dalla SOCIET\u00c0 e il link deve essere stabilito in ogni caso alla sua home page.<\/p><p> <\/p><p><b>7. Protezione dei dati personali<\/b><\/p><p>L&#8217;AZIENDA adotta le misure tecniche e organizzative necessarie per garantire la protezione dei dati personali ed evitare la loro alterazione, perdita, elaborazione e\/o accesso non autorizzato, tenendo conto dello stato dell&#8217;arte, della natura dei dati archiviati e dei rischi a cui sono esposti, il tutto in conformit\u00e0 con le disposizioni della legislazione spagnola in materia di protezione dei dati personali.<\/p><p>Gli utenti possono fornire a LA SOCIET\u00c0 i propri dati personali attraverso i diversi moduli che compaiono a tal fine sul Sito web. Questi moduli incorporano un testo legale sulla protezione dei dati personali conforme ai requisiti stabiliti dal REGOLAMENTO (UE) 2016\/679 del Parlamento europeo e del Consiglio, del 27 aprile 2016, relativo alla protezione delle persone fisiche con riguardo al trattamento dei dati personali, nonch\u00e9 alla libera circolazione di tali dati (Regolamento generale sulla protezione dei dati) e dalla Legge organica 3\/2018, del 5 dicembre, sulla protezione dei dati personali e la garanzia dei diritti digitali. <\/p><p><b> <\/b><\/p><p><b>8. Termini e condizioni d&#8217;uso<\/b><b> blog<\/b><\/p><p>L&#8217;Utente pu\u00f2 esprimere opinioni e fornire contributi in modo che altri Utenti o visitatori possano accedere ai commenti e rispondere, se necessario.<\/p><p>L&#8217;AZIENDA si riserva il diritto di rimuovere dal suo blog qualsiasi contenuto non conforme alle sue condizioni d&#8217;uso.<\/p><p>Le opinioni espresse sono di esclusiva responsabilit\u00e0 degli autori e THE COMPANY non si assume alcuna responsabilit\u00e0 in merito.<\/p><p>Tuttavia, L&#8217;AZIENDA si assicurer\u00e0 che tali opinioni non siano offensive e non violino la legge.<\/p><p> <\/p><p><b>9. Legge applicabile e giurisdizione<\/b><\/p><p>In caso di conflitti o discrepanze derivanti dall&#8217;interpretazione o dall&#8217;applicazione del presente Avviso Legale, le Corti e i Tribunali che, se del caso, saranno investiti della questione saranno quelli previsti dalle norme giuridiche applicabili in materia di giurisdizione competente, che, nel caso dei consumatori finali, terranno conto del luogo in cui essi hanno la loro residenza abituale.<\/p><p>Nel caso di una societ\u00e0, entrambe le parti si sottomettono, rinunciando espressamente a qualsiasi altra giurisdizione, alle Corti e ai Tribunali di Alicante.<\/p>\t\t\t\t\t\t\t\t<\/div>\n\t\t\t\t<\/div>\n\t\t\t\t\t<\/div>\n\t\t\t\t<\/div>\n\t\t\t\t<\/div>\n\t\t","protected":false},"excerpt":{"rendered":"<p>Avvisi legali 1. Avviso legale In conformit\u00e0 con l&#8217;articolo 10 della Legge 34\/2002, dell&#8217;11 luglio, sui Servizi della Societ\u00e0 dell&#8217;Informazione [&hellip;]<\/p>\n","protected":false},"author":1,"featured_media":0,"parent":0,"menu_order":0,"comment_status":"closed","ping_status":"closed","template":"","meta":{"_angie_page":false,"site-sidebar-layout":"no-sidebar","site-content-layout":"","ast-site-content-layout":"full-width-container","site-content-style":"default","site-sidebar-style":"default","ast-global-header-display":"","ast-banner-title-visibility":"","ast-main-header-display":"","ast-hfb-above-header-display":"","ast-hfb-below-header-display":"","ast-hfb-mobile-header-display":"","site-post-title":"disabled","ast-breadcrumbs-content":"","ast-featured-img":"disabled","footer-sml-layout":"","theme-transparent-header-meta":"","adv-header-id-meta":"","stick-header-meta":"","header-above-stick-meta":"","header-main-stick-meta":"","header-below-stick-meta":"","astra-migrate-meta-layouts":"default","ast-page-background-enabled":"default","ast-page-background-meta":{"desktop":{"background-color":"var(--ast-global-color-4)","background-image":"","background-repeat":"repeat","background-position":"center center","background-size":"auto","background-attachment":"scroll","background-type":"","background-media":"","overlay-type":"","overlay-color":"","overlay-opacity":"","overlay-gradient":""},"tablet":{"background-color":"","background-image":"","background-repeat":"repeat","background-position":"center center","background-size":"auto","background-attachment":"scroll","background-type":"","background-media":"","overlay-type":"","overlay-color":"","overlay-opacity":"","overlay-gradient":""},"mobile":{"background-color":"","background-image":"","background-repeat":"repeat","background-position":"center center","background-size":"auto","background-attachment":"scroll","background-type":"","background-media":"","overlay-type":"","overlay-color":"","overlay-opacity":"","overlay-gradient":""}},"ast-content-background-meta":{"desktop":{"background-color":"var(--ast-global-color-5)","background-image":"","background-repeat":"repeat","background-position":"center center","background-size":"auto","background-attachment":"scroll","background-type":"","background-media":"","overlay-type":"","overlay-color":"","overlay-opacity":"","overlay-gradient":""},"tablet":{"background-color":"var(--ast-global-color-5)","background-image":"","background-repeat":"repeat","background-position":"center center","background-size":"auto","background-attachment":"scroll","background-type":"","background-media":"","overlay-type":"","overlay-color":"","overlay-opacity":"","overlay-gradient":""},"mobile":{"background-color":"var(--ast-global-color-5)","background-image":"","background-repeat":"repeat","background-position":"center center","background-size":"auto","background-attachment":"scroll","background-type":"","background-media":"","overlay-type":"","overlay-color":"","overlay-opacity":"","overlay-gradient":""}},"footnotes":""},"class_list":["post-5032","page","type-page","status-publish","hentry"],"_links":{"self":[{"href":"https:\/\/mueblesorts.com\/it\/wp-json\/wp\/v2\/pages\/5032","targetHints":{"allow":["GET"]}}],"collection":[{"href":"https:\/\/mueblesorts.com\/it\/wp-json\/wp\/v2\/pages"}],"about":[{"href":"https:\/\/mueblesorts.com\/it\/wp-json\/wp\/v2\/types\/page"}],"author":[{"embeddable":true,"href":"https:\/\/mueblesorts.com\/it\/wp-json\/wp\/v2\/users\/1"}],"replies":[{"embeddable":true,"href":"https:\/\/mueblesorts.com\/it\/wp-json\/wp\/v2\/comments?post=5032"}],"version-history":[{"count":1,"href":"https:\/\/mueblesorts.com\/it\/wp-json\/wp\/v2\/pages\/5032\/revisions"}],"predecessor-version":[{"id":5034,"href":"https:\/\/mueblesorts.com\/it\/wp-json\/wp\/v2\/pages\/5032\/revisions\/5034"}],"wp:attachment":[{"href":"https:\/\/mueblesorts.com\/it\/wp-json\/wp\/v2\/media?parent=5032"}],"curies":[{"name":"wp","href":"https:\/\/api.w.org\/{rel}","templated":true}]}}