{"id":4856,"date":"2025-09-04T07:56:42","date_gmt":"2025-09-04T05:56:42","guid":{"rendered":"https:\/\/mueblesorts.com\/canale-di-comunicazione\/"},"modified":"2025-10-24T13:45:58","modified_gmt":"2025-10-24T11:45:58","slug":"canale-di-comunicazione","status":"publish","type":"page","link":"https:\/\/mueblesorts.com\/it\/canale-di-comunicazione\/","title":{"rendered":"Canale di comunicazione"},"content":{"rendered":"\t\t<div data-elementor-type=\"wp-page\" data-elementor-id=\"4856\" class=\"elementor elementor-4856 elementor-3935\" data-elementor-post-type=\"page\">\n\t\t\t\t<div class=\"elementor-element elementor-element-82cdc39 e-flex e-con-boxed e-con e-parent\" data-id=\"82cdc39\" data-element_type=\"container\" data-e-type=\"container\" data-settings=\"{&quot;background_background&quot;:&quot;classic&quot;}\">\n\t\t\t\t\t<div class=\"e-con-inner\">\n\t\t<div class=\"elementor-element elementor-element-992bb46 e-con-full e-flex e-con e-child\" data-id=\"992bb46\" data-element_type=\"container\" data-e-type=\"container\">\n\t\t\t\t<div class=\"elementor-element elementor-element-undefined-b013048 elementor-widget elementor-widget-heading\" data-id=\"undefined-b013048\" data-element_type=\"widget\" data-e-type=\"widget\" data-widget_type=\"heading.default\">\n\t\t\t\t<div class=\"elementor-widget-container\">\n\t\t\t\t\t<h1 class=\"elementor-heading-title elementor-size-default\">Canale di comunicazione<\/h1>\t\t\t\t<\/div>\n\t\t\t\t<\/div>\n\t\t\t\t<\/div>\n\t\t\t\t\t<\/div>\n\t\t\t\t<\/div>\n\t\t<div class=\"elementor-element elementor-element-0203568 e-flex e-con-boxed e-con e-parent\" data-id=\"0203568\" data-element_type=\"container\" data-e-type=\"container\">\n\t\t\t\t\t<div class=\"e-con-inner\">\n\t\t\t\t<div class=\"elementor-element elementor-element-914db0a elementor-widget elementor-widget-text-editor\" data-id=\"914db0a\" data-element_type=\"widget\" data-e-type=\"widget\" data-widget_type=\"text-editor.default\">\n\t\t\t\t<div class=\"elementor-widget-container\">\n\t\t\t\t\t\t\t\t\t<h5 class=\"lahom titulo\">Canale di comunicazione<\/h5><div id=\"texto\"><p>Il sistema informativo interno ti permette di segnalare qualsiasi azione che comporti un&#8217;effettiva limitazione dei diritti e delle garanzie previste dalla legge. <a class=\"common__tiny-link\"><span class=\"common__tiny-link-span\">L 2\/2023<\/span><i class=\"lf-icon-open-window common__tiny-link-icon--blue common__tiny-link-icon\"><\/i><\/a> . Se invii una comunicazione, anche se non anonima, devi essere consapevole che la tua identit\u00e0 \u00e8 preservata, che non pu\u00f2 essere comunicata a terzi e che \u00e8 garantita la riservatezza dei dati corrispondenti alle persone interessate e a qualsiasi terzo menzionato nelle informazioni fornite. Qualsiasi divulgazione da effettuare \u00e8 soggetta alle garanzie stabilite dalla normativa vigente.  <\/p><p> <\/p><p><b>Informativa sulla privacy Canale di comunicazione<\/b><\/p><p>I dati che ci fornisci attraverso il <b>modulo di comunicazione<\/b> saranno trattati dal nostro responsabile del trattamento dei dati JUSTEL ABOGADOS, con indirizzo in C\/Lanuza, 2 -1\u00ba E &#8211; 03001 ALICANTE, e indirizzo e-mail: <a href=\"mailto:vjustel@icali.es\">vjustel@icali.es<\/a> dove potrai anche esercitare i tuoi diritti di accesso, rettifica, soppressione, opposizione, limitazione del trattamento, portabilit\u00e0 e, se del caso, revoca del consenso, inviando una lettera in cui indichi il diritto che desideri esercitare, accompagnata da una copia della tua carta d&#8217;identit\u00e0.<\/p><p>Inoltre, puoi contattare il nostro Responsabile della Protezione dei Dati scrivendogli all&#8217;indirizzo postale sopra indicato o all&#8217;indirizzo e-mail fornito.<\/p><p>Lo scopo di questo canale \u00e8 quello di mettere a disposizione di dipendenti, clienti, fornitori o terze parti collegate a MUEBLES ORTS, S.L., una procedura per la segnalazione di <b>violazioni del Codice Etico e di possibili<\/b> <b>reati o comportamenti irregolari<\/b> osservati all&#8217;interno dell&#8217;azienda.<\/p><p>Se ci informi attraverso questo canale di qualsiasi reclamo relativo a violazioni del Codice Etico e a possibili reati o comportamenti irregolari riscontrati all&#8217;interno dell&#8217;azienda, i tuoi dati saranno trattati al fine di dare seguito al tuo reclamo e avviare il relativo fascicolo di indagine o trasferirlo alle Pubbliche Amministrazioni competenti per i fatti che ci hai segnalato.<\/p><p>Sono garantiti la riservatezza dei dati, il pieno diritto di essere ascoltati e la presunzione di innocenza di ogni persona interessata, nonch\u00e9 l&#8217;assenza di rappresaglie nei confronti di chi denuncia.<\/p><p>Conserveremo i tuoi dati per il tempo necessario e legalmente richiesto per l&#8217;elaborazione delle procedure derivanti dal reclamo.<\/p><p>I tuoi dati non saranno trasferiti a livello internazionale.<\/p><p>La legittimazione al trattamento dei tuoi dati sar\u00e0 inizialmente il tuo consenso.<\/p><p>Infine, ti informiamo che se ritieni che il trattamento dei tuoi dati non sia conforme alla normativa vigente, puoi presentare un reclamo all&#8217;Agenzia spagnola per la protezione dei dati.<\/p><\/div>\t\t\t\t\t\t\t\t<\/div>\n\t\t\t\t<\/div>\n\t\t\t\t\t<\/div>\n\t\t\t\t<\/div>\n\t\t<div class=\"elementor-element elementor-element-f680dc8 e-flex e-con-boxed e-con e-parent\" data-id=\"f680dc8\" data-element_type=\"container\" data-e-type=\"container\">\n\t\t\t\t\t<div class=\"e-con-inner\">\n\t\t\t\t<div class=\"elementor-element elementor-element-759bb70 elementor-button-align-start elementor-widget__width-initial elementor-widget elementor-widget-form\" data-id=\"759bb70\" data-element_type=\"widget\" data-e-type=\"widget\" data-settings=\"{&quot;button_width&quot;:&quot;20&quot;,&quot;step_next_label&quot;:&quot;Avanti&quot;,&quot;step_previous_label&quot;:&quot;Precedente&quot;,&quot;step_type&quot;:&quot;number_text&quot;,&quot;step_icon_shape&quot;:&quot;circle&quot;}\" data-widget_type=\"form.default\">\n\t\t\t\t<div class=\"elementor-widget-container\">\n\t\t\t\t\t\t\t<form class=\"elementor-form\" method=\"post\" name=\"Forma del canale di comunicazione\" aria-label=\"Forma del canale di comunicazione\">\n\t\t\t<input type=\"hidden\" name=\"post_id\" value=\"4856\"\/>\n\t\t\t<input type=\"hidden\" name=\"form_id\" value=\"759bb70\"\/>\n\t\t\t<input type=\"hidden\" name=\"referer_title\" value=\"\" \/>\n\n\t\t\t\n\t\t\t<div class=\"elementor-form-fields-wrapper elementor-labels-\">\n\t\t\t\t\t\t\t\t<div class=\"elementor-field-type-text elementor-field-group elementor-column elementor-field-group-name elementor-col-100 elementor-field-required\">\n\t\t\t\t\t\t\t\t\t\t\t\t<label for=\"form-field-name\" class=\"elementor-field-label elementor-screen-only\">\n\t\t\t\t\t\t\t\tNome e cognome\t\t\t\t\t\t\t<\/label>\n\t\t\t\t\t\t\t\t\t\t\t\t\t\t<input size=\"1\" type=\"text\" name=\"form_fields[name]\" id=\"form-field-name\" class=\"elementor-field elementor-size-xs  elementor-field-textual\" placeholder=\"Nome e cognome\" required=\"required\">\n\t\t\t\t\t\t\t\t\t\t\t<\/div>\n\t\t\t\t\t\t\t\t<div class=\"elementor-field-type-email elementor-field-group elementor-column elementor-field-group-email elementor-col-100 elementor-field-required\">\n\t\t\t\t\t\t\t\t\t\t\t\t<label for=\"form-field-email\" class=\"elementor-field-label elementor-screen-only\">\n\t\t\t\t\t\t\t\tE-mail:\t\t\t\t\t\t\t<\/label>\n\t\t\t\t\t\t\t\t\t\t\t\t\t\t<input size=\"1\" type=\"email\" name=\"form_fields[email]\" id=\"form-field-email\" class=\"elementor-field elementor-size-xs  elementor-field-textual\" placeholder=\"E-mail:\" required=\"required\">\n\t\t\t\t\t\t\t\t\t\t\t<\/div>\n\t\t\t\t\t\t\t\t<div class=\"elementor-field-type-tel elementor-field-group elementor-column elementor-field-group-field_098d9d8 elementor-col-50 elementor-field-required\">\n\t\t\t\t\t\t\t\t\t\t\t\t<label for=\"form-field-field_098d9d8\" class=\"elementor-field-label elementor-screen-only\">\n\t\t\t\t\t\t\t\tTelefono:\t\t\t\t\t\t\t<\/label>\n\t\t\t\t\t\t\t\t<input size=\"1\" type=\"tel\" name=\"form_fields[field_098d9d8]\" id=\"form-field-field_098d9d8\" class=\"elementor-field elementor-size-xs  elementor-field-textual\" placeholder=\"Telefono:\" required=\"required\" pattern=\"[0-9()#&amp;+*-=.]+\" title=\"Sono accettati solo numeri e caratteri telefonici (#, -, *, ecc.).\">\n\n\t\t\t\t\t\t<\/div>\n\t\t\t\t\t\t\t\t<div class=\"elementor-field-type-text elementor-field-group elementor-column elementor-field-group-field_499f113 elementor-col-50 elementor-field-required\">\n\t\t\t\t\t\t\t\t\t\t\t\t<label for=\"form-field-field_499f113\" class=\"elementor-field-label elementor-screen-only\">\n\t\t\t\t\t\t\t\tRapporto con l'azienda:\t\t\t\t\t\t\t<\/label>\n\t\t\t\t\t\t\t\t\t\t\t\t\t\t<input size=\"1\" type=\"text\" name=\"form_fields[field_499f113]\" id=\"form-field-field_499f113\" class=\"elementor-field elementor-size-xs  elementor-field-textual\" placeholder=\"Rapporto con l&#039;azienda:\" required=\"required\">\n\t\t\t\t\t\t\t\t\t\t\t<\/div>\n\t\t\t\t\t\t\t\t<div class=\"elementor-field-type-date elementor-field-group elementor-column elementor-field-group-field_add9dc4 elementor-col-100 elementor-field-required\">\n\t\t\t\t\t\t\t\t\t\t\t\t<label for=\"form-field-field_add9dc4\" class=\"elementor-field-label elementor-screen-only\">\n\t\t\t\t\t\t\t\tData del reclamo:\t\t\t\t\t\t\t<\/label>\n\t\t\t\t\t\t\n\t\t<input type=\"date\" name=\"form_fields[field_add9dc4]\" id=\"form-field-field_add9dc4\" class=\"elementor-field elementor-size-xs  elementor-field-textual elementor-date-field\" placeholder=\"Data del reclamo:\" required=\"required\" pattern=\"[0-9]{4}-[0-9]{2}-[0-9]{2}\">\n\t\t\t\t\t\t<\/div>\n\t\t\t\t\t\t\t\t<div class=\"elementor-field-type-textarea elementor-field-group elementor-column elementor-field-group-field_d1b7446 elementor-col-100 elementor-field-required\">\n\t\t\t\t\t\t\t\t\t\t\t\t<label for=\"form-field-field_d1b7446\" class=\"elementor-field-label elementor-screen-only\">\n\t\t\t\t\t\t\t\tDescrizione del reclamo:\t\t\t\t\t\t\t<\/label>\n\t\t\t\t\t\t<textarea class=\"elementor-field-textual elementor-field  elementor-size-xs\" name=\"form_fields[field_d1b7446]\" id=\"form-field-field_d1b7446\" rows=\"4\" placeholder=\"Descrizione del reclamo:\" required=\"required\"><\/textarea>\t\t\t\t<\/div>\n\t\t\t\t\t\t\t\t<div class=\"elementor-field-type-date elementor-field-group elementor-column elementor-field-group-field_dddff34 elementor-col-100 elementor-field-required\">\n\t\t\t\t\t\t\t\t\t\t\t\t<label for=\"form-field-field_dddff34\" class=\"elementor-field-label elementor-screen-only\">\n\t\t\t\t\t\t\t\tData approssimativa degli eventi:\t\t\t\t\t\t\t<\/label>\n\t\t\t\t\t\t\n\t\t<input type=\"date\" name=\"form_fields[field_dddff34]\" id=\"form-field-field_dddff34\" class=\"elementor-field elementor-size-xs  elementor-field-textual elementor-date-field\" placeholder=\"Data approssimativa degli eventi:\" required=\"required\" pattern=\"[0-9]{4}-[0-9]{2}-[0-9]{2}\">\n\t\t\t\t\t\t<\/div>\n\t\t\t\t\t\t\t\t<div class=\"elementor-field-type-text elementor-field-group elementor-column elementor-field-group-field_e70cebd elementor-col-100\">\n\t\t\t\t\t\t\t\t\t\t\t\t<label for=\"form-field-field_e70cebd\" class=\"elementor-field-label elementor-screen-only\">\n\t\t\t\t\t\t\t\tPersone che possono fornire informazioni:\t\t\t\t\t\t\t<\/label>\n\t\t\t\t\t\t\t\t\t\t\t\t\t\t<input size=\"1\" type=\"text\" name=\"form_fields[field_e70cebd]\" id=\"form-field-field_e70cebd\" class=\"elementor-field elementor-size-xs  elementor-field-textual\" placeholder=\"Persone che possono fornire informazioni:\">\n\t\t\t\t\t\t\t\t\t\t\t<\/div>\n\t\t\t\t\t\t\t\t<div class=\"elementor-field-type-text elementor-field-group elementor-column elementor-field-group-field_1121265 elementor-col-100 elementor-field-required\">\n\t\t\t\t\t\t\t\t\t\t\t\t<label for=\"form-field-field_1121265\" class=\"elementor-field-label elementor-screen-only\">\n\t\t\t\t\t\t\t\tPersone coinvolte:\t\t\t\t\t\t\t<\/label>\n\t\t\t\t\t\t\t\t\t\t\t\t\t\t<input size=\"1\" type=\"text\" name=\"form_fields[field_1121265]\" id=\"form-field-field_1121265\" class=\"elementor-field elementor-size-xs  elementor-field-textual\" placeholder=\"Persone coinvolte:\" required=\"required\">\n\t\t\t\t\t\t\t\t\t\t\t<\/div>\n\t\t\t\t\t\t\t\t<div class=\"elementor-field-type-upload elementor-field-group elementor-column elementor-field-group-field_1ac6cfd elementor-col-100\">\n\t\t\t\t\t\t\t\t\t\t\t\t<label for=\"form-field-field_1ac6cfd\" class=\"elementor-field-label elementor-screen-only\">\n\t\t\t\t\t\t\t\tDocumenti allegati:\t\t\t\t\t\t\t<\/label>\n\t\t\t\t\t\t\t\t<input type=\"file\" name=\"form_fields[field_1ac6cfd][]\" id=\"form-field-field_1ac6cfd\" class=\"elementor-field elementor-size-xs  elementor-upload-field\" multiple=\"multiple\" data-maxsize=\"10\" data-maxsize-message=\"Questo file supera la dimensione massima consentita.\">\n\n\t\t\t\t\t\t<\/div>\n\t\t\t\t\t\t\t\t<div class=\"elementor-field-type-text elementor-field-group elementor-column elementor-field-group-field_c954318 elementor-col-100\">\n\t\t\t\t\t\t\t\t\t\t\t\t<label for=\"form-field-field_c954318\" class=\"elementor-field-label elementor-screen-only\">\n\t\t\t\t\t\t\t\tCome hai appreso i fatti?\t\t\t\t\t\t\t<\/label>\n\t\t\t\t\t\t\t\t\t\t\t\t\t\t<input size=\"1\" type=\"text\" name=\"form_fields[field_c954318]\" id=\"form-field-field_c954318\" class=\"elementor-field elementor-size-xs  elementor-field-textual\" placeholder=\"Come hai appreso i fatti?\">\n\t\t\t\t\t\t\t\t\t\t\t<\/div>\n\t\t\t\t\t\t\t\t<div class=\"elementor-field-group elementor-column elementor-field-type-submit elementor-col-20 e-form__buttons\">\n\t\t\t\t\t<button class=\"elementor-button elementor-size-sm\" type=\"submit\">\n\t\t\t\t\t\t<span class=\"elementor-button-content-wrapper\">\n\t\t\t\t\t\t\t\t\t\t\t\t\t\t\t\t\t\t\t\t\t\t<span class=\"elementor-button-text\">Invia<\/span>\n\t\t\t\t\t\t\t\t\t\t\t\t\t<\/span>\n\t\t\t\t\t<\/button>\n\t\t\t\t<\/div>\n\t\t\t<\/div>\n\t\t<\/form>\n\t\t\t\t\t\t<\/div>\n\t\t\t\t<\/div>\n\t\t\t\t\t<\/div>\n\t\t\t\t<\/div>\n\t\t\t\t<\/div>\n\t\t","protected":false},"excerpt":{"rendered":"<p>Canale di comunicazione Canale di comunicazione Il sistema informativo interno ti permette di segnalare qualsiasi azione che comporti un&#8217;effettiva limitazione [&hellip;]<\/p>\n","protected":false},"author":1,"featured_media":0,"parent":0,"menu_order":0,"comment_status":"closed","ping_status":"closed","template":"","meta":{"_angie_page":false,"site-sidebar-layout":"no-sidebar","site-content-layout":"","ast-site-content-layout":"full-width-container","site-content-style":"default","site-sidebar-style":"default","ast-global-header-display":"","ast-banner-title-visibility":"","ast-main-header-display":"","ast-hfb-above-header-display":"","ast-hfb-below-header-display":"","ast-hfb-mobile-header-display":"","site-post-title":"disabled","ast-breadcrumbs-content":"","ast-featured-img":"disabled","footer-sml-layout":"","theme-transparent-header-meta":"","adv-header-id-meta":"","stick-header-meta":"","header-above-stick-meta":"","header-main-stick-meta":"","header-below-stick-meta":"","astra-migrate-meta-layouts":"default","ast-page-background-enabled":"default","ast-page-background-meta":{"desktop":{"background-color":"var(--ast-global-color-4)","background-image":"","background-repeat":"repeat","background-position":"center center","background-size":"auto","background-attachment":"scroll","background-type":"","background-media":"","overlay-type":"","overlay-color":"","overlay-opacity":"","overlay-gradient":""},"tablet":{"background-color":"","background-image":"","background-repeat":"repeat","background-position":"center center","background-size":"auto","background-attachment":"scroll","background-type":"","background-media":"","overlay-type":"","overlay-color":"","overlay-opacity":"","overlay-gradient":""},"mobile":{"background-color":"","background-image":"","background-repeat":"repeat","background-position":"center center","background-size":"auto","background-attachment":"scroll","background-type":"","background-media":"","overlay-type":"","overlay-color":"","overlay-opacity":"","overlay-gradient":""}},"ast-content-background-meta":{"desktop":{"background-color":"var(--ast-global-color-5)","background-image":"","background-repeat":"repeat","background-position":"center center","background-size":"auto","background-attachment":"scroll","background-type":"","background-media":"","overlay-type":"","overlay-color":"","overlay-opacity":"","overlay-gradient":""},"tablet":{"background-color":"var(--ast-global-color-5)","background-image":"","background-repeat":"repeat","background-position":"center center","background-size":"auto","background-attachment":"scroll","background-type":"","background-media":"","overlay-type":"","overlay-color":"","overlay-opacity":"","overlay-gradient":""},"mobile":{"background-color":"var(--ast-global-color-5)","background-image":"","background-repeat":"repeat","background-position":"center center","background-size":"auto","background-attachment":"scroll","background-type":"","background-media":"","overlay-type":"","overlay-color":"","overlay-opacity":"","overlay-gradient":""}},"footnotes":""},"class_list":["post-4856","page","type-page","status-publish","hentry"],"_links":{"self":[{"href":"https:\/\/mueblesorts.com\/it\/wp-json\/wp\/v2\/pages\/4856","targetHints":{"allow":["GET"]}}],"collection":[{"href":"https:\/\/mueblesorts.com\/it\/wp-json\/wp\/v2\/pages"}],"about":[{"href":"https:\/\/mueblesorts.com\/it\/wp-json\/wp\/v2\/types\/page"}],"author":[{"embeddable":true,"href":"https:\/\/mueblesorts.com\/it\/wp-json\/wp\/v2\/users\/1"}],"replies":[{"embeddable":true,"href":"https:\/\/mueblesorts.com\/it\/wp-json\/wp\/v2\/comments?post=4856"}],"version-history":[{"count":1,"href":"https:\/\/mueblesorts.com\/it\/wp-json\/wp\/v2\/pages\/4856\/revisions"}],"predecessor-version":[{"id":4863,"href":"https:\/\/mueblesorts.com\/it\/wp-json\/wp\/v2\/pages\/4856\/revisions\/4863"}],"wp:attachment":[{"href":"https:\/\/mueblesorts.com\/it\/wp-json\/wp\/v2\/media?parent=4856"}],"curies":[{"name":"wp","href":"https:\/\/api.w.org\/{rel}","templated":true}]}}