{"id":4360,"date":"2025-09-04T07:36:10","date_gmt":"2025-09-04T05:36:10","guid":{"rendered":"https:\/\/mueblesorts.com\/privacy\/"},"modified":"2025-10-24T13:36:13","modified_gmt":"2025-10-24T11:36:13","slug":"privacy","status":"publish","type":"page","link":"https:\/\/mueblesorts.com\/it\/privacy\/","title":{"rendered":"Privacy"},"content":{"rendered":"\t\t<div data-elementor-type=\"wp-page\" data-elementor-id=\"4360\" class=\"elementor elementor-4360 elementor-3916\" data-elementor-post-type=\"page\">\n\t\t\t\t<div class=\"elementor-element elementor-element-82cdc39 e-flex e-con-boxed e-con e-parent\" data-id=\"82cdc39\" data-element_type=\"container\" data-settings=\"{&quot;background_background&quot;:&quot;classic&quot;}\">\n\t\t\t\t\t<div class=\"e-con-inner\">\n\t\t<div class=\"elementor-element elementor-element-992bb46 e-con-full e-flex e-con e-child\" data-id=\"992bb46\" data-element_type=\"container\">\n\t\t\t\t<div class=\"elementor-element elementor-element-undefined-b013048 elementor-widget elementor-widget-heading\" data-id=\"undefined-b013048\" data-element_type=\"widget\" data-widget_type=\"heading.default\">\n\t\t\t\t<div class=\"elementor-widget-container\">\n\t\t\t\t\t<h1 class=\"elementor-heading-title elementor-size-default\">Privacy<\/h1>\t\t\t\t<\/div>\n\t\t\t\t<\/div>\n\t\t\t\t<\/div>\n\t\t\t\t\t<\/div>\n\t\t\t\t<\/div>\n\t\t<div class=\"elementor-element elementor-element-0203568 e-flex e-con-boxed e-con e-parent\" data-id=\"0203568\" data-element_type=\"container\">\n\t\t\t\t\t<div class=\"e-con-inner\">\n\t\t\t\t<div class=\"elementor-element elementor-element-914db0a elementor-widget elementor-widget-text-editor\" data-id=\"914db0a\" data-element_type=\"widget\" data-widget_type=\"text-editor.default\">\n\t\t\t\t<div class=\"elementor-widget-container\">\n\t\t\t\t\t\t\t\t\t<p><b>INFORMATIVA SULLA PRIVACY<\/b><\/p><p>La presente informativa sulla privacy stabilisce le modalit\u00e0 di gestione dei dati personali forniti dall&#8217;interessato. La presente informativa \u00e8 espressamente e pienamente accettata dall&#8217;interessato dal momento in cui, per utilizzare il sito o i servizi offerti dal titolare del trattamento, comunica i propri dati personali al titolare del trattamento, dato che tale comunicazione \u00e8 sempre volontaria e implica un atto esplicito di accettazione delle condizioni per il trattamento dei propri dati personali per le finalit\u00e0 informate dal titolare del trattamento. <\/p><p>Ai fini di quanto previsto dall&#8217;articolo 13 del Regolamento (UE) 2016\/679 del Parlamento europeo e del Consiglio relativo alla protezione delle persone fisiche con riguardo al trattamento dei dati personali, e dalla Legge Organica 3\/2018, del 5 dicembre, sulla protezione dei dati personali e la garanzia dei diritti digitali, si forniscono informazioni chiare e trasparenti sui dati del TITOLARE DEL TRATTAMENTO.<\/p><p> <\/p><p><b>1\u00ba.<\/b> <b>CHI TRATTER\u00c0 I TUOI DATI?<\/b><\/p><p>Proprietario: MUEBLES ORTS, S.L.<\/p><p>C.I.F.: B03821881<\/p><p>Sede legale: Pol. In. 1 Avda. de Alemania, 11- Ap. de Correos 77 <\/p><p>Codice postale: 03420 CASTALLA (Alicante)<\/p><p>Telefono: +34 966560007<\/p><p>Fax: +34 966560541<\/p><p>E-Mail: <a href=\"mailto:info@mueblesorts.com\">info@mueblesorts.com<\/a>   <\/p><p>Sito web: <a href=\"http:\/\/www.mueblesorts.com\/\">http:\/\/www.mueblesorts.com<\/a>    <\/p><p>IL TITOLARE DEL TRATTAMENTO ha adottato le opportune misure di sicurezza nelle sue strutture, nei suoi sistemi e nel suo trattamento. Ha predisposto tutti i mezzi tecnici a sua disposizione per prevenire la perdita, l&#8217;uso improprio, l&#8217;alterazione, l&#8217;accesso non autorizzato e il furto dei dati forniti dall&#8217;interessato, garantendone l&#8217;integrit\u00e0 e la riservatezza. <\/p><p>Il mancato conferimento dei dati personali richiesti o la mancata accettazione della presente informativa sulla privacy comporta l&#8217;impossibilit\u00e0 di eseguire i servizi richiesti dall&#8217;INTERESSATO.<\/p><p>I dati forniti dall&#8217;Utente saranno conservati per tutto il tempo in cui vi \u00e8 un interesse reciproco a mantenere lo scopo del trattamento e per il periodo di tempo in cui possono sorgere responsabilit\u00e0 legali dai servizi forniti. Quando non saranno pi\u00f9 necessari per questo scopo, saranno cancellati con misure di sicurezza adeguate per garantire la pseudo-anonimizzazione dei dati o la loro totale distruzione. <\/p><p> <\/p><p><strong>2\u00ba- QUALI DATI PERSONALI TRATTIAMO E COME LI ABBIAMO OTTENUTI?<\/strong><\/p><p>I dati personali che trattiamo sono stati forniti dall&#8217;interessato al momento della compilazione dei moduli di contatto e\/o di richiesta di preventivo presenti sul sito web aziendale, oppure tramite il numero di telefono e\/o l&#8217;account e-mail presenti in fondo alla home page principale.<\/p><p>&#8211; Dati identificativi (nome e cognome, email, numero di telefono di contatto, indirizzo completo)<\/p><p>&#8211; Dati transazionali.<\/p><p>\u00c8 responsabilit\u00e0 dell&#8217;interessato garantire la veridicit\u00e0 e l&#8217;esattezza dei dati forniti e comunicare eventuali cambiamenti per renderne possibile l&#8217;aggiornamento.<\/p><h3> <\/h3><p><strong>3\u00ba- PER QUALE SCOPO TRATTIAMO I TUOI DATI?<\/strong><\/p><p>Trattiamo i tuoi dati per le seguenti finalit\u00e0:<\/p><p>&#8211; Fornitura dei servizi richiesti: trattiamo i tuoi dati personali al fine di fornirti i servizi richiesti e contrattati. Nel caso in cui vi siano utenti registrati, il trattamento avverr\u00e0 per la gestione di tutte le interazioni con gli stessi. <\/p><p>&#8211; Inviare e-mail: rispondere alle tue richieste di informazioni, contrattare servizi. Gestione dei reclami o dei suggerimenti ricevuti in base all&#8217;ordine o alla prenotazione effettuata. <\/p><p>&#8211; L&#8217;invio di comunicazioni commerciali con qualsiasi mezzo, sia elettronico (WhatsApp, e-mail, SMS, MMS, ecc.) che non elettronico (posta ordinaria, ecc.), a condizione che lo scopo sia quello di mantenere il rapporto esistente tra l&#8217;Utente e il TITOLARE DEL TRATTAMENTO, nonch\u00e9 l&#8217;esecuzione di compiti informativi e altre attivit\u00e0 connesse ai servizi forniti.<\/p><p> <\/p><p><strong>4\u00ba- PER QUANTO TEMPO TRATTIAMO I TUOI DATI?<\/strong><\/p><p>Conserviamo i dati personali forniti per il tempo necessario all&#8217;espletamento delle finalit\u00e0 per cui sono stati raccolti, nonch\u00e9 per il periodo legale per il quale pu\u00f2 sorgere una responsabilit\u00e0.<\/p><p>&#8211; Fornitura dei servizi richiesti: i dati personali forniti saranno conservati fino a quando l&#8217;utente non ne richieder\u00e0 la cancellazione o l&#8217;annullamento e a condizione che siano adeguati, pertinenti e limitati a quanto necessario per le finalit\u00e0 per cui sono trattati.<\/p><p>&#8211; Invio di e-mail: i dati personali saranno conservati per il tempo adeguato a ciascun caso, in conformit\u00e0 con i criteri professionali e legali.<\/p><p>&#8211; Invio di comunicazioni commerciali o pubblicazione di immagini: i dati personali forniti saranno conservati fino a quando non ne richiederai la cancellazione o l&#8217;annullamento.<\/p><h3> <\/h3><p><strong>5\u00ba- QUAL \u00c8 LA LEGITTIMIT\u00c0 DEL TRATTAMENTO DEI TUOI DATI?<\/strong><\/p><p>&#8211; Fornitura dei servizi richiesti: parte del rapporto contrattuale con il cliente<\/p><p>&#8211; Invio di e-mail: il consenso dell&#8217;utente quando richiede informazioni a noi tramite l&#8217;indirizzo e-mail.<\/p><p>&#8211; Invio di comunicazioni commerciali o pubblicazione di immagini: \u00e8 necessario il consenso espresso dell&#8217;interessato selezionando la casella di accettazione della nostra politica sulla privacy.<\/p><p><b> <\/b><\/p><p><b>6\u00ba &#8211; TRASFERIMENTO DEI DATI PERSONALI DELL&#8217;UTENTE A TERZI.<\/b><\/p><p>Il TITOLARE DEL TRATTAMENTO non trasferir\u00e0 o comunicher\u00e0 i tuoi dati a terzi, salvo nei casi previsti dalla legge e previo consenso dell&#8217;interessato, o quando la fornitura di un servizio implichi la necessit\u00e0 di un rapporto contrattuale con un Responsabile del trattamento.<\/p><p>Pertanto, l&#8217;Interessato accetta che alcuni dei dati personali raccolti possano essere forniti ai Responsabili del trattamento, qualora ci\u00f2 sia necessario per l&#8217;efficace esecuzione di un servizio contrattuale o di un prodotto acquistato. L&#8217;Utente accetta inoltre che, in caso di fornitura di servizi, questi possano essere, in tutto o in parte, subappaltati ad altre persone o societ\u00e0, che saranno considerate Responsabili del trattamento, con le quali \u00e8 stato concordato il relativo contratto di riservatezza, o hanno aderito alle loro politiche sulla privacy, stabilite sui rispettivi siti web. L&#8217;Utente pu\u00f2 rifiutare il trasferimento dei propri dati ai Responsabili del trattamento, mediante richiesta scritta, con uno dei mezzi precedentemente indicati nella sezione 9 della presente Informativa sulla privacy.  <\/p><p>Inoltre, nei casi in cui sia necessario, i dati dei nostri clienti potranno essere trasferiti a determinati enti, in ottemperanza ad un obbligo di legge: Agenzia delle Entrate spagnola, istituti bancari, ecc&#8230;.<\/p><p><b> <\/b><\/p><p><b>7\u00b0 &#8211; TRASFERIMENTI INTERNAZIONALI DI DATI<\/b><\/p><p>Possiamo utilizzare i social media come mezzo di comunicazione e promozione dei nostri servizi. Non utilizziamo i dati per scopi non consentiti. Non siamo responsabili per i contenuti, i commenti, le opinioni o le informazioni, nostre o di terzi, che gli utenti pubblicano sui nostri account Facebook e Instagram. I social network dispongono di proprie politiche sulla privacy, che ti consigliamo di verificare attentamente prima di utilizzarli. Puoi trovare maggiori informazioni ai seguenti indirizzi:    <\/p><p><a href=\"https:\/\/es-es.facebook.com\/privacy\/explanation\" target=\"_blank\" rel=\"noopener\">https:\/\/es-es.facebook.com\/privacy\/explanation<\/a><\/p><p><a href=\"https:\/\/www.instagram.com\/terms\/accept\/?hl=es\" target=\"_blank\" rel=\"noopener\">https:\/\/www.instagram.com\/terms\/accept\/?hl=es<\/a><\/p><p><b> <\/b><\/p><p><b>8\u00b0 &#8211; MINORI<\/b><\/p><p>I minori devono astenersi dal fornire dati attraverso il nostro sito web aziendale. In ogni caso, il TITOLARE DEL TRATTAMENTO non \u00e8 responsabile della veridicit\u00e0 e dell&#8217;accuratezza dei dati inseriti dall&#8217;Utente e non pu\u00f2 quindi accertarne l&#8217;et\u00e0. <\/p><p><b> <\/b><\/p><p><b>9\u00ba-ESERCIZIO DEI DIRITTI DI ACCESSO, RETTIFICA, CANCELLAZIONE O SOPPRESSIONE, OPPOSIZIONE, LIMITAZIONE DEL TRATTAMENTO E PORTABILIT\u00c0.<\/b><\/p><p>Ti informiamo che i diritti di accesso, rettifica, cancellazione, limitazione del trattamento o opposizione al trattamento, cos\u00ec come il diritto alla portabilit\u00e0 dei dati, possono essere esercitati presso il TITOLARE DEL TRATTAMENTO con qualsiasi mezzo soggetto alla legge, accompagnato da una copia di un documento ufficiale che ti identifichi, scrivendo a: MUEBLES ORTS, S.L. con indirizzo postale a Pol. In. 1 Avda. de Alemania, 11- Ap. de Correos 77- C.P.: 03420 CASTALLA (Alicante), oppure inviando un&#8217;e-mail a info@mueblesorts.com, indicando nell&#8217;oggetto: DIRITTI DI PROTEZIONE DEI DATI, e allegando una fotocopia del tuo documento di identit\u00e0. Se ritieni che il trattamento non sia conforme alla normativa vigente, puoi proporre reclamo all&#8217;autorit\u00e0 di controllo all&#8217;indirizzo <a href=\"http:\/\/agpd.es\/\" target=\"_blank\" rel=\"noopener\">agpd.es<\/a>.  <\/p><p>La richiesta deve contenere il nome e il cognome dell&#8217;INTERESSATO, una copia del DNI\/NIF e, nei casi in cui \u00e8 ammesso, della persona che lo rappresenta, oltre a un documento che accrediti la rappresentanza, la richiesta in cui viene presentata, l&#8217;indirizzo per le notifiche, la data e la firma del richiedente e i documenti che accreditano la richiesta che sta facendo. Se la richiesta non soddisfa i requisiti specificati, ne verr\u00e0 richiesta la correzione. Per quanto riguarda il diritto di accesso, esso sar\u00e0 negato solo se la richiesta \u00e8 presentata da una persona diversa dall&#8217;interessato. Non \u00e8 richiesto alcun costo per l&#8217;esercizio dei diritti.   <\/p><p>Qualora il consenso sia stato prestato per una finalit\u00e0 specifica, il diritto di revocare tale consenso pu\u00f2 essere esercitato in qualsiasi momento, senza pregiudicare la liceit\u00e0 del trattamento basato sul consenso prima della sua revoca.<\/p><p>L&#8217;Interessato \u00e8 informato del diritto di presentare un reclamo presso l&#8217;Agenzia Spagnola per la Protezione dei Dati (AEPD) e\/o di richiedere la sua tutela, in particolare, quando ritiene di non aver ottenuto soddisfazione dal Titolare del Trattamento, nell&#8217;esercizio dei suoi diritti, attraverso la sede elettronica del suo portale web<a href=\"file:\/\/\/C:\/F-J\/FRANCISCO%20HERNANDEZ\/Fco.%20Hernandez%20RGPD\/Fco.Hernadez.docs\/www.agpd.es\">(www.agpd.es)<\/a>, o scrivendo al suo indirizzo postale (C\/ Jorge Juan, 6, 28001-Madrid).<\/p><p>L&#8217;Interessato dichiara di essere stato informato delle condizioni sulla Protezione dei Dati Personali nei termini stabiliti dall&#8217;articolo 13 del Regolamento (UE) 2016\/679 del Parlamento Europeo e del Consiglio relativo alla protezione delle persone fisiche con riguardo al trattamento dei dati personali, prestando il consenso al trattamento dei propri dati personali in relazione alle finalit\u00e0 sopra descritte, con le modalit\u00e0 e per le finalit\u00e0 indicate nella presente Informativa sulla Privacy.<\/p><p>IL TITOLARE DEL TRATTAMENTO si riserva il diritto di modificare la propria politica di protezione dei dati in base ai propri criteri, o a causa di un cambiamento nella legislazione, nella giurisprudenza o nelle pratiche commerciali.<\/p><p>Se il TITOLARE del TRATTAMENTO apporta modifiche, il nuovo testo sar\u00e0 pubblicato su questo sito web, dove l&#8217;interessato sar\u00e0 informato dell&#8217;attuale politica di protezione dei dati.<\/p><p> <\/p><p><b>10\u00ba- AREA WEB PRIVATA<\/b><\/p><p>Per accedere all&#8217;area riservata del sito web, i clienti riceveranno un nome utente e una password. L&#8217;utente si impegna a conservare il proprio nome utente e la propria password in un luogo sicuro e a utilizzarli in modo confidenziale, essendo responsabile di qualsiasi attivit\u00e0 svolta in modo fraudolento con il proprio nome utente e la propria password. \u00c8 tua responsabilit\u00e0 informare immediatamente LA SOCIET\u00c0 dell&#8217;eventuale uso non autorizzato del tuo nome utente e della tua password, della loro perdita o del loro smarrimento.  <\/p>\t\t\t\t\t\t\t\t<\/div>\n\t\t\t\t<\/div>\n\t\t\t\t\t<\/div>\n\t\t\t\t<\/div>\n\t\t\t\t<\/div>\n\t\t","protected":false},"excerpt":{"rendered":"<p>Privacy INFORMATIVA SULLA PRIVACY La presente informativa sulla privacy stabilisce le modalit\u00e0 di gestione dei dati personali forniti dall&#8217;interessato. La [&hellip;]<\/p>\n","protected":false},"author":1,"featured_media":0,"parent":0,"menu_order":0,"comment_status":"closed","ping_status":"closed","template":"","meta":{"site-sidebar-layout":"no-sidebar","site-content-layout":"","ast-site-content-layout":"full-width-container","site-content-style":"default","site-sidebar-style":"default","ast-global-header-display":"","ast-banner-title-visibility":"","ast-main-header-display":"","ast-hfb-above-header-display":"","ast-hfb-below-header-display":"","ast-hfb-mobile-header-display":"","site-post-title":"disabled","ast-breadcrumbs-content":"","ast-featured-img":"disabled","footer-sml-layout":"","theme-transparent-header-meta":"","adv-header-id-meta":"","stick-header-meta":"","header-above-stick-meta":"","header-main-stick-meta":"","header-below-stick-meta":"","astra-migrate-meta-layouts":"default","ast-page-background-enabled":"default","ast-page-background-meta":{"desktop":{"background-color":"var(--ast-global-color-4)","background-image":"","background-repeat":"repeat","background-position":"center center","background-size":"auto","background-attachment":"scroll","background-type":"","background-media":"","overlay-type":"","overlay-color":"","overlay-opacity":"","overlay-gradient":""},"tablet":{"background-color":"","background-image":"","background-repeat":"repeat","background-position":"center center","background-size":"auto","background-attachment":"scroll","background-type":"","background-media":"","overlay-type":"","overlay-color":"","overlay-opacity":"","overlay-gradient":""},"mobile":{"background-color":"","background-image":"","background-repeat":"repeat","background-position":"center center","background-size":"auto","background-attachment":"scroll","background-type":"","background-media":"","overlay-type":"","overlay-color":"","overlay-opacity":"","overlay-gradient":""}},"ast-content-background-meta":{"desktop":{"background-color":"var(--ast-global-color-5)","background-image":"","background-repeat":"repeat","background-position":"center center","background-size":"auto","background-attachment":"scroll","background-type":"","background-media":"","overlay-type":"","overlay-color":"","overlay-opacity":"","overlay-gradient":""},"tablet":{"background-color":"var(--ast-global-color-5)","background-image":"","background-repeat":"repeat","background-position":"center center","background-size":"auto","background-attachment":"scroll","background-type":"","background-media":"","overlay-type":"","overlay-color":"","overlay-opacity":"","overlay-gradient":""},"mobile":{"background-color":"var(--ast-global-color-5)","background-image":"","background-repeat":"repeat","background-position":"center center","background-size":"auto","background-attachment":"scroll","background-type":"","background-media":"","overlay-type":"","overlay-color":"","overlay-opacity":"","overlay-gradient":""}},"footnotes":""},"class_list":["post-4360","page","type-page","status-publish","hentry"],"_links":{"self":[{"href":"https:\/\/mueblesorts.com\/it\/wp-json\/wp\/v2\/pages\/4360","targetHints":{"allow":["GET"]}}],"collection":[{"href":"https:\/\/mueblesorts.com\/it\/wp-json\/wp\/v2\/pages"}],"about":[{"href":"https:\/\/mueblesorts.com\/it\/wp-json\/wp\/v2\/types\/page"}],"author":[{"embeddable":true,"href":"https:\/\/mueblesorts.com\/it\/wp-json\/wp\/v2\/users\/1"}],"replies":[{"embeddable":true,"href":"https:\/\/mueblesorts.com\/it\/wp-json\/wp\/v2\/comments?post=4360"}],"version-history":[{"count":1,"href":"https:\/\/mueblesorts.com\/it\/wp-json\/wp\/v2\/pages\/4360\/revisions"}],"predecessor-version":[{"id":4361,"href":"https:\/\/mueblesorts.com\/it\/wp-json\/wp\/v2\/pages\/4360\/revisions\/4361"}],"wp:attachment":[{"href":"https:\/\/mueblesorts.com\/it\/wp-json\/wp\/v2\/media?parent=4360"}],"curies":[{"name":"wp","href":"https:\/\/api.w.org\/{rel}","templated":true}]}}