{"id":5794,"date":"2025-10-01T06:42:08","date_gmt":"2025-10-01T04:42:08","guid":{"rendered":"https:\/\/mueblesorts.com\/non%20class\u00e9\/sourire-2\/"},"modified":"2025-12-23T15:40:03","modified_gmt":"2025-12-23T14:40:03","slug":"sourire-2","status":"publish","type":"product","link":"https:\/\/mueblesorts.com\/fr\/product-fr\/chambres-pour-adolescents\/lits-gigognes\/sourire-2\/","title":{"rendered":"Sourire 2"},"content":{"rendered":"<p data-start=\"670\" data-end=\"761\"><strong data-start=\"670\" data-end=\"759\">Lit gigogne avec des solutions compl\u00e8tes : repos, \u00e9tude et rangement dans un seul espace.<\/strong><\/p>\n<p data-start=\"763\" data-end=\"1218\">Cette composition ado rassemble tout ce dont vous avez besoin pour cr\u00e9er une chambre \u00e0 coucher pratique et organis\u00e9e. Le lit gigogne avec lit escamotable offre un deuxi\u00e8me lit toujours pr\u00eat pour les visiteurs ou les fr\u00e8res et s\u0153urs qui partagent la m\u00eame chambre, tandis que le module de support avec 6 cubes de rangement contient le plan de travail, ce qui vous permet de garder votre espace de travail propre et bien rang\u00e9. \u00c0 l&rsquo;autre extr\u00e9mit\u00e9, le pied en m\u00e9tal TEK ajoute un d\u00e9tail de design moderne et robuste.  <\/p>\n<p data-start=\"1220\" data-end=\"1464\">L&rsquo;ensemble est compl\u00e9t\u00e9 par des \u00e9tag\u00e8res murales avec et sans portes, parfaites pour les livres, la d\u00e9coration ou le mat\u00e9riel d&rsquo;\u00e9tude, et une armoire \u00e0 deux portes qui garantit la capacit\u00e9 n\u00e9cessaire pour organiser les v\u00eatements et garder la chambre \u00e0 coucher en ordre.<\/p>\n<p data-start=\"1466\" data-end=\"1499\"><strong data-start=\"1466\" data-end=\"1497\">Caract\u00e9ristiques principales :<\/strong><\/p>\n<ul data-start=\"1500\" data-end=\"1790\">\n<li data-start=\"1500\" data-end=\"1560\">\n<p data-start=\"1502\" data-end=\"1560\">Lit gigogne avec lit escamotable pour un deuxi\u00e8me lit d&rsquo;appoint.<\/p>\n<\/li>\n<li data-start=\"1561\" data-end=\"1610\">\n<p data-start=\"1563\" data-end=\"1610\">Module de support avec 6 bacs de stockage.<\/p>\n<\/li>\n<li data-start=\"1611\" data-end=\"1652\">\n<p data-start=\"1613\" data-end=\"1652\">Couverture d&rsquo;\u00e9tude pratique et fonctionnelle.<\/p>\n<\/li>\n<li data-start=\"1653\" data-end=\"1693\">\n<p data-start=\"1655\" data-end=\"1693\">Pied en m\u00e9tal TEK au design moderne.<\/p>\n<\/li>\n<li data-start=\"1694\" data-end=\"1739\">\n<p data-start=\"1696\" data-end=\"1739\">\u00c9tag\u00e8res murales ouvertes avec portes.<\/p>\n<\/li>\n<li data-start=\"1740\" data-end=\"1790\">\n<p data-start=\"1742\" data-end=\"1790\">Armoire \u00e0 2 portes pour les v\u00eatements et les accessoires.<\/p>\n<\/li>\n<\/ul>\n<p data-start=\"1792\" data-end=\"1809\"><strong data-start=\"1792\" data-end=\"1807\">Avantages :<\/strong><\/p>\n<ul data-start=\"1810\" data-end=\"2022\">\n<li data-start=\"1810\" data-end=\"1859\">\n<p data-start=\"1812\" data-end=\"1859\">Optimisation de l&rsquo;espace dans un seul assemblage.<\/p>\n<\/li>\n<li data-start=\"1860\" data-end=\"1913\">\n<p data-start=\"1862\" data-end=\"1913\">Espace de repos, d&rsquo;\u00e9tude et de rangement int\u00e9gr\u00e9.<\/p>\n<\/li>\n<li data-start=\"1914\" data-end=\"1969\">\n<p data-start=\"1916\" data-end=\"1969\">Solution id\u00e9ale pour les chambres d&rsquo;ado modernes.<\/p>\n<\/li>\n<li data-start=\"1970\" data-end=\"2022\">\n<p data-start=\"1972\" data-end=\"2022\">Conception polyvalente et durable pour une utilisation quotidienne.<\/p>\n<\/li>\n<\/ul>\n<p data-start=\"2024\" data-end=\"2173\">Cette composition de lit gigogne allie style, praticit\u00e9 et organisation pour cr\u00e9er une chambre \u00e0 coucher compl\u00e8te et confortable pour les ados, pleine de personnalit\u00e9.<\/p>\n","protected":false},"excerpt":{"rendered":"<p>Le lit gigogne avec lit escamotable est la solution id\u00e9ale pour les chambres d&rsquo;ado qui ont besoin de fonctionnalit\u00e9 et de style. Son design comprend un module de support avec 6 cubes de rangement qui accueille un plan de travail pratique, associ\u00e9 \u00e0 un pied en m\u00e9tal TEK aux lignes modernes. De plus, il incorpore des \u00e9tag\u00e8res murales avec ou sans portes pour organiser livres et objets, et une armoire \u00e0 2 portes pour les v\u00eatements, offrant ainsi un ensemble complet et polyvalent parfaitement adapt\u00e9 aux besoins quotidiens.  <\/p>\n","protected":false},"featured_media":4213,"template":"","meta":{"site-sidebar-layout":"default","site-content-layout":"","ast-site-content-layout":"default","site-content-style":"default","site-sidebar-style":"default","ast-global-header-display":"","ast-banner-title-visibility":"","ast-main-header-display":"","ast-hfb-above-header-display":"","ast-hfb-below-header-display":"","ast-hfb-mobile-header-display":"","site-post-title":"","ast-breadcrumbs-content":"","ast-featured-img":"","footer-sml-layout":"","theme-transparent-header-meta":"default","adv-header-id-meta":"","stick-header-meta":"","header-above-stick-meta":"","header-main-stick-meta":"","header-below-stick-meta":"","astra-migrate-meta-layouts":"default","ast-page-background-enabled":"default","ast-page-background-meta":{"desktop":{"background-color":"var(--ast-global-color-4)","background-image":"","background-repeat":"repeat","background-position":"center center","background-size":"auto","background-attachment":"scroll","background-type":"","background-media":"","overlay-type":"","overlay-color":"","overlay-opacity":"","overlay-gradient":""},"tablet":{"background-color":"","background-image":"","background-repeat":"repeat","background-position":"center center","background-size":"auto","background-attachment":"scroll","background-type":"","background-media":"","overlay-type":"","overlay-color":"","overlay-opacity":"","overlay-gradient":""},"mobile":{"background-color":"","background-image":"","background-repeat":"repeat","background-position":"center center","background-size":"auto","background-attachment":"scroll","background-type":"","background-media":"","overlay-type":"","overlay-color":"","overlay-opacity":"","overlay-gradient":""}},"ast-content-background-meta":{"desktop":{"background-color":"var(--ast-global-color-5)","background-image":"","background-repeat":"repeat","background-position":"center center","background-size":"auto","background-attachment":"scroll","background-type":"","background-media":"","overlay-type":"","overlay-color":"","overlay-opacity":"","overlay-gradient":""},"tablet":{"background-color":"var(--ast-global-color-5)","background-image":"","background-repeat":"repeat","background-position":"center center","background-size":"auto","background-attachment":"scroll","background-type":"","background-media":"","overlay-type":"","overlay-color":"","overlay-opacity":"","overlay-gradient":""},"mobile":{"background-color":"var(--ast-global-color-5)","background-image":"","background-repeat":"repeat","background-position":"center center","background-size":"auto","background-attachment":"scroll","background-type":"","background-media":"","overlay-type":"","overlay-color":"","overlay-opacity":"","overlay-gradient":""}}},"product_brand":[],"product_cat":[374],"product_tag":[],"class_list":{"0":"post-5794","1":"product","2":"type-product","3":"status-publish","4":"has-post-thumbnail","6":"product_cat-lits-gigognes","7":"desktop-align-left","8":"tablet-align-left","9":"mobile-align-left","11":"first","12":"instock","13":"shipping-taxable","14":"product-type-simple"},"_links":{"self":[{"href":"https:\/\/mueblesorts.com\/fr\/wp-json\/wp\/v2\/product\/5794","targetHints":{"allow":["GET"]}}],"collection":[{"href":"https:\/\/mueblesorts.com\/fr\/wp-json\/wp\/v2\/product"}],"about":[{"href":"https:\/\/mueblesorts.com\/fr\/wp-json\/wp\/v2\/types\/product"}],"version-history":[{"count":1,"href":"https:\/\/mueblesorts.com\/fr\/wp-json\/wp\/v2\/product\/5794\/revisions"}],"predecessor-version":[{"id":5996,"href":"https:\/\/mueblesorts.com\/fr\/wp-json\/wp\/v2\/product\/5794\/revisions\/5996"}],"wp:featuredmedia":[{"embeddable":true,"href":"https:\/\/mueblesorts.com\/fr\/wp-json\/wp\/v2\/media\/4213"}],"wp:attachment":[{"href":"https:\/\/mueblesorts.com\/fr\/wp-json\/wp\/v2\/media?parent=5794"}],"wp:term":[{"taxonomy":"product_brand","embeddable":true,"href":"https:\/\/mueblesorts.com\/fr\/wp-json\/wp\/v2\/product_brand?post=5794"},{"taxonomy":"product_cat","embeddable":true,"href":"https:\/\/mueblesorts.com\/fr\/wp-json\/wp\/v2\/product_cat?post=5794"},{"taxonomy":"product_tag","embeddable":true,"href":"https:\/\/mueblesorts.com\/fr\/wp-json\/wp\/v2\/product_tag?post=5794"}],"curies":[{"name":"wp","href":"https:\/\/api.w.org\/{rel}","templated":true}]}}