{"id":5785,"date":"2025-10-01T06:46:59","date_gmt":"2025-10-01T04:46:59","guid":{"rendered":"https:\/\/mueblesorts.com\/non%20class\u00e9\/sourire-1\/"},"modified":"2025-12-23T15:41:10","modified_gmt":"2025-12-23T14:41:10","slug":"sourire-1","status":"publish","type":"product","link":"https:\/\/mueblesorts.com\/fr\/product-fr\/chambres-pour-adolescents\/lits-gigognes\/sourire-1\/","title":{"rendered":"Sourire 1"},"content":{"rendered":"<p data-start=\"743\" data-end=\"1096\">Cette composition ado est con\u00e7ue pour tirer le meilleur parti de chaque recoin. Le lit gigogne \u00e0 4 compartiments offre une grande capacit\u00e9 de rangement, id\u00e9ale pour ranger le linge de lit, les jouets ou les effets personnels. A c\u00f4t\u00e9, une armoire \u00e0 2 portes et une table de chevet \u00e0 3 portes avec niche permettent de mettre de l&rsquo;ordre et de la souplesse dans l&rsquo;organisation quotidienne.  <\/p>\n<p data-start=\"1098\" data-end=\"1438\">L&rsquo;ensemble est compl\u00e9t\u00e9 par une \u00e9tag\u00e8re murale avec s\u00e9parateur, id\u00e9ale pour les livres, la d\u00e9coration ou les objets du quotidien. Le clou de l&rsquo;ensemble est la table murale pliante : une solution astucieuse qui vous permet de cr\u00e9er un espace d&rsquo;\u00e9tude ou de travail lorsque vous en avez besoin, puis de le lib\u00e9rer pour garder la chambre \u00e0 coucher d\u00e9gag\u00e9e et fonctionnelle. <\/p>\n<p data-start=\"1440\" data-end=\"1473\"><strong data-start=\"1440\" data-end=\"1471\">Caract\u00e9ristiques principales :<\/strong><\/p>\n<ul data-start=\"1474\" data-end=\"1704\">\n<li data-start=\"1474\" data-end=\"1525\">\n<p data-start=\"1476\" data-end=\"1525\">Lit gigogne avec 4 conteneurs de grande capacit\u00e9.<\/p>\n<\/li>\n<li data-start=\"1526\" data-end=\"1576\">\n<p data-start=\"1528\" data-end=\"1576\">Armoire \u00e0 2 portes pour les v\u00eatements et les accessoires.<\/p>\n<\/li>\n<li data-start=\"1577\" data-end=\"1619\">\n<p data-start=\"1579\" data-end=\"1619\">Armoire \u00e0 3 portes avec niche.<\/p>\n<\/li>\n<li data-start=\"1620\" data-end=\"1653\">\n<p data-start=\"1622\" data-end=\"1653\">Etag\u00e8re murale avec s\u00e9parateur.<\/p>\n<\/li>\n<li data-start=\"1654\" data-end=\"1704\">\n<p data-start=\"1656\" data-end=\"1704\">Table murale pliante pour l&rsquo;\u00e9tude ou le travail.<\/p>\n<\/li>\n<\/ul>\n<p data-start=\"1706\" data-end=\"1723\"><strong data-start=\"1706\" data-end=\"1721\">Avantages :<\/strong><\/p>\n<ul data-start=\"1724\" data-end=\"1951\">\n<li data-start=\"1724\" data-end=\"1778\">\n<p data-start=\"1726\" data-end=\"1778\">Optimisation de l&rsquo;espace dans les chambres d&rsquo;ado.<\/p>\n<\/li>\n<li data-start=\"1779\" data-end=\"1830\">\n<p data-start=\"1781\" data-end=\"1830\">Des rangements pratiques et accessibles dans chaque module.<\/p>\n<\/li>\n<li data-start=\"1831\" data-end=\"1899\">\n<p data-start=\"1833\" data-end=\"1899\">Espace de travail fonctionnel et flexible gr\u00e2ce \u00e0 la table pliante.<\/p>\n<\/li>\n<li data-start=\"1900\" data-end=\"1951\">\n<p data-start=\"1902\" data-end=\"1951\">Design moderne et adaptable \u00e0 diff\u00e9rents styles.<\/p>\n<\/li>\n<\/ul>\n<p data-start=\"1953\" data-end=\"2155\">Cette composition avec lit gigogne offre une chambre d&rsquo;ado compl\u00e8te, polyvalente et bien organis\u00e9e, id\u00e9ale pour ceux qui cherchent \u00e0 combiner repos, rangement et espace d&rsquo;\u00e9tude sans sacrifier le style.<\/p>\n","protected":false},"excerpt":{"rendered":"<p>Le lit gigogne avec 4 conteneurs est l&rsquo;option parfaite pour combiner repos et rangement dans le m\u00eame espace. L&rsquo;ensemble comprend une armoire \u00e0 2 portes, une armoire \u00e0 3 portes avec niche et une \u00e9tag\u00e8re murale avec s\u00e9parateur pour que tout soit bien organis\u00e9. Comme point fort, il incorpore une table murale pliante qui fournit une zone d&rsquo;\u00e9tude ou de travail pratique lorsque cela est n\u00e9cessaire, en maximisant l&rsquo;espace disponible et en apportant de la fonctionnalit\u00e9 \u00e0 la chambre \u00e0 coucher ado.  <\/p>\n","protected":false},"featured_media":4215,"template":"","meta":{"_angie_page":false,"site-sidebar-layout":"default","site-content-layout":"","ast-site-content-layout":"default","site-content-style":"default","site-sidebar-style":"default","ast-global-header-display":"","ast-banner-title-visibility":"","ast-main-header-display":"","ast-hfb-above-header-display":"","ast-hfb-below-header-display":"","ast-hfb-mobile-header-display":"","site-post-title":"","ast-breadcrumbs-content":"","ast-featured-img":"","footer-sml-layout":"","theme-transparent-header-meta":"default","adv-header-id-meta":"","stick-header-meta":"","header-above-stick-meta":"","header-main-stick-meta":"","header-below-stick-meta":"","astra-migrate-meta-layouts":"default","ast-page-background-enabled":"default","ast-page-background-meta":{"desktop":{"background-color":"var(--ast-global-color-4)","background-image":"","background-repeat":"repeat","background-position":"center center","background-size":"auto","background-attachment":"scroll","background-type":"","background-media":"","overlay-type":"","overlay-color":"","overlay-opacity":"","overlay-gradient":""},"tablet":{"background-color":"","background-image":"","background-repeat":"repeat","background-position":"center center","background-size":"auto","background-attachment":"scroll","background-type":"","background-media":"","overlay-type":"","overlay-color":"","overlay-opacity":"","overlay-gradient":""},"mobile":{"background-color":"","background-image":"","background-repeat":"repeat","background-position":"center center","background-size":"auto","background-attachment":"scroll","background-type":"","background-media":"","overlay-type":"","overlay-color":"","overlay-opacity":"","overlay-gradient":""}},"ast-content-background-meta":{"desktop":{"background-color":"var(--ast-global-color-5)","background-image":"","background-repeat":"repeat","background-position":"center center","background-size":"auto","background-attachment":"scroll","background-type":"","background-media":"","overlay-type":"","overlay-color":"","overlay-opacity":"","overlay-gradient":""},"tablet":{"background-color":"var(--ast-global-color-5)","background-image":"","background-repeat":"repeat","background-position":"center center","background-size":"auto","background-attachment":"scroll","background-type":"","background-media":"","overlay-type":"","overlay-color":"","overlay-opacity":"","overlay-gradient":""},"mobile":{"background-color":"var(--ast-global-color-5)","background-image":"","background-repeat":"repeat","background-position":"center center","background-size":"auto","background-attachment":"scroll","background-type":"","background-media":"","overlay-type":"","overlay-color":"","overlay-opacity":"","overlay-gradient":""}}},"product_brand":[],"product_cat":[374],"product_tag":[],"class_list":{"0":"post-5785","1":"product","2":"type-product","3":"status-publish","4":"has-post-thumbnail","6":"product_cat-lits-gigognes","7":"desktop-align-left","8":"tablet-align-left","9":"mobile-align-left","11":"first","12":"instock","13":"shipping-taxable","14":"product-type-simple"},"_links":{"self":[{"href":"https:\/\/mueblesorts.com\/fr\/wp-json\/wp\/v2\/product\/5785","targetHints":{"allow":["GET"]}}],"collection":[{"href":"https:\/\/mueblesorts.com\/fr\/wp-json\/wp\/v2\/product"}],"about":[{"href":"https:\/\/mueblesorts.com\/fr\/wp-json\/wp\/v2\/types\/product"}],"version-history":[{"count":1,"href":"https:\/\/mueblesorts.com\/fr\/wp-json\/wp\/v2\/product\/5785\/revisions"}],"predecessor-version":[{"id":6011,"href":"https:\/\/mueblesorts.com\/fr\/wp-json\/wp\/v2\/product\/5785\/revisions\/6011"}],"wp:featuredmedia":[{"embeddable":true,"href":"https:\/\/mueblesorts.com\/fr\/wp-json\/wp\/v2\/media\/4215"}],"wp:attachment":[{"href":"https:\/\/mueblesorts.com\/fr\/wp-json\/wp\/v2\/media?parent=5785"}],"wp:term":[{"taxonomy":"product_brand","embeddable":true,"href":"https:\/\/mueblesorts.com\/fr\/wp-json\/wp\/v2\/product_brand?post=5785"},{"taxonomy":"product_cat","embeddable":true,"href":"https:\/\/mueblesorts.com\/fr\/wp-json\/wp\/v2\/product_cat?post=5785"},{"taxonomy":"product_tag","embeddable":true,"href":"https:\/\/mueblesorts.com\/fr\/wp-json\/wp\/v2\/product_tag?post=5785"}],"curies":[{"name":"wp","href":"https:\/\/api.w.org\/{rel}","templated":true}]}}