{"id":5765,"date":"2025-10-01T06:34:28","date_gmt":"2025-10-01T04:34:28","guid":{"rendered":"https:\/\/mueblesorts.com\/non%20class\u00e9\/sourire-3\/"},"modified":"2025-12-23T15:40:15","modified_gmt":"2025-12-23T14:40:15","slug":"sourire-3","status":"publish","type":"product","link":"https:\/\/mueblesorts.com\/fr\/product-fr\/chambres-pour-adolescents\/lits-gigognes\/sourire-3\/","title":{"rendered":"Sourire 3"},"content":{"rendered":"<p data-start=\"662\" data-end=\"739\"><strong data-start=\"662\" data-end=\"737\">Lit gigogne aux solutions intelligentes : un design qui exploite tous les coins et recoins<\/strong><\/p>\n<p data-start=\"741\" data-end=\"1151\">Cette composition de lit gigogne est con\u00e7ue pour ceux qui recherchent la fonctionnalit\u00e9 et l&rsquo;organisation sans sacrifier le style. Elle comprend un lit gigogne et deux coffres de grande capacit\u00e9, parfaits pour garder la chambre bien rang\u00e9e. Sa couverture avec r\u00e9duction s&rsquo;adapte au coffre et un coffre sp\u00e9cial innovant avec porte vous permet d&rsquo;\u00e9conomiser le radiateur, en tirant le meilleur parti de l&rsquo;espace disponible sans compromettre le confort.  <\/p>\n<p data-start=\"1153\" data-end=\"1465\">La composition est compl\u00e9t\u00e9e par une \u00e9tag\u00e8re de biblioth\u00e8que pratique, une armoire \u00e0 2 portes avec 2 tiroirs qui garantit l&rsquo;ordre et la capacit\u00e9 de stockage, un miroir pleine longueur qui agrandit visuellement la pi\u00e8ce et une \u00e9tag\u00e8re avec des cintres et un \u00e9clairage LED qui ajoute de la fonctionnalit\u00e9 et une touche moderne \u00e0 l&rsquo;environnement.<\/p>\n<p data-start=\"1467\" data-end=\"1500\"><strong data-start=\"1467\" data-end=\"1498\">Caract\u00e9ristiques principales :<\/strong><\/p>\n<ul data-start=\"1501\" data-end=\"1822\">\n<li data-start=\"1501\" data-end=\"1546\">\n<p data-start=\"1503\" data-end=\"1546\">Lit gigogne avec 2 bottes de grande capacit\u00e9.<\/p>\n<\/li>\n<li data-start=\"1547\" data-end=\"1586\">\n<p data-start=\"1549\" data-end=\"1586\">Couverture avec r\u00e9duction pour la poitrine.<\/p>\n<\/li>\n<li data-start=\"1587\" data-end=\"1647\">\n<p data-start=\"1589\" data-end=\"1647\">Coffre sp\u00e9cial avec porte con\u00e7u pour \u00e9conomiser le radiateur.<\/p>\n<\/li>\n<li data-start=\"1648\" data-end=\"1697\">\n<p data-start=\"1650\" data-end=\"1697\">Etag\u00e8re de biblioth\u00e8que pour plus d&rsquo;organisation.<\/p>\n<\/li>\n<li data-start=\"1698\" data-end=\"1737\">\n<p data-start=\"1700\" data-end=\"1737\">Armoire \u00e0 2 portes avec 2 tiroirs.<\/p>\n<\/li>\n<li data-start=\"1738\" data-end=\"1766\">\n<p data-start=\"1740\" data-end=\"1766\">Miroir en pied.<\/p>\n<\/li>\n<li data-start=\"1767\" data-end=\"1822\">\n<p data-start=\"1769\" data-end=\"1822\">Etag\u00e8re avec cintres et \u00e9clairage LED int\u00e9gr\u00e9.<\/p>\n<\/li>\n<\/ul>\n<p data-start=\"1824\" data-end=\"1841\"><strong data-start=\"1824\" data-end=\"1839\">Avantages :<\/strong><\/p>\n<ul data-start=\"1842\" data-end=\"2061\">\n<li data-start=\"1842\" data-end=\"1902\">\n<p data-start=\"1844\" data-end=\"1902\">Des solutions de rangement adapt\u00e9es aux petits espaces.<\/p>\n<\/li>\n<li data-start=\"1903\" data-end=\"1954\">\n<p data-start=\"1905\" data-end=\"1954\">Une conception intelligente pour tirer le meilleur parti de chaque recoin.<\/p>\n<\/li>\n<li data-start=\"1955\" data-end=\"2001\">\n<p data-start=\"1957\" data-end=\"2001\">Composition pratique, fonctionnelle et moderne.<\/p>\n<\/li>\n<li data-start=\"2002\" data-end=\"2061\">\n<p data-start=\"2004\" data-end=\"2061\">Organisation int\u00e9grale avec des d\u00e9tails de confort et de style.<\/p>\n<\/li>\n<\/ul>\n<p data-start=\"2063\" data-end=\"2242\">Cette composition transforme toute chambre d&rsquo;ado en un espace ordonn\u00e9, lumineux et polyvalent, avec un design con\u00e7u pour s&rsquo;adapter aux besoins r\u00e9els de la vie quotidienne.<\/p>\n","protected":false},"excerpt":{"rendered":"<p>Le lit gigogne avec 2 bottes est une solution ado pratique et polyvalente qui se distingue par son design astucieux. Il comprend un couvercle avec r\u00e9duction pour le coffre, une \u00e9tag\u00e8re de biblioth\u00e8que et un coffre sp\u00e9cial avec une porte qui vous permet d&rsquo;\u00e9conomiser le radiateur sans perdre d&rsquo;espace de rangement. L&rsquo;ensemble est compl\u00e9t\u00e9 par une armoire \u00e0 2 portes et 2 tiroirs, un miroir en pied et une \u00e9tag\u00e8re avec cintres et \u00e9clairage LED, apportant fonctionnalit\u00e9, organisation et style moderne \u00e0 la chambre \u00e0 coucher.  <\/p>\n","protected":false},"featured_media":4206,"template":"","meta":{"_angie_page":false,"site-sidebar-layout":"default","site-content-layout":"","ast-site-content-layout":"default","site-content-style":"default","site-sidebar-style":"default","ast-global-header-display":"","ast-banner-title-visibility":"","ast-main-header-display":"","ast-hfb-above-header-display":"","ast-hfb-below-header-display":"","ast-hfb-mobile-header-display":"","site-post-title":"","ast-breadcrumbs-content":"","ast-featured-img":"","footer-sml-layout":"","theme-transparent-header-meta":"default","adv-header-id-meta":"","stick-header-meta":"","header-above-stick-meta":"","header-main-stick-meta":"","header-below-stick-meta":"","astra-migrate-meta-layouts":"default","ast-page-background-enabled":"default","ast-page-background-meta":{"desktop":{"background-color":"var(--ast-global-color-4)","background-image":"","background-repeat":"repeat","background-position":"center center","background-size":"auto","background-attachment":"scroll","background-type":"","background-media":"","overlay-type":"","overlay-color":"","overlay-opacity":"","overlay-gradient":""},"tablet":{"background-color":"","background-image":"","background-repeat":"repeat","background-position":"center center","background-size":"auto","background-attachment":"scroll","background-type":"","background-media":"","overlay-type":"","overlay-color":"","overlay-opacity":"","overlay-gradient":""},"mobile":{"background-color":"","background-image":"","background-repeat":"repeat","background-position":"center center","background-size":"auto","background-attachment":"scroll","background-type":"","background-media":"","overlay-type":"","overlay-color":"","overlay-opacity":"","overlay-gradient":""}},"ast-content-background-meta":{"desktop":{"background-color":"var(--ast-global-color-5)","background-image":"","background-repeat":"repeat","background-position":"center center","background-size":"auto","background-attachment":"scroll","background-type":"","background-media":"","overlay-type":"","overlay-color":"","overlay-opacity":"","overlay-gradient":""},"tablet":{"background-color":"var(--ast-global-color-5)","background-image":"","background-repeat":"repeat","background-position":"center center","background-size":"auto","background-attachment":"scroll","background-type":"","background-media":"","overlay-type":"","overlay-color":"","overlay-opacity":"","overlay-gradient":""},"mobile":{"background-color":"var(--ast-global-color-5)","background-image":"","background-repeat":"repeat","background-position":"center center","background-size":"auto","background-attachment":"scroll","background-type":"","background-media":"","overlay-type":"","overlay-color":"","overlay-opacity":"","overlay-gradient":""}}},"product_brand":[],"product_cat":[374],"product_tag":[],"class_list":{"0":"post-5765","1":"product","2":"type-product","3":"status-publish","4":"has-post-thumbnail","6":"product_cat-lits-gigognes","7":"desktop-align-left","8":"tablet-align-left","9":"mobile-align-left","11":"first","12":"instock","13":"shipping-taxable","14":"product-type-simple"},"_links":{"self":[{"href":"https:\/\/mueblesorts.com\/fr\/wp-json\/wp\/v2\/product\/5765","targetHints":{"allow":["GET"]}}],"collection":[{"href":"https:\/\/mueblesorts.com\/fr\/wp-json\/wp\/v2\/product"}],"about":[{"href":"https:\/\/mueblesorts.com\/fr\/wp-json\/wp\/v2\/types\/product"}],"version-history":[{"count":1,"href":"https:\/\/mueblesorts.com\/fr\/wp-json\/wp\/v2\/product\/5765\/revisions"}],"predecessor-version":[{"id":6000,"href":"https:\/\/mueblesorts.com\/fr\/wp-json\/wp\/v2\/product\/5765\/revisions\/6000"}],"wp:featuredmedia":[{"embeddable":true,"href":"https:\/\/mueblesorts.com\/fr\/wp-json\/wp\/v2\/media\/4206"}],"wp:attachment":[{"href":"https:\/\/mueblesorts.com\/fr\/wp-json\/wp\/v2\/media?parent=5765"}],"wp:term":[{"taxonomy":"product_brand","embeddable":true,"href":"https:\/\/mueblesorts.com\/fr\/wp-json\/wp\/v2\/product_brand?post=5765"},{"taxonomy":"product_cat","embeddable":true,"href":"https:\/\/mueblesorts.com\/fr\/wp-json\/wp\/v2\/product_cat?post=5765"},{"taxonomy":"product_tag","embeddable":true,"href":"https:\/\/mueblesorts.com\/fr\/wp-json\/wp\/v2\/product_tag?post=5765"}],"curies":[{"name":"wp","href":"https:\/\/api.w.org\/{rel}","templated":true}]}}