{"id":5739,"date":"2025-09-29T14:06:03","date_gmt":"2025-09-29T12:06:03","guid":{"rendered":"https:\/\/mueblesorts.com\/non%20class\u00e9\/sourire-5\/"},"modified":"2025-12-23T15:40:59","modified_gmt":"2025-12-23T14:40:59","slug":"sourire-5","status":"publish","type":"product","link":"https:\/\/mueblesorts.com\/fr\/product-fr\/chambres-pour-adolescents\/lits-gigognes\/sourire-5\/","title":{"rendered":"Sourire 5"},"content":{"rendered":"<p data-start=\"724\" data-end=\"1002\">Le lit gigogne avec 4 rangements est con\u00e7u pour offrir une solution compl\u00e8te pour les chambres d&rsquo;ado. Sa frise prot\u00e8ge le mur et assure une continuit\u00e9 esth\u00e9tique, tandis que l&rsquo;armoire \u00e0 3 portes garantit un espace ample et bien organis\u00e9 pour les v\u00eatements et les objets personnels. <\/p>\n<p data-start=\"1004\" data-end=\"1358\">L&rsquo;ensemble se distingue par son coffre avec couvercle d&rsquo;\u00e9tude extractible et pivotant, qui transforme l&rsquo;unit\u00e9 en un espace de travail pratique adapt\u00e9 aux petits espaces. Il comprend \u00e9galement 2 conteneurs suppl\u00e9mentaires qui garantissent une capacit\u00e9 de stockage encore plus importante. Le tout r\u00e9uni dans un seul module, con\u00e7u pour allier fonctionnalit\u00e9, style et durabilit\u00e9.  <\/p>\n<p data-start=\"1360\" data-end=\"1393\"><strong data-start=\"1360\" data-end=\"1391\">Caract\u00e9ristiques principales :<\/strong><\/p>\n<ul data-start=\"1394\" data-end=\"1698\">\n<li data-start=\"1394\" data-end=\"1445\">\n<p data-start=\"1396\" data-end=\"1445\">Lit gigogne avec 4 conteneurs de grande capacit\u00e9.<\/p>\n<\/li>\n<li data-start=\"1446\" data-end=\"1508\">\n<p data-start=\"1448\" data-end=\"1508\">Frise de protection pour maintenir le mur en parfait \u00e9tat.<\/p>\n<\/li>\n<li data-start=\"1509\" data-end=\"1544\">\n<p data-start=\"1511\" data-end=\"1544\">Grande armoire \u00e0 3 portes.<\/p>\n<\/li>\n<li data-start=\"1545\" data-end=\"1597\">\n<p data-start=\"1547\" data-end=\"1597\">Coffre avec couvercle d&rsquo;\u00e9tude amovible et pivotant.<\/p>\n<\/li>\n<li data-start=\"1598\" data-end=\"1645\">\n<p data-start=\"1600\" data-end=\"1645\">2 conteneurs de stockage suppl\u00e9mentaires.<\/p>\n<\/li>\n<li data-start=\"1646\" data-end=\"1698\">\n<p data-start=\"1648\" data-end=\"1698\">Le tout dans un module pratique et compact.<\/p>\n<\/li>\n<\/ul>\n<p data-start=\"1700\" data-end=\"1717\"><strong data-start=\"1700\" data-end=\"1715\">Avantages :<\/strong><\/p>\n<ul data-start=\"1718\" data-end=\"1948\">\n<li data-start=\"1718\" data-end=\"1776\">\n<p data-start=\"1720\" data-end=\"1776\">Solution compl\u00e8te pour la relaxation, l&rsquo;\u00e9tude et l&rsquo;organisation.<\/p>\n<\/li>\n<li data-start=\"1777\" data-end=\"1828\">\n<p data-start=\"1779\" data-end=\"1828\">Peu encombrant et multifonctionnel.<\/p>\n<\/li>\n<li data-start=\"1829\" data-end=\"1901\">\n<p data-start=\"1831\" data-end=\"1901\">Grande capacit\u00e9 de rangement pour les v\u00eatements, les livres et les objets personnels.<\/p>\n<\/li>\n<li data-start=\"1902\" data-end=\"1948\">\n<p data-start=\"1904\" data-end=\"1948\">Un style moderne et durable pour un usage quotidien.<\/p>\n<\/li>\n<\/ul>\n<p data-start=\"1950\" data-end=\"2098\">Le lit gigogne avec coffre pivotant et armoire est parfait pour ceux qui recherchent une chambre d&rsquo;ado compl\u00e8te, ordonn\u00e9e et polyvalente en un seul \u00e9l\u00e9ment.<\/p>\n","protected":false},"excerpt":{"rendered":"<p>Le lit gigogne avec 4 conteneurs est une solution pratique et moderne pour les chambres d&rsquo;ado. Il comprend une frise qui prot\u00e8ge le mur et une armoire \u00e0 3 portes qui offre une grande capacit\u00e9 de rangement. En outre, il dispose d&rsquo;un coffre avec un couvercle d&rsquo;\u00e9tude amovible et rotatif, accompagn\u00e9 de 2 conteneurs suppl\u00e9mentaires pour garder le tout en ordre. L&rsquo;ensemble est pr\u00e9sent\u00e9 dans un seul module compact qui combine d\u00e9tente, \u00e9tude et organisation dans un design fonctionnel et durable.   <\/p>\n","protected":false},"featured_media":4191,"template":"","meta":{"_angie_page":false,"site-sidebar-layout":"default","site-content-layout":"","ast-site-content-layout":"default","site-content-style":"default","site-sidebar-style":"default","ast-global-header-display":"","ast-banner-title-visibility":"","ast-main-header-display":"","ast-hfb-above-header-display":"","ast-hfb-below-header-display":"","ast-hfb-mobile-header-display":"","site-post-title":"","ast-breadcrumbs-content":"","ast-featured-img":"","footer-sml-layout":"","theme-transparent-header-meta":"default","adv-header-id-meta":"","stick-header-meta":"","header-above-stick-meta":"","header-main-stick-meta":"","header-below-stick-meta":"","astra-migrate-meta-layouts":"default","ast-page-background-enabled":"default","ast-page-background-meta":{"desktop":{"background-color":"var(--ast-global-color-4)","background-image":"","background-repeat":"repeat","background-position":"center center","background-size":"auto","background-attachment":"scroll","background-type":"","background-media":"","overlay-type":"","overlay-color":"","overlay-opacity":"","overlay-gradient":""},"tablet":{"background-color":"","background-image":"","background-repeat":"repeat","background-position":"center center","background-size":"auto","background-attachment":"scroll","background-type":"","background-media":"","overlay-type":"","overlay-color":"","overlay-opacity":"","overlay-gradient":""},"mobile":{"background-color":"","background-image":"","background-repeat":"repeat","background-position":"center center","background-size":"auto","background-attachment":"scroll","background-type":"","background-media":"","overlay-type":"","overlay-color":"","overlay-opacity":"","overlay-gradient":""}},"ast-content-background-meta":{"desktop":{"background-color":"var(--ast-global-color-5)","background-image":"","background-repeat":"repeat","background-position":"center center","background-size":"auto","background-attachment":"scroll","background-type":"","background-media":"","overlay-type":"","overlay-color":"","overlay-opacity":"","overlay-gradient":""},"tablet":{"background-color":"var(--ast-global-color-5)","background-image":"","background-repeat":"repeat","background-position":"center center","background-size":"auto","background-attachment":"scroll","background-type":"","background-media":"","overlay-type":"","overlay-color":"","overlay-opacity":"","overlay-gradient":""},"mobile":{"background-color":"var(--ast-global-color-5)","background-image":"","background-repeat":"repeat","background-position":"center center","background-size":"auto","background-attachment":"scroll","background-type":"","background-media":"","overlay-type":"","overlay-color":"","overlay-opacity":"","overlay-gradient":""}}},"product_brand":[],"product_cat":[374],"product_tag":[],"class_list":{"0":"post-5739","1":"product","2":"type-product","3":"status-publish","4":"has-post-thumbnail","6":"product_cat-lits-gigognes","7":"desktop-align-left","8":"tablet-align-left","9":"mobile-align-left","11":"first","12":"instock","13":"shipping-taxable","14":"product-type-simple"},"_links":{"self":[{"href":"https:\/\/mueblesorts.com\/fr\/wp-json\/wp\/v2\/product\/5739","targetHints":{"allow":["GET"]}}],"collection":[{"href":"https:\/\/mueblesorts.com\/fr\/wp-json\/wp\/v2\/product"}],"about":[{"href":"https:\/\/mueblesorts.com\/fr\/wp-json\/wp\/v2\/types\/product"}],"version-history":[{"count":1,"href":"https:\/\/mueblesorts.com\/fr\/wp-json\/wp\/v2\/product\/5739\/revisions"}],"predecessor-version":[{"id":6009,"href":"https:\/\/mueblesorts.com\/fr\/wp-json\/wp\/v2\/product\/5739\/revisions\/6009"}],"wp:featuredmedia":[{"embeddable":true,"href":"https:\/\/mueblesorts.com\/fr\/wp-json\/wp\/v2\/media\/4191"}],"wp:attachment":[{"href":"https:\/\/mueblesorts.com\/fr\/wp-json\/wp\/v2\/media?parent=5739"}],"wp:term":[{"taxonomy":"product_brand","embeddable":true,"href":"https:\/\/mueblesorts.com\/fr\/wp-json\/wp\/v2\/product_brand?post=5739"},{"taxonomy":"product_cat","embeddable":true,"href":"https:\/\/mueblesorts.com\/fr\/wp-json\/wp\/v2\/product_cat?post=5739"},{"taxonomy":"product_tag","embeddable":true,"href":"https:\/\/mueblesorts.com\/fr\/wp-json\/wp\/v2\/product_tag?post=5739"}],"curies":[{"name":"wp","href":"https:\/\/api.w.org\/{rel}","templated":true}]}}