{"id":5713,"date":"2025-09-29T13:32:41","date_gmt":"2025-09-29T11:32:41","guid":{"rendered":"https:\/\/mueblesorts.com\/non%20class\u00e9\/sourire-6\/"},"modified":"2025-12-23T15:40:56","modified_gmt":"2025-12-23T14:40:56","slug":"sourire-6","status":"publish","type":"product","link":"https:\/\/mueblesorts.com\/fr\/product-fr\/chambres-pour-adolescents\/lits-gigognes\/sourire-6\/","title":{"rendered":"Sourire 6"},"content":{"rendered":"<p data-start=\"651\" data-end=\"743\"><strong data-start=\"651\" data-end=\"741\">Lit gigogne avec lit d&rsquo;appoint et armoire \u00e9clair\u00e9e : un design ado et parfaitement fonctionnel.<\/strong><\/p>\n<p data-start=\"745\" data-end=\"1062\">Le lit gigogne avec lit escamotable est con\u00e7u pour offrir un repos suppl\u00e9mentaire et optimiser l&rsquo;espace dans les chambres d&rsquo;ado. La composition comprend un bureau mural pratique, id\u00e9al pour l&rsquo;\u00e9tude ou le t\u00e9l\u00e9travail, ainsi qu&rsquo;un module \u00e0 roulettes avec 3 tiroirs qui facilite la mobilit\u00e9 et le rangement. <\/p>\n<p data-start=\"1064\" data-end=\"1359\">Les \u00e9tag\u00e8res avec cadre m\u00e9tallique permettent de configurer la biblioth\u00e8que sur mesure, en s&rsquo;adaptant au style et aux besoins de chaque client, tandis que l&rsquo;armoire d&rsquo;angle droite avec portes pliantes est dot\u00e9e d&rsquo;un \u00e9clairage LED int\u00e9rieur, apportant confort, espace visuel et une touche moderne \u00e0 la chambre \u00e0 coucher.<\/p>\n<p data-start=\"1361\" data-end=\"1536\">Avec un design moderne et multifonctionnel, cette proposition int\u00e8gre dans un m\u00eame ensemble un espace de repos, de rangement et d&rsquo;\u00e9tude, garantissant durabilit\u00e9 et style au quotidien.<\/p>\n<p data-start=\"1538\" data-end=\"1571\"><strong data-start=\"1538\" data-end=\"1569\">Caract\u00e9ristiques principales :<\/strong><\/p>\n<ul data-start=\"1572\" data-end=\"1881\">\n<li data-start=\"1572\" data-end=\"1640\">\n<p data-start=\"1574\" data-end=\"1640\">Lit gigogne avec lit escamotable pour une plus grande capacit\u00e9 de couchage.<\/p>\n<\/li>\n<li data-start=\"1641\" data-end=\"1694\">\n<p data-start=\"1643\" data-end=\"1694\">Bureau mural fonctionnel et compact.<\/p>\n<\/li>\n<li data-start=\"1695\" data-end=\"1756\">\n<p data-start=\"1697\" data-end=\"1756\">Armoire \u00e0 roulettes avec 3 tiroirs pour une organisation flexible.<\/p>\n<\/li>\n<li data-start=\"1757\" data-end=\"1806\">\n<p data-start=\"1759\" data-end=\"1806\">\u00c9tag\u00e8res avec cadres m\u00e9talliques configurables.<\/p>\n<\/li>\n<li data-start=\"1807\" data-end=\"1881\">\n<p data-start=\"1809\" data-end=\"1881\">Armoire d&rsquo;angle droite avec portes pliantes et \u00e9clairage int\u00e9rieur LED.<\/p>\n<\/li>\n<\/ul>\n<p data-start=\"1883\" data-end=\"1900\"><strong data-start=\"1883\" data-end=\"1898\">Avantages :<\/strong><\/p>\n<ul data-start=\"1901\" data-end=\"2130\">\n<li data-start=\"1901\" data-end=\"1975\">\n<p data-start=\"1903\" data-end=\"1975\">Solution int\u00e9grale : repos, \u00e9tude et rangement dans le m\u00eame espace.<\/p>\n<\/li>\n<li data-start=\"1976\" data-end=\"2028\">\n<p data-start=\"1978\" data-end=\"2028\">Personnalisation gr\u00e2ce \u00e0 des \u00e9tag\u00e8res configurables.<\/p>\n<\/li>\n<li data-start=\"2029\" data-end=\"2089\">\n<p data-start=\"2031\" data-end=\"2089\">Utilisation optimale de l&rsquo;angle avec un placard \u00e9clair\u00e9.<\/p>\n<\/li>\n<li data-start=\"2090\" data-end=\"2130\">\n<p data-start=\"2092\" data-end=\"2130\">Conception moderne, pratique et durable.<\/p>\n<\/li>\n<\/ul>\n<p data-start=\"2132\" data-end=\"2278\">La composition avec lit gigogne et armoire \u00e9clair\u00e9e est parfaite pour cr\u00e9er une chambre \u00e0 coucher compl\u00e8te, fonctionnelle et de style contemporain pour les ados.<\/p>\n","protected":false},"excerpt":{"rendered":"<p>Le lit gigogne avec lit escamotable est une solution pratique et polyvalente pour les chambres d&rsquo;ado. Il est accompagn\u00e9 d&rsquo;un bureau mural et d&rsquo;un module \u00e0 roulettes avec 3 tiroirs, qui apportent fonctionnalit\u00e9 et ordre dans le bureau. Les \u00e9tag\u00e8res \u00e0 cadre m\u00e9tallique peuvent \u00eatre configur\u00e9es selon les besoins du client, offrant ainsi un design personnalisable. L&rsquo;ensemble est compl\u00e9t\u00e9 par une armoire d&rsquo;angle droite avec portes pliantes et \u00e9clairage LED int\u00e9rieur, qui permet de tirer le meilleur parti de l&rsquo;espace.   <\/p>\n","protected":false},"featured_media":4187,"template":"","meta":{"_angie_page":false,"site-sidebar-layout":"default","site-content-layout":"","ast-site-content-layout":"default","site-content-style":"default","site-sidebar-style":"default","ast-global-header-display":"","ast-banner-title-visibility":"","ast-main-header-display":"","ast-hfb-above-header-display":"","ast-hfb-below-header-display":"","ast-hfb-mobile-header-display":"","site-post-title":"","ast-breadcrumbs-content":"","ast-featured-img":"","footer-sml-layout":"","theme-transparent-header-meta":"default","adv-header-id-meta":"","stick-header-meta":"","header-above-stick-meta":"","header-main-stick-meta":"","header-below-stick-meta":"","astra-migrate-meta-layouts":"default","ast-page-background-enabled":"default","ast-page-background-meta":{"desktop":{"background-color":"var(--ast-global-color-4)","background-image":"","background-repeat":"repeat","background-position":"center center","background-size":"auto","background-attachment":"scroll","background-type":"","background-media":"","overlay-type":"","overlay-color":"","overlay-opacity":"","overlay-gradient":""},"tablet":{"background-color":"","background-image":"","background-repeat":"repeat","background-position":"center center","background-size":"auto","background-attachment":"scroll","background-type":"","background-media":"","overlay-type":"","overlay-color":"","overlay-opacity":"","overlay-gradient":""},"mobile":{"background-color":"","background-image":"","background-repeat":"repeat","background-position":"center center","background-size":"auto","background-attachment":"scroll","background-type":"","background-media":"","overlay-type":"","overlay-color":"","overlay-opacity":"","overlay-gradient":""}},"ast-content-background-meta":{"desktop":{"background-color":"var(--ast-global-color-5)","background-image":"","background-repeat":"repeat","background-position":"center center","background-size":"auto","background-attachment":"scroll","background-type":"","background-media":"","overlay-type":"","overlay-color":"","overlay-opacity":"","overlay-gradient":""},"tablet":{"background-color":"var(--ast-global-color-5)","background-image":"","background-repeat":"repeat","background-position":"center center","background-size":"auto","background-attachment":"scroll","background-type":"","background-media":"","overlay-type":"","overlay-color":"","overlay-opacity":"","overlay-gradient":""},"mobile":{"background-color":"var(--ast-global-color-5)","background-image":"","background-repeat":"repeat","background-position":"center center","background-size":"auto","background-attachment":"scroll","background-type":"","background-media":"","overlay-type":"","overlay-color":"","overlay-opacity":"","overlay-gradient":""}}},"product_brand":[],"product_cat":[374],"product_tag":[],"class_list":{"0":"post-5713","1":"product","2":"type-product","3":"status-publish","4":"has-post-thumbnail","6":"product_cat-lits-gigognes","7":"desktop-align-left","8":"tablet-align-left","9":"mobile-align-left","11":"first","12":"instock","13":"shipping-taxable","14":"product-type-simple"},"_links":{"self":[{"href":"https:\/\/mueblesorts.com\/fr\/wp-json\/wp\/v2\/product\/5713","targetHints":{"allow":["GET"]}}],"collection":[{"href":"https:\/\/mueblesorts.com\/fr\/wp-json\/wp\/v2\/product"}],"about":[{"href":"https:\/\/mueblesorts.com\/fr\/wp-json\/wp\/v2\/types\/product"}],"version-history":[{"count":1,"href":"https:\/\/mueblesorts.com\/fr\/wp-json\/wp\/v2\/product\/5713\/revisions"}],"predecessor-version":[{"id":6008,"href":"https:\/\/mueblesorts.com\/fr\/wp-json\/wp\/v2\/product\/5713\/revisions\/6008"}],"wp:featuredmedia":[{"embeddable":true,"href":"https:\/\/mueblesorts.com\/fr\/wp-json\/wp\/v2\/media\/4187"}],"wp:attachment":[{"href":"https:\/\/mueblesorts.com\/fr\/wp-json\/wp\/v2\/media?parent=5713"}],"wp:term":[{"taxonomy":"product_brand","embeddable":true,"href":"https:\/\/mueblesorts.com\/fr\/wp-json\/wp\/v2\/product_brand?post=5713"},{"taxonomy":"product_cat","embeddable":true,"href":"https:\/\/mueblesorts.com\/fr\/wp-json\/wp\/v2\/product_cat?post=5713"},{"taxonomy":"product_tag","embeddable":true,"href":"https:\/\/mueblesorts.com\/fr\/wp-json\/wp\/v2\/product_tag?post=5713"}],"curies":[{"name":"wp","href":"https:\/\/api.w.org\/{rel}","templated":true}]}}