{"id":5661,"date":"2025-09-29T08:53:34","date_gmt":"2025-09-29T06:53:34","guid":{"rendered":"https:\/\/mueblesorts.com\/non%20class\u00e9\/sourire-10\/"},"modified":"2025-12-23T15:40:47","modified_gmt":"2025-12-23T14:40:47","slug":"sourire-10","status":"publish","type":"product","link":"https:\/\/mueblesorts.com\/fr\/product-fr\/chambres-pour-adolescents\/lits-gigognes\/sourire-10\/","title":{"rendered":"Sourire 10"},"content":{"rendered":"<p data-start=\"658\" data-end=\"745\"><strong data-start=\"658\" data-end=\"743\">Lit gigogne avec rangement et bureau : design int\u00e9gr\u00e9 pour les chambres d&rsquo;ado<\/strong><\/p>\n<p data-start=\"747\" data-end=\"1279\">Le lit gigogne avec 2 bottes est con\u00e7u pour offrir repos, fonctionnalit\u00e9 et style dans un m\u00eame espace. Cet ensemble comprend une table de chevet avec 4 tiroirs et un espace de rangement suppl\u00e9mentaire, un pont qui assure la continuit\u00e9 avec l&rsquo;armoire avec un support lat\u00e9ral en m\u00e9tal int\u00e9gr\u00e9, et un bureau pratique avec un bloc-tiroirs, parfait comme espace d&rsquo;\u00e9tude. La composition est compl\u00e9t\u00e9e par des \u00e9tag\u00e8res murales, ouvertes ou \u00e0 portes, qui facilitent l&rsquo;organisation des livres, des objets personnels et des \u00e9l\u00e9ments d\u00e9coratifs.  <\/p>\n<p data-start=\"1281\" data-end=\"1634\">Gr\u00e2ce \u00e0 son design ado et polyvalent, cette solution s&rsquo;adapte \u00e0 diff\u00e9rents styles de d\u00e9coration, en cr\u00e9ant un environnement confortable, organis\u00e9 et moderne. La qualit\u00e9 des mat\u00e9riaux et la robustesse de la structure garantissent une durabilit\u00e9 dans l&rsquo;utilisation quotidienne, ce qui en fait une option id\u00e9ale pour les espaces compacts qui doivent tirer le meilleur parti de chaque recoin. <\/p>\n<p data-start=\"1636\" data-end=\"1669\"><strong data-start=\"1636\" data-end=\"1667\">Caract\u00e9ristiques principales :<\/strong><\/p>\n<ul data-start=\"1670\" data-end=\"1973\">\n<li data-start=\"1670\" data-end=\"1715\">\n<p data-start=\"1672\" data-end=\"1715\">Lit gigogne avec 2 bottes de grande capacit\u00e9.<\/p>\n<\/li>\n<li data-start=\"1716\" data-end=\"1779\">\n<p data-start=\"1718\" data-end=\"1779\">Armoire avec 4 tiroirs et espace de rangement suppl\u00e9mentaire.<\/p>\n<\/li>\n<li data-start=\"1780\" data-end=\"1851\">\n<p data-start=\"1782\" data-end=\"1851\">Pont avec support lat\u00e9ral en m\u00e9tal int\u00e9gr\u00e9 pour assurer la continuit\u00e9.<\/p>\n<\/li>\n<li data-start=\"1852\" data-end=\"1908\">\n<p data-start=\"1854\" data-end=\"1908\">Bureau avec bloc-tiroirs pour l&rsquo;\u00e9tude ou le travail.<\/p>\n<\/li>\n<li data-start=\"1909\" data-end=\"1973\">\n<p data-start=\"1911\" data-end=\"1973\">Etag\u00e8res murales avec ou sans portes pour une meilleure organisation.<\/p>\n<\/li>\n<\/ul>\n<p data-start=\"1975\" data-end=\"1992\"><strong data-start=\"1975\" data-end=\"1990\">Avantages :<\/strong><\/p>\n<ul data-start=\"1993\" data-end=\"2248\">\n<li data-start=\"1993\" data-end=\"2071\">\n<p data-start=\"1995\" data-end=\"2071\">Optimisation de l&rsquo;espace gr\u00e2ce \u00e0 des solutions de repos, de rangement et d&rsquo;\u00e9tude.<\/p>\n<\/li>\n<li data-start=\"2072\" data-end=\"2132\">\n<p data-start=\"2074\" data-end=\"2132\">Le design moderne s&rsquo;adapte aux diff\u00e9rents styles d&rsquo;ado.<\/p>\n<\/li>\n<li data-start=\"2133\" data-end=\"2198\">\n<p data-start=\"2135\" data-end=\"2198\">Organisation pratique pour les v\u00eatements, les livres et les objets personnels.<\/p>\n<\/li>\n<li data-start=\"2199\" data-end=\"2248\">\n<p data-start=\"2201\" data-end=\"2248\">Durabilit\u00e9 et r\u00e9sistance pour un usage quotidien.<\/p>\n<\/li>\n<\/ul>\n<p data-start=\"2250\" data-end=\"2403\">La composition avec lit gigogne, bureau et solutions de rangement est parfaite pour cr\u00e9er une chambre d&rsquo;ado compl\u00e8te, fonctionnelle et \u00e9l\u00e9gante.<\/p>\n","protected":false},"excerpt":{"rendered":"<p>Le lit gigogne avec 2 bottes est une solution compl\u00e8te qui allie repos et organisation dans la chambre des ados. Il comprend un chevet pratique avec 4 tiroirs et un espace de rangement, ainsi qu&rsquo;un pont qui donne une continuit\u00e9 \u00e0 l&rsquo;armoire et un support lat\u00e9ral en m\u00e9tal int\u00e9gr\u00e9. Il dispose \u00e9galement d&rsquo;un bureau avec bloc-tiroirs et d&rsquo;\u00e9tag\u00e8res murales, avec ou sans portes, pour tout ranger. Un ensemble polyvalent et moderne, id\u00e9al pour optimiser l&rsquo;espace disponible.   <\/p>\n","protected":false},"featured_media":4106,"template":"","meta":{"_angie_page":false,"site-sidebar-layout":"default","site-content-layout":"","ast-site-content-layout":"default","site-content-style":"default","site-sidebar-style":"default","ast-global-header-display":"","ast-banner-title-visibility":"","ast-main-header-display":"","ast-hfb-above-header-display":"","ast-hfb-below-header-display":"","ast-hfb-mobile-header-display":"","site-post-title":"","ast-breadcrumbs-content":"","ast-featured-img":"","footer-sml-layout":"","theme-transparent-header-meta":"default","adv-header-id-meta":"","stick-header-meta":"","header-above-stick-meta":"","header-main-stick-meta":"","header-below-stick-meta":"","astra-migrate-meta-layouts":"default","ast-page-background-enabled":"default","ast-page-background-meta":{"desktop":{"background-color":"var(--ast-global-color-4)","background-image":"","background-repeat":"repeat","background-position":"center center","background-size":"auto","background-attachment":"scroll","background-type":"","background-media":"","overlay-type":"","overlay-color":"","overlay-opacity":"","overlay-gradient":""},"tablet":{"background-color":"","background-image":"","background-repeat":"repeat","background-position":"center center","background-size":"auto","background-attachment":"scroll","background-type":"","background-media":"","overlay-type":"","overlay-color":"","overlay-opacity":"","overlay-gradient":""},"mobile":{"background-color":"","background-image":"","background-repeat":"repeat","background-position":"center center","background-size":"auto","background-attachment":"scroll","background-type":"","background-media":"","overlay-type":"","overlay-color":"","overlay-opacity":"","overlay-gradient":""}},"ast-content-background-meta":{"desktop":{"background-color":"var(--ast-global-color-5)","background-image":"","background-repeat":"repeat","background-position":"center center","background-size":"auto","background-attachment":"scroll","background-type":"","background-media":"","overlay-type":"","overlay-color":"","overlay-opacity":"","overlay-gradient":""},"tablet":{"background-color":"var(--ast-global-color-5)","background-image":"","background-repeat":"repeat","background-position":"center center","background-size":"auto","background-attachment":"scroll","background-type":"","background-media":"","overlay-type":"","overlay-color":"","overlay-opacity":"","overlay-gradient":""},"mobile":{"background-color":"var(--ast-global-color-5)","background-image":"","background-repeat":"repeat","background-position":"center center","background-size":"auto","background-attachment":"scroll","background-type":"","background-media":"","overlay-type":"","overlay-color":"","overlay-opacity":"","overlay-gradient":""}}},"product_brand":[],"product_cat":[374],"product_tag":[],"class_list":{"0":"post-5661","1":"product","2":"type-product","3":"status-publish","4":"has-post-thumbnail","6":"product_cat-lits-gigognes","7":"desktop-align-left","8":"tablet-align-left","9":"mobile-align-left","11":"first","12":"instock","13":"shipping-taxable","14":"product-type-simple"},"_links":{"self":[{"href":"https:\/\/mueblesorts.com\/fr\/wp-json\/wp\/v2\/product\/5661","targetHints":{"allow":["GET"]}}],"collection":[{"href":"https:\/\/mueblesorts.com\/fr\/wp-json\/wp\/v2\/product"}],"about":[{"href":"https:\/\/mueblesorts.com\/fr\/wp-json\/wp\/v2\/types\/product"}],"version-history":[{"count":1,"href":"https:\/\/mueblesorts.com\/fr\/wp-json\/wp\/v2\/product\/5661\/revisions"}],"predecessor-version":[{"id":6005,"href":"https:\/\/mueblesorts.com\/fr\/wp-json\/wp\/v2\/product\/5661\/revisions\/6005"}],"wp:featuredmedia":[{"embeddable":true,"href":"https:\/\/mueblesorts.com\/fr\/wp-json\/wp\/v2\/media\/4106"}],"wp:attachment":[{"href":"https:\/\/mueblesorts.com\/fr\/wp-json\/wp\/v2\/media?parent=5661"}],"wp:term":[{"taxonomy":"product_brand","embeddable":true,"href":"https:\/\/mueblesorts.com\/fr\/wp-json\/wp\/v2\/product_brand?post=5661"},{"taxonomy":"product_cat","embeddable":true,"href":"https:\/\/mueblesorts.com\/fr\/wp-json\/wp\/v2\/product_cat?post=5661"},{"taxonomy":"product_tag","embeddable":true,"href":"https:\/\/mueblesorts.com\/fr\/wp-json\/wp\/v2\/product_tag?post=5661"}],"curies":[{"name":"wp","href":"https:\/\/api.w.org\/{rel}","templated":true}]}}