{"id":5627,"date":"2025-05-13T04:45:20","date_gmt":"2025-05-13T04:45:20","guid":{"rendered":"https:\/\/mueblesorts.com\/non%20class\u00e9\/lit-transformable\/"},"modified":"2025-12-04T10:16:05","modified_gmt":"2025-12-04T09:16:05","slug":"lit-transformable","status":"publish","type":"product","link":"https:\/\/mueblesorts.com\/fr\/product-fr\/chambres-denfants\/lits-evolutifs\/lit-transformable\/","title":{"rendered":"Lits \u00e9volutifs"},"content":{"rendered":"<p class=\"\" data-start=\"87\" data-end=\"169\"><strong data-start=\"90\" data-end=\"169\">Lits \u00e9volutifs: design fonctionnel et durable pour le sommeil de votre b\u00e9b\u00e9<\/strong><\/p>\n<p class=\"\" data-start=\"171\" data-end=\"468\">Le lits \u00e9volutifs est le choix id\u00e9al pour ceux qui recherchent une solution pratique, fonctionnelle et \u00e9l\u00e9gante pour le repos de leur b\u00e9b\u00e9. Son design <strong data-start=\"317\" data-end=\"332\">minimaliste<\/strong> et intemporel s&rsquo;adapte facilement \u00e0 tous les styles de d\u00e9coration, cr\u00e9ant une atmosph\u00e8re calme et harmonieuse dans la chambre de l&rsquo;enfant.<\/p>\n<p class=\"\" data-start=\"470\" data-end=\"856\">L&rsquo;une des caract\u00e9ristiques les plus remarquables de ce lit est son <strong data-start=\"531\" data-end=\"554\">syst\u00e8me convertible<\/strong>, qui permet de le transformer en lit lorsque l&rsquo;enfant grandit, ce qui garantit une utilisation \u00e0 long terme et un gain de place. En outre, son <strong data-start=\"683\" data-end=\"715\">tiroir de rangement inf\u00e9rieur<\/strong> offre un espace suppl\u00e9mentaire pour ranger la literie, les jouets ou d&rsquo;autres accessoires, ce qui permet de garder la chambre organis\u00e9e et sans encombrement.<\/p>\n<p class=\"\" data-start=\"858\" data-end=\"1182\">\u00c9quip\u00e9 de <strong data-start=\"871\" data-end=\"881\">roues de<\/strong> haute qualit\u00e9 pour une mobilit\u00e9 ais\u00e9e, ce lit d&rsquo;enfant s&rsquo;adapte efficacement aux besoins changeants de la vie quotidienne. Sa structure robuste est fabriqu\u00e9e \u00e0 partir de <strong data-start=\"1052\" data-end=\"1099\">mat\u00e9riaux durables et de bois certifi\u00e9<\/strong>, garantissant \u00e0 la fois la durabilit\u00e9 du produit et le respect de l&rsquo;environnement.<\/p>\n<p class=\"\" data-start=\"1184\" data-end=\"1525\">En outre, le lits \u00e9volutifs est conforme aux normes de <strong data-start=\"1226\" data-end=\"1260\">s\u00e9curit\u00e9 europ\u00e9ennes<\/strong>, ce qui garantit \u00e0 votre b\u00e9b\u00e9 un environnement de sommeil totalement s\u00fbr et sain. Ce lit est un choix parfait pour les parents qui recherchent des meubles <strong data-start=\"1428\" data-end=\"1441\">fonctionnels<\/strong>, <strong data-start=\"1443\" data-end=\"1455\">esth\u00e9tiques<\/strong>, <strong data-start=\"1458\" data-end=\"1473\">responsables<\/strong> du bien-\u00eatre de leur b\u00e9b\u00e9 et respectueux de la plan\u00e8te.<\/p>\n<p class=\"\" data-start=\"1527\" data-end=\"1561\"><strong data-start=\"1530\" data-end=\"1560\">Caract\u00e9ristiques principales<\/strong>:<\/p>\n<ul data-start=\"1562\" data-end=\"1837\">\n<li class=\"\" data-start=\"1562\" data-end=\"1633\">\n<p class=\"\" data-start=\"1564\" data-end=\"1633\"><strong data-start=\"1564\" data-end=\"1586\">Conception convertible<\/strong>: se transforme en lit au fur et \u00e0 mesure que b\u00e9b\u00e9 grandit.<\/p>\n<\/li>\n<li class=\"\" data-start=\"1634\" data-end=\"1681\">\n<p class=\"\" data-start=\"1636\" data-end=\"1681\"><strong data-start=\"1636\" data-end=\"1659\">Tiroir de rangement<\/strong> pour plus de commodit\u00e9.<\/p>\n<\/li>\n<li class=\"\" data-start=\"1682\" data-end=\"1716\">\n<p class=\"\" data-start=\"1684\" data-end=\"1716\"><strong data-start=\"1684\" data-end=\"1694\">Roues<\/strong> pour une mobilit\u00e9 ais\u00e9e.<\/p>\n<\/li>\n<li class=\"\" data-start=\"1717\" data-end=\"1785\">\n<p class=\"\" data-start=\"1719\" data-end=\"1785\">Fabriqu\u00e9 \u00e0 partir de <strong data-start=\"1733\" data-end=\"1759\">mat\u00e9riaux durables<\/strong> et de <strong data-start=\"1762\" data-end=\"1784\">bois certifi\u00e9<\/strong>.<\/p>\n<\/li>\n<li class=\"\" data-start=\"1786\" data-end=\"1837\">\n<p class=\"\" data-start=\"1788\" data-end=\"1837\">Conforme aux <strong data-start=\"1802\" data-end=\"1836\">normes de s\u00e9curit\u00e9 europ\u00e9ennes<\/strong>.<\/p>\n<\/li>\n<\/ul>\n<p class=\"\" data-start=\"1839\" data-end=\"1857\"><strong data-start=\"1842\" data-end=\"1856\">Avantages<\/strong>:<\/p>\n<ul data-start=\"1858\" data-end=\"2037\">\n<li class=\"\" data-start=\"1858\" data-end=\"1902\">\n<p class=\"\" data-start=\"1860\" data-end=\"1902\">Un gain de place gr\u00e2ce \u00e0 un design fonctionnel.<\/p>\n<\/li>\n<li class=\"\" data-start=\"1903\" data-end=\"1981\">\n<p class=\"\" data-start=\"1905\" data-end=\"1981\">Polyvalence pour s&rsquo;adapter aux diff\u00e9rentes \u00e9tapes de la croissance de b\u00e9b\u00e9.<\/p>\n<\/li>\n<li class=\"\" data-start=\"1982\" data-end=\"2037\">\n<p class=\"\" data-start=\"1984\" data-end=\"2037\">Un style intemporel qui s&rsquo;adapte \u00e0 tous les d\u00e9cors.<\/p>\n<\/li>\n<\/ul>\n<p class=\"\" data-start=\"2039\" data-end=\"2269\">Si vous \u00eates \u00e0 la recherche d&rsquo;un lits \u00e9volutifs qui allie design, s\u00e9curit\u00e9 et durabilit\u00e9, c&rsquo;est le choix id\u00e9al pour vous, qui fera de la chambre de votre b\u00e9b\u00e9 un espace plein de confort, de style et de responsabilit\u00e9 environnementale !<\/p>\n","protected":false},"excerpt":{"rendered":"<p class=\"\" data-start=\"202\" data-end=\"536\">Le l<span class=\"sc-imWYAI hXteRa\">its \u00e9volutifs<\/span> est parfait pour ceux qui recherchent la fonctionnalit\u00e9 et le style. Son design minimaliste s&rsquo;adapte \u00e0 tous les d\u00e9cors, et son tiroir inf\u00e9rieur pratique offre un espace de rangement suppl\u00e9mentaire pour les v\u00eatements ou les accessoires. Dot\u00e9 de roulettes pour une mobilit\u00e9 ais\u00e9e, il s&rsquo;adapte aux besoins quotidiens. Fabriqu\u00e9 \u00e0 partir de bois certifi\u00e9 et de mat\u00e9riaux durables, il est conforme aux normes de s\u00e9curit\u00e9 europ\u00e9ennes, garantissant un sommeil s\u00fbr et respectueux de l&rsquo;environnement. Id\u00e9al pour ceux qui appr\u00e9cient l&rsquo;esth\u00e9tique, la praticit\u00e9 et l&rsquo;engagement \u00e9cologique.<\/p>\n","protected":false},"featured_media":5628,"template":"","meta":{"_angie_page":false,"site-sidebar-layout":"default","site-content-layout":"","ast-site-content-layout":"default","site-content-style":"default","site-sidebar-style":"default","ast-global-header-display":"","ast-banner-title-visibility":"","ast-main-header-display":"","ast-hfb-above-header-display":"","ast-hfb-below-header-display":"","ast-hfb-mobile-header-display":"","site-post-title":"","ast-breadcrumbs-content":"","ast-featured-img":"","footer-sml-layout":"","theme-transparent-header-meta":"default","adv-header-id-meta":"","stick-header-meta":"","header-above-stick-meta":"","header-main-stick-meta":"","header-below-stick-meta":"","astra-migrate-meta-layouts":"set","ast-page-background-enabled":"default","ast-page-background-meta":{"desktop":{"background-color":"var(--ast-global-color-4)","background-image":"","background-repeat":"repeat","background-position":"center center","background-size":"auto","background-attachment":"scroll","background-type":"","background-media":"","overlay-type":"","overlay-color":"","overlay-opacity":"","overlay-gradient":""},"tablet":{"background-color":"","background-image":"","background-repeat":"repeat","background-position":"center center","background-size":"auto","background-attachment":"scroll","background-type":"","background-media":"","overlay-type":"","overlay-color":"","overlay-opacity":"","overlay-gradient":""},"mobile":{"background-color":"","background-image":"","background-repeat":"repeat","background-position":"center center","background-size":"auto","background-attachment":"scroll","background-type":"","background-media":"","overlay-type":"","overlay-color":"","overlay-opacity":"","overlay-gradient":""}},"ast-content-background-meta":{"desktop":{"background-color":"var(--ast-global-color-5)","background-image":"","background-repeat":"repeat","background-position":"center center","background-size":"auto","background-attachment":"scroll","background-type":"","background-media":"","overlay-type":"","overlay-color":"","overlay-opacity":"","overlay-gradient":""},"tablet":{"background-color":"var(--ast-global-color-5)","background-image":"","background-repeat":"repeat","background-position":"center center","background-size":"auto","background-attachment":"scroll","background-type":"","background-media":"","overlay-type":"","overlay-color":"","overlay-opacity":"","overlay-gradient":""},"mobile":{"background-color":"var(--ast-global-color-5)","background-image":"","background-repeat":"repeat","background-position":"center center","background-size":"auto","background-attachment":"scroll","background-type":"","background-media":"","overlay-type":"","overlay-color":"","overlay-opacity":"","overlay-gradient":""}}},"product_brand":[],"product_cat":[405],"product_tag":[],"class_list":{"0":"post-5627","1":"product","2":"type-product","3":"status-publish","4":"has-post-thumbnail","6":"product_cat-lits-evolutifs","7":"desktop-align-left","8":"tablet-align-left","9":"mobile-align-left","11":"first","12":"instock","13":"shipping-taxable","14":"product-type-simple"},"_links":{"self":[{"href":"https:\/\/mueblesorts.com\/fr\/wp-json\/wp\/v2\/product\/5627","targetHints":{"allow":["GET"]}}],"collection":[{"href":"https:\/\/mueblesorts.com\/fr\/wp-json\/wp\/v2\/product"}],"about":[{"href":"https:\/\/mueblesorts.com\/fr\/wp-json\/wp\/v2\/types\/product"}],"version-history":[{"count":2,"href":"https:\/\/mueblesorts.com\/fr\/wp-json\/wp\/v2\/product\/5627\/revisions"}],"predecessor-version":[{"id":5945,"href":"https:\/\/mueblesorts.com\/fr\/wp-json\/wp\/v2\/product\/5627\/revisions\/5945"}],"wp:featuredmedia":[{"embeddable":true,"href":"https:\/\/mueblesorts.com\/fr\/wp-json\/wp\/v2\/media\/5628"}],"wp:attachment":[{"href":"https:\/\/mueblesorts.com\/fr\/wp-json\/wp\/v2\/media?parent=5627"}],"wp:term":[{"taxonomy":"product_brand","embeddable":true,"href":"https:\/\/mueblesorts.com\/fr\/wp-json\/wp\/v2\/product_brand?post=5627"},{"taxonomy":"product_cat","embeddable":true,"href":"https:\/\/mueblesorts.com\/fr\/wp-json\/wp\/v2\/product_cat?post=5627"},{"taxonomy":"product_tag","embeddable":true,"href":"https:\/\/mueblesorts.com\/fr\/wp-json\/wp\/v2\/product_tag?post=5627"}],"curies":[{"name":"wp","href":"https:\/\/api.w.org\/{rel}","templated":true}]}}