{"id":5609,"date":"2025-05-12T15:09:11","date_gmt":"2025-05-12T15:09:11","guid":{"rendered":"https:\/\/mueblesorts.com\/non class\u00e9\/berceau-dari\/"},"modified":"2025-05-12T15:09:11","modified_gmt":"2025-05-12T13:09:11","slug":"berceau-dari","status":"publish","type":"product","link":"https:\/\/mueblesorts.com\/fr\/product-fr\/chambres-denfants\/lits-bebes\/berceau-dari\/","title":{"rendered":"Berceau d&rsquo;Ari"},"content":{"rendered":"<p class=\"\" data-start=\"250\" data-end=\"539\">Le lit Ari 120&#215;60 est une proposition fonctionnelle et polyvalente qui allie un design minimaliste \u00e0 des solutions pratiques pour un usage quotidien. Gr\u00e2ce \u00e0 son style neutre et contemporain, il s&rsquo;int\u00e8gre facilement dans n&rsquo;importe quel environnement pour enfants, qu&rsquo;il s&rsquo;agisse de chambres modernes ou de d\u00e9corations plus classiques. <\/p>\n<p class=\"\" data-start=\"541\" data-end=\"917\">Fabriqu\u00e9 en panneaux de particules de haute qualit\u00e9 et en rails de h\u00eatre massif, en finition cire naturelle ou laqu\u00e9 dans une gamme de couleurs soigneusement s\u00e9lectionn\u00e9es, le lit Ari offre un \u00e9quilibre parfait entre chaleur esth\u00e9tique et solidit\u00e9. Il comprend un tiroir inf\u00e9rieur pratique pour ranger les v\u00eatements ou les accessoires du lit, ainsi que des roues avec freins qui permettent de le d\u00e9placer confortablement dans la pi\u00e8ce. <\/p>\n<p class=\"\" data-start=\"919\" data-end=\"1250\">Il est conforme \u00e0 la norme de s\u00e9curit\u00e9 europ\u00e9enne UNE-EN716-1\/2:2028+AC:2019 et a \u00e9t\u00e9 con\u00e7u selon des crit\u00e8res d&rsquo;\u00e9co-conception, avec du bois provenant de sources durables. Le lit Ari refl\u00e8te l&rsquo;engagement de Muebles Orts en faveur de la s\u00e9curit\u00e9 des enfants et du respect de l&rsquo;environnement, sans sacrifier le design ou la fonctionnalit\u00e9. <\/p>\n<p class=\"\" data-start=\"1252\" data-end=\"1348\">Un lit d&rsquo;enfant con\u00e7u pour faciliter le quotidien, accompagner votre b\u00e9b\u00e9 avec style et prendre soin de la plan\u00e8te.<\/p>\n","protected":false},"excerpt":{"rendered":"<p class=\"\" data-start=\"202\" data-end=\"536\">Le lit Ari 120\u00d760 est un choix id\u00e9al pour ceux qui recherchent la fonctionnalit\u00e9 et le style pour le sommeil de leur b\u00e9b\u00e9. Son design minimaliste s&rsquo;int\u00e8gre facilement dans n&rsquo;importe quel d\u00e9cor, tandis que le tiroir du bas, tr\u00e8s pratique, offre un espace de rangement suppl\u00e9mentaire id\u00e9al pour la literie ou les accessoires. \u00c9quip\u00e9 de roulettes pour une mobilit\u00e9 ais\u00e9e, il s&rsquo;adapte confortablement aux besoins quotidiens. Fabriqu\u00e9 \u00e0 partir de mat\u00e9riaux durables et de bois certifi\u00e9, il est conforme aux normes de s\u00e9curit\u00e9 europ\u00e9ennes, ce qui en fait un choix pratique et esth\u00e9tique qui s&rsquo;inscrit dans une d\u00e9marche de bien-\u00eatre et de respect de l&rsquo;environnement.   <\/p>\n","protected":false},"featured_media":3652,"template":"","meta":{"_angie_page":false,"site-sidebar-layout":"default","site-content-layout":"","ast-site-content-layout":"default","site-content-style":"default","site-sidebar-style":"default","ast-global-header-display":"","ast-banner-title-visibility":"","ast-main-header-display":"","ast-hfb-above-header-display":"","ast-hfb-below-header-display":"","ast-hfb-mobile-header-display":"","site-post-title":"","ast-breadcrumbs-content":"","ast-featured-img":"","footer-sml-layout":"","theme-transparent-header-meta":"default","adv-header-id-meta":"","stick-header-meta":"","header-above-stick-meta":"","header-main-stick-meta":"","header-below-stick-meta":"","astra-migrate-meta-layouts":"default","ast-page-background-enabled":"default","ast-page-background-meta":{"desktop":{"background-color":"var(--ast-global-color-4)","background-image":"","background-repeat":"repeat","background-position":"center center","background-size":"auto","background-attachment":"scroll","background-type":"","background-media":"","overlay-type":"","overlay-color":"","overlay-opacity":"","overlay-gradient":""},"tablet":{"background-color":"","background-image":"","background-repeat":"repeat","background-position":"center center","background-size":"auto","background-attachment":"scroll","background-type":"","background-media":"","overlay-type":"","overlay-color":"","overlay-opacity":"","overlay-gradient":""},"mobile":{"background-color":"","background-image":"","background-repeat":"repeat","background-position":"center center","background-size":"auto","background-attachment":"scroll","background-type":"","background-media":"","overlay-type":"","overlay-color":"","overlay-opacity":"","overlay-gradient":""}},"ast-content-background-meta":{"desktop":{"background-color":"var(--ast-global-color-5)","background-image":"","background-repeat":"repeat","background-position":"center center","background-size":"auto","background-attachment":"scroll","background-type":"","background-media":"","overlay-type":"","overlay-color":"","overlay-opacity":"","overlay-gradient":""},"tablet":{"background-color":"var(--ast-global-color-5)","background-image":"","background-repeat":"repeat","background-position":"center center","background-size":"auto","background-attachment":"scroll","background-type":"","background-media":"","overlay-type":"","overlay-color":"","overlay-opacity":"","overlay-gradient":""},"mobile":{"background-color":"var(--ast-global-color-5)","background-image":"","background-repeat":"repeat","background-position":"center center","background-size":"auto","background-attachment":"scroll","background-type":"","background-media":"","overlay-type":"","overlay-color":"","overlay-opacity":"","overlay-gradient":""}}},"product_brand":[],"product_cat":[401],"product_tag":[],"class_list":{"0":"post-5609","1":"product","2":"type-product","3":"status-publish","4":"has-post-thumbnail","6":"product_cat-lits-bebes","7":"desktop-align-left","8":"tablet-align-left","9":"mobile-align-left","11":"first","12":"instock","13":"shipping-taxable","14":"product-type-simple"},"_links":{"self":[{"href":"https:\/\/mueblesorts.com\/fr\/wp-json\/wp\/v2\/product\/5609","targetHints":{"allow":["GET"]}}],"collection":[{"href":"https:\/\/mueblesorts.com\/fr\/wp-json\/wp\/v2\/product"}],"about":[{"href":"https:\/\/mueblesorts.com\/fr\/wp-json\/wp\/v2\/types\/product"}],"version-history":[{"count":0,"href":"https:\/\/mueblesorts.com\/fr\/wp-json\/wp\/v2\/product\/5609\/revisions"}],"wp:featuredmedia":[{"embeddable":true,"href":"https:\/\/mueblesorts.com\/fr\/wp-json\/wp\/v2\/media\/3652"}],"wp:attachment":[{"href":"https:\/\/mueblesorts.com\/fr\/wp-json\/wp\/v2\/media?parent=5609"}],"wp:term":[{"taxonomy":"product_brand","embeddable":true,"href":"https:\/\/mueblesorts.com\/fr\/wp-json\/wp\/v2\/product_brand?post=5609"},{"taxonomy":"product_cat","embeddable":true,"href":"https:\/\/mueblesorts.com\/fr\/wp-json\/wp\/v2\/product_cat?post=5609"},{"taxonomy":"product_tag","embeddable":true,"href":"https:\/\/mueblesorts.com\/fr\/wp-json\/wp\/v2\/product_tag?post=5609"}],"curies":[{"name":"wp","href":"https:\/\/api.w.org\/{rel}","templated":true}]}}