{"id":5605,"date":"2025-05-13T04:33:03","date_gmt":"2025-05-13T04:33:03","guid":{"rendered":"https:\/\/mueblesorts.com\/non%20class\u00e9\/lit-transformable-bicama\/"},"modified":"2025-12-04T10:19:25","modified_gmt":"2025-12-04T09:19:25","slug":"lit-transformable-bicama","status":"publish","type":"product","link":"https:\/\/mueblesorts.com\/fr\/product-fr\/chambres-denfants\/lits-evolutifs\/lit-transformable-bicama\/","title":{"rendered":"Lits \u00e9volutifs + depla\u00e7able"},"content":{"rendered":"<p class=\"\" data-start=\"177\" data-end=\"270\"><strong data-start=\"180\" data-end=\"270\">lits \u00e9volutifs avec lit superpos\u00e9 : design fonctionnel et durable pour le sommeil de votre b\u00e9b\u00e9<\/strong><\/p>\n<p class=\"\" data-start=\"272\" data-end=\"598\">Le <strong data-start=\"275\" data-end=\"306\">lits \u00e9volutifs<\/strong> avec lit superpos\u00e9 est le choix id\u00e9al pour les parents qui recherchent <strong data-start=\"352\" data-end=\"369\">fonctionnalit\u00e9<\/strong>, <strong data-start=\"371\" data-end=\"381\">style<\/strong> et <strong data-start=\"384\" data-end=\"397\">confort<\/strong> pour le sommeil de leur b\u00e9b\u00e9. Avec son <strong data-start=\"432\" data-end=\"454\">design minimaliste<\/strong> et intemporel, ce lit s&rsquo;adapte facilement \u00e0 tout type de d\u00e9coration, cr\u00e9ant une atmosph\u00e8re calme et chaleureuse dans la chambre de b\u00e9b\u00e9. <\/p>\n<p class=\"\" data-start=\"600\" data-end=\"947\">L&rsquo;un des principaux avantages de ce lit est son <strong data-start=\"651\" data-end=\"671\">lit superpos\u00e9 int\u00e9gr\u00e9<\/strong>, qui permet de disposer d&rsquo;un lit suppl\u00e9mentaire sous le lit lorsque l&rsquo;enfant grandit ou lorsqu&rsquo;il a besoin d&rsquo;un lit d&rsquo;appoint pour ses visiteurs. Ce lit est donc une solution pratique \u00e0 long terme, qui permet d&rsquo;\u00e9conomiser de l&rsquo;espace et de disposer d&rsquo;un meuble qui \u00e9volue avec les besoins de l&rsquo;enfant. <\/p>\n<p class=\"\" data-start=\"949\" data-end=\"1241\">En outre, son <strong data-start=\"960\" data-end=\"992\">tiroir de rangement inf\u00e9rieur<\/strong> est id\u00e9al pour ranger la literie, les couches, les jouets ou d&rsquo;autres accessoires, afin de garder la chambre organis\u00e9e et sans encombrement. Les <strong data-start=\"1129\" data-end=\"1139\">roues de<\/strong> haute qualit\u00e9 permettent de d\u00e9placer facilement le lit, ce qui le rend encore plus pratique pour une utilisation quotidienne. <\/p>\n<p class=\"\" data-start=\"1243\" data-end=\"1563\">Fabriqu\u00e9 avec des <strong data-start=\"1257\" data-end=\"1283\">mat\u00e9riaux durables<\/strong> et du <strong data-start=\"1286\" data-end=\"1308\">bois certifi\u00e9<\/strong>, ce lit d&rsquo;enfant est conforme \u00e0 la <strong data-start=\"1334\" data-end=\"1368\">norme de s\u00e9curit\u00e9 europ\u00e9enne<\/strong> UNE-EN716-1\/2:2028+AC:2019, garantissant un environnement s\u00fbr et sain pour le b\u00e9b\u00e9. Son design est non seulement pratique et esth\u00e9tique, mais aussi engag\u00e9 dans le <strong data-start=\"1529\" data-end=\"1562\">respect de l&rsquo;environnement<\/strong>. <\/p>\n<p class=\"\" data-start=\"1565\" data-end=\"1599\"><strong data-start=\"1568\" data-end=\"1598\">Caract\u00e9ristiques principales<\/strong>:<\/p>\n<ul data-start=\"1600\" data-end=\"1914\">\n<li class=\"\" data-start=\"1600\" data-end=\"1687\">\n<p class=\"\" data-start=\"1602\" data-end=\"1687\"><strong data-start=\"1602\" data-end=\"1633\">Lits \u00e9volutifs avec lit superpos\u00e9<\/strong>: comprend un lit suppl\u00e9mentaire pour plus de fonctionnalit\u00e9.<\/p>\n<\/li>\n<li class=\"\" data-start=\"1688\" data-end=\"1750\">\n<p class=\"\" data-start=\"1690\" data-end=\"1750\"><strong data-start=\"1690\" data-end=\"1713\">Tiroir de rangement<\/strong> pour le linge de lit, les accessoires et autres.<\/p>\n<\/li>\n<li class=\"\" data-start=\"1751\" data-end=\"1793\">\n<p class=\"\" data-start=\"1753\" data-end=\"1793\"><strong data-start=\"1753\" data-end=\"1763\">Roues<\/strong> pour faciliter le d\u00e9placement.<\/p>\n<\/li>\n<li class=\"\" data-start=\"1794\" data-end=\"1862\">\n<p class=\"\" data-start=\"1796\" data-end=\"1862\">Fabriqu\u00e9 \u00e0 partir de <strong data-start=\"1810\" data-end=\"1836\">mat\u00e9riaux durables<\/strong> et de <strong data-start=\"1839\" data-end=\"1861\">bois certifi\u00e9<\/strong>.<\/p>\n<\/li>\n<li class=\"\" data-start=\"1863\" data-end=\"1914\">\n<p class=\"\" data-start=\"1865\" data-end=\"1914\">Conforme aux <strong data-start=\"1879\" data-end=\"1913\">normes de s\u00e9curit\u00e9 europ\u00e9ennes<\/strong>.<\/p>\n<\/li>\n<\/ul>\n<p class=\"\" data-start=\"1916\" data-end=\"1934\"><strong data-start=\"1919\" data-end=\"1933\">Avantages<\/strong>:<\/p>\n<ul data-start=\"1935\" data-end=\"2206\">\n<li class=\"\" data-start=\"1935\" data-end=\"2001\">\n<p class=\"\" data-start=\"1937\" data-end=\"2001\">Le <strong data-start=\"1980\" data-end=\"1990\">lit superpos\u00e9<\/strong> suppl\u00e9mentaire permet de gagner de la place et d&rsquo;\u00eatre plus confortable.<\/p>\n<\/li>\n<li class=\"\" data-start=\"2002\" data-end=\"2062\">\n<p class=\"\" data-start=\"2004\" data-end=\"2062\">Adaptable aux diff\u00e9rentes \u00e9tapes de la croissance de b\u00e9b\u00e9.<\/p>\n<\/li>\n<li class=\"\" data-start=\"2063\" data-end=\"2129\">\n<p class=\"\" data-start=\"2065\" data-end=\"2129\">Un style polyvalent et intemporel qui s&rsquo;adapte \u00e0 tous les d\u00e9cors.<\/p>\n<\/li>\n<li class=\"\" data-start=\"2130\" data-end=\"2206\">\n<p class=\"\" data-start=\"2132\" data-end=\"2206\">Solution de rangement suppl\u00e9mentaire pour garder la pi\u00e8ce bien rang\u00e9e.<\/p>\n<\/li>\n<\/ul>\n<p class=\"\" data-start=\"2208\" data-end=\"2485\">Si vous \u00eates \u00e0 la recherche d&rsquo;un <strong data-start=\"2222\" data-end=\"2253\">lits \u00e9volutifs<\/strong> avec lit superpos\u00e9 qui offre <strong data-start=\"2266\" data-end=\"2279\">s\u00e9curit\u00e9<\/strong>, <strong data-start=\"2281\" data-end=\"2298\">fonctionnalit\u00e9<\/strong> et <strong data-start=\"2301\" data-end=\"2319\">durabilit\u00e9<\/strong>, c&rsquo;est le choix id\u00e9al pour vous. Rendez le sommeil de votre b\u00e9b\u00e9 confortable, s\u00fbr et pratique, tout en prenant soin de l&rsquo;environnement gr\u00e2ce \u00e0 des mat\u00e9riaux responsables ! <\/p>\n","protected":false},"excerpt":{"rendered":"<p class=\"\" data-start=\"202\" data-end=\"536\">Le <strong data-start=\"3\" data-end=\"30\">lit superpos\u00e9 convertible<\/strong> allie fonctionnalit\u00e9 et style avec un design moderne qui s&rsquo;int\u00e8gre dans n&rsquo;importe quelle pi\u00e8ce. Son <strong data-start=\"123\" data-end=\"133\">lit superpos\u00e9<\/strong> int\u00e9gr\u00e9 offre un lit suppl\u00e9mentaire, id\u00e9al pour un enfant en pleine croissance ou des visiteurs. Il comprend \u00e9galement un <strong data-start=\"236\" data-end=\"254\">tiroir inf\u00e9rieur<\/strong> pour ranger v\u00eatements et accessoires. Fabriqu\u00e9 \u00e0 partir de <strong data-start=\"317\" data-end=\"339\">bois certifi\u00e9<\/strong> et de <strong data-start=\"342\" data-end=\"368\">mat\u00e9riaux durables<\/strong>, il r\u00e9pond aux normes de s\u00e9curit\u00e9 europ\u00e9ennes, garantissant un environnement s\u00fbr et respectueux de l&rsquo;environnement. Parfait pour ceux qui appr\u00e9cient l&rsquo;esth\u00e9tique et le c\u00f4t\u00e9 pratique.    <\/p>\n","protected":false},"featured_media":5608,"template":"","meta":{"_angie_page":false,"site-sidebar-layout":"default","site-content-layout":"","ast-site-content-layout":"default","site-content-style":"default","site-sidebar-style":"default","ast-global-header-display":"","ast-banner-title-visibility":"","ast-main-header-display":"","ast-hfb-above-header-display":"","ast-hfb-below-header-display":"","ast-hfb-mobile-header-display":"","site-post-title":"","ast-breadcrumbs-content":"","ast-featured-img":"","footer-sml-layout":"","theme-transparent-header-meta":"default","adv-header-id-meta":"","stick-header-meta":"","header-above-stick-meta":"","header-main-stick-meta":"","header-below-stick-meta":"","astra-migrate-meta-layouts":"default","ast-page-background-enabled":"default","ast-page-background-meta":{"desktop":{"background-color":"var(--ast-global-color-4)","background-image":"","background-repeat":"repeat","background-position":"center center","background-size":"auto","background-attachment":"scroll","background-type":"","background-media":"","overlay-type":"","overlay-color":"","overlay-opacity":"","overlay-gradient":""},"tablet":{"background-color":"","background-image":"","background-repeat":"repeat","background-position":"center center","background-size":"auto","background-attachment":"scroll","background-type":"","background-media":"","overlay-type":"","overlay-color":"","overlay-opacity":"","overlay-gradient":""},"mobile":{"background-color":"","background-image":"","background-repeat":"repeat","background-position":"center center","background-size":"auto","background-attachment":"scroll","background-type":"","background-media":"","overlay-type":"","overlay-color":"","overlay-opacity":"","overlay-gradient":""}},"ast-content-background-meta":{"desktop":{"background-color":"var(--ast-global-color-5)","background-image":"","background-repeat":"repeat","background-position":"center center","background-size":"auto","background-attachment":"scroll","background-type":"","background-media":"","overlay-type":"","overlay-color":"","overlay-opacity":"","overlay-gradient":""},"tablet":{"background-color":"var(--ast-global-color-5)","background-image":"","background-repeat":"repeat","background-position":"center center","background-size":"auto","background-attachment":"scroll","background-type":"","background-media":"","overlay-type":"","overlay-color":"","overlay-opacity":"","overlay-gradient":""},"mobile":{"background-color":"var(--ast-global-color-5)","background-image":"","background-repeat":"repeat","background-position":"center center","background-size":"auto","background-attachment":"scroll","background-type":"","background-media":"","overlay-type":"","overlay-color":"","overlay-opacity":"","overlay-gradient":""}}},"product_brand":[],"product_cat":[405],"product_tag":[],"class_list":{"0":"post-5605","1":"product","2":"type-product","3":"status-publish","4":"has-post-thumbnail","6":"product_cat-lits-evolutifs","7":"desktop-align-left","8":"tablet-align-left","9":"mobile-align-left","11":"first","12":"instock","13":"shipping-taxable","14":"product-type-simple"},"_links":{"self":[{"href":"https:\/\/mueblesorts.com\/fr\/wp-json\/wp\/v2\/product\/5605","targetHints":{"allow":["GET"]}}],"collection":[{"href":"https:\/\/mueblesorts.com\/fr\/wp-json\/wp\/v2\/product"}],"about":[{"href":"https:\/\/mueblesorts.com\/fr\/wp-json\/wp\/v2\/types\/product"}],"version-history":[{"count":1,"href":"https:\/\/mueblesorts.com\/fr\/wp-json\/wp\/v2\/product\/5605\/revisions"}],"predecessor-version":[{"id":5946,"href":"https:\/\/mueblesorts.com\/fr\/wp-json\/wp\/v2\/product\/5605\/revisions\/5946"}],"wp:featuredmedia":[{"embeddable":true,"href":"https:\/\/mueblesorts.com\/fr\/wp-json\/wp\/v2\/media\/5608"}],"wp:attachment":[{"href":"https:\/\/mueblesorts.com\/fr\/wp-json\/wp\/v2\/media?parent=5605"}],"wp:term":[{"taxonomy":"product_brand","embeddable":true,"href":"https:\/\/mueblesorts.com\/fr\/wp-json\/wp\/v2\/product_brand?post=5605"},{"taxonomy":"product_cat","embeddable":true,"href":"https:\/\/mueblesorts.com\/fr\/wp-json\/wp\/v2\/product_cat?post=5605"},{"taxonomy":"product_tag","embeddable":true,"href":"https:\/\/mueblesorts.com\/fr\/wp-json\/wp\/v2\/product_tag?post=5605"}],"curies":[{"name":"wp","href":"https:\/\/api.w.org\/{rel}","templated":true}]}}