{"id":5590,"date":"2025-05-12T15:06:45","date_gmt":"2025-05-12T15:06:45","guid":{"rendered":"https:\/\/mueblesorts.com\/non class\u00e9\/berceau-nordik\/"},"modified":"2025-05-12T15:06:45","modified_gmt":"2025-05-12T13:06:45","slug":"berceau-nordik","status":"publish","type":"product","link":"https:\/\/mueblesorts.com\/fr\/product-fr\/chambres-denfants\/lits-bebes\/berceau-nordik\/","title":{"rendered":"Berceau Nordik"},"content":{"rendered":"<p class=\"\" data-start=\"202\" data-end=\"536\">Le lit d&rsquo;enfant Nordik 120&#215;60 est un choix id\u00e9al pour ceux qui recherchent un design \u00e9pur\u00e9 et fonctionnel et qui s&rsquo;engagent en faveur du d\u00e9veloppement durable. Son esth\u00e9tique d&rsquo;inspiration nordique et ses lignes \u00e9pur\u00e9es en font une pi\u00e8ce polyvalente qui s&rsquo;int\u00e8gre facilement dans tous les styles de d\u00e9coration, des plus modernes aux plus chaleureux et naturels. <\/p>\n<p class=\"\" data-start=\"538\" data-end=\"913\">Fabriqu\u00e9 en bois de h\u00eatre issu de for\u00eats g\u00e9r\u00e9es de mani\u00e8re responsable, le lit d&rsquo;enfant est disponible en finition cire pour mettre en valeur sa texture naturelle ou laqu\u00e9 dans plusieurs couleurs soigneusement s\u00e9lectionn\u00e9es. Il est \u00e9galement conforme \u00e0 la norme de s\u00e9curit\u00e9 europ\u00e9enne UNE-EN 716-1\/2:2028+AC:2019, garantissant un sommeil s\u00fbr \u00e0 b\u00e9b\u00e9 et la tranquillit\u00e9 d&rsquo;esprit des parents. <\/p>\n<p class=\"\" data-start=\"915\" data-end=\"1198\">Chez Muebles Orts, nous nous engageons en faveur d&rsquo;un design \u00e9cologique, de la conception \u00e0 la distribution de nos produits. C&rsquo;est pourquoi le lit d&rsquo;enfant Nordik se distingue non seulement par son style intemporel, mais aussi par le fait qu&rsquo;il s&rsquo;agit d&rsquo;un choix respectueux de l&rsquo;environnement, sans compromis sur la qualit\u00e9 ou le confort. <\/p>\n<p class=\"\" data-start=\"1200\" data-end=\"1264\">Avec Nordik, la conception durable commence d\u00e8s la petite enfance.<\/p>\n","protected":false},"excerpt":{"rendered":"<p class=\"\" data-start=\"117\" data-end=\"388\">Le lit d&rsquo;enfant Nordik 120\u00d760 allie le design nordique, la fonctionnalit\u00e9 et la durabilit\u00e9 en une seule pi\u00e8ce. Dot\u00e9 d&rsquo;une structure en h\u00eatre massif, avec une finition en cire naturelle ou laqu\u00e9e en diff\u00e9rentes couleurs, il se distingue par son style serein et son engagement \u00e9cologique. Fabriqu\u00e9e avec des mat\u00e9riaux certifi\u00e9s et selon des crit\u00e8res d&rsquo;\u00e9co-conception, elle est conforme \u00e0 la norme de s\u00e9curit\u00e9 UNE-EN716-1\/2:2028+AC:2019. Id\u00e9al pour ceux qui recherchent un lit d&rsquo;enfant s\u00fbr, esth\u00e9tique et respectueux de l&rsquo;environnement, parfait pour cr\u00e9er un environnement douillet et sain d\u00e8s le premier jour.   <\/p>\n","protected":false},"featured_media":3649,"template":"","meta":{"_angie_page":false,"site-sidebar-layout":"default","site-content-layout":"","ast-site-content-layout":"default","site-content-style":"default","site-sidebar-style":"default","ast-global-header-display":"","ast-banner-title-visibility":"","ast-main-header-display":"","ast-hfb-above-header-display":"","ast-hfb-below-header-display":"","ast-hfb-mobile-header-display":"","site-post-title":"","ast-breadcrumbs-content":"","ast-featured-img":"","footer-sml-layout":"","theme-transparent-header-meta":"default","adv-header-id-meta":"","stick-header-meta":"","header-above-stick-meta":"","header-main-stick-meta":"","header-below-stick-meta":"","astra-migrate-meta-layouts":"default","ast-page-background-enabled":"default","ast-page-background-meta":{"desktop":{"background-color":"var(--ast-global-color-4)","background-image":"","background-repeat":"repeat","background-position":"center center","background-size":"auto","background-attachment":"scroll","background-type":"","background-media":"","overlay-type":"","overlay-color":"","overlay-opacity":"","overlay-gradient":""},"tablet":{"background-color":"","background-image":"","background-repeat":"repeat","background-position":"center center","background-size":"auto","background-attachment":"scroll","background-type":"","background-media":"","overlay-type":"","overlay-color":"","overlay-opacity":"","overlay-gradient":""},"mobile":{"background-color":"","background-image":"","background-repeat":"repeat","background-position":"center center","background-size":"auto","background-attachment":"scroll","background-type":"","background-media":"","overlay-type":"","overlay-color":"","overlay-opacity":"","overlay-gradient":""}},"ast-content-background-meta":{"desktop":{"background-color":"var(--ast-global-color-5)","background-image":"","background-repeat":"repeat","background-position":"center center","background-size":"auto","background-attachment":"scroll","background-type":"","background-media":"","overlay-type":"","overlay-color":"","overlay-opacity":"","overlay-gradient":""},"tablet":{"background-color":"var(--ast-global-color-5)","background-image":"","background-repeat":"repeat","background-position":"center center","background-size":"auto","background-attachment":"scroll","background-type":"","background-media":"","overlay-type":"","overlay-color":"","overlay-opacity":"","overlay-gradient":""},"mobile":{"background-color":"var(--ast-global-color-5)","background-image":"","background-repeat":"repeat","background-position":"center center","background-size":"auto","background-attachment":"scroll","background-type":"","background-media":"","overlay-type":"","overlay-color":"","overlay-opacity":"","overlay-gradient":""}}},"product_brand":[],"product_cat":[401],"product_tag":[],"class_list":{"0":"post-5590","1":"product","2":"type-product","3":"status-publish","4":"has-post-thumbnail","6":"product_cat-lits-bebes","7":"desktop-align-left","8":"tablet-align-left","9":"mobile-align-left","11":"first","12":"instock","13":"shipping-taxable","14":"product-type-simple"},"_links":{"self":[{"href":"https:\/\/mueblesorts.com\/fr\/wp-json\/wp\/v2\/product\/5590","targetHints":{"allow":["GET"]}}],"collection":[{"href":"https:\/\/mueblesorts.com\/fr\/wp-json\/wp\/v2\/product"}],"about":[{"href":"https:\/\/mueblesorts.com\/fr\/wp-json\/wp\/v2\/types\/product"}],"version-history":[{"count":0,"href":"https:\/\/mueblesorts.com\/fr\/wp-json\/wp\/v2\/product\/5590\/revisions"}],"wp:featuredmedia":[{"embeddable":true,"href":"https:\/\/mueblesorts.com\/fr\/wp-json\/wp\/v2\/media\/3649"}],"wp:attachment":[{"href":"https:\/\/mueblesorts.com\/fr\/wp-json\/wp\/v2\/media?parent=5590"}],"wp:term":[{"taxonomy":"product_brand","embeddable":true,"href":"https:\/\/mueblesorts.com\/fr\/wp-json\/wp\/v2\/product_brand?post=5590"},{"taxonomy":"product_cat","embeddable":true,"href":"https:\/\/mueblesorts.com\/fr\/wp-json\/wp\/v2\/product_cat?post=5590"},{"taxonomy":"product_tag","embeddable":true,"href":"https:\/\/mueblesorts.com\/fr\/wp-json\/wp\/v2\/product_tag?post=5590"}],"curies":[{"name":"wp","href":"https:\/\/api.w.org\/{rel}","templated":true}]}}