{"id":4843,"date":"2025-05-13T04:53:22","date_gmt":"2025-05-13T04:53:22","guid":{"rendered":"https:\/\/mueblesorts.com\/non class\u00e9\/lit-nuageux\/"},"modified":"2025-05-13T04:53:22","modified_gmt":"2025-05-13T02:53:22","slug":"lit-nuageux","status":"publish","type":"product","link":"https:\/\/mueblesorts.com\/fr\/product-fr\/chambres-denfants\/lits-pour-enfants\/lit-nuageux\/","title":{"rendered":"Lit nuageux"},"content":{"rendered":"<h3 class=\"\" data-start=\"95\" data-end=\"164\"><strong data-start=\"99\" data-end=\"164\">Lit d&rsquo;enfant Nube : style et confort avec une touche de fantaisie<\/strong><\/h3>\n<p class=\"\" data-start=\"166\" data-end=\"601\">Le <strong data-start=\"169\" data-end=\"191\">lit pour enfant Nube<\/strong> est le choix id\u00e9al pour cr\u00e9er une atmosph\u00e8re ludique et chaleureuse dans la chambre de votre enfant. Avec son design unique, la <strong data-start=\"311\" data-end=\"323\">t\u00eate<\/strong> et le <strong data-start=\"329\" data-end=\"357\">pied de lit en forme de nuage<\/strong> ajoutent une touche de fantaisie qui ravira les enfants, transformant leur espace de sommeil en un lieu magique. Sa structure robuste est fabriqu\u00e9e \u00e0 partir de <strong data-start=\"511\" data-end=\"537\">mat\u00e9riaux durables<\/strong> et de <strong data-start=\"540\" data-end=\"562\">bois certifi\u00e9<\/strong>, ce qui garantit sa durabilit\u00e9 et sa s\u00e9curit\u00e9.  <\/p>\n<p class=\"\" data-start=\"603\" data-end=\"1070\">De plus, le lit <strong data-start=\"619\" data-end=\"627\">Nube<\/strong> s&rsquo;adapte parfaitement \u00e0 tous les styles de d\u00e9coration, qu&rsquo;ils soient modernes, nordiques ou plus traditionnels, gr\u00e2ce \u00e0 son <strong data-start=\"742\" data-end=\"761\">design polyvalent<\/strong> et \u00e0 ses finitions \u00e9l\u00e9gantes. Ce lit est un excellent choix pour ceux qui recherchent une option alliant <strong data-start=\"867\" data-end=\"884\">fonctionnalit\u00e9<\/strong>, <strong data-start=\"886\" data-end=\"899\">s\u00e9curit\u00e9<\/strong> et <strong data-start=\"902\" data-end=\"914\">esth\u00e9tique<\/strong>. Parfait pour les enfants qui veulent r\u00eaver dans les nuages, ce lit est \u00e9galement con\u00e7u pour offrir un maximum de confort et de soutien pour le repos de votre enfant.  <\/p>\n<p class=\"\" data-start=\"1072\" data-end=\"1106\"><strong data-start=\"1075\" data-end=\"1105\">Caract\u00e9ristiques principales<\/strong>:<\/p>\n<ul data-start=\"1107\" data-end=\"1355\">\n<li class=\"\" data-start=\"1107\" data-end=\"1166\">\n<p class=\"\" data-start=\"1109\" data-end=\"1166\"><strong data-start=\"1109\" data-end=\"1125\">Design unique<\/strong> avec t\u00eate et pied de lit en forme de nuage.<\/p>\n<\/li>\n<li class=\"\" data-start=\"1167\" data-end=\"1235\">\n<p class=\"\" data-start=\"1169\" data-end=\"1235\">Fabriqu\u00e9 \u00e0 partir de <strong data-start=\"1183\" data-end=\"1209\">mat\u00e9riaux durables<\/strong> et de <strong data-start=\"1212\" data-end=\"1234\">bois certifi\u00e9<\/strong>.<\/p>\n<\/li>\n<li class=\"\" data-start=\"1236\" data-end=\"1287\">\n<p class=\"\" data-start=\"1238\" data-end=\"1287\">Conforme aux <strong data-start=\"1252\" data-end=\"1286\">normes de s\u00e9curit\u00e9 europ\u00e9ennes<\/strong>.<\/p>\n<\/li>\n<li class=\"\" data-start=\"1288\" data-end=\"1355\">\n<p class=\"\" data-start=\"1290\" data-end=\"1355\">Style <strong data-start=\"1297\" data-end=\"1309\">polyvalent<\/strong> qui s&rsquo;adapte \u00e0 diff\u00e9rents types de d\u00e9coration.<\/p>\n<\/li>\n<\/ul>\n<p class=\"\" data-start=\"1357\" data-end=\"1375\"><strong data-start=\"1360\" data-end=\"1374\">Avantages<\/strong>:<\/p>\n<ul data-start=\"1376\" data-end=\"1525\">\n<li class=\"\" data-start=\"1376\" data-end=\"1416\">\n<p class=\"\" data-start=\"1378\" data-end=\"1416\">Un lieu ludique et accueillant pour se d\u00e9tendre.<\/p>\n<\/li>\n<li class=\"\" data-start=\"1417\" data-end=\"1471\">\n<p class=\"\" data-start=\"1419\" data-end=\"1471\"><strong data-start=\"1419\" data-end=\"1432\">S\u00e9curit\u00e9<\/strong> et <strong data-start=\"1435\" data-end=\"1448\">confort<\/strong> pour les petits.<\/p>\n<\/li>\n<li class=\"\" data-start=\"1472\" data-end=\"1525\">\n<p class=\"\" data-start=\"1474\" data-end=\"1525\"><strong data-start=\"1474\" data-end=\"1489\">Durabilit\u00e9<\/strong> gr\u00e2ce \u00e0 sa structure robuste.<\/p>\n<\/li>\n<\/ul>\n<p class=\"\" data-start=\"1527\" data-end=\"1742\">Si vous cherchez un lit pour enfant qui allie <strong data-start=\"1567\" data-end=\"1577\">style<\/strong> et <strong data-start=\"1580\" data-end=\"1597\">fonctionnalit\u00e9<\/strong>, le <strong data-start=\"1602\" data-end=\"1615\">lit Nube<\/strong> est le choix parfait pour la chambre de votre enfant. Rendez ses r\u00eaves encore plus sp\u00e9ciaux avec ce design charmant ! <\/p>\n","protected":false},"excerpt":{"rendered":"<p class=\"\" data-start=\"202\" data-end=\"536\">Le <strong data-start=\"1807\" data-end=\"1829\">lit pour enfants Nube<\/strong> est un choix id\u00e9al pour donner une touche magique \u00e0 la chambre de votre enfant. Avec sa t\u00eate et son pied de lit en forme de nuage, il cr\u00e9e une atmosph\u00e8re enchanteresse et unique. Fabriqu\u00e9 \u00e0 partir de mat\u00e9riaux <strong data-start=\"2010\" data-end=\"2025\">durables<\/strong> et de <strong data-start=\"2028\" data-end=\"2050\">bois certifi\u00e9<\/strong>, il offre la <strong data-start=\"2062\" data-end=\"2075\">s\u00e9curit\u00e9<\/strong> et le <strong data-start=\"2078\" data-end=\"2091\">confort<\/strong> n\u00e9cessaires \u00e0 un sommeil r\u00e9parateur. Son design polyvalent s&rsquo;adapte \u00e0 tous les d\u00e9cors, ce qui en fait une pi\u00e8ce parfaite pour la chambre d&rsquo;un enfant. Faites de sa chambre un lieu plein de fantaisie et de confort !    <\/p>\n","protected":false},"featured_media":3672,"template":"","meta":{"_angie_page":false,"site-sidebar-layout":"default","site-content-layout":"","ast-site-content-layout":"default","site-content-style":"default","site-sidebar-style":"default","ast-global-header-display":"","ast-banner-title-visibility":"","ast-main-header-display":"","ast-hfb-above-header-display":"","ast-hfb-below-header-display":"","ast-hfb-mobile-header-display":"","site-post-title":"","ast-breadcrumbs-content":"","ast-featured-img":"","footer-sml-layout":"","theme-transparent-header-meta":"default","adv-header-id-meta":"","stick-header-meta":"","header-above-stick-meta":"","header-main-stick-meta":"","header-below-stick-meta":"","astra-migrate-meta-layouts":"default","ast-page-background-enabled":"default","ast-page-background-meta":{"desktop":{"background-color":"var(--ast-global-color-4)","background-image":"","background-repeat":"repeat","background-position":"center center","background-size":"auto","background-attachment":"scroll","background-type":"","background-media":"","overlay-type":"","overlay-color":"","overlay-opacity":"","overlay-gradient":""},"tablet":{"background-color":"","background-image":"","background-repeat":"repeat","background-position":"center center","background-size":"auto","background-attachment":"scroll","background-type":"","background-media":"","overlay-type":"","overlay-color":"","overlay-opacity":"","overlay-gradient":""},"mobile":{"background-color":"","background-image":"","background-repeat":"repeat","background-position":"center center","background-size":"auto","background-attachment":"scroll","background-type":"","background-media":"","overlay-type":"","overlay-color":"","overlay-opacity":"","overlay-gradient":""}},"ast-content-background-meta":{"desktop":{"background-color":"var(--ast-global-color-5)","background-image":"","background-repeat":"repeat","background-position":"center center","background-size":"auto","background-attachment":"scroll","background-type":"","background-media":"","overlay-type":"","overlay-color":"","overlay-opacity":"","overlay-gradient":""},"tablet":{"background-color":"var(--ast-global-color-5)","background-image":"","background-repeat":"repeat","background-position":"center center","background-size":"auto","background-attachment":"scroll","background-type":"","background-media":"","overlay-type":"","overlay-color":"","overlay-opacity":"","overlay-gradient":""},"mobile":{"background-color":"var(--ast-global-color-5)","background-image":"","background-repeat":"repeat","background-position":"center center","background-size":"auto","background-attachment":"scroll","background-type":"","background-media":"","overlay-type":"","overlay-color":"","overlay-opacity":"","overlay-gradient":""}}},"product_brand":[],"product_cat":[378],"product_tag":[],"class_list":{"0":"post-4843","1":"product","2":"type-product","3":"status-publish","4":"has-post-thumbnail","6":"product_cat-lits-pour-enfants","7":"desktop-align-left","8":"tablet-align-left","9":"mobile-align-left","11":"first","12":"instock","13":"shipping-taxable","14":"product-type-simple"},"_links":{"self":[{"href":"https:\/\/mueblesorts.com\/fr\/wp-json\/wp\/v2\/product\/4843","targetHints":{"allow":["GET"]}}],"collection":[{"href":"https:\/\/mueblesorts.com\/fr\/wp-json\/wp\/v2\/product"}],"about":[{"href":"https:\/\/mueblesorts.com\/fr\/wp-json\/wp\/v2\/types\/product"}],"version-history":[{"count":0,"href":"https:\/\/mueblesorts.com\/fr\/wp-json\/wp\/v2\/product\/4843\/revisions"}],"wp:featuredmedia":[{"embeddable":true,"href":"https:\/\/mueblesorts.com\/fr\/wp-json\/wp\/v2\/media\/3672"}],"wp:attachment":[{"href":"https:\/\/mueblesorts.com\/fr\/wp-json\/wp\/v2\/media?parent=4843"}],"wp:term":[{"taxonomy":"product_brand","embeddable":true,"href":"https:\/\/mueblesorts.com\/fr\/wp-json\/wp\/v2\/product_brand?post=4843"},{"taxonomy":"product_cat","embeddable":true,"href":"https:\/\/mueblesorts.com\/fr\/wp-json\/wp\/v2\/product_cat?post=4843"},{"taxonomy":"product_tag","embeddable":true,"href":"https:\/\/mueblesorts.com\/fr\/wp-json\/wp\/v2\/product_tag?post=4843"}],"curies":[{"name":"wp","href":"https:\/\/api.w.org\/{rel}","templated":true}]}}