{"id":4818,"date":"2025-05-13T05:00:36","date_gmt":"2025-05-13T05:00:36","guid":{"rendered":"https:\/\/mueblesorts.com\/non class\u00e9\/lit-tipi\/"},"modified":"2025-05-13T05:00:36","modified_gmt":"2025-05-13T03:00:36","slug":"lit-tipi","status":"publish","type":"product","link":"https:\/\/mueblesorts.com\/fr\/product-fr\/chambres-denfants\/lits-pour-enfants\/lit-tipi\/","title":{"rendered":"Lit Tipi"},"content":{"rendered":"<h3 class=\"\" data-start=\"71\" data-end=\"132\"><strong data-start=\"75\" data-end=\"132\">Lit Tipi : un havre unique pour le repos des enfants<\/strong><\/h3>\n<p class=\"\" data-start=\"134\" data-end=\"474\">Le <strong data-start=\"137\" data-end=\"150\">lit Tipi<\/strong> est l&rsquo;endroit id\u00e9al pour que votre enfant profite d&rsquo;un repos plein d&rsquo;aventures et de r\u00eaves. Inspir\u00e9 du design d&rsquo;une tente tipi, ce lit transforme la chambre d&rsquo;enfant en un espace douillet et original. De plus, il a la possibilit\u00e9 d&rsquo;incorporer un <strong data-start=\"406\" data-end=\"428\">tissu pour le recouvrir<\/strong>, cr\u00e9ant ainsi une atmosph\u00e8re plus intime et amusante.  <\/p>\n<p class=\"\" data-start=\"476\" data-end=\"805\">Gr\u00e2ce \u00e0 sa structure solide et facile \u00e0 assembler, le lit Tipi s&rsquo;adapte \u00e0 diff\u00e9rents styles de d\u00e9coration et offre un espace unique aux enfants qui se sentent comme dans leur propre abri. Id\u00e9al pour ceux qui recherchent un lit qui offre non seulement du confort, mais qui encourage \u00e9galement l&rsquo;imagination des petits. <\/p>\n<p class=\"\" data-start=\"807\" data-end=\"841\"><strong data-start=\"810\" data-end=\"840\">Caract\u00e9ristiques principales<\/strong>:<\/p>\n<ul data-start=\"842\" data-end=\"1044\">\n<li class=\"\" data-start=\"842\" data-end=\"889\">\n<p class=\"\" data-start=\"844\" data-end=\"889\"><strong data-start=\"844\" data-end=\"859\">Le design du tipi<\/strong> cr\u00e9e un espace douillet.<\/p>\n<\/li>\n<li class=\"\" data-start=\"890\" data-end=\"942\">\n<p class=\"\" data-start=\"892\" data-end=\"942\">Possibilit\u00e9 d&rsquo;<strong data-start=\"902\" data-end=\"921\">incorporer du tissu pour<\/strong> recouvrir le lit.<\/p>\n<\/li>\n<li class=\"\" data-start=\"943\" data-end=\"984\">\n<p class=\"\" data-start=\"945\" data-end=\"984\">Assemblage facile et <strong data-start=\"961\" data-end=\"983\">structure robuste<\/strong>.<\/p>\n<\/li>\n<li class=\"\" data-start=\"985\" data-end=\"1044\">\n<p class=\"\" data-start=\"987\" data-end=\"1044\"><strong data-start=\"987\" data-end=\"1006\">Un style polyvalent<\/strong> qui s&rsquo;adapte \u00e0 tous les d\u00e9cors.<\/p>\n<\/li>\n<\/ul>\n<p class=\"\" data-start=\"1046\" data-end=\"1064\"><strong data-start=\"1049\" data-end=\"1063\">Avantages<\/strong>:<\/p>\n<ul data-start=\"1065\" data-end=\"1206\">\n<li class=\"\" data-start=\"1065\" data-end=\"1114\">\n<p class=\"\" data-start=\"1067\" data-end=\"1114\">Un lieu unique pour se d\u00e9tendre et s&rsquo;amuser.<\/p>\n<\/li>\n<li class=\"\" data-start=\"1115\" data-end=\"1155\">\n<p class=\"\" data-start=\"1117\" data-end=\"1155\">Encourage l&rsquo;<strong data-start=\"1128\" data-end=\"1143\">imagination<\/strong> et le jeu.<\/p>\n<\/li>\n<li class=\"\" data-start=\"1156\" data-end=\"1206\">\n<p class=\"\" data-start=\"1158\" data-end=\"1206\"><strong data-start=\"1158\" data-end=\"1171\">Confort<\/strong> et s\u00e9curit\u00e9 pour les petits.<\/p>\n<\/li>\n<\/ul>\n<p class=\"\" data-start=\"1208\" data-end=\"1414\">Si vous cherchez un lit qui allie plaisir, confort et touche unique pour la chambre de votre enfant, le <strong data-start=\"1309\" data-end=\"1322\">lit Tipi<\/strong> est le choix id\u00e9al pour vous &#8211; faites du sommeil de votre enfant une aventure passionnante ! <\/p>\n","protected":false},"excerpt":{"rendered":"<p class=\"\" data-start=\"1482\" data-end=\"1759\">Le <strong data-start=\"1485\" data-end=\"1498\">lit Tipi<\/strong> est bien plus qu&rsquo;un simple endroit o\u00f9 dormir. Avec son design inspir\u00e9 d&rsquo;une tente tipi, il offre aux enfants un espace de repos qui devient leur propre refuge. De plus, vous pouvez <strong data-start=\"1696\" data-end=\"1718\">le recouvrir d&rsquo;un tissu<\/strong>, cr\u00e9ant ainsi une atmosph\u00e8re priv\u00e9e et douillette.  <\/p>\n<p class=\"\" data-start=\"1761\" data-end=\"2041\">Id\u00e9al pour les chambres d&rsquo;enfants, le lit Tipi encourage le jeu et la cr\u00e9ativit\u00e9 tout en offrant tout le confort dont votre enfant a besoin pour se reposer. Sa <strong data-start=\"1929\" data-end=\"1954\">structure robuste<\/strong> et son design amusant en font un excellent choix pour toute chambre \u00e0 coucher. <\/p>\n","protected":false},"featured_media":3674,"template":"","meta":{"_angie_page":false,"site-sidebar-layout":"default","site-content-layout":"","ast-site-content-layout":"default","site-content-style":"default","site-sidebar-style":"default","ast-global-header-display":"","ast-banner-title-visibility":"","ast-main-header-display":"","ast-hfb-above-header-display":"","ast-hfb-below-header-display":"","ast-hfb-mobile-header-display":"","site-post-title":"","ast-breadcrumbs-content":"","ast-featured-img":"","footer-sml-layout":"","theme-transparent-header-meta":"default","adv-header-id-meta":"","stick-header-meta":"","header-above-stick-meta":"","header-main-stick-meta":"","header-below-stick-meta":"","astra-migrate-meta-layouts":"default","ast-page-background-enabled":"default","ast-page-background-meta":{"desktop":{"background-color":"var(--ast-global-color-4)","background-image":"","background-repeat":"repeat","background-position":"center center","background-size":"auto","background-attachment":"scroll","background-type":"","background-media":"","overlay-type":"","overlay-color":"","overlay-opacity":"","overlay-gradient":""},"tablet":{"background-color":"","background-image":"","background-repeat":"repeat","background-position":"center center","background-size":"auto","background-attachment":"scroll","background-type":"","background-media":"","overlay-type":"","overlay-color":"","overlay-opacity":"","overlay-gradient":""},"mobile":{"background-color":"","background-image":"","background-repeat":"repeat","background-position":"center center","background-size":"auto","background-attachment":"scroll","background-type":"","background-media":"","overlay-type":"","overlay-color":"","overlay-opacity":"","overlay-gradient":""}},"ast-content-background-meta":{"desktop":{"background-color":"var(--ast-global-color-5)","background-image":"","background-repeat":"repeat","background-position":"center center","background-size":"auto","background-attachment":"scroll","background-type":"","background-media":"","overlay-type":"","overlay-color":"","overlay-opacity":"","overlay-gradient":""},"tablet":{"background-color":"var(--ast-global-color-5)","background-image":"","background-repeat":"repeat","background-position":"center center","background-size":"auto","background-attachment":"scroll","background-type":"","background-media":"","overlay-type":"","overlay-color":"","overlay-opacity":"","overlay-gradient":""},"mobile":{"background-color":"var(--ast-global-color-5)","background-image":"","background-repeat":"repeat","background-position":"center center","background-size":"auto","background-attachment":"scroll","background-type":"","background-media":"","overlay-type":"","overlay-color":"","overlay-opacity":"","overlay-gradient":""}}},"product_brand":[],"product_cat":[378],"product_tag":[],"class_list":{"0":"post-4818","1":"product","2":"type-product","3":"status-publish","4":"has-post-thumbnail","6":"product_cat-lits-pour-enfants","7":"desktop-align-left","8":"tablet-align-left","9":"mobile-align-left","11":"first","12":"instock","13":"shipping-taxable","14":"product-type-simple"},"_links":{"self":[{"href":"https:\/\/mueblesorts.com\/fr\/wp-json\/wp\/v2\/product\/4818","targetHints":{"allow":["GET"]}}],"collection":[{"href":"https:\/\/mueblesorts.com\/fr\/wp-json\/wp\/v2\/product"}],"about":[{"href":"https:\/\/mueblesorts.com\/fr\/wp-json\/wp\/v2\/types\/product"}],"version-history":[{"count":0,"href":"https:\/\/mueblesorts.com\/fr\/wp-json\/wp\/v2\/product\/4818\/revisions"}],"wp:featuredmedia":[{"embeddable":true,"href":"https:\/\/mueblesorts.com\/fr\/wp-json\/wp\/v2\/media\/3674"}],"wp:attachment":[{"href":"https:\/\/mueblesorts.com\/fr\/wp-json\/wp\/v2\/media?parent=4818"}],"wp:term":[{"taxonomy":"product_brand","embeddable":true,"href":"https:\/\/mueblesorts.com\/fr\/wp-json\/wp\/v2\/product_brand?post=4818"},{"taxonomy":"product_cat","embeddable":true,"href":"https:\/\/mueblesorts.com\/fr\/wp-json\/wp\/v2\/product_cat?post=4818"},{"taxonomy":"product_tag","embeddable":true,"href":"https:\/\/mueblesorts.com\/fr\/wp-json\/wp\/v2\/product_tag?post=4818"}],"curies":[{"name":"wp","href":"https:\/\/api.w.org\/{rel}","templated":true}]}}