{"id":4791,"date":"2025-09-29T08:35:58","date_gmt":"2025-09-29T06:35:58","guid":{"rendered":"https:\/\/mueblesorts.com\/non%20class\u00e9\/sourire-14\/"},"modified":"2025-12-23T15:41:10","modified_gmt":"2025-12-23T14:41:10","slug":"sourire-14","status":"publish","type":"product","link":"https:\/\/mueblesorts.com\/fr\/product-fr\/chambres-pour-adolescents\/lits-gigognes\/sourire-14\/","title":{"rendered":"Sourire 14"},"content":{"rendered":"<p data-start=\"687\" data-end=\"778\"><strong data-start=\"687\" data-end=\"776\">Lit gigogne avec rangement et \u00e9clairage : un design innovant pour une chambre fonctionnelle<\/strong><\/p>\n<p data-start=\"780\" data-end=\"1382\">Le lit gigogne avec 2 bottes est une composition con\u00e7ue pour offrir un maximum de confort et d&rsquo;organisation dans un espace ado. Il comprend un coffre \u00e0 chaussures, un plateau continu et un pied en m\u00e9tal laqu\u00e9 qui lui conf\u00e8rent force, praticit\u00e9 et style moderne. La frise avec \u00e9clairage LED cr\u00e9e une atmosph\u00e8re chaleureuse et moderne, parfaite pour donner de la personnalit\u00e9 \u00e0 la chambre \u00e0 coucher. En outre, l&rsquo;ensemble comprend une armoire d&rsquo;angle droite avec portes pliantes, qui exploite au maximum chaque centim\u00e8tre disponible, et un meuble d&rsquo;extr\u00e9mit\u00e9 avec miroir, porte \u00e0 chaussures et banc pour s&rsquo;asseoir, combinant fonctionnalit\u00e9 et design dans le m\u00eame meuble.   <\/p>\n<p data-start=\"1384\" data-end=\"1544\">Gr\u00e2ce \u00e0 sa polyvalence, cette composition s&rsquo;adapte facilement \u00e0 diff\u00e9rents styles d\u00e9coratifs, garantissant ordre, confort et durabilit\u00e9 dans la vie de tous les jours.<\/p>\n<p data-start=\"1546\" data-end=\"1579\"><strong data-start=\"1546\" data-end=\"1577\">Caract\u00e9ristiques principales :<\/strong><\/p>\n<ul data-start=\"1580\" data-end=\"1885\">\n<li data-start=\"1580\" data-end=\"1625\">\n<p data-start=\"1582\" data-end=\"1625\">Lit gigogne avec 2 bottes de grande capacit\u00e9.<\/p>\n<\/li>\n<li data-start=\"1626\" data-end=\"1674\">\n<p data-start=\"1628\" data-end=\"1674\">Meuble de rangement pour chaussures.<\/p>\n<\/li>\n<li data-start=\"1675\" data-end=\"1738\">\n<p data-start=\"1677\" data-end=\"1738\">Plateau coulissant et pied en m\u00e9tal laqu\u00e9 de conception robuste.<\/p>\n<\/li>\n<li data-start=\"1739\" data-end=\"1779\">\n<p data-start=\"1741\" data-end=\"1779\">Frise avec \u00e9clairage LED int\u00e9gr\u00e9.<\/p>\n<\/li>\n<li data-start=\"1780\" data-end=\"1827\">\n<p data-start=\"1782\" data-end=\"1827\">Armoire d&rsquo;angle droite avec portes pliantes.<\/p>\n<\/li>\n<li data-start=\"1828\" data-end=\"1885\">\n<p data-start=\"1830\" data-end=\"1885\">Terminal avec miroir, porte-chaussures et banc multifonctionnel.<\/p>\n<\/li>\n<\/ul>\n<p data-start=\"1887\" data-end=\"1904\"><strong data-start=\"1887\" data-end=\"1902\">Avantages :<\/strong><\/p>\n<ul data-start=\"1905\" data-end=\"2152\">\n<li data-start=\"1905\" data-end=\"1973\">\n<p data-start=\"1907\" data-end=\"1973\">Peu encombrant gr\u00e2ce aux multiples modules de rangement.<\/p>\n<\/li>\n<li data-start=\"1974\" data-end=\"2030\">\n<p data-start=\"1976\" data-end=\"2030\">Un design moderne qui allie fonctionnalit\u00e9 et esth\u00e9tique.<\/p>\n<\/li>\n<li data-start=\"2031\" data-end=\"2104\">\n<p data-start=\"2033\" data-end=\"2104\">Une solution compl\u00e8te : repos, rangement et \u00e9clairage en un seul \u00e9l\u00e9ment.<\/p>\n<\/li>\n<li data-start=\"2105\" data-end=\"2152\">\n<p data-start=\"2107\" data-end=\"2152\">Durabilit\u00e9 et r\u00e9sistance dans l&rsquo;utilisation quotidienne.<\/p>\n<\/li>\n<\/ul>\n<p data-start=\"2154\" data-end=\"2292\">Le lit gigogne avec rangement et \u00e9clairage est l&rsquo;option parfaite pour cr\u00e9er une chambre \u00e0 coucher compl\u00e8te, pratique et \u00e9l\u00e9gante pour les ados.<\/p>\n","protected":false},"excerpt":{"rendered":"<p>Le lit gigogne avec 2 bottes est une solution compl\u00e8te et moderne pour les chambres d&rsquo;ado. Il comprend un coffre \u00e0 chaussures pratique, un plateau continu et un pied en m\u00e9tal laqu\u00e9 pour la solidit\u00e9 et le style. La frise avec \u00e9clairage LED cr\u00e9e une atmosph\u00e8re chaleureuse, tandis que l&rsquo;armoire d&rsquo;angle droite avec portes pliantes permet d&rsquo;optimiser l&rsquo;espace. En outre, le meuble d&rsquo;extr\u00e9mit\u00e9 avec miroir, porte pour chaussures et banc int\u00e9gr\u00e9 ajoute une fonctionnalit\u00e9 suppl\u00e9mentaire. Une fa\u00e7on id\u00e9ale de combiner la d\u00e9tente, le rangement et le design en une seule unit\u00e9.   <\/p>\n","protected":false},"featured_media":4085,"template":"","meta":{"site-sidebar-layout":"default","site-content-layout":"","ast-site-content-layout":"default","site-content-style":"default","site-sidebar-style":"default","ast-global-header-display":"","ast-banner-title-visibility":"","ast-main-header-display":"","ast-hfb-above-header-display":"","ast-hfb-below-header-display":"","ast-hfb-mobile-header-display":"","site-post-title":"","ast-breadcrumbs-content":"","ast-featured-img":"","footer-sml-layout":"","theme-transparent-header-meta":"default","adv-header-id-meta":"","stick-header-meta":"","header-above-stick-meta":"","header-main-stick-meta":"","header-below-stick-meta":"","astra-migrate-meta-layouts":"default","ast-page-background-enabled":"default","ast-page-background-meta":{"desktop":{"background-color":"var(--ast-global-color-4)","background-image":"","background-repeat":"repeat","background-position":"center center","background-size":"auto","background-attachment":"scroll","background-type":"","background-media":"","overlay-type":"","overlay-color":"","overlay-opacity":"","overlay-gradient":""},"tablet":{"background-color":"","background-image":"","background-repeat":"repeat","background-position":"center center","background-size":"auto","background-attachment":"scroll","background-type":"","background-media":"","overlay-type":"","overlay-color":"","overlay-opacity":"","overlay-gradient":""},"mobile":{"background-color":"","background-image":"","background-repeat":"repeat","background-position":"center center","background-size":"auto","background-attachment":"scroll","background-type":"","background-media":"","overlay-type":"","overlay-color":"","overlay-opacity":"","overlay-gradient":""}},"ast-content-background-meta":{"desktop":{"background-color":"var(--ast-global-color-5)","background-image":"","background-repeat":"repeat","background-position":"center center","background-size":"auto","background-attachment":"scroll","background-type":"","background-media":"","overlay-type":"","overlay-color":"","overlay-opacity":"","overlay-gradient":""},"tablet":{"background-color":"var(--ast-global-color-5)","background-image":"","background-repeat":"repeat","background-position":"center center","background-size":"auto","background-attachment":"scroll","background-type":"","background-media":"","overlay-type":"","overlay-color":"","overlay-opacity":"","overlay-gradient":""},"mobile":{"background-color":"var(--ast-global-color-5)","background-image":"","background-repeat":"repeat","background-position":"center center","background-size":"auto","background-attachment":"scroll","background-type":"","background-media":"","overlay-type":"","overlay-color":"","overlay-opacity":"","overlay-gradient":""}}},"product_brand":[],"product_cat":[374],"product_tag":[],"class_list":{"0":"post-4791","1":"product","2":"type-product","3":"status-publish","4":"has-post-thumbnail","6":"product_cat-lits-gigognes","7":"desktop-align-left","8":"tablet-align-left","9":"mobile-align-left","11":"first","12":"instock","13":"shipping-taxable","14":"product-type-simple"},"_links":{"self":[{"href":"https:\/\/mueblesorts.com\/fr\/wp-json\/wp\/v2\/product\/4791","targetHints":{"allow":["GET"]}}],"collection":[{"href":"https:\/\/mueblesorts.com\/fr\/wp-json\/wp\/v2\/product"}],"about":[{"href":"https:\/\/mueblesorts.com\/fr\/wp-json\/wp\/v2\/types\/product"}],"version-history":[{"count":1,"href":"https:\/\/mueblesorts.com\/fr\/wp-json\/wp\/v2\/product\/4791\/revisions"}],"predecessor-version":[{"id":6012,"href":"https:\/\/mueblesorts.com\/fr\/wp-json\/wp\/v2\/product\/4791\/revisions\/6012"}],"wp:featuredmedia":[{"embeddable":true,"href":"https:\/\/mueblesorts.com\/fr\/wp-json\/wp\/v2\/media\/4085"}],"wp:attachment":[{"href":"https:\/\/mueblesorts.com\/fr\/wp-json\/wp\/v2\/media?parent=4791"}],"wp:term":[{"taxonomy":"product_brand","embeddable":true,"href":"https:\/\/mueblesorts.com\/fr\/wp-json\/wp\/v2\/product_brand?post=4791"},{"taxonomy":"product_cat","embeddable":true,"href":"https:\/\/mueblesorts.com\/fr\/wp-json\/wp\/v2\/product_cat?post=4791"},{"taxonomy":"product_tag","embeddable":true,"href":"https:\/\/mueblesorts.com\/fr\/wp-json\/wp\/v2\/product_tag?post=4791"}],"curies":[{"name":"wp","href":"https:\/\/api.w.org\/{rel}","templated":true}]}}