{"id":4763,"date":"2025-09-29T08:45:05","date_gmt":"2025-09-29T06:45:05","guid":{"rendered":"https:\/\/mueblesorts.com\/non%20class\u00e9\/sourire-12\/"},"modified":"2025-12-23T15:40:31","modified_gmt":"2025-12-23T14:40:31","slug":"sourire-12","status":"publish","type":"product","link":"https:\/\/mueblesorts.com\/fr\/product-fr\/chambres-pour-adolescents\/lits-gigognes\/sourire-12\/","title":{"rendered":"Sourire 12"},"content":{"rendered":"<p data-start=\"656\" data-end=\"741\"><strong data-start=\"656\" data-end=\"739\">Lit gigogne avec rangement et armoire : conception adaptable pour les chambres d&rsquo;ado<\/strong><\/p>\n<p data-start=\"743\" data-end=\"1232\">Le lit gigogne avec 4 conteneurs est con\u00e7u pour offrir une solution compl\u00e8te pour le repos et l&rsquo;organisation dans les chambres d&rsquo;ado. Son plan inclin\u00e9 lui permet de s&rsquo;adapter parfaitement \u00e0 l&rsquo;angle, en exploitant au maximum chaque centim\u00e8tre d&rsquo;espace. La composition est compl\u00e9t\u00e9e par des \u00e9tag\u00e8res cubiques, id\u00e9ales pour ranger des livres, des objets personnels ou des \u00e9l\u00e9ments d\u00e9coratifs, et par une armoire \u00e0 deux portes et 6 tiroirs qui garantit une grande capacit\u00e9 de rangement, en gardant la chambre toujours bien rang\u00e9e.  <\/p>\n<p data-start=\"1234\" data-end=\"1487\">Avec un design moderne et polyvalent, cette proposition allie praticit\u00e9 et style, s&rsquo;adaptant facilement aux diff\u00e9rents types de d\u00e9coration ado. La robustesse de la structure et la qualit\u00e9 des finitions assurent confort et durabilit\u00e9 dans l&rsquo;usage quotidien. <\/p>\n<p data-start=\"1489\" data-end=\"1522\"><strong data-start=\"1489\" data-end=\"1520\">Caract\u00e9ristiques principales :<\/strong><\/p>\n<ul data-start=\"1523\" data-end=\"1771\">\n<li data-start=\"1523\" data-end=\"1574\">\n<p data-start=\"1525\" data-end=\"1574\">Lit gigogne avec 4 conteneurs de grande capacit\u00e9.<\/p>\n<\/li>\n<li data-start=\"1575\" data-end=\"1620\">\n<p data-start=\"1577\" data-end=\"1620\">Couverture avec angle adaptable \u00e0 l&rsquo;angle.<\/p>\n<\/li>\n<li data-start=\"1621\" data-end=\"1670\">\n<p data-start=\"1623\" data-end=\"1670\">Etag\u00e8res cubiques pour l&rsquo;organisation et la d\u00e9coration.<\/p>\n<\/li>\n<li data-start=\"1671\" data-end=\"1712\">\n<p data-start=\"1673\" data-end=\"1712\">Armoire \u00e0 deux portes avec 6 tiroirs.<\/p>\n<\/li>\n<li data-start=\"1713\" data-end=\"1771\">\n<p data-start=\"1715\" data-end=\"1771\">Design moderne et fonctionnel pour les chambres d&rsquo;ado.<\/p>\n<\/li>\n<\/ul>\n<p data-start=\"1773\" data-end=\"1790\"><strong data-start=\"1773\" data-end=\"1788\">Avantages :<\/strong><\/p>\n<ul data-start=\"1791\" data-end=\"2022\">\n<li data-start=\"1791\" data-end=\"1851\">\n<p data-start=\"1793\" data-end=\"1851\">Utilisation optimale de l&rsquo;espace, m\u00eame dans les coins.<\/p>\n<\/li>\n<li data-start=\"1852\" data-end=\"1901\">\n<p data-start=\"1854\" data-end=\"1901\">Solution int\u00e9grale pour le repos et le stockage.<\/p>\n<\/li>\n<li data-start=\"1902\" data-end=\"1971\">\n<p data-start=\"1904\" data-end=\"1971\">Une organisation pratique et accessible pour les v\u00eatements et les effets personnels.<\/p>\n<\/li>\n<li data-start=\"1972\" data-end=\"2022\">\n<p data-start=\"1974\" data-end=\"2022\">Style polyvalent et durable pour un usage quotidien.<\/p>\n<\/li>\n<\/ul>\n<p data-start=\"2024\" data-end=\"2148\">La composition avec lit gigogne et armoire est parfaite pour cr\u00e9er une chambre d&rsquo;ado compl\u00e8te, confortable et toujours organis\u00e9e.<\/p>\n","protected":false},"excerpt":{"rendered":"<p>Le lit gigogne avec 4 conteneurs est une solution id\u00e9ale pour les chambres d&rsquo;ado qui ont besoin d&rsquo;ordre et de fonctionnalit\u00e9. Son plan inclin\u00e9 s&rsquo;adapte parfaitement \u00e0 l&rsquo;angle, optimisant ainsi l&rsquo;espace disponible. Il comprend des \u00e9tag\u00e8res cubiques pour les livres et la d\u00e9coration, ainsi qu&rsquo;une armoire \u00e0 deux portes et 6 tiroirs qui offre une grande capacit\u00e9 de rangement. Un ensemble polyvalent, moderne et pratique, con\u00e7u pour que tout soit \u00e0 sa place tout en offrant une assise confortable et un design jeune et attrayant.   <\/p>\n","protected":false},"featured_media":4094,"template":"","meta":{"_angie_page":false,"site-sidebar-layout":"default","site-content-layout":"","ast-site-content-layout":"default","site-content-style":"default","site-sidebar-style":"default","ast-global-header-display":"","ast-banner-title-visibility":"","ast-main-header-display":"","ast-hfb-above-header-display":"","ast-hfb-below-header-display":"","ast-hfb-mobile-header-display":"","site-post-title":"","ast-breadcrumbs-content":"","ast-featured-img":"","footer-sml-layout":"","theme-transparent-header-meta":"default","adv-header-id-meta":"","stick-header-meta":"","header-above-stick-meta":"","header-main-stick-meta":"","header-below-stick-meta":"","astra-migrate-meta-layouts":"default","ast-page-background-enabled":"default","ast-page-background-meta":{"desktop":{"background-color":"var(--ast-global-color-4)","background-image":"","background-repeat":"repeat","background-position":"center center","background-size":"auto","background-attachment":"scroll","background-type":"","background-media":"","overlay-type":"","overlay-color":"","overlay-opacity":"","overlay-gradient":""},"tablet":{"background-color":"","background-image":"","background-repeat":"repeat","background-position":"center center","background-size":"auto","background-attachment":"scroll","background-type":"","background-media":"","overlay-type":"","overlay-color":"","overlay-opacity":"","overlay-gradient":""},"mobile":{"background-color":"","background-image":"","background-repeat":"repeat","background-position":"center center","background-size":"auto","background-attachment":"scroll","background-type":"","background-media":"","overlay-type":"","overlay-color":"","overlay-opacity":"","overlay-gradient":""}},"ast-content-background-meta":{"desktop":{"background-color":"var(--ast-global-color-5)","background-image":"","background-repeat":"repeat","background-position":"center center","background-size":"auto","background-attachment":"scroll","background-type":"","background-media":"","overlay-type":"","overlay-color":"","overlay-opacity":"","overlay-gradient":""},"tablet":{"background-color":"var(--ast-global-color-5)","background-image":"","background-repeat":"repeat","background-position":"center center","background-size":"auto","background-attachment":"scroll","background-type":"","background-media":"","overlay-type":"","overlay-color":"","overlay-opacity":"","overlay-gradient":""},"mobile":{"background-color":"var(--ast-global-color-5)","background-image":"","background-repeat":"repeat","background-position":"center center","background-size":"auto","background-attachment":"scroll","background-type":"","background-media":"","overlay-type":"","overlay-color":"","overlay-opacity":"","overlay-gradient":""}}},"product_brand":[],"product_cat":[374],"product_tag":[],"class_list":{"0":"post-4763","1":"product","2":"type-product","3":"status-publish","4":"has-post-thumbnail","6":"product_cat-lits-gigognes","7":"desktop-align-left","8":"tablet-align-left","9":"mobile-align-left","11":"first","12":"instock","13":"shipping-taxable","14":"product-type-simple"},"_links":{"self":[{"href":"https:\/\/mueblesorts.com\/fr\/wp-json\/wp\/v2\/product\/4763","targetHints":{"allow":["GET"]}}],"collection":[{"href":"https:\/\/mueblesorts.com\/fr\/wp-json\/wp\/v2\/product"}],"about":[{"href":"https:\/\/mueblesorts.com\/fr\/wp-json\/wp\/v2\/types\/product"}],"version-history":[{"count":1,"href":"https:\/\/mueblesorts.com\/fr\/wp-json\/wp\/v2\/product\/4763\/revisions"}],"predecessor-version":[{"id":6003,"href":"https:\/\/mueblesorts.com\/fr\/wp-json\/wp\/v2\/product\/4763\/revisions\/6003"}],"wp:featuredmedia":[{"embeddable":true,"href":"https:\/\/mueblesorts.com\/fr\/wp-json\/wp\/v2\/media\/4094"}],"wp:attachment":[{"href":"https:\/\/mueblesorts.com\/fr\/wp-json\/wp\/v2\/media?parent=4763"}],"wp:term":[{"taxonomy":"product_brand","embeddable":true,"href":"https:\/\/mueblesorts.com\/fr\/wp-json\/wp\/v2\/product_brand?post=4763"},{"taxonomy":"product_cat","embeddable":true,"href":"https:\/\/mueblesorts.com\/fr\/wp-json\/wp\/v2\/product_cat?post=4763"},{"taxonomy":"product_tag","embeddable":true,"href":"https:\/\/mueblesorts.com\/fr\/wp-json\/wp\/v2\/product_tag?post=4763"}],"curies":[{"name":"wp","href":"https:\/\/api.w.org\/{rel}","templated":true}]}}