{"id":4879,"date":"2025-09-04T07:13:55","date_gmt":"2025-09-04T05:13:55","guid":{"rendered":"https:\/\/mueblesorts.com\/avis-juridiques\/"},"modified":"2025-10-24T13:45:58","modified_gmt":"2025-10-24T11:45:58","slug":"avis-juridiques","status":"publish","type":"page","link":"https:\/\/mueblesorts.com\/fr\/avis-juridiques\/","title":{"rendered":"Avis juridiques"},"content":{"rendered":"\t\t<div data-elementor-type=\"wp-page\" data-elementor-id=\"4879\" class=\"elementor elementor-4879 elementor-3907\" data-elementor-post-type=\"page\">\n\t\t\t\t<div class=\"elementor-element elementor-element-82cdc39 e-flex e-con-boxed e-con e-parent\" data-id=\"82cdc39\" data-element_type=\"container\" data-settings=\"{&quot;background_background&quot;:&quot;classic&quot;}\">\n\t\t\t\t\t<div class=\"e-con-inner\">\n\t\t<div class=\"elementor-element elementor-element-992bb46 e-con-full e-flex e-con e-child\" data-id=\"992bb46\" data-element_type=\"container\">\n\t\t\t\t<div class=\"elementor-element elementor-element-undefined-b013048 elementor-widget elementor-widget-heading\" data-id=\"undefined-b013048\" data-element_type=\"widget\" data-widget_type=\"heading.default\">\n\t\t\t\t<div class=\"elementor-widget-container\">\n\t\t\t\t\t<h1 class=\"elementor-heading-title elementor-size-default\">Avis juridiques<\/h1>\t\t\t\t<\/div>\n\t\t\t\t<\/div>\n\t\t\t\t<\/div>\n\t\t\t\t\t<\/div>\n\t\t\t\t<\/div>\n\t\t<div class=\"elementor-element elementor-element-0203568 e-flex e-con-boxed e-con e-parent\" data-id=\"0203568\" data-element_type=\"container\">\n\t\t\t\t\t<div class=\"e-con-inner\">\n\t\t\t\t<div class=\"elementor-element elementor-element-914db0a elementor-widget elementor-widget-text-editor\" data-id=\"914db0a\" data-element_type=\"widget\" data-widget_type=\"text-editor.default\">\n\t\t\t\t<div class=\"elementor-widget-container\">\n\t\t\t\t\t\t\t\t\t<p><strong>1. <\/strong><b><\/b><b>Avis juridique<\/b><\/p><p>Conform\u00e9ment \u00e0 l&rsquo;article 10 de la loi 34\/2002, du 11 juillet, sur les services de la soci\u00e9t\u00e9 de l&rsquo;information et le commerce \u00e9lectronique (LSSICE), les donn\u00e9es d&rsquo;identification de la soci\u00e9t\u00e9 sont indiqu\u00e9es ci-dessous.<\/p><p>Propri\u00e9taire : MUEBLES ORTS, S.L.<\/p><p>C.I.F. : B03821881<\/p><p>Si\u00e8ge social : Pol. In. 1 Avda. de Alemania, 11- Ap. de Correos 77 <\/p><p>Code postal : 03420 CASTALLA (Alicante)<\/p><p>T\u00e9l\u00e9phone : +34 966560007<\/p><p>Fax : +34 966560541<\/p><p>Courriel : <a href=\"mailto:info@mueblesorts.com\">info@mueblesorts.com<\/a>   <\/p><p>Site web <a href=\"http:\/\/www.mueblesorts.com\/\">: http:\/\/www.mueblesorts.com<\/a>     <\/p><p><b>Donn\u00e9es d&rsquo;enregistrement :<\/b><\/p><p>MUEBLES ORTS, S.L. est une soci\u00e9t\u00e9 commerciale inscrite au Registre du Commerce d&rsquo;Alicante, Volume 1545, Folio 76, Page num\u00e9ro A-18649, 1\u00e8re inscription, Date 4 f\u00e9vrier 1993.<\/p><p>MUEBLES ORTS, S.L. est le propri\u00e9taire du nom de domaine et de la page Internet \u00e0 laquelle on peut acc\u00e9der \u00e0 l&rsquo;adresse <a href=\"http:\/\/www.mueblesorts.com\/\">http:\/\/www.mueblesorts.com<\/a>.    <\/p><p> <\/p><p><b>2. Acceptation des conditions d&rsquo;utilisation<\/b><\/p><p>Les pr\u00e9sentes conditions (ci-apr\u00e8s d\u00e9nomm\u00e9es \u00ab\u00a0mentions l\u00e9gales\u00a0\u00bb) ont pour objet de r\u00e9glementer l&rsquo;utilisation du pr\u00e9sent site Web que MUEBLES ORTS, S.L. (ci-apr\u00e8s d\u00e9nomm\u00e9e \u00ab\u00a0LA SOCI\u00c9T\u00c9\u00a0\u00bb) met \u00e0 la disposition du public \u00e0 l&rsquo;adresse URL suivante.<\/p><p>L&rsquo;utilisation du site web par un tiers lui conf\u00e8re le statut d&rsquo;utilisateur et implique la pleine acceptation par ledit utilisateur de toutes et chacune des conditions incluses dans les pr\u00e9sentes mentions l\u00e9gales.<\/p><p> <\/p><p><b>3. Conditions d&rsquo;utilisation du site web<\/b><\/p><p>L&rsquo;utilisateur s&rsquo;engage \u00e0 utiliser le site web conform\u00e9ment \u00e0 la loi, au pr\u00e9sent avis juridique et aux autres avis, r\u00e8glements d&rsquo;utilisation et instructions qui lui sont communiqu\u00e9s, ainsi qu&rsquo;\u00e0 la morale et aux bonnes coutumes g\u00e9n\u00e9ralement accept\u00e9es et \u00e0 l&rsquo;ordre public.<\/p><p>L&rsquo;utilisateur s&rsquo;engage \u00e0 utiliser les contenus de mani\u00e8re diligente, correcte et licite et, en particulier, \u00e0 s&rsquo;abstenir (a) d&rsquo;utiliser les contenus d&rsquo;une mani\u00e8re, \u00e0 des fins ou avec des effets contraires \u00e0 la loi, \u00e0 la morale et aux bonnes coutumes g\u00e9n\u00e9ralement accept\u00e9es ou \u00e0 l&rsquo;ordre public ; (b) reproduire ou copier, distribuer, permettre l&rsquo;acc\u00e8s public par toute forme de communication publique, transformer ou modifier les contenus, sauf autorisation du titulaire des droits correspondants ou autorisation l\u00e9gale ; (c) supprimer, \u00e9luder ou manipuler les droits d&rsquo;auteur et autres donn\u00e9es d&rsquo;identification.   <\/p><p>Il est interdit d&rsquo;effectuer tout type de publicit\u00e9 ou d&rsquo;information commerciale directement ou secr\u00e8tement, ou d&rsquo;envoyer des courriers de masse (\u00ab\u00a0spamming\u00a0\u00bb) sans autorisation pr\u00e9alable.<\/p><p>De m\u00eame, il est interdit de mener des actions susceptibles de causer tout type de dommage aux syst\u00e8mes de la COMPAGNIE ou \u00e0 des tiers sur le site web ou par le biais de celui-ci, par quelque moyen que ce soit.<\/p><p> <\/p><p><b>4. Exemption de responsabilit\u00e9<\/b><\/p><p>LA SOCI\u00c9T\u00c9 peut modifier, sans pr\u00e9avis, les informations contenues dans son site Internet, ainsi que sa configuration et sa pr\u00e9sentation. LA SOCI\u00c9T\u00c9 ne garantit pas l?inexistence d?interruptions ou d?erreurs dans l?acc\u00e8s au site web, dans son contenu, ni qu?il soit mis \u00e0 jour, bien qu?elle fasse de son mieux pour les \u00e9viter, les corriger ou les mettre \u00e0 jour. <\/p><p>L&rsquo;ENTREPRISE d\u00e9cline toute responsabilit\u00e9 pour les dommages directs ou indirects, y compris les dommages aux syst\u00e8mes informatiques et l&rsquo;introduction de virus sur Internet, r\u00e9sultant de la navigation sur Internet n\u00e9cessaire \u00e0 l&rsquo;utilisation de ce site Web.<\/p><p>L&rsquo;ENTREPRISE s&rsquo;engage par la pr\u00e9sente \u00e0 NE PAS FAIRE DE PUBLICIT\u00c9 MENSONG\u00c8RE. \u00c0 cette fin, les erreurs formelles ou num\u00e9riques qui peuvent \u00eatre trouv\u00e9es dans le contenu des diff\u00e9rentes sections du site web de l&rsquo;entreprise, produites \u00e0 la suite d&rsquo;une maintenance et\/ou d&rsquo;une mise \u00e0 jour incompl\u00e8te ou d\u00e9fectueuse des informations contenues dans ces sections, ne seront pas consid\u00e9r\u00e9es comme de la publicit\u00e9 mensong\u00e8re. LA SOCI\u00c9T\u00c9, en cons\u00e9quence des dispositions de cette section, s&rsquo;engage \u00e0 les corriger d\u00e8s qu&rsquo;elle prend connaissance de ces erreurs.  <\/p><p>LA SOCI\u00c9T\u00c9 ne sera pas tenue responsable du non-respect de toute r\u00e9glementation applicable que l&rsquo;Utilisateur pourrait encourir en acc\u00e9dant \u00e0 ce site Internet et\/ou en utilisant les informations qu&rsquo;il contient.<\/p><p>LA SOCIETE n?est pas responsable des dommages caus\u00e9s ou susceptibles de se produire, quelle que soit leur nature, r\u00e9sultant de l?utilisation des informations, des mat\u00e9riaux contenus dans ce Site Web et des programmes qu?il incorpore. Les liens et hypertextes qui permettent \u00e0 l&rsquo;utilisateur d&rsquo;acc\u00e9der, par le biais du site Web de la soci\u00e9t\u00e9, \u00e0 des fonctions et services offerts par des tiers, n&rsquo;appartiennent pas \u00e0 la soci\u00e9t\u00e9 et ne sont pas sous son contr\u00f4le ; ladite entit\u00e9 n&rsquo;est pas responsable des informations qu&rsquo;ils contiennent ni des effets qui peuvent d\u00e9couler de ces informations. <\/p><p>En bref, l&rsquo;Utilisateur est seul responsable de l&rsquo;utilisation faite des services, contenus, liens et hypertextes inclus sur le site web de LA COMPAGNIE.<\/p><p> <\/p><p><b>5. Droits de propri\u00e9t\u00e9 intellectuelle et industrielle<\/b><\/p><p>Tout le contenu du Site Internet, sauf indication contraire, est la propri\u00e9t\u00e9 exclusive de LA SOCIETE, y compris, mais sans s&rsquo;y limiter, la conception graphique, le code source, les logos, les textes, les graphiques, les illustrations, les photographies et les autres \u00e9l\u00e9ments qui apparaissent sur le Site Internet. De m\u00eame, tous les noms commerciaux, marques ou signes distinctifs de toute nature contenus sur le Site Internet sont prot\u00e9g\u00e9s par la loi.   <\/p><p>LA COMPAGNIE n?accorde aucun type de licence ou d?autorisation d?utilisation personnelle \u00e0 l?Utilisateur sur ses droits de propri\u00e9t\u00e9 intellectuelle et industrielle ou sur tout autre droit li\u00e9 \u00e0 son Site Internet et aux services qui y sont offerts.  <\/p><p>Par cons\u00e9quent, l&rsquo;utilisateur reconna\u00eet que la reproduction, la distribution, la commercialisation, la transformation et, en g\u00e9n\u00e9ral, toute autre forme d&rsquo;exploitation, par quelque moyen que ce soit, de tout ou partie du contenu de ce site Web constitue une infraction aux droits de propri\u00e9t\u00e9 intellectuelle et\/ou industrielle de l&rsquo;entreprise ou de son propri\u00e9taire.<\/p><p>L&rsquo;utilisateur, uniquement et exclusivement, peut utiliser le mat\u00e9riel qui appara\u00eet sur ce site web pour son usage personnel et priv\u00e9, et son utilisation \u00e0 des fins commerciales ou pour des activit\u00e9s ill\u00e9gales est interdite.<\/p><p>Conform\u00e9ment aux dispositions des articles 8 et 32.1, deuxi\u00e8me paragraphe, de la loi sur la propri\u00e9t\u00e9 intellectuelle, la reproduction, la distribution et la communication publique, y compris la mise \u00e0 disposition, de tout ou partie du contenu de ce site web, \u00e0 des fins commerciales, sur tout support et par tout moyen technique, sans l&rsquo;autorisation de LA SOCIETE, sont express\u00e9ment interdites. L&rsquo;Utilisateur s&rsquo;engage \u00e0 respecter les droits de propri\u00e9t\u00e9 intellectuelle et industrielle d\u00e9tenus par LA COMPAGNIE. <\/p><p>LA SOCI\u00c9T\u00c9 veillera au respect des conditions susmentionn\u00e9es et \u00e0 la bonne utilisation des contenus pr\u00e9sent\u00e9s sur son site Web, en exer\u00e7ant toutes les actions civiles et p\u00e9nales qui s?appliquent en cas d?infraction ou de violation de ces droits par l?utilisateur.  <\/p><p> <\/p><p><b>6. Liens avec des tiers<\/b><\/p><p>Tout lien, hypertexte, lien profond, framing, ou tout autre type de connexion virtuelle \u00e0 travers les r\u00e9seaux de t\u00e9l\u00e9communication \u00e0 partir de tout site web ou adresse URL (\u00ab\u00a0Liens\u00a0\u00bb) vers la page web, doit \u00eatre autoris\u00e9 \u00e0 l&rsquo;avance et par \u00e9crit par LA COMPAGNIE, et le lien doit \u00eatre \u00e9tabli dans tous les cas vers sa page d&rsquo;accueil.<\/p><p> <\/p><p><b>7. Protection des donn\u00e9es personnelles<\/b><\/p><p>L&rsquo;ENTREPRISE adopte les mesures techniques et organisationnelles n\u00e9cessaires pour garantir la protection des donn\u00e9es personnelles et pour \u00e9viter leur alt\u00e9ration, perte, traitement et\/ou acc\u00e8s non autoris\u00e9, en tenant compte de l&rsquo;\u00e9tat de la technique, de la nature des donn\u00e9es stock\u00e9es et des risques auxquels elles sont expos\u00e9es, le tout conform\u00e9ment aux dispositions de la l\u00e9gislation espagnole sur la protection des donn\u00e9es personnelles.<\/p><p>Les utilisateurs peuvent fournir \u00e0 LA COMPAGNIE leurs donn\u00e9es personnelles par le biais des diff\u00e9rents formulaires qui apparaissent sur le Site Internet \u00e0 cet effet. Ces formulaires int\u00e8grent un texte juridique sur la protection des donn\u00e9es personnelles qui respecte les exigences \u00e9tablies dans le R\u00c8GLEMENT (UE) 2016\/679 du Parlement europ\u00e9en et du Conseil du 27 avril 2016 relatif \u00e0 la protection des personnes physiques \u00e0 l&rsquo;\u00e9gard du traitement des donn\u00e9es \u00e0 caract\u00e8re personnel et \u00e0 la libre circulation de ces donn\u00e9es (R\u00e8glement g\u00e9n\u00e9ral sur la protection des donn\u00e9es) et la Loi organique 3\/2018, du 5 d\u00e9cembre, sur la protection des donn\u00e9es \u00e0 caract\u00e8re personnel et la garantie des droits num\u00e9riques. <\/p><p><b> <\/b><\/p><p><b>8. Conditions d&rsquo;utilisation<\/b><b> blog<\/b><\/p><p>L&rsquo;utilisateur peut exprimer des opinions et apporter des contributions afin que d&rsquo;autres utilisateurs ou visiteurs puissent acc\u00e9der aux commentaires et y r\u00e9pondre le cas \u00e9ch\u00e9ant.<\/p><p>LA COMPAGNIE se r\u00e9serve le droit de retirer de son blog tout contenu qui n&rsquo;est pas conforme \u00e0 ses conditions d&rsquo;utilisation.<\/p><p>Les opinions exprim\u00e9es rel\u00e8vent de la seule responsabilit\u00e9 des auteurs et LA COMPAGNIE d\u00e9cline toute responsabilit\u00e9 \u00e0 cet \u00e9gard.<\/p><p>Cependant, LA COMPAGNIE s&rsquo;assurera que ces opinions ne sont pas offensantes et n&rsquo;enfreignent pas la loi.<\/p><p> <\/p><p><b>9. Droit applicable et juridiction<\/b><\/p><p>En cas de conflit ou de divergence dans l&rsquo;interpr\u00e9tation ou l&rsquo;application du pr\u00e9sent avis juridique, les cours et tribunaux qui, le cas \u00e9ch\u00e9ant, conna\u00eetront de l&rsquo;affaire seront ceux pr\u00e9vus par les dispositions l\u00e9gales applicables en mati\u00e8re de juridiction comp\u00e9tente, qui, dans le cas des consommateurs finaux, tiendront compte du lieu o\u00f9 ils ont leur r\u00e9sidence habituelle.<\/p><p>Dans le cas d&rsquo;une soci\u00e9t\u00e9, les deux parties se soumettent, en renon\u00e7ant express\u00e9ment \u00e0 toute autre juridiction, aux cours et tribunaux d&rsquo;Alicante.<\/p>\t\t\t\t\t\t\t\t<\/div>\n\t\t\t\t<\/div>\n\t\t\t\t\t<\/div>\n\t\t\t\t<\/div>\n\t\t\t\t<\/div>\n\t\t","protected":false},"excerpt":{"rendered":"<p>Avis juridiques 1. Avis juridique Conform\u00e9ment \u00e0 l&rsquo;article 10 de la loi 34\/2002, du 11 juillet, sur les services de [&hellip;]<\/p>\n","protected":false},"author":1,"featured_media":0,"parent":0,"menu_order":0,"comment_status":"closed","ping_status":"closed","template":"","meta":{"site-sidebar-layout":"no-sidebar","site-content-layout":"","ast-site-content-layout":"full-width-container","site-content-style":"default","site-sidebar-style":"default","ast-global-header-display":"","ast-banner-title-visibility":"","ast-main-header-display":"","ast-hfb-above-header-display":"","ast-hfb-below-header-display":"","ast-hfb-mobile-header-display":"","site-post-title":"disabled","ast-breadcrumbs-content":"","ast-featured-img":"disabled","footer-sml-layout":"","theme-transparent-header-meta":"","adv-header-id-meta":"","stick-header-meta":"","header-above-stick-meta":"","header-main-stick-meta":"","header-below-stick-meta":"","astra-migrate-meta-layouts":"default","ast-page-background-enabled":"default","ast-page-background-meta":{"desktop":{"background-color":"var(--ast-global-color-4)","background-image":"","background-repeat":"repeat","background-position":"center center","background-size":"auto","background-attachment":"scroll","background-type":"","background-media":"","overlay-type":"","overlay-color":"","overlay-opacity":"","overlay-gradient":""},"tablet":{"background-color":"","background-image":"","background-repeat":"repeat","background-position":"center center","background-size":"auto","background-attachment":"scroll","background-type":"","background-media":"","overlay-type":"","overlay-color":"","overlay-opacity":"","overlay-gradient":""},"mobile":{"background-color":"","background-image":"","background-repeat":"repeat","background-position":"center center","background-size":"auto","background-attachment":"scroll","background-type":"","background-media":"","overlay-type":"","overlay-color":"","overlay-opacity":"","overlay-gradient":""}},"ast-content-background-meta":{"desktop":{"background-color":"var(--ast-global-color-5)","background-image":"","background-repeat":"repeat","background-position":"center center","background-size":"auto","background-attachment":"scroll","background-type":"","background-media":"","overlay-type":"","overlay-color":"","overlay-opacity":"","overlay-gradient":""},"tablet":{"background-color":"var(--ast-global-color-5)","background-image":"","background-repeat":"repeat","background-position":"center center","background-size":"auto","background-attachment":"scroll","background-type":"","background-media":"","overlay-type":"","overlay-color":"","overlay-opacity":"","overlay-gradient":""},"mobile":{"background-color":"var(--ast-global-color-5)","background-image":"","background-repeat":"repeat","background-position":"center center","background-size":"auto","background-attachment":"scroll","background-type":"","background-media":"","overlay-type":"","overlay-color":"","overlay-opacity":"","overlay-gradient":""}},"footnotes":""},"class_list":["post-4879","page","type-page","status-publish","hentry"],"_links":{"self":[{"href":"https:\/\/mueblesorts.com\/fr\/wp-json\/wp\/v2\/pages\/4879","targetHints":{"allow":["GET"]}}],"collection":[{"href":"https:\/\/mueblesorts.com\/fr\/wp-json\/wp\/v2\/pages"}],"about":[{"href":"https:\/\/mueblesorts.com\/fr\/wp-json\/wp\/v2\/types\/page"}],"author":[{"embeddable":true,"href":"https:\/\/mueblesorts.com\/fr\/wp-json\/wp\/v2\/users\/1"}],"replies":[{"embeddable":true,"href":"https:\/\/mueblesorts.com\/fr\/wp-json\/wp\/v2\/comments?post=4879"}],"version-history":[{"count":1,"href":"https:\/\/mueblesorts.com\/fr\/wp-json\/wp\/v2\/pages\/4879\/revisions"}],"predecessor-version":[{"id":4885,"href":"https:\/\/mueblesorts.com\/fr\/wp-json\/wp\/v2\/pages\/4879\/revisions\/4885"}],"wp:attachment":[{"href":"https:\/\/mueblesorts.com\/fr\/wp-json\/wp\/v2\/media?parent=4879"}],"curies":[{"name":"wp","href":"https:\/\/api.w.org\/{rel}","templated":true}]}}