{"id":4865,"date":"2025-09-04T07:56:42","date_gmt":"2025-09-04T05:56:42","guid":{"rendered":"https:\/\/mueblesorts.com\/canal-de-communication\/"},"modified":"2025-10-24T13:45:58","modified_gmt":"2025-10-24T11:45:58","slug":"canal-de-communication","status":"publish","type":"page","link":"https:\/\/mueblesorts.com\/fr\/canal-de-communication\/","title":{"rendered":"Canal de communication"},"content":{"rendered":"\t\t<div data-elementor-type=\"wp-page\" data-elementor-id=\"4865\" class=\"elementor elementor-4865 elementor-3935\" data-elementor-post-type=\"page\">\n\t\t\t\t<div class=\"elementor-element elementor-element-82cdc39 e-flex e-con-boxed e-con e-parent\" data-id=\"82cdc39\" data-element_type=\"container\" data-settings=\"{&quot;background_background&quot;:&quot;classic&quot;}\">\n\t\t\t\t\t<div class=\"e-con-inner\">\n\t\t<div class=\"elementor-element elementor-element-992bb46 e-con-full e-flex e-con e-child\" data-id=\"992bb46\" data-element_type=\"container\">\n\t\t\t\t<div class=\"elementor-element elementor-element-undefined-b013048 elementor-widget elementor-widget-heading\" data-id=\"undefined-b013048\" data-element_type=\"widget\" data-widget_type=\"heading.default\">\n\t\t\t\t<div class=\"elementor-widget-container\">\n\t\t\t\t\t<h1 class=\"elementor-heading-title elementor-size-default\">Canal de communication<\/h1>\t\t\t\t<\/div>\n\t\t\t\t<\/div>\n\t\t\t\t<\/div>\n\t\t\t\t\t<\/div>\n\t\t\t\t<\/div>\n\t\t<div class=\"elementor-element elementor-element-0203568 e-flex e-con-boxed e-con e-parent\" data-id=\"0203568\" data-element_type=\"container\">\n\t\t\t\t\t<div class=\"e-con-inner\">\n\t\t\t\t<div class=\"elementor-element elementor-element-914db0a elementor-widget elementor-widget-text-editor\" data-id=\"914db0a\" data-element_type=\"widget\" data-widget_type=\"text-editor.default\">\n\t\t\t\t<div class=\"elementor-widget-container\">\n\t\t\t\t\t\t\t\t\t<h5 class=\"lahom titulo\">Canal de communication<\/h5><div id=\"texto\"><p>Le syst\u00e8me d&rsquo;information interne vous permet de signaler toute action entra\u00eenant une limitation effective des droits et garanties pr\u00e9vus dans la <a class=\"common__tiny-link\"><span class=\"common__tiny-link-span\">L 2\/2023<\/span><i class=\"lf-icon-open-window common__tiny-link-icon--blue common__tiny-link-icon\"><\/i><\/a> . Si vous soumettez une communication, m\u00eame si elle n&rsquo;est pas anonyme, sachez que votre identit\u00e9 est pr\u00e9serv\u00e9e, qu&rsquo;elle ne peut \u00eatre communiqu\u00e9e \u00e0 des tiers et que la confidentialit\u00e9 des donn\u00e9es correspondant aux personnes concern\u00e9es et \u00e0 tout tiers mentionn\u00e9 dans les informations fournies est garantie. Toute divulgation \u00e0 effectuer est soumise aux garanties \u00e9tablies dans la r\u00e9glementation applicable.  <\/p><p> <\/p><p><b>Politique de confidentialit\u00e9 Canal de communication<\/b><\/p><p>Les donn\u00e9es que vous nous fournissez par le biais du <b>formulaire du canal de communication<\/b> seront trait\u00e9es par notre responsable du traitement JUSTEL ABOGADOS, dont l&rsquo;adresse est C\/Lanuza, 2 -1\u00ba E &#8211; 03001 ALICANTE, et l&rsquo;adresse \u00e9lectronique : <a href=\"mailto:vjustel@icali.es\">vjustel@icali.es<\/a> o\u00f9 vous pouvez \u00e9galement exercer vos droits d&rsquo;acc\u00e8s, de rectification, de suppression, d&rsquo;opposition, de limitation du traitement, de portabilit\u00e9 et, le cas \u00e9ch\u00e9ant, de r\u00e9vocation de votre consentement, en envoyant une lettre indiquant le droit que vous souhaitez exercer, accompagn\u00e9e d&rsquo;une copie de votre carte d&rsquo;identit\u00e9.<\/p><p>Vous pouvez \u00e9galement contacter notre d\u00e9l\u00e9gu\u00e9 \u00e0 la protection des donn\u00e9es en lui \u00e9crivant \u00e0 l&rsquo;adresse postale susmentionn\u00e9e ou \u00e0 l&rsquo;adresse \u00e9lectronique fournie.<\/p><p>L&rsquo;objectif de ce canal est de mettre \u00e0 la disposition des employ\u00e9s, des clients, des fournisseurs ou des tiers li\u00e9s \u00e0 MUEBLES ORTS, S.L., une proc\u00e9dure pour signaler les <b>infractions au Code d&rsquo;\u00e9thique et les \u00e9ventuels<\/b> <b>d\u00e9lits ou comportements irr\u00e9guliers<\/b> observ\u00e9s au sein de l&rsquo;entreprise.<\/p><p>Si vous nous informez par ce biais d&rsquo;une plainte concernant des violations du code d&rsquo;\u00e9thique et d&rsquo;\u00e9ventuels d\u00e9lits ou comportements irr\u00e9guliers observ\u00e9s au sein de l&rsquo;entreprise, vos donn\u00e9es seront trait\u00e9es afin de donner suite \u00e0 votre plainte et d&rsquo;ouvrir le dossier d&rsquo;enqu\u00eate correspondant ou de le transmettre aux administrations publiques comp\u00e9tentes pour les faits que vous nous avez signal\u00e9s.<\/p><p>La confidentialit\u00e9 des donn\u00e9es, le droit d&rsquo;\u00eatre entendu et la pr\u00e9somption d&rsquo;innocence de toute personne concern\u00e9e, ainsi que l&rsquo;absence de repr\u00e9sailles \u00e0 l&rsquo;encontre de tout d\u00e9nonciateur sont garantis.<\/p><p>Nous conserverons vos donn\u00e9es pendant la dur\u00e9e n\u00e9cessaire et l\u00e9galement requise pour le traitement des proc\u00e9dures d\u00e9coulant de la plainte.<\/p><p>Vos donn\u00e9es ne seront pas transf\u00e9r\u00e9es au niveau international.<\/p><p>La l\u00e9gitimit\u00e9 du traitement de vos donn\u00e9es sera d&rsquo;abord votre consentement.<\/p><p>Enfin, nous vous informons que si vous consid\u00e9rez que le traitement de vos donn\u00e9es n&rsquo;est pas conforme \u00e0 la r\u00e9glementation applicable, vous pouvez introduire une r\u00e9clamation aupr\u00e8s de l&rsquo;Agence espagnole de protection des donn\u00e9es.<\/p><\/div>\t\t\t\t\t\t\t\t<\/div>\n\t\t\t\t<\/div>\n\t\t\t\t\t<\/div>\n\t\t\t\t<\/div>\n\t\t<div class=\"elementor-element elementor-element-f680dc8 e-flex e-con-boxed e-con e-parent\" data-id=\"f680dc8\" data-element_type=\"container\">\n\t\t\t\t\t<div class=\"e-con-inner\">\n\t\t\t\t<div class=\"elementor-element elementor-element-759bb70 elementor-button-align-start elementor-widget__width-initial elementor-widget elementor-widget-form\" data-id=\"759bb70\" data-element_type=\"widget\" data-settings=\"{&quot;button_width&quot;:&quot;20&quot;,&quot;step_next_label&quot;:&quot;Suivant&quot;,&quot;step_previous_label&quot;:&quot;Pr\\u00e9c\\u00e9dent&quot;,&quot;step_type&quot;:&quot;number_text&quot;,&quot;step_icon_shape&quot;:&quot;circle&quot;}\" data-widget_type=\"form.default\">\n\t\t\t\t<div class=\"elementor-widget-container\">\n\t\t\t\t\t\t\t<form class=\"elementor-form\" method=\"post\" name=\"Forme du canal de communication\" aria-label=\"Forme du canal de communication\">\n\t\t\t<input type=\"hidden\" name=\"post_id\" value=\"4865\"\/>\n\t\t\t<input type=\"hidden\" name=\"form_id\" value=\"759bb70\"\/>\n\t\t\t<input type=\"hidden\" name=\"referer_title\" value=\"\" \/>\n\n\t\t\t\n\t\t\t<div class=\"elementor-form-fields-wrapper elementor-labels-\">\n\t\t\t\t\t\t\t\t<div class=\"elementor-field-type-text elementor-field-group elementor-column elementor-field-group-name elementor-col-100 elementor-field-required\">\n\t\t\t\t\t\t\t\t\t\t\t\t<label for=\"form-field-name\" class=\"elementor-field-label elementor-screen-only\">\n\t\t\t\t\t\t\t\tNom et pr\u00e9nom\t\t\t\t\t\t\t<\/label>\n\t\t\t\t\t\t\t\t\t\t\t\t\t\t<input size=\"1\" type=\"text\" name=\"form_fields[name]\" id=\"form-field-name\" class=\"elementor-field elementor-size-xs  elementor-field-textual\" placeholder=\"Nom et pr\u00e9nom\" required=\"required\">\n\t\t\t\t\t\t\t\t\t\t\t<\/div>\n\t\t\t\t\t\t\t\t<div class=\"elementor-field-type-email elementor-field-group elementor-column elementor-field-group-email elementor-col-100 elementor-field-required\">\n\t\t\t\t\t\t\t\t\t\t\t\t<label for=\"form-field-email\" class=\"elementor-field-label elementor-screen-only\">\n\t\t\t\t\t\t\t\tE-mail :\t\t\t\t\t\t\t<\/label>\n\t\t\t\t\t\t\t\t\t\t\t\t\t\t<input size=\"1\" type=\"email\" name=\"form_fields[email]\" id=\"form-field-email\" class=\"elementor-field elementor-size-xs  elementor-field-textual\" placeholder=\"E-mail :\" required=\"required\">\n\t\t\t\t\t\t\t\t\t\t\t<\/div>\n\t\t\t\t\t\t\t\t<div class=\"elementor-field-type-tel elementor-field-group elementor-column elementor-field-group-field_098d9d8 elementor-col-50 elementor-field-required\">\n\t\t\t\t\t\t\t\t\t\t\t\t<label for=\"form-field-field_098d9d8\" class=\"elementor-field-label elementor-screen-only\">\n\t\t\t\t\t\t\t\tT\u00e9l\u00e9phone :\t\t\t\t\t\t\t<\/label>\n\t\t\t\t\t\t\t\t<input size=\"1\" type=\"tel\" name=\"form_fields[field_098d9d8]\" id=\"form-field-field_098d9d8\" class=\"elementor-field elementor-size-xs  elementor-field-textual\" placeholder=\"T\u00e9l\u00e9phone :\" required=\"required\" pattern=\"[0-9()#&amp;+*-=.]+\" title=\"Seuls les caract\u00e8res de num\u00e9ros de t\u00e9l\u00e9phone (#, -, *, etc.) sont accept\u00e9s.\">\n\n\t\t\t\t\t\t<\/div>\n\t\t\t\t\t\t\t\t<div class=\"elementor-field-type-text elementor-field-group elementor-column elementor-field-group-field_499f113 elementor-col-50 elementor-field-required\">\n\t\t\t\t\t\t\t\t\t\t\t\t<label for=\"form-field-field_499f113\" class=\"elementor-field-label elementor-screen-only\">\n\t\t\t\t\t\t\t\tRelation avec l'entreprise :\t\t\t\t\t\t\t<\/label>\n\t\t\t\t\t\t\t\t\t\t\t\t\t\t<input size=\"1\" type=\"text\" name=\"form_fields[field_499f113]\" id=\"form-field-field_499f113\" class=\"elementor-field elementor-size-xs  elementor-field-textual\" placeholder=\"Relation avec l&#039;entreprise :\" required=\"required\">\n\t\t\t\t\t\t\t\t\t\t\t<\/div>\n\t\t\t\t\t\t\t\t<div class=\"elementor-field-type-date elementor-field-group elementor-column elementor-field-group-field_add9dc4 elementor-col-100 elementor-field-required\">\n\t\t\t\t\t\t\t\t\t\t\t\t<label for=\"form-field-field_add9dc4\" class=\"elementor-field-label elementor-screen-only\">\n\t\t\t\t\t\t\t\tDate de la plainte :\t\t\t\t\t\t\t<\/label>\n\t\t\t\t\t\t\n\t\t<input type=\"date\" name=\"form_fields[field_add9dc4]\" id=\"form-field-field_add9dc4\" class=\"elementor-field elementor-size-xs  elementor-field-textual elementor-date-field\" placeholder=\"Date de la plainte :\" required=\"required\" pattern=\"[0-9]{4}-[0-9]{2}-[0-9]{2}\">\n\t\t\t\t\t\t<\/div>\n\t\t\t\t\t\t\t\t<div class=\"elementor-field-type-textarea elementor-field-group elementor-column elementor-field-group-field_d1b7446 elementor-col-100 elementor-field-required\">\n\t\t\t\t\t\t\t\t\t\t\t\t<label for=\"form-field-field_d1b7446\" class=\"elementor-field-label elementor-screen-only\">\n\t\t\t\t\t\t\t\tDescription de la plainte :\t\t\t\t\t\t\t<\/label>\n\t\t\t\t\t\t<textarea class=\"elementor-field-textual elementor-field  elementor-size-xs\" name=\"form_fields[field_d1b7446]\" id=\"form-field-field_d1b7446\" rows=\"4\" placeholder=\"Description de la plainte :\" required=\"required\"><\/textarea>\t\t\t\t<\/div>\n\t\t\t\t\t\t\t\t<div class=\"elementor-field-type-date elementor-field-group elementor-column elementor-field-group-field_dddff34 elementor-col-100 elementor-field-required\">\n\t\t\t\t\t\t\t\t\t\t\t\t<label for=\"form-field-field_dddff34\" class=\"elementor-field-label elementor-screen-only\">\n\t\t\t\t\t\t\t\tDate approximative des \u00e9v\u00e9nements :\t\t\t\t\t\t\t<\/label>\n\t\t\t\t\t\t\n\t\t<input type=\"date\" name=\"form_fields[field_dddff34]\" id=\"form-field-field_dddff34\" class=\"elementor-field elementor-size-xs  elementor-field-textual elementor-date-field\" placeholder=\"Date approximative des \u00e9v\u00e9nements :\" required=\"required\" pattern=\"[0-9]{4}-[0-9]{2}-[0-9]{2}\">\n\t\t\t\t\t\t<\/div>\n\t\t\t\t\t\t\t\t<div class=\"elementor-field-type-text elementor-field-group elementor-column elementor-field-group-field_e70cebd elementor-col-100\">\n\t\t\t\t\t\t\t\t\t\t\t\t<label for=\"form-field-field_e70cebd\" class=\"elementor-field-label elementor-screen-only\">\n\t\t\t\t\t\t\t\tLes personnes qui peuvent fournir des informations :\t\t\t\t\t\t\t<\/label>\n\t\t\t\t\t\t\t\t\t\t\t\t\t\t<input size=\"1\" type=\"text\" name=\"form_fields[field_e70cebd]\" id=\"form-field-field_e70cebd\" class=\"elementor-field elementor-size-xs  elementor-field-textual\" placeholder=\"Les personnes qui peuvent fournir des informations :\">\n\t\t\t\t\t\t\t\t\t\t\t<\/div>\n\t\t\t\t\t\t\t\t<div class=\"elementor-field-type-text elementor-field-group elementor-column elementor-field-group-field_1121265 elementor-col-100 elementor-field-required\">\n\t\t\t\t\t\t\t\t\t\t\t\t<label for=\"form-field-field_1121265\" class=\"elementor-field-label elementor-screen-only\">\n\t\t\t\t\t\t\t\tPersonnes concern\u00e9es :\t\t\t\t\t\t\t<\/label>\n\t\t\t\t\t\t\t\t\t\t\t\t\t\t<input size=\"1\" type=\"text\" name=\"form_fields[field_1121265]\" id=\"form-field-field_1121265\" class=\"elementor-field elementor-size-xs  elementor-field-textual\" placeholder=\"Personnes concern\u00e9es :\" required=\"required\">\n\t\t\t\t\t\t\t\t\t\t\t<\/div>\n\t\t\t\t\t\t\t\t<div class=\"elementor-field-type-upload elementor-field-group elementor-column elementor-field-group-field_1ac6cfd elementor-col-100\">\n\t\t\t\t\t\t\t\t\t\t\t\t<label for=\"form-field-field_1ac6cfd\" class=\"elementor-field-label elementor-screen-only\">\n\t\t\t\t\t\t\t\tDocuments annex\u00e9s :\t\t\t\t\t\t\t<\/label>\n\t\t\t\t\t\t\t\t<input type=\"file\" name=\"form_fields[field_1ac6cfd][]\" id=\"form-field-field_1ac6cfd\" class=\"elementor-field elementor-size-xs  elementor-upload-field\" multiple=\"multiple\" data-maxsize=\"10\" data-maxsize-message=\"Ce fichier d\u00e9passe la taille maximale autoris\u00e9e.\">\n\n\t\t\t\t\t\t<\/div>\n\t\t\t\t\t\t\t\t<div class=\"elementor-field-type-text elementor-field-group elementor-column elementor-field-group-field_c954318 elementor-col-100\">\n\t\t\t\t\t\t\t\t\t\t\t\t<label for=\"form-field-field_c954318\" class=\"elementor-field-label elementor-screen-only\">\n\t\t\t\t\t\t\t\tComment avez-vous appris les faits ?\t\t\t\t\t\t\t<\/label>\n\t\t\t\t\t\t\t\t\t\t\t\t\t\t<input size=\"1\" type=\"text\" name=\"form_fields[field_c954318]\" id=\"form-field-field_c954318\" class=\"elementor-field elementor-size-xs  elementor-field-textual\" placeholder=\"Comment avez-vous appris les faits ?\">\n\t\t\t\t\t\t\t\t\t\t\t<\/div>\n\t\t\t\t\t\t\t\t<div class=\"elementor-field-group elementor-column elementor-field-type-submit elementor-col-20 e-form__buttons\">\n\t\t\t\t\t<button class=\"elementor-button elementor-size-sm\" type=\"submit\">\n\t\t\t\t\t\t<span class=\"elementor-button-content-wrapper\">\n\t\t\t\t\t\t\t\t\t\t\t\t\t\t\t\t\t\t\t\t\t\t<span class=\"elementor-button-text\">Envoyer<\/span>\n\t\t\t\t\t\t\t\t\t\t\t\t\t<\/span>\n\t\t\t\t\t<\/button>\n\t\t\t\t<\/div>\n\t\t\t<\/div>\n\t\t<\/form>\n\t\t\t\t\t\t<\/div>\n\t\t\t\t<\/div>\n\t\t\t\t\t<\/div>\n\t\t\t\t<\/div>\n\t\t\t\t<\/div>\n\t\t","protected":false},"excerpt":{"rendered":"<p>Canal de communication Canal de communication Le syst\u00e8me d&rsquo;information interne vous permet de signaler toute action entra\u00eenant une limitation effective [&hellip;]<\/p>\n","protected":false},"author":1,"featured_media":0,"parent":0,"menu_order":0,"comment_status":"closed","ping_status":"closed","template":"","meta":{"site-sidebar-layout":"no-sidebar","site-content-layout":"","ast-site-content-layout":"full-width-container","site-content-style":"default","site-sidebar-style":"default","ast-global-header-display":"","ast-banner-title-visibility":"","ast-main-header-display":"","ast-hfb-above-header-display":"","ast-hfb-below-header-display":"","ast-hfb-mobile-header-display":"","site-post-title":"disabled","ast-breadcrumbs-content":"","ast-featured-img":"disabled","footer-sml-layout":"","theme-transparent-header-meta":"","adv-header-id-meta":"","stick-header-meta":"","header-above-stick-meta":"","header-main-stick-meta":"","header-below-stick-meta":"","astra-migrate-meta-layouts":"default","ast-page-background-enabled":"default","ast-page-background-meta":{"desktop":{"background-color":"var(--ast-global-color-4)","background-image":"","background-repeat":"repeat","background-position":"center center","background-size":"auto","background-attachment":"scroll","background-type":"","background-media":"","overlay-type":"","overlay-color":"","overlay-opacity":"","overlay-gradient":""},"tablet":{"background-color":"","background-image":"","background-repeat":"repeat","background-position":"center center","background-size":"auto","background-attachment":"scroll","background-type":"","background-media":"","overlay-type":"","overlay-color":"","overlay-opacity":"","overlay-gradient":""},"mobile":{"background-color":"","background-image":"","background-repeat":"repeat","background-position":"center center","background-size":"auto","background-attachment":"scroll","background-type":"","background-media":"","overlay-type":"","overlay-color":"","overlay-opacity":"","overlay-gradient":""}},"ast-content-background-meta":{"desktop":{"background-color":"var(--ast-global-color-5)","background-image":"","background-repeat":"repeat","background-position":"center center","background-size":"auto","background-attachment":"scroll","background-type":"","background-media":"","overlay-type":"","overlay-color":"","overlay-opacity":"","overlay-gradient":""},"tablet":{"background-color":"var(--ast-global-color-5)","background-image":"","background-repeat":"repeat","background-position":"center center","background-size":"auto","background-attachment":"scroll","background-type":"","background-media":"","overlay-type":"","overlay-color":"","overlay-opacity":"","overlay-gradient":""},"mobile":{"background-color":"var(--ast-global-color-5)","background-image":"","background-repeat":"repeat","background-position":"center center","background-size":"auto","background-attachment":"scroll","background-type":"","background-media":"","overlay-type":"","overlay-color":"","overlay-opacity":"","overlay-gradient":""}},"footnotes":""},"class_list":["post-4865","page","type-page","status-publish","hentry"],"_links":{"self":[{"href":"https:\/\/mueblesorts.com\/fr\/wp-json\/wp\/v2\/pages\/4865","targetHints":{"allow":["GET"]}}],"collection":[{"href":"https:\/\/mueblesorts.com\/fr\/wp-json\/wp\/v2\/pages"}],"about":[{"href":"https:\/\/mueblesorts.com\/fr\/wp-json\/wp\/v2\/types\/page"}],"author":[{"embeddable":true,"href":"https:\/\/mueblesorts.com\/fr\/wp-json\/wp\/v2\/users\/1"}],"replies":[{"embeddable":true,"href":"https:\/\/mueblesorts.com\/fr\/wp-json\/wp\/v2\/comments?post=4865"}],"version-history":[{"count":1,"href":"https:\/\/mueblesorts.com\/fr\/wp-json\/wp\/v2\/pages\/4865\/revisions"}],"predecessor-version":[{"id":4871,"href":"https:\/\/mueblesorts.com\/fr\/wp-json\/wp\/v2\/pages\/4865\/revisions\/4871"}],"wp:attachment":[{"href":"https:\/\/mueblesorts.com\/fr\/wp-json\/wp\/v2\/media?parent=4865"}],"curies":[{"name":"wp","href":"https:\/\/api.w.org\/{rel}","templated":true}]}}