{"id":4864,"date":"2025-09-04T05:10:58","date_gmt":"2025-09-04T03:10:58","guid":{"rendered":"https:\/\/mueblesorts.com\/catalogues\/"},"modified":"2025-12-04T09:06:31","modified_gmt":"2025-12-04T08:06:31","slug":"catalogues","status":"publish","type":"page","link":"https:\/\/mueblesorts.com\/fr\/catalogues\/","title":{"rendered":"Catalogues"},"content":{"rendered":"\t\t<div data-elementor-type=\"wp-page\" data-elementor-id=\"4864\" class=\"elementor elementor-4864 elementor-3847\" data-elementor-post-type=\"page\">\n\t\t\t\t<div class=\"elementor-element elementor-element-82cdc39 e-flex e-con-boxed e-con e-parent\" data-id=\"82cdc39\" data-element_type=\"container\" data-e-type=\"container\" data-settings=\"{&quot;background_background&quot;:&quot;classic&quot;}\">\n\t\t\t\t\t<div class=\"e-con-inner\">\n\t\t<div class=\"elementor-element elementor-element-992bb46 e-con-full e-flex e-con e-child\" data-id=\"992bb46\" data-element_type=\"container\" data-e-type=\"container\">\n\t\t\t\t<div class=\"elementor-element elementor-element-undefined-b013048 elementor-widget elementor-widget-heading\" data-id=\"undefined-b013048\" data-element_type=\"widget\" data-e-type=\"widget\" data-widget_type=\"heading.default\">\n\t\t\t\t<div class=\"elementor-widget-container\">\n\t\t\t\t\t<h1 class=\"elementor-heading-title elementor-size-default\">Catalogues<\/h1>\t\t\t\t<\/div>\n\t\t\t\t<\/div>\n\t\t\t\t<\/div>\n\t\t\t\t\t<\/div>\n\t\t\t\t<\/div>\n\t\t<div class=\"elementor-element elementor-element-55f3c33 e-grid e-con-boxed e-con e-parent\" data-id=\"55f3c33\" data-element_type=\"container\" data-e-type=\"container\">\n\t\t\t\t\t<div class=\"e-con-inner\">\n\t\t<div class=\"elementor-element elementor-element-33be3f6 e-con-full e-flex e-con e-child\" data-id=\"33be3f6\" data-element_type=\"container\" data-e-type=\"container\">\n\t\t\t\t<div class=\"elementor-element elementor-element-2d9eef1 elementor-widget elementor-widget-heading\" data-id=\"2d9eef1\" data-element_type=\"widget\" data-e-type=\"widget\" data-widget_type=\"heading.default\">\n\t\t\t\t<div class=\"elementor-widget-container\">\n\t\t\t\t\t<h2 class=\"elementor-heading-title elementor-size-default\">Catalogue chambres ado<\/h2>\t\t\t\t<\/div>\n\t\t\t\t<\/div>\n\t\t\t\t<div class=\"elementor-element elementor-element-784c4cc elementor-widget elementor-widget-heading\" data-id=\"784c4cc\" data-element_type=\"widget\" data-e-type=\"widget\" data-widget_type=\"heading.default\">\n\t\t\t\t<div class=\"elementor-widget-container\">\n\t\t\t\t\t<p class=\"elementor-heading-title elementor-size-default\">Sonrie<\/p>\t\t\t\t<\/div>\n\t\t\t\t<\/div>\n\t\t\t\t<div class=\"elementor-element elementor-element-da7ce84 elementor-widget elementor-widget-text-editor\" data-id=\"da7ce84\" data-element_type=\"widget\" data-e-type=\"widget\" data-widget_type=\"text-editor.default\">\n\t\t\t\t<div class=\"elementor-widget-container\">\n\t\t\t\t\t\t\t\t\t<p>Des solutions pratiques et polyvalentes gain de place con\u00e7ue pour la vie quotidienne.<\/p>\t\t\t\t\t\t\t\t<\/div>\n\t\t\t\t<\/div>\n\t\t\t\t<div class=\"elementor-element elementor-element-553c42e elementor-invisible elementor-widget elementor-widget-image\" data-id=\"553c42e\" data-element_type=\"widget\" data-e-type=\"widget\" data-settings=\"{&quot;_animation&quot;:&quot;fadeIn&quot;}\" data-widget_type=\"image.default\">\n\t\t\t\t<div class=\"elementor-widget-container\">\n\t\t\t\t\t\t\t\t\t\t\t\t\t\t\t\t<a href=\"https:\/\/mueblesorts.com\/wp-content\/uploads\/2025\/05\/CATALOGO-SONRIE-3_compressed.pdf\" target=\"_blank\">\n\t\t\t\t\t\t\t<img fetchpriority=\"high\" decoding=\"async\" width=\"1024\" height=\"636\" src=\"https:\/\/mueblesorts.com\/wp-content\/uploads\/2025\/09\/Catalogo-Sonrie-Muebles-Orts-1024x636.jpg\" class=\"elementor-animation-shrink attachment-large size-large wp-image-4867\" alt=\"\" srcset=\"https:\/\/mueblesorts.com\/wp-content\/uploads\/2025\/09\/Catalogo-Sonrie-Muebles-Orts-1024x636.jpg 1024w, https:\/\/mueblesorts.com\/wp-content\/uploads\/2025\/09\/Catalogo-Sonrie-Muebles-Orts-300x186.jpg 300w, https:\/\/mueblesorts.com\/wp-content\/uploads\/2025\/09\/Catalogo-Sonrie-Muebles-Orts-768x477.jpg 768w, https:\/\/mueblesorts.com\/wp-content\/uploads\/2025\/09\/Catalogo-Sonrie-Muebles-Orts-1536x954.jpg 1536w, https:\/\/mueblesorts.com\/wp-content\/uploads\/2025\/09\/Catalogo-Sonrie-Muebles-Orts-600x373.jpg 600w, https:\/\/mueblesorts.com\/wp-content\/uploads\/2025\/09\/Catalogo-Sonrie-Muebles-Orts.jpg 1920w\" sizes=\"(max-width: 1024px) 100vw, 1024px\" \/>\t\t\t\t\t\t\t\t<\/a>\n\t\t\t\t\t\t\t\t\t\t\t\t\t\t\t<\/div>\n\t\t\t\t<\/div>\n\t\t\t\t<\/div>\n\t\t<div class=\"elementor-element elementor-element-546dc33 e-con-full e-flex e-con e-child\" data-id=\"546dc33\" data-element_type=\"container\" data-e-type=\"container\">\n\t\t\t\t<div class=\"elementor-element elementor-element-a958cdd elementor-widget elementor-widget-heading\" data-id=\"a958cdd\" data-element_type=\"widget\" data-e-type=\"widget\" data-widget_type=\"heading.default\">\n\t\t\t\t<div class=\"elementor-widget-container\">\n\t\t\t\t\t<h2 class=\"elementor-heading-title elementor-size-default\">Catalogue chambre ado<\/h2>\t\t\t\t<\/div>\n\t\t\t\t<\/div>\n\t\t\t\t<div class=\"elementor-element elementor-element-5309885 elementor-widget elementor-widget-heading\" data-id=\"5309885\" data-element_type=\"widget\" data-e-type=\"widget\" data-settings=\"{&quot;_animation&quot;:&quot;none&quot;}\" data-widget_type=\"heading.default\">\n\t\t\t\t<div class=\"elementor-widget-container\">\n\t\t\t\t\t<p class=\"elementor-heading-title elementor-size-default\">Base Cuatro<\/p>\t\t\t\t<\/div>\n\t\t\t\t<\/div>\n\t\t\t\t<div class=\"elementor-element elementor-element-2a429be elementor-widget elementor-widget-text-editor\" data-id=\"2a429be\" data-element_type=\"widget\" data-e-type=\"widget\" data-widget_type=\"text-editor.default\">\n\t\t\t\t<div class=\"elementor-widget-container\">\n\t\t\t\t\t\t\t\t\t<p>Con\u00e7ues pour grandir avec eux, elles combinent rangement, espace d&rsquo;\u00e9tude et confort dans des espaces dynamiques et bien organis\u00e9s.<\/p>\t\t\t\t\t\t\t\t<\/div>\n\t\t\t\t<\/div>\n\t\t\t\t<div class=\"elementor-element elementor-element-3d911f3 elementor-invisible elementor-widget elementor-widget-image\" data-id=\"3d911f3\" data-element_type=\"widget\" data-e-type=\"widget\" data-settings=\"{&quot;_animation&quot;:&quot;fadeIn&quot;}\" data-widget_type=\"image.default\">\n\t\t\t\t<div class=\"elementor-widget-container\">\n\t\t\t\t\t\t\t\t\t\t\t\t\t\t\t\t<a href=\"https:\/\/mueblesorts.com\/wp-content\/uploads\/2025\/05\/base-4-muebles-orts_compressed.pdf\" target=\"_blank\">\n\t\t\t\t\t\t\t<img decoding=\"async\" width=\"1024\" height=\"636\" src=\"https:\/\/mueblesorts.com\/wp-content\/uploads\/2025\/09\/Catalogo-Base-Cuatro-Muebles-Orts-1024x636.jpg\" class=\"elementor-animation-shrink attachment-large size-large wp-image-4866\" alt=\"\" srcset=\"https:\/\/mueblesorts.com\/wp-content\/uploads\/2025\/09\/Catalogo-Base-Cuatro-Muebles-Orts-1024x636.jpg 1024w, https:\/\/mueblesorts.com\/wp-content\/uploads\/2025\/09\/Catalogo-Base-Cuatro-Muebles-Orts-300x186.jpg 300w, https:\/\/mueblesorts.com\/wp-content\/uploads\/2025\/09\/Catalogo-Base-Cuatro-Muebles-Orts-768x477.jpg 768w, https:\/\/mueblesorts.com\/wp-content\/uploads\/2025\/09\/Catalogo-Base-Cuatro-Muebles-Orts-1536x954.jpg 1536w, https:\/\/mueblesorts.com\/wp-content\/uploads\/2025\/09\/Catalogo-Base-Cuatro-Muebles-Orts-600x373.jpg 600w, https:\/\/mueblesorts.com\/wp-content\/uploads\/2025\/09\/Catalogo-Base-Cuatro-Muebles-Orts.jpg 1920w\" sizes=\"(max-width: 1024px) 100vw, 1024px\" \/>\t\t\t\t\t\t\t\t<\/a>\n\t\t\t\t\t\t\t\t\t\t\t\t\t\t\t<\/div>\n\t\t\t\t<\/div>\n\t\t\t\t<\/div>\n\t\t<div class=\"elementor-element elementor-element-aed13ee e-con-full e-flex e-con e-child\" data-id=\"aed13ee\" data-element_type=\"container\" data-e-type=\"container\">\n\t\t\t\t<div class=\"elementor-element elementor-element-1452ab8 elementor-widget elementor-widget-heading\" data-id=\"1452ab8\" data-element_type=\"widget\" data-e-type=\"widget\" data-widget_type=\"heading.default\">\n\t\t\t\t<div class=\"elementor-widget-container\">\n\t\t\t\t\t<h2 class=\"elementor-heading-title elementor-size-default\">Catalogue salon<\/h2>\t\t\t\t<\/div>\n\t\t\t\t<\/div>\n\t\t\t\t<div class=\"elementor-element elementor-element-d23ccc5 elementor-widget elementor-widget-heading\" data-id=\"d23ccc5\" data-element_type=\"widget\" data-e-type=\"widget\" data-widget_type=\"heading.default\">\n\t\t\t\t<div class=\"elementor-widget-container\">\n\t\t\t\t\t<p class=\"elementor-heading-title elementor-size-default\">Cr\u00e9er un foyer<\/p>\t\t\t\t<\/div>\n\t\t\t\t<\/div>\n\t\t\t\t<div class=\"elementor-element elementor-element-34520d7 elementor-widget elementor-widget-text-editor\" data-id=\"34520d7\" data-element_type=\"widget\" data-e-type=\"widget\" data-widget_type=\"text-editor.default\">\n\t\t\t\t<div class=\"elementor-widget-container\">\n\t\t\t\t\t\t\t\t\t<p>D\u00e9couvrez des meubles de salon modernes avec des designs fonctionnels qui ajoutent du style et s&rsquo;adaptent aux besoins quotidiens.<\/p>\t\t\t\t\t\t\t\t<\/div>\n\t\t\t\t<\/div>\n\t\t\t\t<div class=\"elementor-element elementor-element-6288595 elementor-invisible elementor-widget elementor-widget-image\" data-id=\"6288595\" data-element_type=\"widget\" data-e-type=\"widget\" data-settings=\"{&quot;_animation&quot;:&quot;fadeIn&quot;}\" data-widget_type=\"image.default\">\n\t\t\t\t<div class=\"elementor-widget-container\">\n\t\t\t\t\t\t\t\t\t\t\t\t\t\t\t\t<a href=\"https:\/\/mueblesorts.com\/wp-content\/uploads\/2025\/05\/catalogo-salones-muebles-orts_compressed.pdf\" target=\"_blank\">\n\t\t\t\t\t\t\t<img decoding=\"async\" width=\"1024\" height=\"636\" src=\"https:\/\/mueblesorts.com\/wp-content\/uploads\/2025\/09\/Catalogo-Make-a-Home-Muebles-Orts-1024x636.jpg\" class=\"elementor-animation-shrink attachment-large size-large wp-image-4690\" alt=\"\" srcset=\"https:\/\/mueblesorts.com\/wp-content\/uploads\/2025\/09\/Catalogo-Make-a-Home-Muebles-Orts-1024x636.jpg 1024w, https:\/\/mueblesorts.com\/wp-content\/uploads\/2025\/09\/Catalogo-Make-a-Home-Muebles-Orts-300x186.jpg 300w, https:\/\/mueblesorts.com\/wp-content\/uploads\/2025\/09\/Catalogo-Make-a-Home-Muebles-Orts-768x477.jpg 768w, https:\/\/mueblesorts.com\/wp-content\/uploads\/2025\/09\/Catalogo-Make-a-Home-Muebles-Orts-1536x954.jpg 1536w, https:\/\/mueblesorts.com\/wp-content\/uploads\/2025\/09\/Catalogo-Make-a-Home-Muebles-Orts-600x373.jpg 600w, https:\/\/mueblesorts.com\/wp-content\/uploads\/2025\/09\/Catalogo-Make-a-Home-Muebles-Orts.jpg 1920w\" sizes=\"(max-width: 1024px) 100vw, 1024px\" \/>\t\t\t\t\t\t\t\t<\/a>\n\t\t\t\t\t\t\t\t\t\t\t\t\t\t\t<\/div>\n\t\t\t\t<\/div>\n\t\t\t\t<\/div>\n\t\t<div class=\"elementor-element elementor-element-daeb7f1 e-con-full e-flex e-con e-child\" data-id=\"daeb7f1\" data-element_type=\"container\" data-e-type=\"container\">\n\t\t\t\t<div class=\"elementor-element elementor-element-8463035 elementor-widget elementor-widget-heading\" data-id=\"8463035\" data-element_type=\"widget\" data-e-type=\"widget\" data-widget_type=\"heading.default\">\n\t\t\t\t<div class=\"elementor-widget-container\">\n\t\t\t\t\t<h2 class=\"elementor-heading-title elementor-size-default\">Catalogue de bureau<\/h2>\t\t\t\t<\/div>\n\t\t\t\t<\/div>\n\t\t\t\t<div class=\"elementor-element elementor-element-4aa693a elementor-widget elementor-widget-heading\" data-id=\"4aa693a\" data-element_type=\"widget\" data-e-type=\"widget\" data-widget_type=\"heading.default\">\n\t\t\t\t<div class=\"elementor-widget-container\">\n\t\t\t\t\t<p class=\"elementor-heading-title elementor-size-default\">Orts Office 17<\/p>\t\t\t\t<\/div>\n\t\t\t\t<\/div>\n\t\t\t\t<div class=\"elementor-element elementor-element-5162c1f elementor-widget elementor-widget-text-editor\" data-id=\"5162c1f\" data-element_type=\"widget\" data-e-type=\"widget\" data-widget_type=\"text-editor.default\">\n\t\t\t\t<div class=\"elementor-widget-container\">\n\t\t\t\t\t\t\t\t\t<p>Des solutions fonctionnelles et professionnelles qui optimisent l&rsquo;espace et am\u00e9liorent l&rsquo;efficacit\u00e9 des environnements de travail des entreprises.<\/p>\t\t\t\t\t\t\t\t<\/div>\n\t\t\t\t<\/div>\n\t\t\t\t<div class=\"elementor-element elementor-element-3d98c5e elementor-invisible elementor-widget elementor-widget-image\" data-id=\"3d98c5e\" data-element_type=\"widget\" data-e-type=\"widget\" data-settings=\"{&quot;_animation&quot;:&quot;fadeIn&quot;}\" data-widget_type=\"image.default\">\n\t\t\t\t<div class=\"elementor-widget-container\">\n\t\t\t\t\t\t\t\t\t\t\t\t\t\t\t\t<a href=\"https:\/\/mueblesorts.com\/wp-content\/uploads\/2025\/05\/cat-oficinas-muebles-orts_compressed.pdf\" target=\"_blank\">\n\t\t\t\t\t\t\t<img loading=\"lazy\" decoding=\"async\" width=\"1024\" height=\"636\" src=\"https:\/\/mueblesorts.com\/wp-content\/uploads\/2025\/09\/Catalogo-Office-Muebles-Orts-1024x636.jpg\" class=\"elementor-animation-shrink attachment-large size-large wp-image-4868\" alt=\"\" srcset=\"https:\/\/mueblesorts.com\/wp-content\/uploads\/2025\/09\/Catalogo-Office-Muebles-Orts-1024x636.jpg 1024w, https:\/\/mueblesorts.com\/wp-content\/uploads\/2025\/09\/Catalogo-Office-Muebles-Orts-300x186.jpg 300w, https:\/\/mueblesorts.com\/wp-content\/uploads\/2025\/09\/Catalogo-Office-Muebles-Orts-768x477.jpg 768w, https:\/\/mueblesorts.com\/wp-content\/uploads\/2025\/09\/Catalogo-Office-Muebles-Orts-1536x954.jpg 1536w, https:\/\/mueblesorts.com\/wp-content\/uploads\/2025\/09\/Catalogo-Office-Muebles-Orts-600x373.jpg 600w, https:\/\/mueblesorts.com\/wp-content\/uploads\/2025\/09\/Catalogo-Office-Muebles-Orts.jpg 1920w\" sizes=\"(max-width: 1024px) 100vw, 1024px\" \/>\t\t\t\t\t\t\t\t<\/a>\n\t\t\t\t\t\t\t\t\t\t\t\t\t\t\t<\/div>\n\t\t\t\t<\/div>\n\t\t\t\t<\/div>\n\t\t\t\t\t<\/div>\n\t\t\t\t<\/div>\n\t\t\t\t<\/div>\n\t\t","protected":false},"excerpt":{"rendered":"<p>Catalogues Catalogue chambres ado Sonrie Des solutions pratiques et polyvalentes gain de place con\u00e7ue pour la vie quotidienne. Catalogue chambre [&hellip;]<\/p>\n","protected":false},"author":1,"featured_media":0,"parent":0,"menu_order":0,"comment_status":"closed","ping_status":"closed","template":"","meta":{"_angie_page":false,"site-sidebar-layout":"no-sidebar","site-content-layout":"","ast-site-content-layout":"full-width-container","site-content-style":"default","site-sidebar-style":"default","ast-global-header-display":"","ast-banner-title-visibility":"","ast-main-header-display":"","ast-hfb-above-header-display":"","ast-hfb-below-header-display":"","ast-hfb-mobile-header-display":"","site-post-title":"disabled","ast-breadcrumbs-content":"","ast-featured-img":"disabled","footer-sml-layout":"","theme-transparent-header-meta":"default","adv-header-id-meta":"","stick-header-meta":"","header-above-stick-meta":"","header-main-stick-meta":"","header-below-stick-meta":"","astra-migrate-meta-layouts":"default","ast-page-background-enabled":"default","ast-page-background-meta":{"desktop":{"background-color":"var(--ast-global-color-4)","background-image":"","background-repeat":"repeat","background-position":"center center","background-size":"auto","background-attachment":"scroll","background-type":"","background-media":"","overlay-type":"","overlay-color":"","overlay-opacity":"","overlay-gradient":""},"tablet":{"background-color":"","background-image":"","background-repeat":"repeat","background-position":"center center","background-size":"auto","background-attachment":"scroll","background-type":"","background-media":"","overlay-type":"","overlay-color":"","overlay-opacity":"","overlay-gradient":""},"mobile":{"background-color":"","background-image":"","background-repeat":"repeat","background-position":"center center","background-size":"auto","background-attachment":"scroll","background-type":"","background-media":"","overlay-type":"","overlay-color":"","overlay-opacity":"","overlay-gradient":""}},"ast-content-background-meta":{"desktop":{"background-color":"var(--ast-global-color-5)","background-image":"","background-repeat":"repeat","background-position":"center center","background-size":"auto","background-attachment":"scroll","background-type":"","background-media":"","overlay-type":"","overlay-color":"","overlay-opacity":"","overlay-gradient":""},"tablet":{"background-color":"var(--ast-global-color-5)","background-image":"","background-repeat":"repeat","background-position":"center center","background-size":"auto","background-attachment":"scroll","background-type":"","background-media":"","overlay-type":"","overlay-color":"","overlay-opacity":"","overlay-gradient":""},"mobile":{"background-color":"var(--ast-global-color-5)","background-image":"","background-repeat":"repeat","background-position":"center center","background-size":"auto","background-attachment":"scroll","background-type":"","background-media":"","overlay-type":"","overlay-color":"","overlay-opacity":"","overlay-gradient":""}},"footnotes":""},"class_list":["post-4864","page","type-page","status-publish","hentry"],"_links":{"self":[{"href":"https:\/\/mueblesorts.com\/fr\/wp-json\/wp\/v2\/pages\/4864","targetHints":{"allow":["GET"]}}],"collection":[{"href":"https:\/\/mueblesorts.com\/fr\/wp-json\/wp\/v2\/pages"}],"about":[{"href":"https:\/\/mueblesorts.com\/fr\/wp-json\/wp\/v2\/types\/page"}],"author":[{"embeddable":true,"href":"https:\/\/mueblesorts.com\/fr\/wp-json\/wp\/v2\/users\/1"}],"replies":[{"embeddable":true,"href":"https:\/\/mueblesorts.com\/fr\/wp-json\/wp\/v2\/comments?post=4864"}],"version-history":[{"count":5,"href":"https:\/\/mueblesorts.com\/fr\/wp-json\/wp\/v2\/pages\/4864\/revisions"}],"predecessor-version":[{"id":5933,"href":"https:\/\/mueblesorts.com\/fr\/wp-json\/wp\/v2\/pages\/4864\/revisions\/5933"}],"wp:attachment":[{"href":"https:\/\/mueblesorts.com\/fr\/wp-json\/wp\/v2\/media?parent=4864"}],"curies":[{"name":"wp","href":"https:\/\/api.w.org\/{rel}","templated":true}]}}