{"id":4393,"date":"2025-01-22T09:33:36","date_gmt":"2025-01-22T08:33:36","guid":{"rendered":"https:\/\/mueblesorts.com\/blog\/"},"modified":"2025-10-24T13:36:53","modified_gmt":"2025-10-24T11:36:53","slug":"blog","status":"publish","type":"page","link":"https:\/\/mueblesorts.com\/fr\/blog\/","title":{"rendered":"Blog"},"content":{"rendered":"\t\t<div data-elementor-type=\"wp-page\" data-elementor-id=\"4393\" class=\"elementor elementor-4393 elementor-602\" data-elementor-post-type=\"page\">\n\t\t\t\t<div class=\"elementor-element elementor-element-82cdc39 e-flex e-con-boxed e-con e-parent\" data-id=\"82cdc39\" data-element_type=\"container\" data-settings=\"{&quot;background_background&quot;:&quot;classic&quot;}\">\n\t\t\t\t\t<div class=\"e-con-inner\">\n\t\t<div class=\"elementor-element elementor-element-992bb46 e-con-full e-flex e-con e-child\" data-id=\"992bb46\" data-element_type=\"container\">\n\t\t\t\t<div class=\"elementor-element elementor-element-undefined-b013048 elementor-widget elementor-widget-heading\" data-id=\"undefined-b013048\" data-element_type=\"widget\" data-widget_type=\"heading.default\">\n\t\t\t\t<div class=\"elementor-widget-container\">\n\t\t\t\t\t<h1 class=\"elementor-heading-title elementor-size-default\">Blog<\/h1>\t\t\t\t<\/div>\n\t\t\t\t<\/div>\n\t\t\t\t<div class=\"elementor-element elementor-element-5d97cee elementor-widget elementor-widget-text-editor\" data-id=\"5d97cee\" data-element_type=\"widget\" data-widget_type=\"text-editor.default\">\n\t\t\t\t<div class=\"elementor-widget-container\">\n\t\t\t\t\t\t\t\t\t<p><strong>D\u00e9couvrez nos derni\u00e8res nouvelles<\/strong><\/p>\t\t\t\t\t\t\t\t<\/div>\n\t\t\t\t<\/div>\n\t\t\t\t<\/div>\n\t\t\t\t\t<\/div>\n\t\t\t\t<\/div>\n\t\t<div class=\"elementor-element elementor-element-15c7c1a e-flex e-con-boxed e-con e-parent\" data-id=\"15c7c1a\" data-element_type=\"container\">\n\t\t\t\t\t<div class=\"e-con-inner\">\n\t\t\t\t<div class=\"elementor-element elementor-element-68a5fff elementor-grid-3 elementor-grid-tablet-2 elementor-grid-mobile-1 elementor-posts--thumbnail-top elementor-widget elementor-widget-posts\" data-id=\"68a5fff\" data-element_type=\"widget\" data-settings=\"{&quot;pagination_type&quot;:&quot;numbers&quot;,&quot;classic_columns&quot;:&quot;3&quot;,&quot;classic_columns_tablet&quot;:&quot;2&quot;,&quot;classic_columns_mobile&quot;:&quot;1&quot;,&quot;classic_row_gap&quot;:{&quot;unit&quot;:&quot;px&quot;,&quot;size&quot;:35,&quot;sizes&quot;:[]},&quot;classic_row_gap_tablet&quot;:{&quot;unit&quot;:&quot;px&quot;,&quot;size&quot;:&quot;&quot;,&quot;sizes&quot;:[]},&quot;classic_row_gap_mobile&quot;:{&quot;unit&quot;:&quot;px&quot;,&quot;size&quot;:&quot;&quot;,&quot;sizes&quot;:[]}}\" data-widget_type=\"posts.classic\">\n\t\t\t\t<div class=\"elementor-widget-container\">\n\t\t\t\t\t\t\t<div class=\"elementor-posts-container elementor-posts elementor-posts--skin-classic elementor-grid\" role=\"list\">\n\t\t\t\t<article class=\"elementor-post elementor-grid-item post-4706 post type-post status-publish format-standard has-post-thumbnail hentry category-chambres-a-coucher-pour-mineurs category-decoration\" role=\"listitem\">\n\t\t\t\t<a class=\"elementor-post__thumbnail__link\" href=\"https:\/\/mueblesorts.com\/fr\/blog\/styles-et-tendances-des-chambres-de-jeunes-cette-annee\/\" tabindex=\"-1\" >\n\t\t\t<div class=\"elementor-post__thumbnail\"><img fetchpriority=\"high\" decoding=\"async\" width=\"1024\" height=\"683\" src=\"https:\/\/mueblesorts.com\/wp-content\/uploads\/2025\/01\/Tendencias-Decoracion-Juvenil-1024x683.jpg\" class=\"attachment-large size-large wp-image-4709\" alt=\"\" srcset=\"https:\/\/mueblesorts.com\/wp-content\/uploads\/2025\/01\/Tendencias-Decoracion-Juvenil-1024x683.jpg 1024w, https:\/\/mueblesorts.com\/wp-content\/uploads\/2025\/01\/Tendencias-Decoracion-Juvenil-600x400.jpg 600w, https:\/\/mueblesorts.com\/wp-content\/uploads\/2025\/01\/Tendencias-Decoracion-Juvenil-300x200.jpg 300w, https:\/\/mueblesorts.com\/wp-content\/uploads\/2025\/01\/Tendencias-Decoracion-Juvenil-768x512.jpg 768w, https:\/\/mueblesorts.com\/wp-content\/uploads\/2025\/01\/Tendencias-Decoracion-Juvenil.jpg 1200w\" sizes=\"(max-width: 1024px) 100vw, 1024px\" \/><\/div>\n\t\t<\/a>\n\t\t\t\t<div class=\"elementor-post__text\">\n\t\t\t\t<p class=\"elementor-post__title\">\n\t\t\t<a href=\"https:\/\/mueblesorts.com\/fr\/blog\/styles-et-tendances-des-chambres-de-jeunes-cette-annee\/\" >\n\t\t\t\tStyles et tendances des chambres d&rsquo;ado cette ann\u00e9e\t\t\t<\/a>\n\t\t<\/p>\n\t\t\t\t<div class=\"elementor-post__meta-data\">\n\t\t\t\t\t<span class=\"elementor-post-date\">\n\t\t\t07\/01\/2025\t\t<\/span>\n\t\t\t\t<\/div>\n\t\t\t\t<div class=\"elementor-post__excerpt\">\n\t\t\t<p>L&rsquo;am\u00e9nagement des chambres ado est en constante \u00e9volution, s&rsquo;adaptant aux besoins et aux go\u00fbts des jeunes. L&rsquo;ann\u00e9e prochaine, les tendances<\/p>\n\t\t<\/div>\n\t\t\n\t\t<a class=\"elementor-post__read-more\" href=\"https:\/\/mueblesorts.com\/fr\/blog\/styles-et-tendances-des-chambres-de-jeunes-cette-annee\/\" aria-label=\"En savoir plus sur Styles et tendances des chambres d&rsquo;ado cette ann\u00e9e\" tabindex=\"-1\" >\n\t\t\tLire la suite \"\t\t<\/a>\n\n\t\t\t\t<\/div>\n\t\t\t\t<\/article>\n\t\t\t\t<article class=\"elementor-post elementor-grid-item post-4546 post type-post status-publish format-standard has-post-thumbnail hentry category-actualites category-decoration category-distributeurs\" role=\"listitem\">\n\t\t\t\t<a class=\"elementor-post__thumbnail__link\" href=\"https:\/\/mueblesorts.com\/fr\/blog\/idees-de-decoration-de-noel-pour-les-magasins-dameublement-creez-une-atmosphere-qui-inspire-et-attire-vos-clients\/\" tabindex=\"-1\" >\n\t\t\t<div class=\"elementor-post__thumbnail\"><img decoding=\"async\" width=\"1024\" height=\"683\" src=\"https:\/\/mueblesorts.com\/wp-content\/uploads\/2024\/12\/Tienda-Muebles-Navidad-1-1024x683.jpg\" class=\"attachment-large size-large wp-image-4548\" alt=\"\" srcset=\"https:\/\/mueblesorts.com\/wp-content\/uploads\/2024\/12\/Tienda-Muebles-Navidad-1-1024x683.jpg 1024w, https:\/\/mueblesorts.com\/wp-content\/uploads\/2024\/12\/Tienda-Muebles-Navidad-1-600x400.jpg 600w, https:\/\/mueblesorts.com\/wp-content\/uploads\/2024\/12\/Tienda-Muebles-Navidad-1-300x200.jpg 300w, https:\/\/mueblesorts.com\/wp-content\/uploads\/2024\/12\/Tienda-Muebles-Navidad-1-768x512.jpg 768w, https:\/\/mueblesorts.com\/wp-content\/uploads\/2024\/12\/Tienda-Muebles-Navidad-1.jpg 1200w\" sizes=\"(max-width: 1024px) 100vw, 1024px\" \/><\/div>\n\t\t<\/a>\n\t\t\t\t<div class=\"elementor-post__text\">\n\t\t\t\t<p class=\"elementor-post__title\">\n\t\t\t<a href=\"https:\/\/mueblesorts.com\/fr\/blog\/idees-de-decoration-de-noel-pour-les-magasins-dameublement-creez-une-atmosphere-qui-inspire-et-attire-vos-clients\/\" >\n\t\t\t\tId\u00e9es de d\u00e9coration de No\u00ebl pour les magasins d&rsquo;ameublement : cr\u00e9ez une atmosph\u00e8re qui inspire et attire vos clients.\t\t\t<\/a>\n\t\t<\/p>\n\t\t\t\t<div class=\"elementor-post__meta-data\">\n\t\t\t\t\t<span class=\"elementor-post-date\">\n\t\t\t18\/12\/2024\t\t<\/span>\n\t\t\t\t<\/div>\n\t\t\t\t<div class=\"elementor-post__excerpt\">\n\t\t\t<p>No\u00ebl est la p\u00e9riode id\u00e9ale pour transformer votre magasin en un espace magique et accueillant qui cr\u00e9e un lien \u00e9motionnel<\/p>\n\t\t<\/div>\n\t\t\n\t\t<a class=\"elementor-post__read-more\" href=\"https:\/\/mueblesorts.com\/fr\/blog\/idees-de-decoration-de-noel-pour-les-magasins-dameublement-creez-une-atmosphere-qui-inspire-et-attire-vos-clients\/\" aria-label=\"En savoir plus sur Id\u00e9es de d\u00e9coration de No\u00ebl pour les magasins d&rsquo;ameublement : cr\u00e9ez une atmosph\u00e8re qui inspire et attire vos clients.\" tabindex=\"-1\" >\n\t\t\tLire la suite \"\t\t<\/a>\n\n\t\t\t\t<\/div>\n\t\t\t\t<\/article>\n\t\t\t\t<article class=\"elementor-post elementor-grid-item post-4740 post type-post status-publish format-standard has-post-thumbnail hentry category-chambres-a-coucher-pour-mineurs category-decoration\" role=\"listitem\">\n\t\t\t\t<a class=\"elementor-post__thumbnail__link\" href=\"https:\/\/mueblesorts.com\/fr\/blog\/transformez-les-espaces-reserves-aux-jeunes-en-espaces-fonctionnels-et-esthetiques\/\" tabindex=\"-1\" >\n\t\t\t<div class=\"elementor-post__thumbnail\"><img decoding=\"async\" width=\"1024\" height=\"683\" src=\"https:\/\/mueblesorts.com\/wp-content\/uploads\/2024\/12\/Transforma-espacios-juveniles-1-1024x683.jpg\" class=\"attachment-large size-large wp-image-4741\" alt=\"\" srcset=\"https:\/\/mueblesorts.com\/wp-content\/uploads\/2024\/12\/Transforma-espacios-juveniles-1-1024x683.jpg 1024w, https:\/\/mueblesorts.com\/wp-content\/uploads\/2024\/12\/Transforma-espacios-juveniles-1-600x400.jpg 600w, https:\/\/mueblesorts.com\/wp-content\/uploads\/2024\/12\/Transforma-espacios-juveniles-1-300x200.jpg 300w, https:\/\/mueblesorts.com\/wp-content\/uploads\/2024\/12\/Transforma-espacios-juveniles-1-768x512.jpg 768w, https:\/\/mueblesorts.com\/wp-content\/uploads\/2024\/12\/Transforma-espacios-juveniles-1.jpg 1200w\" sizes=\"(max-width: 1024px) 100vw, 1024px\" \/><\/div>\n\t\t<\/a>\n\t\t\t\t<div class=\"elementor-post__text\">\n\t\t\t\t<p class=\"elementor-post__title\">\n\t\t\t<a href=\"https:\/\/mueblesorts.com\/fr\/blog\/transformez-les-espaces-reserves-aux-jeunes-en-espaces-fonctionnels-et-esthetiques\/\" >\n\t\t\t\tTransformez les espaces ado en espaces fonctionnels et esth\u00e9tiques.\t\t\t<\/a>\n\t\t<\/p>\n\t\t\t\t<div class=\"elementor-post__meta-data\">\n\t\t\t\t\t<span class=\"elementor-post-date\">\n\t\t\t16\/12\/2024\t\t<\/span>\n\t\t\t\t<\/div>\n\t\t\t\t<div class=\"elementor-post__excerpt\">\n\t\t\t<p>Chez Muebles Orts, nous pensons qu&rsquo;une chambre d&rsquo;ado doit \u00eatre bien plus qu&rsquo;un simple endroit o\u00f9 dormir ; elle doit<\/p>\n\t\t<\/div>\n\t\t\n\t\t<a class=\"elementor-post__read-more\" href=\"https:\/\/mueblesorts.com\/fr\/blog\/transformez-les-espaces-reserves-aux-jeunes-en-espaces-fonctionnels-et-esthetiques\/\" aria-label=\"En savoir plus sur Transformez les espaces ado en espaces fonctionnels et esth\u00e9tiques.\" tabindex=\"-1\" >\n\t\t\tLire la suite \"\t\t<\/a>\n\n\t\t\t\t<\/div>\n\t\t\t\t<\/article>\n\t\t\t\t<article class=\"elementor-post elementor-grid-item post-4902 post type-post status-publish format-standard has-post-thumbnail hentry category-chambres-a-coucher-pour-mineurs category-distributeurs\" role=\"listitem\">\n\t\t\t\t<a class=\"elementor-post__thumbnail__link\" href=\"https:\/\/mueblesorts.com\/fr\/blog\/limportance-de-la-logistique-et-de-la-disponibilite-dans-lameublement-comment-muebles-orts-soutient-ses-distributeurs-et-ses-magasins\/\" tabindex=\"-1\" >\n\t\t\t<div class=\"elementor-post__thumbnail\"><img loading=\"lazy\" decoding=\"async\" width=\"1024\" height=\"683\" src=\"https:\/\/mueblesorts.com\/wp-content\/uploads\/2024\/11\/Logistica-y-disponibilidad-de-Muebles-1024x683.jpg\" class=\"attachment-large size-large wp-image-4903\" alt=\"\" srcset=\"https:\/\/mueblesorts.com\/wp-content\/uploads\/2024\/11\/Logistica-y-disponibilidad-de-Muebles-1024x683.jpg 1024w, https:\/\/mueblesorts.com\/wp-content\/uploads\/2024\/11\/Logistica-y-disponibilidad-de-Muebles-600x400.jpg 600w, https:\/\/mueblesorts.com\/wp-content\/uploads\/2024\/11\/Logistica-y-disponibilidad-de-Muebles-300x200.jpg 300w, https:\/\/mueblesorts.com\/wp-content\/uploads\/2024\/11\/Logistica-y-disponibilidad-de-Muebles-768x512.jpg 768w, https:\/\/mueblesorts.com\/wp-content\/uploads\/2024\/11\/Logistica-y-disponibilidad-de-Muebles.jpg 1200w\" sizes=\"(max-width: 1024px) 100vw, 1024px\" \/><\/div>\n\t\t<\/a>\n\t\t\t\t<div class=\"elementor-post__text\">\n\t\t\t\t<p class=\"elementor-post__title\">\n\t\t\t<a href=\"https:\/\/mueblesorts.com\/fr\/blog\/limportance-de-la-logistique-et-de-la-disponibilite-dans-lameublement-comment-muebles-orts-soutient-ses-distributeurs-et-ses-magasins\/\" >\n\t\t\t\tL&rsquo;importance de la logistique et de la disponibilit\u00e9 dans l&rsquo;ameublement : comment Muebles Orts soutient ses distributeurs et ses magasins\t\t\t<\/a>\n\t\t<\/p>\n\t\t\t\t<div class=\"elementor-post__meta-data\">\n\t\t\t\t\t<span class=\"elementor-post-date\">\n\t\t\t11\/11\/2024\t\t<\/span>\n\t\t\t\t<\/div>\n\t\t\t\t<div class=\"elementor-post__excerpt\">\n\t\t\t<p>Dans le secteur de l&rsquo;ameublement pour enfants et adolescents, nous savons que le succ\u00e8s des magasins et des distributeurs d\u00e9pend<\/p>\n\t\t<\/div>\n\t\t\n\t\t<a class=\"elementor-post__read-more\" href=\"https:\/\/mueblesorts.com\/fr\/blog\/limportance-de-la-logistique-et-de-la-disponibilite-dans-lameublement-comment-muebles-orts-soutient-ses-distributeurs-et-ses-magasins\/\" aria-label=\"En savoir plus sur L&rsquo;importance de la logistique et de la disponibilit\u00e9 dans l&rsquo;ameublement : comment Muebles Orts soutient ses distributeurs et ses magasins\" tabindex=\"-1\" >\n\t\t\tLire la suite \"\t\t<\/a>\n\n\t\t\t\t<\/div>\n\t\t\t\t<\/article>\n\t\t\t\t<article class=\"elementor-post elementor-grid-item post-4350 post type-post status-publish format-standard has-post-thumbnail hentry category-actualites category-distributeurs\" role=\"listitem\">\n\t\t\t\t<a class=\"elementor-post__thumbnail__link\" href=\"https:\/\/mueblesorts.com\/fr\/blog\/le-service-apres-vente-une-valeur-ajoutee-qui-fidelise-les-clients\/\" tabindex=\"-1\" >\n\t\t\t<div class=\"elementor-post__thumbnail\"><img loading=\"lazy\" decoding=\"async\" width=\"1024\" height=\"683\" src=\"https:\/\/mueblesorts.com\/wp-content\/uploads\/2024\/10\/Att-al-cliente-1024x683.jpg\" class=\"attachment-large size-large wp-image-4352\" alt=\"\" srcset=\"https:\/\/mueblesorts.com\/wp-content\/uploads\/2024\/10\/Att-al-cliente-1024x683.jpg 1024w, https:\/\/mueblesorts.com\/wp-content\/uploads\/2024\/10\/Att-al-cliente-600x400.jpg 600w, https:\/\/mueblesorts.com\/wp-content\/uploads\/2024\/10\/Att-al-cliente-300x200.jpg 300w, https:\/\/mueblesorts.com\/wp-content\/uploads\/2024\/10\/Att-al-cliente-768x512.jpg 768w, https:\/\/mueblesorts.com\/wp-content\/uploads\/2024\/10\/Att-al-cliente.jpg 1200w\" sizes=\"(max-width: 1024px) 100vw, 1024px\" \/><\/div>\n\t\t<\/a>\n\t\t\t\t<div class=\"elementor-post__text\">\n\t\t\t\t<p class=\"elementor-post__title\">\n\t\t\t<a href=\"https:\/\/mueblesorts.com\/fr\/blog\/le-service-apres-vente-une-valeur-ajoutee-qui-fidelise-les-clients\/\" >\n\t\t\t\tLe service apr\u00e8s-vente : une valeur ajout\u00e9e qui fid\u00e9lise les clients\t\t\t<\/a>\n\t\t<\/p>\n\t\t\t\t<div class=\"elementor-post__meta-data\">\n\t\t\t\t\t<span class=\"elementor-post-date\">\n\t\t\t31\/10\/2024\t\t<\/span>\n\t\t\t\t<\/div>\n\t\t\t\t<div class=\"elementor-post__excerpt\">\n\t\t\t<p>Dans le secteur du mobilier pour enfants et ados, l&rsquo;exp\u00e9rience d&rsquo;achat ne s&rsquo;arr\u00eate pas au point de vente. L&rsquo;importance d&rsquo;un<\/p>\n\t\t<\/div>\n\t\t\n\t\t<a class=\"elementor-post__read-more\" href=\"https:\/\/mueblesorts.com\/fr\/blog\/le-service-apres-vente-une-valeur-ajoutee-qui-fidelise-les-clients\/\" aria-label=\"En savoir plus sur Le service apr\u00e8s-vente : une valeur ajout\u00e9e qui fid\u00e9lise les clients\" tabindex=\"-1\" >\n\t\t\tLire la suite \"\t\t<\/a>\n\n\t\t\t\t<\/div>\n\t\t\t\t<\/article>\n\t\t\t\t<\/div>\n\t\t\n\t\t\t\t\t\t<\/div>\n\t\t\t\t<\/div>\n\t\t\t\t\t<\/div>\n\t\t\t\t<\/div>\n\t\t\t\t<\/div>\n\t\t","protected":false},"excerpt":{"rendered":"<p>Blog D\u00e9couvrez nos derni\u00e8res nouvelles<\/p>\n","protected":false},"author":1,"featured_media":0,"parent":0,"menu_order":0,"comment_status":"closed","ping_status":"closed","template":"","meta":{"site-sidebar-layout":"no-sidebar","site-content-layout":"","ast-site-content-layout":"full-width-container","site-content-style":"default","site-sidebar-style":"default","ast-global-header-display":"","ast-banner-title-visibility":"","ast-main-header-display":"","ast-hfb-above-header-display":"","ast-hfb-below-header-display":"","ast-hfb-mobile-header-display":"","site-post-title":"disabled","ast-breadcrumbs-content":"","ast-featured-img":"disabled","footer-sml-layout":"","theme-transparent-header-meta":"","adv-header-id-meta":"","stick-header-meta":"","header-above-stick-meta":"","header-main-stick-meta":"","header-below-stick-meta":"","astra-migrate-meta-layouts":"default","ast-page-background-enabled":"default","ast-page-background-meta":{"desktop":{"background-color":"var(--ast-global-color-4)","background-image":"","background-repeat":"repeat","background-position":"center center","background-size":"auto","background-attachment":"scroll","background-type":"","background-media":"","overlay-type":"","overlay-color":"","overlay-opacity":"","overlay-gradient":""},"tablet":{"background-color":"","background-image":"","background-repeat":"repeat","background-position":"center center","background-size":"auto","background-attachment":"scroll","background-type":"","background-media":"","overlay-type":"","overlay-color":"","overlay-opacity":"","overlay-gradient":""},"mobile":{"background-color":"","background-image":"","background-repeat":"repeat","background-position":"center center","background-size":"auto","background-attachment":"scroll","background-type":"","background-media":"","overlay-type":"","overlay-color":"","overlay-opacity":"","overlay-gradient":""}},"ast-content-background-meta":{"desktop":{"background-color":"var(--ast-global-color-5)","background-image":"","background-repeat":"repeat","background-position":"center center","background-size":"auto","background-attachment":"scroll","background-type":"","background-media":"","overlay-type":"","overlay-color":"","overlay-opacity":"","overlay-gradient":""},"tablet":{"background-color":"var(--ast-global-color-5)","background-image":"","background-repeat":"repeat","background-position":"center center","background-size":"auto","background-attachment":"scroll","background-type":"","background-media":"","overlay-type":"","overlay-color":"","overlay-opacity":"","overlay-gradient":""},"mobile":{"background-color":"var(--ast-global-color-5)","background-image":"","background-repeat":"repeat","background-position":"center center","background-size":"auto","background-attachment":"scroll","background-type":"","background-media":"","overlay-type":"","overlay-color":"","overlay-opacity":"","overlay-gradient":""}},"footnotes":""},"class_list":["post-4393","page","type-page","status-publish","hentry"],"_links":{"self":[{"href":"https:\/\/mueblesorts.com\/fr\/wp-json\/wp\/v2\/pages\/4393","targetHints":{"allow":["GET"]}}],"collection":[{"href":"https:\/\/mueblesorts.com\/fr\/wp-json\/wp\/v2\/pages"}],"about":[{"href":"https:\/\/mueblesorts.com\/fr\/wp-json\/wp\/v2\/types\/page"}],"author":[{"embeddable":true,"href":"https:\/\/mueblesorts.com\/fr\/wp-json\/wp\/v2\/users\/1"}],"replies":[{"embeddable":true,"href":"https:\/\/mueblesorts.com\/fr\/wp-json\/wp\/v2\/comments?post=4393"}],"version-history":[{"count":1,"href":"https:\/\/mueblesorts.com\/fr\/wp-json\/wp\/v2\/pages\/4393\/revisions"}],"predecessor-version":[{"id":4395,"href":"https:\/\/mueblesorts.com\/fr\/wp-json\/wp\/v2\/pages\/4393\/revisions\/4395"}],"wp:attachment":[{"href":"https:\/\/mueblesorts.com\/fr\/wp-json\/wp\/v2\/media?parent=4393"}],"curies":[{"name":"wp","href":"https:\/\/api.w.org\/{rel}","templated":true}]}}