{"id":4365,"date":"2025-09-04T07:51:13","date_gmt":"2025-09-04T05:51:13","guid":{"rendered":"https:\/\/mueblesorts.com\/cookies\/"},"modified":"2025-10-24T13:36:31","modified_gmt":"2025-10-24T11:36:31","slug":"cookies","status":"publish","type":"page","link":"https:\/\/mueblesorts.com\/fr\/cookies\/","title":{"rendered":"Cookies"},"content":{"rendered":"\t\t<div data-elementor-type=\"wp-page\" data-elementor-id=\"4365\" class=\"elementor elementor-4365 elementor-3922\" data-elementor-post-type=\"page\">\n\t\t\t\t<div class=\"elementor-element elementor-element-82cdc39 e-flex e-con-boxed e-con e-parent\" data-id=\"82cdc39\" data-element_type=\"container\" data-settings=\"{&quot;background_background&quot;:&quot;classic&quot;}\">\n\t\t\t\t\t<div class=\"e-con-inner\">\n\t\t<div class=\"elementor-element elementor-element-992bb46 e-con-full e-flex e-con e-child\" data-id=\"992bb46\" data-element_type=\"container\">\n\t\t\t\t<div class=\"elementor-element elementor-element-undefined-b013048 elementor-widget elementor-widget-heading\" data-id=\"undefined-b013048\" data-element_type=\"widget\" data-widget_type=\"heading.default\">\n\t\t\t\t<div class=\"elementor-widget-container\">\n\t\t\t\t\t<h1 class=\"elementor-heading-title elementor-size-default\">Cookies<\/h1>\t\t\t\t<\/div>\n\t\t\t\t<\/div>\n\t\t\t\t<\/div>\n\t\t\t\t\t<\/div>\n\t\t\t\t<\/div>\n\t\t<div class=\"elementor-element elementor-element-0203568 e-flex e-con-boxed e-con e-parent\" data-id=\"0203568\" data-element_type=\"container\">\n\t\t\t\t\t<div class=\"e-con-inner\">\n\t\t\t\t<div class=\"elementor-element elementor-element-914db0a elementor-widget elementor-widget-text-editor\" data-id=\"914db0a\" data-element_type=\"widget\" data-widget_type=\"text-editor.default\">\n\t\t\t\t<div class=\"elementor-widget-container\">\n\t\t\t\t\t\t\t\t\t<h5 class=\"lahom titulo\">Politique en mati\u00e8re de cookies<\/h5><div id=\"texto\"><h5 align=\"justify\">QU&rsquo;EST-CE QU&rsquo;UN BISCUIT ?<\/h5><p align=\"justify\">Un cookie est un fichier qui est t\u00e9l\u00e9charg\u00e9 sur le disque dur de votre ordinateur lorsque vous acc\u00e9dez \u00e0 certains sites web ou applications. Les cookies permettent, entre autres, de collecter des informations statistiques, de faciliter certaines fonctionnalit\u00e9s techniques, de stocker et de r\u00e9cup\u00e9rer des informations sur les habitudes de navigation ou les pr\u00e9f\u00e9rences d&rsquo;un utilisateur ou de son \u00e9quipement et, en fonction des informations qu&rsquo;ils contiennent et de la mani\u00e8re dont vous utilisez votre ordinateur, ils peuvent \u00eatre utilis\u00e9s pour reconna\u00eetre l&rsquo;utilisateur. Veuillez noter que les cookies ne peuvent pas endommager votre ordinateur et qu&rsquo;en retour, le fait qu&rsquo;ils soient activ\u00e9s nous aide \u00e0 identifier et \u00e0 r\u00e9soudre d&rsquo;\u00e9ventuelles erreurs.  <\/p><p align=\"justify\">Il existe plusieurs types de cookies :<\/p><p align=\"justify\">Cookies propres ou de tiers : ils sont propres lorsque les cookies sont g\u00e9r\u00e9s \u00e0 partir du terminal ou du domaine du m\u00eame \u00e9diteur. Tiers, lorsqu&rsquo;ils ne sont pas envoy\u00e9s par l&rsquo;\u00e9diteur lui-m\u00eame, mais par une autre entit\u00e9. <\/p><p align=\"justify\">Cookies de session et cookies persistants : dans le cas des cookies de session, les donn\u00e9es collect\u00e9es ne le sont que pendant que l&rsquo;utilisateur navigue sur le site web. Dans le cas des cookies persistants, les donn\u00e9es continuent d&rsquo;\u00eatre stock\u00e9es dans le terminal et sont accessibles pendant un certain temps. <\/p><p align=\"justify\">Cookies techniques\/personnalisation\/analyse\/publicit\u00e9 : les cookies techniques sont ceux qui permettent de contr\u00f4ler le trafic et de communiquer des donn\u00e9es ; les cookies de personnalisation sont ceux qui permettent aux utilisateurs d&rsquo;acc\u00e9der au site en fonction de certaines caract\u00e9ristiques collect\u00e9es (navigateur, langue, etc.). Les cookies analytiques recueillent des donn\u00e9es sur le comportement des utilisateurs et permettent d&rsquo;\u00e9tablir un profil d&rsquo;utilisateur. Enfin, les cookies publicitaires collectent des donn\u00e9es sur la gestion des espaces publicitaires.  <\/p><p align=\"justify\">Notre site affiche du contenu provenant de fournisseurs externes, tels que Instagram, YouTube, Facebook, Twitter, etc.<\/p><p align=\"justify\">Pour acc\u00e9der au contenu de tiers, les utilisateurs doivent d&rsquo;abord accepter les conditions appliqu\u00e9es par ces tiers (y compris leurs politiques en mati\u00e8re de cookies, qui \u00e9chappent \u00e0 notre contr\u00f4le). Si les utilisateurs choisissent de ne pas acc\u00e9der \u00e0 ces contenus, ces cookies de tiers ne sont pas install\u00e9s sur leurs appareils. <\/p><p align=\"justify\">Les services de tiers \u00e9chappent au contr\u00f4le de https:\/\/actualiagrupo.com. Les fournisseurs peuvent modifier \u00e0 tout moment leurs conditions de service, l&rsquo;objectif et l&rsquo;utilisation des cookies, etc.<\/p><p> <\/p><p align=\"justify\">Notre site web utilise des cookies. Ceux qui sont strictement n\u00e9cessaires sont install\u00e9s automatiquement. Ceux qui peuvent \u00eatre utilis\u00e9s pour personnaliser le contenu et les publicit\u00e9s, fournir des fonctions de m\u00e9dias sociaux et analyser le trafic sont laiss\u00e9s \u00e0 votre choix, en cochant ou d\u00e9cochant les cases lorsque vous naviguez sur notre site web, \u00e0 votre discr\u00e9tion.  <\/p><p align=\"justify\">La r\u00e9glementation stipule que nous pouvons stocker des cookies sur votre appareil s&rsquo;ils sont strictement n\u00e9cessaires au fonctionnement du site web. Pour tous les autres types de cookies, nous avons besoin de votre autorisation. <\/p><p> <\/p><h5 align=\"justify\">R\u00c9VOCATION DE L&rsquo;INSTALLATION DE COOKIES<\/h5><p align=\"justify\">L&rsquo;utilisateur pourra d\u00e9cider de maintenir les cookies activ\u00e9s sur son ordinateur par le biais du gestionnaire de cookies activ\u00e9 \u00e0 cet effet.<\/p><p align=\"justify\"> <\/p><p align=\"justify\">Les utilisateurs qui souhaitent d\u00e9sactiver les cookies accept\u00e9s jusqu&rsquo;\u00e0 pr\u00e9sent peuvent le faire \u00e0 partir de la section des pr\u00e9f\u00e9rences de leur navigateur Internet. Cette configuration doit \u00eatre effectu\u00e9e dans chaque navigateur, si vous le faites dans un navigateur et pas dans les autres navigateurs du m\u00eame dispositif, il sera suppos\u00e9 que dans les autres vous acceptez l&rsquo;utilisation des cookies. <\/p><p align=\"justify\"> <\/p><p align=\"justify\">Chaque navigateur ayant des configurations diff\u00e9rentes, vous devez vous r\u00e9f\u00e9rer \u00e0 la section d&rsquo;aide de chacun d&rsquo;entre eux pour conna\u00eetre le cas particulier. Cette section mentionne les cas les plus courants, bien qu&rsquo;ils puissent varier en fonction des mises \u00e0 jour du navigateur ou du syst\u00e8me d&rsquo;exploitation que vous utilisez. La meilleure chose \u00e0 faire est de toujours consulter les manuels d&rsquo;utilisation de votre navigateur.  <\/p><p align=\"justify\"> <\/p><p align=\"justify\">Chrome : Allez dans Menu &#8211; Param\u00e8tres (sur Mac : Pr\u00e9f\u00e9rences) &#8211; Param\u00e8tres avanc\u00e9s &#8211; Confidentialit\u00e9 &#8211; Ici, vous pouvez choisir de cr\u00e9er des cookies ou de supprimer les cookies existants. Pour plus d&rsquo;informations, vous pouvez consulter l&rsquo;aide de Chrome. <\/p><p align=\"justify\"> <\/p><p align=\"justify\">Internet Explorer : Allez dans Outils &#8211; Options Internet &#8211; Confidentialit\u00e9 &#8211; Confidentialit\u00e9 &#8211; Param\u00e8tres &#8211; Options avanc\u00e9es. Configurez les param\u00e8tres souhait\u00e9s. Pour plus d&rsquo;informations, vous pouvez consulter la section d&rsquo;aide du navigateur.  <\/p><p align=\"justify\"> <\/p><p align=\"justify\">Firefox : Allez dans Menu &#8211; Pr\u00e9f\u00e9rences &#8211; Vie priv\u00e9e &#8211; Afficher les cookies &#8211; Configurez comme vous le souhaitez. Pour plus d&rsquo;informations, vous pouvez consulter la section d&rsquo;aide du navigateur. <\/p><p align=\"justify\">Safari : Safari &#8211; Pr\u00e9f\u00e9rences &#8211; Confidentialit\u00e9 &#8211; Effectuez les r\u00e9glages souhait\u00e9s. Pour plus d&rsquo;informations, vous pouvez consulter l <a href=\"https:\/\/support.apple.com\/kb\/ph21411?locale=es_ES\" target=\"_blank\" rel=\"noopener\">&lsquo;aide d&rsquo;Apple.<\/a> <\/p><p> <\/p><p>Politique en mati\u00e8re de cookies mise \u00e0 jour le 18.11.2020<\/p><\/div>\t\t\t\t\t\t\t\t<\/div>\n\t\t\t\t<\/div>\n\t\t\t\t\t<\/div>\n\t\t\t\t<\/div>\n\t\t\t\t<\/div>\n\t\t","protected":false},"excerpt":{"rendered":"<p>Cookies Politique en mati\u00e8re de cookies QU&rsquo;EST-CE QU&rsquo;UN BISCUIT ? Un cookie est un fichier qui est t\u00e9l\u00e9charg\u00e9 sur le [&hellip;]<\/p>\n","protected":false},"author":1,"featured_media":0,"parent":0,"menu_order":0,"comment_status":"closed","ping_status":"closed","template":"","meta":{"site-sidebar-layout":"no-sidebar","site-content-layout":"","ast-site-content-layout":"full-width-container","site-content-style":"default","site-sidebar-style":"default","ast-global-header-display":"","ast-banner-title-visibility":"","ast-main-header-display":"","ast-hfb-above-header-display":"","ast-hfb-below-header-display":"","ast-hfb-mobile-header-display":"","site-post-title":"disabled","ast-breadcrumbs-content":"","ast-featured-img":"disabled","footer-sml-layout":"","theme-transparent-header-meta":"","adv-header-id-meta":"","stick-header-meta":"","header-above-stick-meta":"","header-main-stick-meta":"","header-below-stick-meta":"","astra-migrate-meta-layouts":"default","ast-page-background-enabled":"default","ast-page-background-meta":{"desktop":{"background-color":"var(--ast-global-color-4)","background-image":"","background-repeat":"repeat","background-position":"center center","background-size":"auto","background-attachment":"scroll","background-type":"","background-media":"","overlay-type":"","overlay-color":"","overlay-opacity":"","overlay-gradient":""},"tablet":{"background-color":"","background-image":"","background-repeat":"repeat","background-position":"center center","background-size":"auto","background-attachment":"scroll","background-type":"","background-media":"","overlay-type":"","overlay-color":"","overlay-opacity":"","overlay-gradient":""},"mobile":{"background-color":"","background-image":"","background-repeat":"repeat","background-position":"center center","background-size":"auto","background-attachment":"scroll","background-type":"","background-media":"","overlay-type":"","overlay-color":"","overlay-opacity":"","overlay-gradient":""}},"ast-content-background-meta":{"desktop":{"background-color":"var(--ast-global-color-5)","background-image":"","background-repeat":"repeat","background-position":"center center","background-size":"auto","background-attachment":"scroll","background-type":"","background-media":"","overlay-type":"","overlay-color":"","overlay-opacity":"","overlay-gradient":""},"tablet":{"background-color":"var(--ast-global-color-5)","background-image":"","background-repeat":"repeat","background-position":"center center","background-size":"auto","background-attachment":"scroll","background-type":"","background-media":"","overlay-type":"","overlay-color":"","overlay-opacity":"","overlay-gradient":""},"mobile":{"background-color":"var(--ast-global-color-5)","background-image":"","background-repeat":"repeat","background-position":"center center","background-size":"auto","background-attachment":"scroll","background-type":"","background-media":"","overlay-type":"","overlay-color":"","overlay-opacity":"","overlay-gradient":""}},"footnotes":""},"class_list":["post-4365","page","type-page","status-publish","hentry"],"_links":{"self":[{"href":"https:\/\/mueblesorts.com\/fr\/wp-json\/wp\/v2\/pages\/4365","targetHints":{"allow":["GET"]}}],"collection":[{"href":"https:\/\/mueblesorts.com\/fr\/wp-json\/wp\/v2\/pages"}],"about":[{"href":"https:\/\/mueblesorts.com\/fr\/wp-json\/wp\/v2\/types\/page"}],"author":[{"embeddable":true,"href":"https:\/\/mueblesorts.com\/fr\/wp-json\/wp\/v2\/users\/1"}],"replies":[{"embeddable":true,"href":"https:\/\/mueblesorts.com\/fr\/wp-json\/wp\/v2\/comments?post=4365"}],"version-history":[{"count":1,"href":"https:\/\/mueblesorts.com\/fr\/wp-json\/wp\/v2\/pages\/4365\/revisions"}],"predecessor-version":[{"id":4367,"href":"https:\/\/mueblesorts.com\/fr\/wp-json\/wp\/v2\/pages\/4365\/revisions\/4367"}],"wp:attachment":[{"href":"https:\/\/mueblesorts.com\/fr\/wp-json\/wp\/v2\/media?parent=4365"}],"curies":[{"name":"wp","href":"https:\/\/api.w.org\/{rel}","templated":true}]}}