{"id":4362,"date":"2025-09-04T07:36:10","date_gmt":"2025-09-04T05:36:10","guid":{"rendered":"https:\/\/mueblesorts.com\/vie-privee\/"},"modified":"2025-10-24T13:36:21","modified_gmt":"2025-10-24T11:36:21","slug":"vie-privee","status":"publish","type":"page","link":"https:\/\/mueblesorts.com\/fr\/vie-privee\/","title":{"rendered":"Vie priv\u00e9e"},"content":{"rendered":"\t\t<div data-elementor-type=\"wp-page\" data-elementor-id=\"4362\" class=\"elementor elementor-4362 elementor-3916\" data-elementor-post-type=\"page\">\n\t\t\t\t<div class=\"elementor-element elementor-element-82cdc39 e-flex e-con-boxed e-con e-parent\" data-id=\"82cdc39\" data-element_type=\"container\" data-e-type=\"container\" data-settings=\"{&quot;background_background&quot;:&quot;classic&quot;}\">\n\t\t\t\t\t<div class=\"e-con-inner\">\n\t\t<div class=\"elementor-element elementor-element-992bb46 e-con-full e-flex e-con e-child\" data-id=\"992bb46\" data-element_type=\"container\" data-e-type=\"container\">\n\t\t\t\t<div class=\"elementor-element elementor-element-undefined-b013048 elementor-widget elementor-widget-heading\" data-id=\"undefined-b013048\" data-element_type=\"widget\" data-e-type=\"widget\" data-widget_type=\"heading.default\">\n\t\t\t\t<div class=\"elementor-widget-container\">\n\t\t\t\t\t<h1 class=\"elementor-heading-title elementor-size-default\">Vie priv\u00e9e<\/h1>\t\t\t\t<\/div>\n\t\t\t\t<\/div>\n\t\t\t\t<\/div>\n\t\t\t\t\t<\/div>\n\t\t\t\t<\/div>\n\t\t<div class=\"elementor-element elementor-element-0203568 e-flex e-con-boxed e-con e-parent\" data-id=\"0203568\" data-element_type=\"container\" data-e-type=\"container\">\n\t\t\t\t\t<div class=\"e-con-inner\">\n\t\t\t\t<div class=\"elementor-element elementor-element-914db0a elementor-widget elementor-widget-text-editor\" data-id=\"914db0a\" data-element_type=\"widget\" data-e-type=\"widget\" data-widget_type=\"text-editor.default\">\n\t\t\t\t<div class=\"elementor-widget-container\">\n\t\t\t\t\t\t\t\t\t<p><b>POLITIQUE DE CONFIDENTIALIT\u00c9 DES DONN\u00c9ES<\/b><\/p><p>La pr\u00e9sente politique de confidentialit\u00e9 \u00e9tablit la mani\u00e8re dont les donn\u00e9es personnelles fournies par la personne concern\u00e9e seront g\u00e9r\u00e9es. Cette politique est express\u00e9ment et pleinement accept\u00e9e par la personne concern\u00e9e \u00e0 partir du moment o\u00f9, pour utiliser le site ou les services offerts par le responsable du traitement, elle communique ses donn\u00e9es personnelles au responsable du traitement, \u00e9tant donn\u00e9 que cette communication est toujours volontaire et implique un acte explicite d&rsquo;acceptation des conditions du traitement de ses donn\u00e9es personnelles aux fins indiqu\u00e9es par le responsable du traitement. <\/p><p>Aux fins des dispositions de l&rsquo;article 13 du r\u00e8glement (UE) 2016\/679 du Parlement europ\u00e9en et du Conseil relatif \u00e0 la protection des personnes physiques \u00e0 l&rsquo;\u00e9gard du traitement des donn\u00e9es \u00e0 caract\u00e8re personnel, et de la loi organique 3\/2018, du 5 d\u00e9cembre, relative \u00e0 la protection des donn\u00e9es \u00e0 caract\u00e8re personnel et \u00e0 la garantie des droits num\u00e9riques, des informations claires et transparentes sont fournies sur les donn\u00e9es du CONTR\u00d4LEUR DU TRAITEMENT.<\/p><p> <\/p><p><b>1\u00ba.<\/b> <b>QUI TRAITERA VOS DONN\u00c9ES ?<\/b><\/p><p>Propri\u00e9taire : MUEBLES ORTS, S.L.<\/p><p>C.I.F. : B03821881<\/p><p>Si\u00e8ge social : Pol. In. 1 Avda. de Alemania, 11- Ap. de Correos 77 <\/p><p>Code postal : 03420 CASTALLA (Alicante)<\/p><p>T\u00e9l\u00e9phone : +34 966560007<\/p><p>Fax : +34 966560541<\/p><p>Courriel : <a href=\"mailto:info@mueblesorts.com\">info@mueblesorts.com<\/a>   <\/p><p>Site web <a href=\"http:\/\/www.mueblesorts.com\/\">: http:\/\/www.mueblesorts.com<\/a>    <\/p><p>Le responsable du traitement a adopt\u00e9 les mesures de s\u00e9curit\u00e9 appropri\u00e9es dans ses installations, ses syst\u00e8mes et son traitement. Il a mis en place tous les moyens techniques \u00e0 sa disposition pour \u00e9viter la perte, l&rsquo;utilisation abusive, l&rsquo;alt\u00e9ration, l&rsquo;acc\u00e8s non autoris\u00e9 et le vol des donn\u00e9es fournies par la personne concern\u00e9e, garantissant ainsi leur int\u00e9grit\u00e9 et leur confidentialit\u00e9. <\/p><p>Le fait de ne pas fournir les donn\u00e9es personnelles demand\u00e9es ou de ne pas accepter la pr\u00e9sente politique de protection des donn\u00e9es implique l&rsquo;impossibilit\u00e9 de fournir les services demand\u00e9s par l&rsquo;int\u00e9ress\u00e9.<\/p><p>Les donn\u00e9es fournies par l&rsquo;utilisateur seront conserv\u00e9es aussi longtemps qu&rsquo;il existe un int\u00e9r\u00eat mutuel \u00e0 maintenir la finalit\u00e9 du traitement et pendant la p\u00e9riode au cours de laquelle des responsabilit\u00e9s juridiques peuvent d\u00e9couler des services fournis. Lorsqu&rsquo;elles ne seront plus n\u00e9cessaires \u00e0 cette fin, elles seront supprim\u00e9es avec des mesures de s\u00e9curit\u00e9 appropri\u00e9es pour garantir la pseudo-anonymisation des donn\u00e9es ou leur destruction totale. <\/p><p> <\/p><p><strong>2\u00ba &#8211; QUELLES DONN\u00c9ES PERSONNELLES TRAITONS-NOUS ET COMMENT LES AVONS-NOUS OBTENUES ?<\/strong><\/p><p>Les donn\u00e9es personnelles que nous traitons ont \u00e9t\u00e9 fournies par la partie int\u00e9ress\u00e9e lorsqu&rsquo;elle a rempli les formulaires de contact et\/ou de demande de devis sur le site web de l&rsquo;entreprise, ou via le num\u00e9ro de t\u00e9l\u00e9phone et\/ou le compte e-mail figurant au bas de la page d&rsquo;accueil principale.<\/p><p>&#8211; Donn\u00e9es d&rsquo;identification (nom et pr\u00e9nom, courriel, num\u00e9ro de t\u00e9l\u00e9phone de contact, adresse compl\u00e8te)<\/p><p>&#8211; Donn\u00e9es transactionnelles.<\/p><p>Il incombe \u00e0 l&rsquo;int\u00e9ress\u00e9 de s&rsquo;assurer de la v\u00e9racit\u00e9 et de l&rsquo;exactitude des donn\u00e9es fournies et de communiquer tout changement \u00e9ventuel afin de permettre leur mise \u00e0 jour.<\/p><h3> <\/h3><p><strong>3\u00ba- DANS QUEL BUT TRAITONS-NOUS VOS DONN\u00c9ES ?<\/strong><\/p><p>Nous traitons vos donn\u00e9es aux fins suivantes :<\/p><p>&#8211; Fourniture des services demand\u00e9s : nous traitons vos donn\u00e9es personnelles afin de vous fournir les services demand\u00e9s et contract\u00e9s. Dans le cas o\u00f9 il existe des utilisateurs enregistr\u00e9s, ce traitement sera effectu\u00e9 pour la gestion de toutes les interactions avec eux. <\/p><p>&#8211; Envoi de courriers \u00e9lectroniques : r\u00e9ponse \u00e0 vos demandes d&rsquo;informations, de services contractuels. Traiter les plaintes ou les suggestions re\u00e7ues en fonction de la commande ou de la r\u00e9servation effectu\u00e9e. <\/p><p>&#8211; L&rsquo;envoi de communications commerciales par tout moyen, qu&rsquo;il soit \u00e9lectronique (WhatsApp, e-mail, SMS, MMS, etc.) ou non \u00e9lectronique (courrier ordinaire, etc.), \u00e0 condition que l&rsquo;objectif soit de maintenir la relation existante entre l&rsquo;utilisateur et le CONTR\u00d4LEUR DU TRAITEMENT, ainsi que l&rsquo;ex\u00e9cution de t\u00e2ches d&rsquo;information et d&rsquo;autres activit\u00e9s li\u00e9es aux services fournis.<\/p><p> <\/p><p><strong>4\u00ba- PENDANT COMBIEN DE TEMPS TRAITONS-NOUS VOS DONN\u00c9ES ?<\/strong><\/p><p>Nous conservons les donn\u00e9es personnelles fournies pendant la dur\u00e9e n\u00e9cessaire \u00e0 la r\u00e9alisation des objectifs pour lesquels elles ont \u00e9t\u00e9 collect\u00e9es, ainsi que pendant la p\u00e9riode l\u00e9gale pour laquelle nous pouvons \u00eatre tenus responsables.<\/p><p>&#8211; Fourniture des services demand\u00e9s : les donn\u00e9es personnelles fournies seront conserv\u00e9es aussi longtemps que vous n&rsquo;en demanderez pas la suppression ou l&rsquo;annulation et \u00e0 condition qu&rsquo;elles soient ad\u00e9quates, pertinentes et limit\u00e9es \u00e0 ce qui est n\u00e9cessaire aux fins pour lesquelles elles sont trait\u00e9es.<\/p><p>&#8211; Envoi de courriers \u00e9lectroniques : les donn\u00e9es personnelles seront conserv\u00e9es pendant la dur\u00e9e appropri\u00e9e \u00e0 chaque cas, conform\u00e9ment aux crit\u00e8res professionnels et l\u00e9gaux.<\/p><p>&#8211; Envoi de communications commerciales ou publication d&rsquo;images : les donn\u00e9es personnelles fournies seront conserv\u00e9es tant que vous n&rsquo;en demanderez pas la suppression ou l&rsquo;annulation.<\/p><h3> <\/h3><p><strong>5\u00ba-QUELLE EST LA L\u00c9GITIMIT\u00c9 DU TRAITEMENT DE VOS DONN\u00c9ES ?<\/strong><\/p><p>&#8211; Fourniture des services demand\u00e9s : partie de la relation contractuelle avec le client<\/p><p>&#8211; Envoi de courriers \u00e9lectroniques : consentement de l&rsquo;utilisateur lorsqu&rsquo;il nous demande des informations par le biais de l&rsquo;adresse \u00e9lectronique.<\/p><p>&#8211; Envoi de communications commerciales ou publication d&rsquo;images : consentement expr\u00e8s de l&rsquo;int\u00e9ress\u00e9 en cochant la case d&rsquo;acceptation de notre politique de confidentialit\u00e9.<\/p><p><b> <\/b><\/p><p><b>6\u00ba-TRANSFERT DES DONN\u00c9ES PERSONNELLES DE L&rsquo;UTILISATEUR \u00c0 DES TIERS.<\/b><\/p><p>Le CONTR\u00d4LEUR DE TRAITEMENT ne transf\u00e8re ni ne communique vos donn\u00e9es \u00e0 aucun tiers, sauf dans les cas pr\u00e9vus par la loi et avec le consentement pr\u00e9alable de la personne concern\u00e9e, ou lorsque la prestation d&rsquo;un service implique la n\u00e9cessit\u00e9 d&rsquo;une relation contractuelle avec un responsable du traitement.<\/p><p>Ainsi, la personne concern\u00e9e accepte que certaines des donn\u00e9es personnelles collect\u00e9es puissent \u00eatre fournies aux responsables du traitement des donn\u00e9es, lorsque cela est n\u00e9cessaire \u00e0 l&rsquo;ex\u00e9cution efficace d&rsquo;un service contractuel ou d&rsquo;un produit achet\u00e9. L&rsquo;utilisateur accepte \u00e9galement qu&rsquo;en cas de prestation de services, ceux-ci puissent \u00eatre, en tout ou en partie, sous-trait\u00e9s \u00e0 d&rsquo;autres personnes ou soci\u00e9t\u00e9s, qui seront consid\u00e9r\u00e9es comme des responsables du traitement, avec lesquels le contrat de confidentialit\u00e9 correspondant a \u00e9t\u00e9 conclu, ou qui ont adh\u00e9r\u00e9 \u00e0 leurs politiques de confidentialit\u00e9, \u00e9tablies sur leurs sites Web respectifs. L&rsquo;Utilisateur peut s&rsquo;opposer au transfert de ses donn\u00e9es aux Responsables du traitement, par le biais d&rsquo;une demande \u00e9crite, par l&rsquo;un des moyens pr\u00e9c\u00e9demment mentionn\u00e9s dans la section 9 de la pr\u00e9sente Politique de confidentialit\u00e9.  <\/p><p>En outre, dans les cas o\u00f9 cela est n\u00e9cessaire, les donn\u00e9es de nos clients peuvent \u00eatre transf\u00e9r\u00e9es \u00e0 certains organismes, conform\u00e9ment \u00e0 une obligation l\u00e9gale : l&rsquo;Agence fiscale espagnole, les institutions bancaires, etc.<\/p><p><b> <\/b><\/p><p><b>7\u00c8ME &#8211; TRANSFERTS INTERNATIONAUX DE DONN\u00c9ES<\/b><\/p><p>Nous pouvons utiliser les m\u00e9dias sociaux comme moyen de communication et de promotion de nos services. Nous n&rsquo;utilisons pas les donn\u00e9es \u00e0 des fins non autoris\u00e9es. Nous ne sommes pas responsables du contenu, des commentaires, des opinions ou des informations, qu&rsquo;ils soient les n\u00f4tres ou ceux de tiers, que les utilisateurs publient sur nos comptes Facebook et Instagram. Les r\u00e9seaux sociaux ont leurs propres politiques de confidentialit\u00e9, nous vous recommandons de les v\u00e9rifier attentivement avant d&rsquo;utiliser ces r\u00e9seaux sociaux. Vous pouvez trouver plus d&rsquo;informations aux adresses suivantes :    <\/p><p><a href=\"https:\/\/es-es.facebook.com\/privacy\/explanation\" rel=\"noopener\">https:\/\/es-es.facebook.com\/privacy\/explanation<\/a><\/p><p><a href=\"https:\/\/www.instagram.com\/terms\/accept\/?hl=es\" rel=\"noopener\">https:\/\/www.instagram.com\/terms\/accept\/?hl=es<\/a><\/p><p><b> <\/b><\/p><p><b>8\u00c8ME &#8211; MINEURS<\/b><\/p><p>Les mineurs doivent s&rsquo;abstenir de fournir des donn\u00e9es par l&rsquo;interm\u00e9diaire du site web de l&rsquo;entreprise. En tout \u00e9tat de cause, le contr\u00f4leur des traitements n&rsquo;est pas responsable de la v\u00e9racit\u00e9 et de l&rsquo;exactitude des donn\u00e9es fournies par l&rsquo;utilisateur et ne peut donc pas d\u00e9terminer l&rsquo;\u00e2ge de ce dernier. <\/p><p><b> <\/b><\/p><p><b>9\u00ba-EXERCICE DES DROITS D&rsquo;ACC\u00c8S, DE RECTIFICATION, D&rsquo;ANNULATION OU DE SUPPRESSION, D&rsquo;OPPOSITION, DE LIMITATION DU TRAITEMENT ET DE PORTABILIT\u00c9.<\/b><\/p><p>Nous vous informons que les droits d&rsquo;acc\u00e8s, de rectification, d&rsquo;effacement, de limitation du traitement ou d&rsquo;opposition au traitement, ainsi que le droit \u00e0 la portabilit\u00e9 des donn\u00e9es peuvent \u00eatre exerc\u00e9s aupr\u00e8s du CONTR\u00d4LEUR DU TRAITEMENT par tout moyen pr\u00e9vu par la loi, accompagn\u00e9 d&rsquo;une copie d&rsquo;un document officiel qui vous identifie en \u00e9crivant \u00e0 : MUEBLES ORTS, S.L., dont l&rsquo;adresse postale est Pol. In. 1 Avda. de Alemania, 11- Ap. de Correos 77- C.P. : 03420 CASTALLA (Alicante), ou en envoyant un courrier \u00e9lectronique \u00e0 info@mueblesorts.com, en indiquant dans l&rsquo;objet : DROITS DE PROTECTION DES DONN\u00c9ES, et en joignant une photocopie de votre pi\u00e8ce d&rsquo;identit\u00e9. Si vous consid\u00e9rez que le traitement n&rsquo;est pas conforme \u00e0 la r\u00e9glementation en vigueur, vous pouvez introduire une r\u00e9clamation aupr\u00e8s de l&rsquo;autorit\u00e9 de contr\u00f4le \u00e0 l&rsquo;adresse <a href=\"http:\/\/agpd.es\/\" target=\"_blank\" rel=\"noopener\">agpd.es.<\/a>  <\/p><p>La demande doit contenir le nom et le pr\u00e9nom de l&rsquo;INT\u00c9RESS\u00c9, une copie du DNI\/NIF et, dans les cas o\u00f9 il est admis, de la personne qui le repr\u00e9sente, ainsi qu&rsquo;un document accr\u00e9ditant la repr\u00e9sentation, la demande dans laquelle la demande est faite, l&rsquo;adresse aux fins de notifications, la date et la signature du demandeur et les documents accr\u00e9ditant la demande qu&rsquo;il fait. Si la demande ne r\u00e9pond pas aux exigences sp\u00e9cifi\u00e9es, il sera demand\u00e9 de la corriger. En ce qui concerne le droit d&rsquo;acc\u00e8s, il n&rsquo;est refus\u00e9 que lorsque la demande est faite par une personne autre que l&rsquo;int\u00e9ress\u00e9. Aucune redevance n&rsquo;est exig\u00e9e pour l&rsquo;exercice des droits.   <\/p><p>Lorsque le consentement a \u00e9t\u00e9 donn\u00e9 pour une finalit\u00e9 sp\u00e9cifique, le droit de retirer ce consentement peut \u00eatre exerc\u00e9 \u00e0 tout moment, sans affecter la l\u00e9galit\u00e9 du traitement fond\u00e9 sur le consentement avant son retrait.<\/p><p>L&rsquo;int\u00e9ress\u00e9 est inform\u00e9 du droit de d\u00e9poser une plainte aupr\u00e8s de l&rsquo;Agence espagnole de protection des donn\u00e9es (AEPD) et\/ou de demander sa protection, en particulier lorsqu&rsquo;il consid\u00e8re qu&rsquo;il n&rsquo;a pas obtenu satisfaction de la part du responsable du traitement, dans l&rsquo;exercice de ses droits, par le biais du si\u00e8ge \u00e9lectronique de son portail web<a href=\"file:\/\/\/C:\/F-J\/FRANCISCO%20HERNANDEZ\/Fco.%20Hernandez%20RGPD\/Fco.Hernadez.docs\/www.agpd.es\">(www.agpd.es)<\/a>, ou en \u00e9crivant \u00e0 son adresse postale (C\/ Jorge Juan, 6, 28001-Madrid).<\/p><p>La Personne concern\u00e9e d\u00e9clare avoir \u00e9t\u00e9 inform\u00e9e des conditions sur la Protection des donn\u00e9es personnelles dans les termes \u00e9tablis \u00e0 l&rsquo;article 13 du R\u00e8glement (UE) 2016\/679 du Parlement europ\u00e9en et du Conseil relatif \u00e0 la protection des personnes physiques \u00e0 l&rsquo;\u00e9gard du traitement des donn\u00e9es \u00e0 caract\u00e8re personnel, accordant son consentement au traitement de ses donn\u00e9es personnelles en relation avec les finalit\u00e9s d\u00e9crites ci-dessus, de la mani\u00e8re et aux fins indiqu\u00e9es dans la pr\u00e9sente Politique de confidentialit\u00e9.<\/p><p>Le responsable du traitement se r\u00e9serve le droit de modifier sa politique de protection des donn\u00e9es en fonction de ses crit\u00e8res, ou en raison d&rsquo;un changement de l\u00e9gislation, de jurisprudence ou de pratique commerciale.<\/p><p>Si le responsable du traitement apporte des modifications, le nouveau texte sera publi\u00e9 sur ce site web, o\u00f9 la personne concern\u00e9e sera inform\u00e9e de la politique de protection des donn\u00e9es en vigueur.<\/p><p> <\/p><p><b>10\u00ba- ESPACE WEB PRIV\u00c9<\/b><\/p><p>Pour acc\u00e9der \u00e0 la zone priv\u00e9e du site web, les clients recevront un nom d&rsquo;utilisateur et un mot de passe. Vous acceptez de conserver votre nom d&rsquo;utilisateur et votre mot de passe en lieu s\u00fbr et de les utiliser de mani\u00e8re confidentielle, en \u00e9tant responsable de toute activit\u00e9 effectu\u00e9e frauduleusement sous votre nom d&rsquo;utilisateur et votre mot de passe. Il est de votre responsabilit\u00e9 d&rsquo;informer imm\u00e9diatement LA COMPAGNIE de la possibilit\u00e9 de toute utilisation non autoris\u00e9e de votre nom d&rsquo;utilisateur et de votre mot de passe, de leur perte ou de leur \u00e9garement.  <\/p>\t\t\t\t\t\t\t\t<\/div>\n\t\t\t\t<\/div>\n\t\t\t\t\t<\/div>\n\t\t\t\t<\/div>\n\t\t\t\t<\/div>\n\t\t","protected":false},"excerpt":{"rendered":"<p>Vie priv\u00e9e POLITIQUE DE CONFIDENTIALIT\u00c9 DES DONN\u00c9ES La pr\u00e9sente politique de confidentialit\u00e9 \u00e9tablit la mani\u00e8re dont les donn\u00e9es personnelles fournies [&hellip;]<\/p>\n","protected":false},"author":1,"featured_media":0,"parent":0,"menu_order":0,"comment_status":"closed","ping_status":"closed","template":"","meta":{"_angie_page":false,"site-sidebar-layout":"no-sidebar","site-content-layout":"","ast-site-content-layout":"full-width-container","site-content-style":"default","site-sidebar-style":"default","ast-global-header-display":"","ast-banner-title-visibility":"","ast-main-header-display":"","ast-hfb-above-header-display":"","ast-hfb-below-header-display":"","ast-hfb-mobile-header-display":"","site-post-title":"disabled","ast-breadcrumbs-content":"","ast-featured-img":"disabled","footer-sml-layout":"","theme-transparent-header-meta":"","adv-header-id-meta":"","stick-header-meta":"","header-above-stick-meta":"","header-main-stick-meta":"","header-below-stick-meta":"","astra-migrate-meta-layouts":"default","ast-page-background-enabled":"default","ast-page-background-meta":{"desktop":{"background-color":"var(--ast-global-color-4)","background-image":"","background-repeat":"repeat","background-position":"center center","background-size":"auto","background-attachment":"scroll","background-type":"","background-media":"","overlay-type":"","overlay-color":"","overlay-opacity":"","overlay-gradient":""},"tablet":{"background-color":"","background-image":"","background-repeat":"repeat","background-position":"center center","background-size":"auto","background-attachment":"scroll","background-type":"","background-media":"","overlay-type":"","overlay-color":"","overlay-opacity":"","overlay-gradient":""},"mobile":{"background-color":"","background-image":"","background-repeat":"repeat","background-position":"center center","background-size":"auto","background-attachment":"scroll","background-type":"","background-media":"","overlay-type":"","overlay-color":"","overlay-opacity":"","overlay-gradient":""}},"ast-content-background-meta":{"desktop":{"background-color":"var(--ast-global-color-5)","background-image":"","background-repeat":"repeat","background-position":"center center","background-size":"auto","background-attachment":"scroll","background-type":"","background-media":"","overlay-type":"","overlay-color":"","overlay-opacity":"","overlay-gradient":""},"tablet":{"background-color":"var(--ast-global-color-5)","background-image":"","background-repeat":"repeat","background-position":"center center","background-size":"auto","background-attachment":"scroll","background-type":"","background-media":"","overlay-type":"","overlay-color":"","overlay-opacity":"","overlay-gradient":""},"mobile":{"background-color":"var(--ast-global-color-5)","background-image":"","background-repeat":"repeat","background-position":"center center","background-size":"auto","background-attachment":"scroll","background-type":"","background-media":"","overlay-type":"","overlay-color":"","overlay-opacity":"","overlay-gradient":""}},"footnotes":""},"class_list":["post-4362","page","type-page","status-publish","hentry"],"_links":{"self":[{"href":"https:\/\/mueblesorts.com\/fr\/wp-json\/wp\/v2\/pages\/4362","targetHints":{"allow":["GET"]}}],"collection":[{"href":"https:\/\/mueblesorts.com\/fr\/wp-json\/wp\/v2\/pages"}],"about":[{"href":"https:\/\/mueblesorts.com\/fr\/wp-json\/wp\/v2\/types\/page"}],"author":[{"embeddable":true,"href":"https:\/\/mueblesorts.com\/fr\/wp-json\/wp\/v2\/users\/1"}],"replies":[{"embeddable":true,"href":"https:\/\/mueblesorts.com\/fr\/wp-json\/wp\/v2\/comments?post=4362"}],"version-history":[{"count":1,"href":"https:\/\/mueblesorts.com\/fr\/wp-json\/wp\/v2\/pages\/4362\/revisions"}],"predecessor-version":[{"id":4363,"href":"https:\/\/mueblesorts.com\/fr\/wp-json\/wp\/v2\/pages\/4362\/revisions\/4363"}],"wp:attachment":[{"href":"https:\/\/mueblesorts.com\/fr\/wp-json\/wp\/v2\/media?parent=4362"}],"curies":[{"name":"wp","href":"https:\/\/api.w.org\/{rel}","templated":true}]}}